{"id":7053,"date":"2023-07-20T18:43:30","date_gmt":"2023-07-20T16:43:30","guid":{"rendered":"https:\/\/www.pranan.com\/?post_type=product&#038;p=7053"},"modified":"2026-01-09T11:40:34","modified_gmt":"2026-01-09T10:40:34","slug":"biospace-travel","status":"publish","type":"product","link":"https:\/\/www.pranan.com\/fr\/produit\/biospace-travel\/","title":{"rendered":"Biospace TRAVEL diamond"},"content":{"rendered":"<section id=\"bt_section69f3938d173e7\"  class=\"boldSection topSmallSpaced bottomSmallSpaced btDarkSkin btAlternateColorBackground gutter boxed btMiddleVertical\" style=\"margin-top: 30px;\"><div class=\"port\"><div class=\"boldCell\"><div class=\"boldCellInner\"><div class=\"boldRow \" ><div class=\"boldRowInner\"><div class=\"rowItem col-md-4 col-ms-12 btTextCenter inherit\"  data-width=\"4\"><div class=\"rowItemContent\" ><span class=\"btIco btIcoDefaultType btIcoMediumSize btIcoDefaultColor btIconCircleShape\"><a href=\"\/envios-y-devoluciones\"  target=\"no_target\" data-ico-es=\"&#xea79;\" class=\"btIcoHolder\"><span>EXP\u00c9DITION SUR LES 5 CONTINENTS<\/span><\/a><\/span><\/div><\/div><div class=\"rowItem col-md-4 col-ms-12 btTextCenter inherit\"  data-width=\"4\"><div class=\"rowItemContent\" ><span class=\"btIco btIcoDefaultType btIcoMediumSize btIcoDefaultColor btIconCircleShape\"><a href=\"\/envios-y-devoluciones\"  target=\"no_target\" data-ico-ts=\"&#xf101;\" class=\"btIcoHolder\"><span>TRANSPORT ET DOUANE GRATUITS<\/span><\/a><\/span><\/div><\/div><div class=\"rowItem col-md-4 col-ms-12 btTextCenter inherit\"  data-width=\"4\"><div class=\"rowItemContent\" ><span class=\"btIco btIcoDefaultType btIcoMediumSize btIcoDefaultColor btIconCircleShape\"><a href=\"\/envios-y-devoluciones\"  target=\"no_target\" data-ico-es=\"&#xe930;\" class=\"btIcoHolder\"><span>ENVOIS IMM\u00c9DIATS<\/span><\/a><\/span><\/div><\/div><\/div><\/div><\/div><\/div><\/div><\/section><section id=\"bt_section69f3938d1bd91\"  class=\"boldSection topSemiSpaced gutter boxed inherit\" ><div class=\"port\"><div class=\"boldCell\"><div class=\"boldCellInner\"><div class=\"boldRow \" ><div class=\"boldRowInner\"><div class=\"rowItem col-md-6 col-sm-12 btTextLeft\"  data-width=\"6\"><div class=\"rowItemContent\" ><header class=\"header btClear small btDash bottomDash  regular\" ><div class=\"dash\"><h4><span class=\"headline\">Caract\u00e9ristiques<\/span><\/h4><\/div><\/header><div class=\"btClear btSeparator bottomSmallSpaced noBorder\" ><hr><\/div><div class=\"btText\" ><div class=\"su-list\" style=\"margin-left:15px\">\n<ul>\n<li><i class=\"sui sui-caret-right\" style=\"color:#000000\"><\/i> Son rayon de protection est de 7 m.<\/li>\n<li><i class=\"sui sui-caret-right\" style=\"color:#000000\"><\/i> Dimensions : 7,8 x 0,92 x 12,60 cm. Poids : 105 g<\/li>\n<li><i class=\"sui sui-caret-right\" style=\"color:#000000\"><\/i> Il cr\u00e9e un espace protecteur en forme de sph\u00e8re, exempt des effets de la pollution \u00e9lectromagn\u00e9tique.<\/li>\n<li><i class=\"sui sui-caret-right\" style=\"color:#000000\"><\/i> Il ne demande aucun type d\u2019entretien.<\/li>\n<li><i class=\"sui sui-caret-right\" style=\"color:#000000\"><\/i> Ce sont des autotransformateurs passifs, ils ne blindent ni ne stockent.<\/li>\n<li><i class=\"sui sui-caret-right\" style=\"color:#000000\"><\/i> Il n\u2019alt\u00e8re pas le bon fonctionnement des appareils \u00e9lectromagn\u00e9tiques de notre environnement.<\/li>\n<li><i class=\"sui sui-caret-right\" style=\"color:#000000\"><\/i> Le dispositif se met automatiquement en fonctionnement lorsqu\u2019il entre en contact avec les rayonnements \u00e9lectromagn\u00e9tiques.<\/div>\n<p><a href=\"https:\/\/www.pranan.com\/fr\/bienfaits\/\" class=\"btBtn btBtn btnFilledStyle btnAccentColor btnMedium btnFullWidth btnInlinePosition btnIco\" ><span class=\"btnInnerText\">D\u00c9COUVREZ LES BIENFAITS D&rsquo;UTILISER LES DISPOSITIFS PRANAN<\/span><span class=\"btIco \"><span  data-ico-fa=\"&#xf05a;\" class=\"btIcoHolder\"><\/span><\/span><\/a><\/li>\n<\/ul>\n<\/div><div class=\"btClear btSeparator topSmallSpaced bottomSmallSpaced noBorder\" ><hr><\/div><\/div><\/div><div class=\"rowItem col-md-6 col-sm-12 btTextLeft\"  data-width=\"6\"><div class=\"rowItemContent\" ><header class=\"header btClear small btDash bottomDash  regular\" ><div class=\"dash\"><h4><span class=\"headline\">Recommand\u00e9<\/span><\/h4><\/div><\/header><div class=\"btClear btSeparator bottomSmallSpaced noBorder\" ><hr><\/div><div class=\"btText\" ><p>Pour les personnes expos\u00e9es \u00e0 des niveaux \u00e9lev\u00e9s de pollution \u00e9lectromagn\u00e9tique. Sp\u00e9cialement con\u00e7u pour nous prot\u00e9ger lorsque nous voyageons en v\u00e9hicules \u00e9lectriques, trains, avions, etc. Il peut \u00eatre utilis\u00e9 comme protection personnelle et pour prot\u00e9ger l&rsquo;espace dans nos habitats. Il est fortement recommand\u00e9 de l&rsquo;utiliser pendant le sommeil, que ce soit \u00e0 la maison ou \u00e0 l&rsquo;h\u00f4tel. Pour ce faire, placez-le simplement sur la table de chevet \u00e0 c\u00f4t\u00e9 du lit.<\/p>\n<\/div><div class=\"btClear btSeparator topSmallSpaced bottomSmallSpaced noBorder\" ><hr><\/div><header class=\"header btClear small btDash bottomDash  regular\" ><div class=\"dash\"><h4><span class=\"headline\">De quoi nous prot\u00e8ge-t-il ?<\/span><\/h4><\/div><\/header><div class=\"btText\" ><p>Des alt\u00e9rations que produisent dans l\u2019organisme les rayonnements \u00e9lectromagn\u00e9tiques non ionisants, \u00e9mis par les syst\u00e8mes sans fils des t\u00e9l\u00e9phones portables, les antennes, les r\u00e9p\u00e9teurs, les r\u00e9seaux wifi, les radars, les r\u00e9seaux \u00e9lectriques, les compteurs num\u00e9riques, et tout syst\u00e8me g\u00e9n\u00e9rant des rayonnements artificiels.<\/p>\n<\/div><div class=\"btClear btSeparator topSmallSpaced bottomSmallSpaced noBorder\" ><hr><\/div><\/div><\/div><\/div><\/div><\/div><\/div><\/div><\/section><div class=\"btClear btSeparator topSmallSpaced bottomSmallSpaced noBorder\" ><hr><\/div><div class=\"btClear btSeparator topSmallSpaced bottomSmallSpaced noBorder\" ><hr><\/div><div class=\"boldRow \" ><div class=\"boldRowInner\"><div class=\"rowItem col-md-6 col-sm-12 btTextLeft\"  data-width=\"6\"><div class=\"rowItemContent\" ><div class=\"btClear btSeparator topSmallSpaced bottomSmallSpaced noBorder\" ><hr><\/div><header class=\"header btClear small btDash bottomDash  regular\" ><div class=\"dash\"><h4><span class=\"headline\">Technologie Certifi\u00e9e<\/span><\/h4><\/div><\/header><div class=\"btClear btSeparator bottomSmallSpaced noBorder\" ><hr><\/div><div class=\"btText\" ><p>Les dispositifs Pranan sont certifi\u00e9s par T\u00dcV Rheinland conform\u00e9ment \u00e0 la Directive Europ\u00e9enne 2001\/95\/CE, garantissant qu&rsquo;ils r\u00e9pondent \u00e0 toutes les exigences en mati\u00e8re de s\u00e9curit\u00e9.<\/p>\n<div class=\"su-list\" style=\"margin-left:15px\">\n<ul>\n<li><i class=\"sui sui-caret-right\" style=\"color:#000000\"><\/i> Technologie Brevet\u00e9e sous le titre \u201cProtecteur des radiations \u00e9lectromagn\u00e9tiques\u201d n\u00ba CC P: ES2401873 A1.<\/li>\n<li><i class=\"sui sui-caret-right\" style=\"color:#000000\"><\/i> Certifi\u00e9 par T\u00dcV Rheinland conform\u00e9ment \u00e0 la Directive 1999\/5\/CE sur les \u00e9quipements radio\u00e9lectriques et les \u00e9quipements terminaux de t\u00e9l\u00e9communication.<\/li>\n<li><i class=\"sui sui-caret-right\" style=\"color:#000000\"><\/i> Certificat de Qualit\u00e9 selon ISO:9001:2015.<\/li>\n<li><i class=\"sui sui-caret-right\" style=\"color:#000000\"><\/i> Certificat de marquage CE (T\u00dcV Rheinland).<\/li>\n<li><i class=\"sui sui-caret-right\" style=\"color:#000000\"><\/i> Label Entreprise Innovante (Minist\u00e8re de l&rsquo;Industrie).<\/li>\n<li><i class=\"sui sui-caret-right\" style=\"color:#000000\"><\/i> Label Moderna (D\u00e9partement de l&rsquo;Industrie, Gouvernement de Navarre).<\/div>\n<\/li>\n<\/ul>\n<\/div><\/div><\/div><div class=\"rowItem col-md-6 col-sm-12 btTextLeft\"  data-width=\"6\"><div class=\"rowItemContent\" ><div class=\"btClear btSeparator topSmallSpaced bottomSmallSpaced noBorder\" ><hr><\/div><header class=\"header btClear small btDash bottomDash  regular\" ><div class=\"dash\"><h4><span class=\"headline\">Technologie valid\u00e9e par des essais cliniques<\/span><\/h4><\/div><\/header><div class=\"btClear btSeparator bottomSmallSpaced noBorder\" ><hr><\/div><div class=\"btText\" ><div class=\"su-list\" style=\"margin-left:15px\">\n<ul>\n<li><i class=\"sui sui-caret-right\" style=\"color:#000000\"><\/i> L&rsquo;efficacit\u00e9 de la technologie Pranan de protection contre les radiations \u00e9lectromagn\u00e9tiques a \u00e9t\u00e9 test\u00e9e dans des centres de recherche et des universit\u00e9s homologu\u00e9s internationalement (Universit\u00e9 Complutense, Universit\u00e9 de Grenade, Universit\u00e9 Polytechnique de Catalogne, GDV-EPC de l&rsquo;Universit\u00e9 de Saint-P\u00e9tersbourg, etc.).<\/li>\n<li><i class=\"sui sui-caret-right\" style=\"color:#000000\"><\/i> La seule technologie dont l&rsquo;efficacit\u00e9 a \u00e9t\u00e9 publi\u00e9e dans des revues scientifiques : \u201cEuropean Journal of Integrative Medicine\u201d, \u201cInternational Journal of Advanced Complementary and Traditional Medicine\u201d, \u201cNutrition and Integrative Medicine\u201d, etc.<\/li>\n<li><i class=\"sui sui-caret-right\" style=\"color:#000000\"><\/i> Les dispositifs Pranan int\u00e8grent une puce crypt\u00e9e qui permet de v\u00e9rifier leur authenticit\u00e9. Syst\u00e8me Nefertitys (Centre Technologique Jer\u00f3nimo de Ayanz (Universit\u00e9 Publique de Navarre).<\/div>\n<\/li>\n<\/ul>\n<\/div><div class=\"btClear btSeparator topSmallSpaced bottomSmallSpaced noBorder\" ><hr><\/div><\/div><\/div><\/div><\/div><a href=\"https:\/\/www.pranan.com\/fr\/bienfaits\/\" class=\"btBtn btBtn btnFilledStyle btnAccentColor btnMedium btnFullWidth btnInlinePosition btnIco\" ><span class=\"btnInnerText\">D\u00c9COUVREZ LES BIENFAITS D'UTILISER LES DISPOSITIFS PRANAN<\/span><span class=\"btIco \"><span  data-ico-fa=\"&#xf05a;\" class=\"btIcoHolder\"><\/span><\/span><\/a><div class=\"btClear btSeparator bottomSmallSpaced noBorder\" ><hr><\/div><a href=\"https:\/\/www.pranan.com\/fr\/technologie-pranan\/quest-ce-qui-rend-la-technologie-pranan-unique\/?preview_id=8774&amp;preview_nonce=e866e13e59&amp;_thumbnail_id=8737&amp;preview=true#\" class=\"btBtn btBtn btnFilledStyle btnAlternateColor btnMedium btnFullWidth btnRightPosition btnIco\"  target=\"_blank\"><span class=\"btnInnerText\">D\u00c9COUVREZ CE QUI REND LA TECHNOLOGIE PRANAN UNIQUE.<\/span><span class=\"btIco \"><span  data-ico-fa=\"&#xf1c1;\" class=\"btIcoHolder\"><\/span><\/span><\/a><div class=\"btClear btSeparator bottomSmallSpaced noBorder\" ><hr><\/div>\n","protected":false},"excerpt":{"rendered":"<h2><span style=\"color: #ff0000;\">Nouveaut\u00e9!<\/span><\/h2>\n<h2>NOUS PROT\u00c8GE DES NIVEAUX \u00c9LEV\u00c9S DE RAYONNEMENT \u00c9LECTROMAGN\u00c9TIQUE LORSQUE NOUS VOYAGEONS (Y COMPRIS 5G ET 6G)<\/h2>\n<p>Appareil \u00e0 la pointe de la technologie, qui int\u00e8gre des nanodiamants dans sa technologie. Il est con\u00e7u pour \u00eatre utilis\u00e9 lors de d\u00e9placements dans n&rsquo;importe quel v\u00e9hicule ou moyen de transport. Biospace Travel, nous prot\u00e8ge des rayonnements \u00e9lectromagn\u00e9tiques g\u00e9n\u00e9r\u00e9s \u00e0 l&rsquo;int\u00e9rieur de la cabine du moyen de transport dans lequel nous voyageons. De plus, il r\u00e9duit consid\u00e9rablement les sympt\u00f4mes d&rsquo;\u00e9puisement et de stress lors de la conduite d&rsquo;un v\u00e9hicule.<\/p>\n","protected":false},"featured_media":7106,"template":"","meta":[],"product_brand":[],"product_cat":[117],"product_tag":[],"class_list":{"0":"post-7053","1":"product","2":"type-product","3":"status-publish","4":"has-post-thumbnail","6":"product_cat-appareils-pranan","8":"first","9":"instock","10":"featured","11":"purchasable","12":"product-type-simple"},"yoast_head":"<!-- This site is optimized with the Yoast SEO plugin v24.9 - https:\/\/yoast.com\/wordpress\/plugins\/seo\/ -->\n<title>Biospace TRAVEL diamond - Pranan<\/title>\n<meta name=\"robots\" content=\"index, follow, max-snippet:-1, max-image-preview:large, max-video-preview:-1\" \/>\n<link rel=\"canonical\" href=\"https:\/\/www.pranan.com\/fr\/produit\/biospace-travel\/\" \/>\n<meta property=\"og:locale\" content=\"fr_FR\" \/>\n<meta property=\"og:type\" content=\"article\" \/>\n<meta property=\"og:title\" content=\"Biospace TRAVEL diamond - Pranan\" \/>\n<meta property=\"og:description\" content=\"Nouveaut\u00e9! NOUS PROT\u00c8GE DES NIVEAUX \u00c9LEV\u00c9S DE RAYONNEMENT \u00c9LECTROMAGN\u00c9TIQUE LORSQUE NOUS VOYAGEONS (Y COMPRIS 5G ET 6G) Appareil \u00e0 la pointe de la technologie, qui int\u00e8gre des nanodiamants dans sa technologie. Il est con\u00e7u pour \u00eatre utilis\u00e9 lors de d\u00e9placements dans n&#039;importe quel v\u00e9hicule ou moyen de transport. Biospace Travel, nous prot\u00e8ge des rayonnements \u00e9lectromagn\u00e9tiques g\u00e9n\u00e9r\u00e9s \u00e0 l&#039;int\u00e9rieur de la cabine du moyen de transport dans lequel nous voyageons. De plus, il r\u00e9duit consid\u00e9rablement les sympt\u00f4mes d&#039;\u00e9puisement et de stress lors de la conduite d&#039;un v\u00e9hicule.\" \/>\n<meta property=\"og:url\" content=\"https:\/\/www.pranan.com\/fr\/produit\/biospace-travel\/\" \/>\n<meta property=\"og:site_name\" content=\"Pranan\" \/>\n<meta property=\"article:modified_time\" content=\"2026-01-09T10:40:34+00:00\" \/>\n<meta property=\"og:image\" content=\"https:\/\/www.pranan.com\/wp-content\/uploads\/2023\/07\/travel_portada_04-scaled-e1689930559380.jpg\" \/>\n\t<meta property=\"og:image:width\" content=\"2042\" \/>\n\t<meta property=\"og:image:height\" content=\"2560\" \/>\n\t<meta property=\"og:image:type\" content=\"image\/jpeg\" \/>\n<meta name=\"twitter:card\" content=\"summary_large_image\" \/>\n<meta name=\"twitter:label1\" content=\"Dur\u00e9e de lecture estim\u00e9e\" \/>\n\t<meta name=\"twitter:data1\" content=\"4 minutes\" \/>\n<script type=\"application\/ld+json\" class=\"yoast-schema-graph\">{\"@context\":\"https:\/\/schema.org\",\"@graph\":[{\"@type\":\"WebPage\",\"@id\":\"https:\/\/www.pranan.com\/fr\/produit\/biospace-travel\/\",\"url\":\"https:\/\/www.pranan.com\/fr\/produit\/biospace-travel\/\",\"name\":\"Biospace TRAVEL diamond - Pranan\",\"isPartOf\":{\"@id\":\"https:\/\/www.pranan.com\/#website\"},\"primaryImageOfPage\":{\"@id\":\"https:\/\/www.pranan.com\/fr\/produit\/biospace-travel\/#primaryimage\"},\"image\":{\"@id\":\"https:\/\/www.pranan.com\/fr\/produit\/biospace-travel\/#primaryimage\"},\"thumbnailUrl\":\"https:\/\/www.pranan.com\/wp-content\/uploads\/2023\/07\/travel_portada_04-scaled-e1689930559380.jpg\",\"datePublished\":\"2023-07-20T16:43:30+00:00\",\"dateModified\":\"2026-01-09T10:40:34+00:00\",\"breadcrumb\":{\"@id\":\"https:\/\/www.pranan.com\/fr\/produit\/biospace-travel\/#breadcrumb\"},\"inLanguage\":\"fr-FR\",\"potentialAction\":[{\"@type\":\"ReadAction\",\"target\":[\"https:\/\/www.pranan.com\/fr\/produit\/biospace-travel\/\"]}]},{\"@type\":\"ImageObject\",\"inLanguage\":\"fr-FR\",\"@id\":\"https:\/\/www.pranan.com\/fr\/produit\/biospace-travel\/#primaryimage\",\"url\":\"https:\/\/www.pranan.com\/wp-content\/uploads\/2023\/07\/travel_portada_04-scaled-e1689930559380.jpg\",\"contentUrl\":\"https:\/\/www.pranan.com\/wp-content\/uploads\/2023\/07\/travel_portada_04-scaled-e1689930559380.jpg\",\"width\":2042,\"height\":2560},{\"@type\":\"BreadcrumbList\",\"@id\":\"https:\/\/www.pranan.com\/fr\/produit\/biospace-travel\/#breadcrumb\",\"itemListElement\":[{\"@type\":\"ListItem\",\"position\":1,\"name\":\"Portada\",\"item\":\"https:\/\/www.pranan.com\/fr\/\"},{\"@type\":\"ListItem\",\"position\":2,\"name\":\"Boutique\",\"item\":\"https:\/\/www.pranan.com\/?page_id=2996\"},{\"@type\":\"ListItem\",\"position\":3,\"name\":\"Biospace TRAVEL diamond\"}]},{\"@type\":\"WebSite\",\"@id\":\"https:\/\/www.pranan.com\/#website\",\"url\":\"https:\/\/www.pranan.com\/\",\"name\":\"Pranan\",\"description\":\"Researching Center\",\"potentialAction\":[{\"@type\":\"SearchAction\",\"target\":{\"@type\":\"EntryPoint\",\"urlTemplate\":\"https:\/\/www.pranan.com\/?s={search_term_string}\"},\"query-input\":{\"@type\":\"PropertyValueSpecification\",\"valueRequired\":true,\"valueName\":\"search_term_string\"}}],\"inLanguage\":\"fr-FR\"}]}<\/script>\n<!-- \/ Yoast SEO plugin. -->","yoast_head_json":{"title":"Biospace TRAVEL diamond - Pranan","robots":{"index":"index","follow":"follow","max-snippet":"max-snippet:-1","max-image-preview":"max-image-preview:large","max-video-preview":"max-video-preview:-1"},"canonical":"https:\/\/www.pranan.com\/fr\/produit\/biospace-travel\/","og_locale":"fr_FR","og_type":"article","og_title":"Biospace TRAVEL diamond - Pranan","og_description":"Nouveaut\u00e9! NOUS PROT\u00c8GE DES NIVEAUX \u00c9LEV\u00c9S DE RAYONNEMENT \u00c9LECTROMAGN\u00c9TIQUE LORSQUE NOUS VOYAGEONS (Y COMPRIS 5G ET 6G) Appareil \u00e0 la pointe de la technologie, qui int\u00e8gre des nanodiamants dans sa technologie. Il est con\u00e7u pour \u00eatre utilis\u00e9 lors de d\u00e9placements dans n'importe quel v\u00e9hicule ou moyen de transport. Biospace Travel, nous prot\u00e8ge des rayonnements \u00e9lectromagn\u00e9tiques g\u00e9n\u00e9r\u00e9s \u00e0 l'int\u00e9rieur de la cabine du moyen de transport dans lequel nous voyageons. De plus, il r\u00e9duit consid\u00e9rablement les sympt\u00f4mes d'\u00e9puisement et de stress lors de la conduite d'un v\u00e9hicule.","og_url":"https:\/\/www.pranan.com\/fr\/produit\/biospace-travel\/","og_site_name":"Pranan","article_modified_time":"2026-01-09T10:40:34+00:00","og_image":[{"width":2042,"height":2560,"url":"https:\/\/www.pranan.com\/wp-content\/uploads\/2023\/07\/travel_portada_04-scaled-e1689930559380.jpg","type":"image\/jpeg"}],"twitter_card":"summary_large_image","twitter_misc":{"Dur\u00e9e de lecture estim\u00e9e":"4 minutes"},"schema":{"@context":"https:\/\/schema.org","@graph":[{"@type":"WebPage","@id":"https:\/\/www.pranan.com\/fr\/produit\/biospace-travel\/","url":"https:\/\/www.pranan.com\/fr\/produit\/biospace-travel\/","name":"Biospace TRAVEL diamond - Pranan","isPartOf":{"@id":"https:\/\/www.pranan.com\/#website"},"primaryImageOfPage":{"@id":"https:\/\/www.pranan.com\/fr\/produit\/biospace-travel\/#primaryimage"},"image":{"@id":"https:\/\/www.pranan.com\/fr\/produit\/biospace-travel\/#primaryimage"},"thumbnailUrl":"https:\/\/www.pranan.com\/wp-content\/uploads\/2023\/07\/travel_portada_04-scaled-e1689930559380.jpg","datePublished":"2023-07-20T16:43:30+00:00","dateModified":"2026-01-09T10:40:34+00:00","breadcrumb":{"@id":"https:\/\/www.pranan.com\/fr\/produit\/biospace-travel\/#breadcrumb"},"inLanguage":"fr-FR","potentialAction":[{"@type":"ReadAction","target":["https:\/\/www.pranan.com\/fr\/produit\/biospace-travel\/"]}]},{"@type":"ImageObject","inLanguage":"fr-FR","@id":"https:\/\/www.pranan.com\/fr\/produit\/biospace-travel\/#primaryimage","url":"https:\/\/www.pranan.com\/wp-content\/uploads\/2023\/07\/travel_portada_04-scaled-e1689930559380.jpg","contentUrl":"https:\/\/www.pranan.com\/wp-content\/uploads\/2023\/07\/travel_portada_04-scaled-e1689930559380.jpg","width":2042,"height":2560},{"@type":"BreadcrumbList","@id":"https:\/\/www.pranan.com\/fr\/produit\/biospace-travel\/#breadcrumb","itemListElement":[{"@type":"ListItem","position":1,"name":"Portada","item":"https:\/\/www.pranan.com\/fr\/"},{"@type":"ListItem","position":2,"name":"Boutique","item":"https:\/\/www.pranan.com\/?page_id=2996"},{"@type":"ListItem","position":3,"name":"Biospace TRAVEL diamond"}]},{"@type":"WebSite","@id":"https:\/\/www.pranan.com\/#website","url":"https:\/\/www.pranan.com\/","name":"Pranan","description":"Researching Center","potentialAction":[{"@type":"SearchAction","target":{"@type":"EntryPoint","urlTemplate":"https:\/\/www.pranan.com\/?s={search_term_string}"},"query-input":{"@type":"PropertyValueSpecification","valueRequired":true,"valueName":"search_term_string"}}],"inLanguage":"fr-FR"}]}},"_links":{"self":[{"href":"https:\/\/www.pranan.com\/fr\/wp-json\/wp\/v2\/product\/7053","targetHints":{"allow":["GET"]}}],"collection":[{"href":"https:\/\/www.pranan.com\/fr\/wp-json\/wp\/v2\/product"}],"about":[{"href":"https:\/\/www.pranan.com\/fr\/wp-json\/wp\/v2\/types\/product"}],"wp:featuredmedia":[{"embeddable":true,"href":"https:\/\/www.pranan.com\/fr\/wp-json\/wp\/v2\/media\/7106"}],"wp:attachment":[{"href":"https:\/\/www.pranan.com\/fr\/wp-json\/wp\/v2\/media?parent=7053"}],"wp:term":[{"taxonomy":"product_brand","embeddable":true,"href":"https:\/\/www.pranan.com\/fr\/wp-json\/wp\/v2\/product_brand?post=7053"},{"taxonomy":"product_cat","embeddable":true,"href":"https:\/\/www.pranan.com\/fr\/wp-json\/wp\/v2\/product_cat?post=7053"},{"taxonomy":"product_tag","embeddable":true,"href":"https:\/\/www.pranan.com\/fr\/wp-json\/wp\/v2\/product_tag?post=7053"}],"curies":[{"name":"wp","href":"https:\/\/api.w.org\/{rel}","templated":true}]}}