{"id":6843,"date":"2016-05-10T09:08:50","date_gmt":"2016-05-10T07:08:50","guid":{"rendered":"https:\/\/www.pranan.com\/producto\/phiwaves-5g-pendentifs\/"},"modified":"2025-03-25T10:51:05","modified_gmt":"2025-03-25T09:51:05","slug":"phiwaves-5g-pendentifs","status":"publish","type":"product","link":"https:\/\/www.pranan.com\/fr\/produit\/phiwaves-5g-pendentifs\/","title":{"rendered":"Phiwaves PENDANT diamond"},"content":{"rendered":"<section id=\"bt_section69f396641e505\"  class=\"boldSection topSmallSpaced bottomSmallSpaced btDarkSkin btAlternateColorBackground gutter boxed btMiddleVertical\" style=\"margin-top: 30px;\"><div class=\"port\"><div class=\"boldCell\"><div class=\"boldCellInner\"><div class=\"boldRow \" ><div class=\"boldRowInner\"><div class=\"rowItem col-md-4 col-ms-12 btTextCenter inherit\"  data-width=\"4\"><div class=\"rowItemContent\" ><span class=\"btIco btIcoDefaultType btIcoMediumSize btIcoDefaultColor btIconCircleShape\"><a href=\"\/envios-y-devoluciones\"  target=\"no_target\" data-ico-es=\"&#xea79;\" class=\"btIcoHolder\"><span>EXP\u00c9DITION SUR LES 5 CONTINENTS<\/span><\/a><\/span><\/div><\/div><div class=\"rowItem col-md-4 col-ms-12 btTextCenter inherit\"  data-width=\"4\"><div class=\"rowItemContent\" ><span class=\"btIco btIcoDefaultType btIcoMediumSize btIcoDefaultColor btIconCircleShape\"><a href=\"\/envios-y-devoluciones\"  target=\"no_target\" data-ico-ts=\"&#xf101;\" class=\"btIcoHolder\"><span>TRANSPORT ET DOUANE GRATUITS<\/span><\/a><\/span><\/div><\/div><div class=\"rowItem col-md-4 col-ms-12 btTextCenter inherit\"  data-width=\"4\"><div class=\"rowItemContent\" ><span class=\"btIco btIcoDefaultType btIcoMediumSize btIcoDefaultColor btIconCircleShape\"><a href=\"\/envios-y-devoluciones\"  target=\"no_target\" data-ico-es=\"&#xe930;\" class=\"btIcoHolder\"><span>EXP\u00c9DITIONS IMM\u00c9DIATES<\/span><\/a><\/span><\/div><\/div><\/div><\/div><\/div><\/div><\/div><\/section><section id=\"bt_section69f39664227ed\"  class=\"boldSection topSemiSpaced gutter boxed inherit\" ><div class=\"port\"><div class=\"boldCell\"><div class=\"boldCellInner\"><div class=\"boldRow \" ><div class=\"boldRowInner\"><div class=\"rowItem col-md-6 col-sm-12 btTextLeft\"  data-width=\"6\"><div class=\"rowItemContent\" ><header class=\"header btClear small btDash bottomDash  regular\" ><div class=\"dash\"><h4><span class=\"headline\">Caract\u00e9ristiques<\/span><\/h4><\/div><\/header><div class=\"btClear btSeparator bottomSmallSpaced noBorder\" ><hr><\/div><div class=\"btText\" ><div class=\"su-list\" style=\"margin-left:15px\">\n<ul>\n<li><i class=\"sui sui-caret-right\" style=\"color:#000000\"><\/i> Dur\u00e9e de vie illimit\u00e9e si le dispositif est maintenu en parfaites conditions d\u2019utilisation.<\/li>\n<li><i class=\"sui sui-caret-right\" style=\"color:#000000\"><\/i> Il fonctionne sans piles et ne demande donc pas d\u2019entretien.<\/li>\n<li><i class=\"sui sui-caret-right\" style=\"color:#000000\"><\/i> Ce sont des autotransformateurs passifs, ils ne blindent ni ne stockent.<\/li>\n<li><i class=\"sui sui-caret-right\" style=\"color:#000000\"><\/i> Il n\u2019affecte pas le bon fonctionnement des appareils qu\u2019il prot\u00e8ge.<\/li>\n<li><i class=\"sui sui-caret-right\" style=\"color:#000000\"><\/i> Il s\u2019active automatiquement lorsqu\u2019il entre en contact avec les rayonnements.<\/li>\n<li><i class=\"sui sui-caret-right\" style=\"color:#000000\"><\/i> Il ne demande aucun type d\u2019entretien.<\/li>\n<li><i class=\"sui sui-caret-right\" style=\"color:#000000\"><\/i> Il int\u00e8gre une micropuce crypt\u00e9e permettant de v\u00e9rifier l\u2019authenticit\u00e9 du dispositif (syst\u00e8me Nefertitys).<\/li>\n<li><i class=\"sui sui-caret-right\" style=\"color:#000000\"><\/i> Les propri\u00e9t\u00e9s de protection sont les m\u00eames que celles de Phiwaves JEWEL. La seule diff\u00e9rence est la fabrication . La seule diff\u00e9rence est la fabrication artisanale en acier chirurgical de ce dispositif.<\/div>\n<\/li>\n<\/ul>\n<\/div><\/div><\/div><div class=\"rowItem col-md-6 col-sm-12 btTextLeft\"  data-width=\"6\"><div class=\"rowItemContent\" ><header class=\"header btClear small btDash bottomDash  regular\" ><div class=\"dash\"><h4><span class=\"headline\">Utilisation<\/span><\/h4><\/div><\/header><div class=\"btClear btSeparator bottomSmallSpaced noBorder\" ><hr><\/div><div class=\"btText\" ><p>Il suffit de le retirer de son emballage et de le porter comme pendentif. Il n&rsquo;est pas recommand\u00e9 de se doucher ou de se baigner avec l&rsquo;appareil, car des \u00e9l\u00e9ments externes peuvent \u00eatre endommag\u00e9s, ce qui pourrait affecter sa dur\u00e9e de vie, laquelle, dans des conditions normales d&rsquo;utilisation, n&rsquo;a pas de date d&rsquo;expiration d\u00e9finie.<\/p>\n<\/div><div class=\"btClear btSeparator topSmallSpaced bottomSmallSpaced noBorder\" ><hr><\/div><header class=\"header btClear small btDash bottomDash  regular\" ><div class=\"dash\"><h4><span class=\"headline\">Fiche technique<\/span><\/h4><\/div><\/header><div class=\"btText\" ><div class=\"su-list\" style=\"margin-left:15px\"><\/div>\n<ul>\n<li>Dimensions : 36 x 52 x 4 mm<\/li>\n<li>Poids: 30 grs. environ.<\/li>\n<li>Port\u00e9e de protection : 2,40 m environ<\/li>\n<li>Dur\u00e9e de vie du dispositif : il ne p\u00e9rime pas s\u2019il est maintenu en parfaites conditions d\u2019utilisation.<\/li>\n<\/ul>\n<\/div><div class=\"btClear btSeparator topSmallSpaced bottomSmallSpaced noBorder\" ><hr><\/div><\/div><\/div><\/div><\/div><\/div><\/div><\/div><\/section><div class=\"btClear btSeparator topSmallSpaced bottomSmallSpaced noBorder\" ><hr><\/div><div class=\"boldRow \" ><div class=\"boldRowInner\"><div class=\"rowItem col-md-6 col-sm-12 btTextLeft\"  data-width=\"6\"><div class=\"rowItemContent\" ><div class=\"btClear btSeparator topSmallSpaced bottomSmallSpaced noBorder\" ><hr><\/div><header class=\"header btClear small btDash bottomDash  regular\" ><div class=\"dash\"><h4><span class=\"headline\">Technologie Certifi\u00e9e<\/span><\/h4><\/div><\/header><div class=\"btClear btSeparator bottomSmallSpaced noBorder\" ><hr><\/div><div class=\"btText\" ><p>Les dispositifs Pranan sont certifi\u00e9s par T\u00dcV Rheinland conform\u00e9ment \u00e0 la Directive Europ\u00e9enne 2001\/95\/CE, garantissant qu&rsquo;ils r\u00e9pondent \u00e0 toutes les exigences en mati\u00e8re de s\u00e9curit\u00e9.<\/p>\n<div class=\"su-list\" style=\"margin-left:15px\">\n<ul>\n<li><i class=\"sui sui-caret-right\" style=\"color:#000000\"><\/i> Technologie Brevet\u00e9e sous le titre \u201cProtecteur des radiations \u00e9lectromagn\u00e9tiques\u201d n\u00ba CC P: ES2401873 A1.<\/li>\n<li><i class=\"sui sui-caret-right\" style=\"color:#000000\"><\/i> Certifi\u00e9 par T\u00dcV Rheinland conform\u00e9ment \u00e0 la Directive 1999\/5\/CE sur les \u00e9quipements radio\u00e9lectriques et les \u00e9quipements terminaux de t\u00e9l\u00e9communication.<\/li>\n<li><i class=\"sui sui-caret-right\" style=\"color:#000000\"><\/i> Certificat de Qualit\u00e9 selon ISO:9001:2015.<\/li>\n<li><i class=\"sui sui-caret-right\" style=\"color:#000000\"><\/i> Certificat de marquage CE (T\u00dcV Rheinland).<\/li>\n<li><i class=\"sui sui-caret-right\" style=\"color:#000000\"><\/i> Label Entreprise Innovante (Minist\u00e8re de l&rsquo;Industrie).<\/li>\n<li><i class=\"sui sui-caret-right\" style=\"color:#000000\"><\/i> Label Moderna (D\u00e9partement de l&rsquo;Industrie, Gouvernement de Navarre).<\/div>\n<\/li>\n<\/ul>\n<\/div><\/div><\/div><div class=\"rowItem col-md-6 col-sm-12 btTextLeft\"  data-width=\"6\"><div class=\"rowItemContent\" ><div class=\"btClear btSeparator topSmallSpaced bottomSmallSpaced noBorder\" ><hr><\/div><header class=\"header btClear small btDash bottomDash  regular\" ><div class=\"dash\"><h4><span class=\"headline\">Technologie valid\u00e9e par des essais cliniques<\/span><\/h4><\/div><\/header><div class=\"btClear btSeparator bottomSmallSpaced noBorder\" ><hr><\/div><div class=\"btText\" ><div class=\"su-list\" style=\"margin-left:15px\">\n<ul>\n<li><i class=\"sui sui-caret-right\" style=\"color:#000000\"><\/i> L&rsquo;efficacit\u00e9 de la technologie Pranan de protection contre les radiations \u00e9lectromagn\u00e9tiques a \u00e9t\u00e9 test\u00e9e dans des centres de recherche et des universit\u00e9s homologu\u00e9s internationalement (Universit\u00e9 Complutense, Universit\u00e9 de Grenade, Universit\u00e9 Polytechnique de Catalogne, GDV-EPC de l&rsquo;Universit\u00e9 de Saint-P\u00e9tersbourg, etc.).<\/li>\n<li><i class=\"sui sui-caret-right\" style=\"color:#000000\"><\/i> La seule technologie dont l&rsquo;efficacit\u00e9 a \u00e9t\u00e9 publi\u00e9e dans des revues scientifiques : \u201cEuropean Journal of Integrative Medicine\u201d, \u201cInternational Journal of Advanced Complementary and Traditional Medicine\u201d, \u201cNutrition and Integrative Medicine\u201d, etc.<\/li>\n<li><i class=\"sui sui-caret-right\" style=\"color:#000000\"><\/i> Les dispositifs Pranan int\u00e8grent une puce crypt\u00e9e qui permet de v\u00e9rifier leur authenticit\u00e9. Syst\u00e8me Nefertitys (Centre Technologique Jer\u00f3nimo de Ayanz (Universit\u00e9 Publique de Navarre).<\/div>\n<\/li>\n<\/ul>\n<\/div><div class=\"btClear btSeparator topSmallSpaced bottomSmallSpaced noBorder\" ><hr><\/div><div class=\"btClear btSeparator topSmallSpaced bottomSmallSpaced noBorder\" ><hr><\/div><\/div><\/div><\/div><\/div><a href=\"https:\/\/www.pranan.com\/fr\/bienfaits\/\" class=\"btBtn btBtn btnFilledStyle btnAccentColor btnMedium btnFullWidth btnInlinePosition btnIco\" ><span class=\"btnInnerText\">D\u00c9COUVREZ LES BIENFAITS D'UTILISER LES DISPOSITIFS PRANAN<\/span><span class=\"btIco \"><span  data-ico-fa=\"&#xf05a;\" class=\"btIcoHolder\"><\/span><\/span><\/a><div class=\"btClear btSeparator bottomSmallSpaced noBorder\" ><hr><\/div><a href=\"https:\/\/www.pranan.com\/fr\/technologie-pranan\/quest-ce-qui-rend-la-technologie-pranan-unique\/?preview_id=8774&amp;preview_nonce=e866e13e59&amp;_thumbnail_id=8737&amp;preview=true#\" class=\"btBtn btBtn btnFilledStyle btnAlternateColor btnMedium btnFullWidth btnRightPosition btnIco\"  target=\"_blank\"><span class=\"btnInnerText\">D\u00c9COUVREZ CE QUI REND LA TECHNOLOGIE PRANAN UNIQUE.<\/span><span class=\"btIco \"><span  data-ico-fa=\"&#xf1c1;\" class=\"btIcoHolder\"><\/span><\/span><\/a><div class=\"btClear btSeparator bottomSmallSpaced noBorder\" ><hr><\/div>\n","protected":false},"excerpt":{"rendered":"<h2><span style=\"color: #ff0000;\">Nouveaut\u00e9!<\/span><\/h2>\n<h2>PROTECTEUR PERSONNEL DES RAYONNEMENTS \u00c9LECTROMAGN\u00c9TIQUES.<\/h2>\n<p>Dispositif de derni\u00e8re g\u00e9n\u00e9ration qui nous prot\u00e8ge de la pollution \u00e9lectromagn\u00e9tique, y compris de la 6G. Phiwaves nous prot\u00e8ge des rayonnements \u00e9lectromagn\u00e9tiques \u00e9mis par les t\u00e9l\u00e9phones portables, la 6G, la 5G, la 4G, les antennes, les r\u00e9p\u00e9teurs, les r\u00e9seaux wifi, les radars, les r\u00e9seaux \u00e9lectriques et tout autre syst\u00e8me capable de produire des rayonnements artificiels nuisibles<\/p>\n","protected":false},"featured_media":9346,"template":"","meta":[],"product_brand":[],"product_cat":[117],"product_tag":[],"class_list":{"0":"post-6843","1":"product","2":"type-product","3":"status-publish","4":"has-post-thumbnail","6":"product_cat-appareils-pranan","8":"first","9":"instock","10":"purchasable","11":"product-type-simple"},"yoast_head":"<!-- This site is optimized with the Yoast SEO plugin v24.9 - https:\/\/yoast.com\/wordpress\/plugins\/seo\/ -->\n<title>Phiwaves PENDANT diamond - Pranan<\/title>\n<meta name=\"robots\" content=\"index, follow, max-snippet:-1, max-image-preview:large, max-video-preview:-1\" \/>\n<link rel=\"canonical\" href=\"https:\/\/www.pranan.com\/fr\/produit\/phiwaves-5g-pendentifs\/\" \/>\n<meta property=\"og:locale\" content=\"fr_FR\" \/>\n<meta property=\"og:type\" content=\"article\" \/>\n<meta property=\"og:title\" content=\"Phiwaves PENDANT diamond - Pranan\" \/>\n<meta property=\"og:description\" content=\"Nouveaut\u00e9! PROTECTEUR PERSONNEL DES RAYONNEMENTS \u00c9LECTROMAGN\u00c9TIQUES. Dispositif de derni\u00e8re g\u00e9n\u00e9ration qui nous prot\u00e8ge de la pollution \u00e9lectromagn\u00e9tique, y compris de la 6G. Phiwaves nous prot\u00e8ge des rayonnements \u00e9lectromagn\u00e9tiques \u00e9mis par les t\u00e9l\u00e9phones portables, la 6G, la 5G, la 4G, les antennes, les r\u00e9p\u00e9teurs, les r\u00e9seaux wifi, les radars, les r\u00e9seaux \u00e9lectriques et tout autre syst\u00e8me capable de produire des rayonnements artificiels nuisibles\" \/>\n<meta property=\"og:url\" content=\"https:\/\/www.pranan.com\/fr\/produit\/phiwaves-5g-pendentifs\/\" \/>\n<meta property=\"og:site_name\" content=\"Pranan\" \/>\n<meta property=\"article:modified_time\" content=\"2025-03-25T09:51:05+00:00\" \/>\n<meta property=\"og:image\" content=\"https:\/\/www.pranan.com\/wp-content\/uploads\/2016\/05\/pendant_18-5.png\" \/>\n\t<meta property=\"og:image:width\" content=\"1681\" \/>\n\t<meta property=\"og:image:height\" content=\"1669\" \/>\n\t<meta property=\"og:image:type\" content=\"image\/png\" \/>\n<meta name=\"twitter:card\" content=\"summary_large_image\" \/>\n<meta name=\"twitter:label1\" content=\"Dur\u00e9e de lecture estim\u00e9e\" \/>\n\t<meta name=\"twitter:data1\" content=\"6 minutes\" \/>\n<script type=\"application\/ld+json\" class=\"yoast-schema-graph\">{\"@context\":\"https:\/\/schema.org\",\"@graph\":[{\"@type\":\"WebPage\",\"@id\":\"https:\/\/www.pranan.com\/fr\/produit\/phiwaves-5g-pendentifs\/\",\"url\":\"https:\/\/www.pranan.com\/fr\/produit\/phiwaves-5g-pendentifs\/\",\"name\":\"Phiwaves PENDANT diamond - Pranan\",\"isPartOf\":{\"@id\":\"https:\/\/www.pranan.com\/#website\"},\"primaryImageOfPage\":{\"@id\":\"https:\/\/www.pranan.com\/fr\/produit\/phiwaves-5g-pendentifs\/#primaryimage\"},\"image\":{\"@id\":\"https:\/\/www.pranan.com\/fr\/produit\/phiwaves-5g-pendentifs\/#primaryimage\"},\"thumbnailUrl\":\"https:\/\/www.pranan.com\/wp-content\/uploads\/2016\/05\/pendant_18-5.png\",\"datePublished\":\"2016-05-10T07:08:50+00:00\",\"dateModified\":\"2025-03-25T09:51:05+00:00\",\"breadcrumb\":{\"@id\":\"https:\/\/www.pranan.com\/fr\/produit\/phiwaves-5g-pendentifs\/#breadcrumb\"},\"inLanguage\":\"fr-FR\",\"potentialAction\":[{\"@type\":\"ReadAction\",\"target\":[\"https:\/\/www.pranan.com\/fr\/produit\/phiwaves-5g-pendentifs\/\"]}]},{\"@type\":\"ImageObject\",\"inLanguage\":\"fr-FR\",\"@id\":\"https:\/\/www.pranan.com\/fr\/produit\/phiwaves-5g-pendentifs\/#primaryimage\",\"url\":\"https:\/\/www.pranan.com\/wp-content\/uploads\/2016\/05\/pendant_18-5.png\",\"contentUrl\":\"https:\/\/www.pranan.com\/wp-content\/uploads\/2016\/05\/pendant_18-5.png\",\"width\":1681,\"height\":1669},{\"@type\":\"BreadcrumbList\",\"@id\":\"https:\/\/www.pranan.com\/fr\/produit\/phiwaves-5g-pendentifs\/#breadcrumb\",\"itemListElement\":[{\"@type\":\"ListItem\",\"position\":1,\"name\":\"Portada\",\"item\":\"https:\/\/www.pranan.com\/fr\/\"},{\"@type\":\"ListItem\",\"position\":2,\"name\":\"Boutique\",\"item\":\"https:\/\/www.pranan.com\/?page_id=2996\"},{\"@type\":\"ListItem\",\"position\":3,\"name\":\"Phiwaves PENDANT diamond\"}]},{\"@type\":\"WebSite\",\"@id\":\"https:\/\/www.pranan.com\/#website\",\"url\":\"https:\/\/www.pranan.com\/\",\"name\":\"Pranan\",\"description\":\"Researching Center\",\"potentialAction\":[{\"@type\":\"SearchAction\",\"target\":{\"@type\":\"EntryPoint\",\"urlTemplate\":\"https:\/\/www.pranan.com\/?s={search_term_string}\"},\"query-input\":{\"@type\":\"PropertyValueSpecification\",\"valueRequired\":true,\"valueName\":\"search_term_string\"}}],\"inLanguage\":\"fr-FR\"}]}<\/script>\n<!-- \/ Yoast SEO plugin. -->","yoast_head_json":{"title":"Phiwaves PENDANT diamond - Pranan","robots":{"index":"index","follow":"follow","max-snippet":"max-snippet:-1","max-image-preview":"max-image-preview:large","max-video-preview":"max-video-preview:-1"},"canonical":"https:\/\/www.pranan.com\/fr\/produit\/phiwaves-5g-pendentifs\/","og_locale":"fr_FR","og_type":"article","og_title":"Phiwaves PENDANT diamond - Pranan","og_description":"Nouveaut\u00e9! PROTECTEUR PERSONNEL DES RAYONNEMENTS \u00c9LECTROMAGN\u00c9TIQUES. Dispositif de derni\u00e8re g\u00e9n\u00e9ration qui nous prot\u00e8ge de la pollution \u00e9lectromagn\u00e9tique, y compris de la 6G. Phiwaves nous prot\u00e8ge des rayonnements \u00e9lectromagn\u00e9tiques \u00e9mis par les t\u00e9l\u00e9phones portables, la 6G, la 5G, la 4G, les antennes, les r\u00e9p\u00e9teurs, les r\u00e9seaux wifi, les radars, les r\u00e9seaux \u00e9lectriques et tout autre syst\u00e8me capable de produire des rayonnements artificiels nuisibles","og_url":"https:\/\/www.pranan.com\/fr\/produit\/phiwaves-5g-pendentifs\/","og_site_name":"Pranan","article_modified_time":"2025-03-25T09:51:05+00:00","og_image":[{"width":1681,"height":1669,"url":"https:\/\/www.pranan.com\/wp-content\/uploads\/2016\/05\/pendant_18-5.png","type":"image\/png"}],"twitter_card":"summary_large_image","twitter_misc":{"Dur\u00e9e de lecture estim\u00e9e":"6 minutes"},"schema":{"@context":"https:\/\/schema.org","@graph":[{"@type":"WebPage","@id":"https:\/\/www.pranan.com\/fr\/produit\/phiwaves-5g-pendentifs\/","url":"https:\/\/www.pranan.com\/fr\/produit\/phiwaves-5g-pendentifs\/","name":"Phiwaves PENDANT diamond - Pranan","isPartOf":{"@id":"https:\/\/www.pranan.com\/#website"},"primaryImageOfPage":{"@id":"https:\/\/www.pranan.com\/fr\/produit\/phiwaves-5g-pendentifs\/#primaryimage"},"image":{"@id":"https:\/\/www.pranan.com\/fr\/produit\/phiwaves-5g-pendentifs\/#primaryimage"},"thumbnailUrl":"https:\/\/www.pranan.com\/wp-content\/uploads\/2016\/05\/pendant_18-5.png","datePublished":"2016-05-10T07:08:50+00:00","dateModified":"2025-03-25T09:51:05+00:00","breadcrumb":{"@id":"https:\/\/www.pranan.com\/fr\/produit\/phiwaves-5g-pendentifs\/#breadcrumb"},"inLanguage":"fr-FR","potentialAction":[{"@type":"ReadAction","target":["https:\/\/www.pranan.com\/fr\/produit\/phiwaves-5g-pendentifs\/"]}]},{"@type":"ImageObject","inLanguage":"fr-FR","@id":"https:\/\/www.pranan.com\/fr\/produit\/phiwaves-5g-pendentifs\/#primaryimage","url":"https:\/\/www.pranan.com\/wp-content\/uploads\/2016\/05\/pendant_18-5.png","contentUrl":"https:\/\/www.pranan.com\/wp-content\/uploads\/2016\/05\/pendant_18-5.png","width":1681,"height":1669},{"@type":"BreadcrumbList","@id":"https:\/\/www.pranan.com\/fr\/produit\/phiwaves-5g-pendentifs\/#breadcrumb","itemListElement":[{"@type":"ListItem","position":1,"name":"Portada","item":"https:\/\/www.pranan.com\/fr\/"},{"@type":"ListItem","position":2,"name":"Boutique","item":"https:\/\/www.pranan.com\/?page_id=2996"},{"@type":"ListItem","position":3,"name":"Phiwaves PENDANT diamond"}]},{"@type":"WebSite","@id":"https:\/\/www.pranan.com\/#website","url":"https:\/\/www.pranan.com\/","name":"Pranan","description":"Researching Center","potentialAction":[{"@type":"SearchAction","target":{"@type":"EntryPoint","urlTemplate":"https:\/\/www.pranan.com\/?s={search_term_string}"},"query-input":{"@type":"PropertyValueSpecification","valueRequired":true,"valueName":"search_term_string"}}],"inLanguage":"fr-FR"}]}},"_links":{"self":[{"href":"https:\/\/www.pranan.com\/fr\/wp-json\/wp\/v2\/product\/6843","targetHints":{"allow":["GET"]}}],"collection":[{"href":"https:\/\/www.pranan.com\/fr\/wp-json\/wp\/v2\/product"}],"about":[{"href":"https:\/\/www.pranan.com\/fr\/wp-json\/wp\/v2\/types\/product"}],"wp:featuredmedia":[{"embeddable":true,"href":"https:\/\/www.pranan.com\/fr\/wp-json\/wp\/v2\/media\/9346"}],"wp:attachment":[{"href":"https:\/\/www.pranan.com\/fr\/wp-json\/wp\/v2\/media?parent=6843"}],"wp:term":[{"taxonomy":"product_brand","embeddable":true,"href":"https:\/\/www.pranan.com\/fr\/wp-json\/wp\/v2\/product_brand?post=6843"},{"taxonomy":"product_cat","embeddable":true,"href":"https:\/\/www.pranan.com\/fr\/wp-json\/wp\/v2\/product_cat?post=6843"},{"taxonomy":"product_tag","embeddable":true,"href":"https:\/\/www.pranan.com\/fr\/wp-json\/wp\/v2\/product_tag?post=6843"}],"curies":[{"name":"wp","href":"https:\/\/api.w.org\/{rel}","templated":true}]}}