{"id":6002,"date":"2022-08-10T18:04:57","date_gmt":"2022-08-10T16:04:57","guid":{"rendered":"https:\/\/www.pranan.com\/producto\/biospace-5g\/"},"modified":"2026-01-09T11:38:36","modified_gmt":"2026-01-09T10:38:36","slug":"biospace-5g","status":"publish","type":"product","link":"https:\/\/www.pranan.com\/fr\/produit\/biospace-5g\/","title":{"rendered":"BIOSPACE 8V11 diamond"},"content":{"rendered":"<section id=\"bt_section69f393efd994b\"  class=\"boldSection topSmallSpaced bottomSmallSpaced btDarkSkin btAlternateColorBackground gutter boxed btMiddleVertical\" style=\"margin-top: 30px;\"><div class=\"port\"><div class=\"boldCell\"><div class=\"boldCellInner\"><div class=\"boldRow \" ><div class=\"boldRowInner\"><div class=\"rowItem col-md-4 col-ms-12 btTextCenter inherit\"  data-width=\"4\"><div class=\"rowItemContent\" ><span class=\"btIco btIcoDefaultType btIcoMediumSize btIcoDefaultColor btIconCircleShape\"><a href=\"\/envios-y-devoluciones\"  target=\"no_target\" data-ico-es=\"&#xea79;\" class=\"btIcoHolder\"><span>EXP\u00c9DITION SUR LES 5 CONTINENTS<\/span><\/a><\/span><\/div><\/div><div class=\"rowItem col-md-4 col-ms-12 btTextCenter inherit\"  data-width=\"4\"><div class=\"rowItemContent\" ><span class=\"btIco btIcoDefaultType btIcoMediumSize btIcoDefaultColor btIconCircleShape\"><a href=\"\/envios-y-devoluciones\"  target=\"no_target\" data-ico-ts=\"&#xf101;\" class=\"btIcoHolder\"><span>TRANSPORT ET DOUANE GRATUITS<\/span><\/a><\/span><\/div><\/div><div class=\"rowItem col-md-4 col-ms-12 btTextCenter inherit\"  data-width=\"4\"><div class=\"rowItemContent\" ><span class=\"btIco btIcoDefaultType btIcoMediumSize btIcoDefaultColor btIconCircleShape\"><a href=\"\/envios-y-devoluciones\"  target=\"no_target\" data-ico-es=\"&#xe930;\" class=\"btIcoHolder\"><span>ENVOIS IMM\u00c9DIATS<\/span><\/a><\/span><\/div><\/div><\/div><\/div><\/div><\/div><\/div><\/section><section id=\"bt_section69f393efde8be\"  class=\"boldSection topSemiSpaced gutter boxed inherit\" ><div class=\"port\"><div class=\"boldCell\"><div class=\"boldCellInner\"><div class=\"boldRow \" ><div class=\"boldRowInner\"><div class=\"rowItem col-md-6 col-sm-12 btTextLeft\"  data-width=\"6\"><div class=\"rowItemContent\" ><header class=\"header btClear small btDash bottomDash  regular\" ><div class=\"dash\"><h4><span class=\"headline\">Caract\u00e9ristiques<\/span><\/h4><\/div><\/header><div class=\"btClear btSeparator bottomSmallSpaced noBorder\" ><hr><\/div><div class=\"btText\" ><div class=\"su-list\" style=\"margin-left:15px\">\n<ul>\n<li><i class=\"sui sui-caret-right\" style=\"color:#000000\"><\/i> Contient des nanodiamants.<\/li>\n<li><i class=\"sui sui-caret-right\" style=\"color:#000000\"><\/i> Son rayon de protection est de 13 m, \u00e9quivalent \u00e0 530 m2.<\/li>\n<li><i class=\"sui sui-caret-right\" style=\"color:#000000\"><\/i> Dimensions : 9 x 2 x 23 cm Poids : 460 g<\/li>\n<li><i class=\"sui sui-caret-right\" style=\"color:#000000\"><\/i> Il cr\u00e9e un espace protecteur en forme de sph\u00e8re, exempt des effets de la pollution \u00e9lectromagn\u00e9tique.<\/li>\n<li><i class=\"sui sui-caret-right\" style=\"color:#000000\"><\/i> Il ne demande aucun type d\u2019entretien.<\/li>\n<li><i class=\"sui sui-caret-right\" style=\"color:#000000\"><\/i> Ce sont des autotransformateurs passifs, ils ne blindent ni ne stockent.<\/li>\n<li><i class=\"sui sui-caret-right\" style=\"color:#000000\"><\/i> Il n\u2019alt\u00e8re pas le bon fonctionnement des appareils \u00e9lectromagn\u00e9tiques de notre environnement.<\/li>\n<li><i class=\"sui sui-caret-right\" style=\"color:#000000\"><\/i> Le dispositif se met automatiquement en fonctionnement lorsqu\u2019il entre en contact avec les rayonnements \u00e9lectromagn\u00e9tiques.<\/div>\n<p><a href=\"https:\/\/www.pranan.com\/fr\/bienfaits\/\" class=\"btBtn btBtn btnFilledStyle btnAccentColor btnMedium btnFullWidth btnInlinePosition btnIco\" ><span class=\"btnInnerText\">D\u00c9COUVREZ LES BIENFAITS D&rsquo;UTILISER LES DISPOSITIFS PRANAN<\/span><span class=\"btIco \"><span  data-ico-fa=\"&#xf05a;\" class=\"btIcoHolder\"><\/span><\/span><\/a><\/li>\n<\/ul>\n<\/div><div class=\"btClear btSeparator topSmallSpaced bottomSmallSpaced noBorder\" ><hr><\/div><\/div><\/div><div class=\"rowItem col-md-6 col-sm-12 btTextLeft\"  data-width=\"6\"><div class=\"rowItemContent\" ><header class=\"header btClear small btDash bottomDash  regular\" ><div class=\"dash\"><h4><span class=\"headline\">Recommand\u00e9<\/span><\/h4><\/div><\/header><div class=\"btClear btSeparator bottomSmallSpaced noBorder\" ><hr><\/div><div class=\"btText\" ><p>Pour prot\u00e9ger les espaces avec des niveaux \u00e9lev\u00e9s de radiation \u00e9lectromagn\u00e9tique g\u00e9n\u00e9r\u00e9s par des antennes t\u00e9l\u00e9phoniques (y compris 5G et 6G), des transformateurs \u00e9lectriques, des r\u00e9seaux haute tension, etc., ainsi que ceux g\u00e9n\u00e9r\u00e9s dans le m\u00eame espace, tels que le Wi-Fi, les appareils \u00e9lectroniques, etc.<\/p>\n<\/div><div class=\"btClear btSeparator topSmallSpaced bottomSmallSpaced noBorder\" ><hr><\/div><header class=\"header btClear small btDash bottomDash  regular\" ><div class=\"dash\"><h4><span class=\"headline\">Comment utiliser l&rsquo;appareil<\/span><\/h4><\/div><\/header><div class=\"btText\" ><p>Il suffit de le sortir de son emballage et de le placer dans l&rsquo;espace que l&rsquo;on veut prot\u00e9ger des rayonnements \u00e9lectromagn\u00e9tiques (chez soi, au bureau, etc.). Lorsque nous prot\u00e9geons un espace, nous devons garder \u00e0 l&rsquo;esprit que nous serons prot\u00e9g\u00e9s tant que nous serons dans son champ d&rsquo;action.<\/p>\n<\/div><div class=\"btClear btSeparator topSmallSpaced bottomSmallSpaced noBorder\" ><hr><\/div><\/div><\/div><\/div><\/div><\/div><\/div><\/div><\/section><div class=\"btClear btSeparator topSmallSpaced bottomSmallSpaced noBorder\" ><hr><\/div><div class=\"boldRow \" ><div class=\"boldRowInner\"><div class=\"rowItem col-md-6 col-sm-12 btTextLeft\"  data-width=\"6\"><div class=\"rowItemContent\" ><div class=\"btClear btSeparator topSmallSpaced bottomSmallSpaced noBorder\" ><hr><\/div><header class=\"header btClear small btDash bottomDash  regular\" ><div class=\"dash\"><h4><span class=\"headline\">Technologie Certifi\u00e9e<\/span><\/h4><\/div><\/header><div class=\"btClear btSeparator bottomSmallSpaced noBorder\" ><hr><\/div><div class=\"btText\" ><p>Les dispositifs Pranan sont certifi\u00e9s par T\u00dcV Rheinland conform\u00e9ment \u00e0 la Directive Europ\u00e9enne 2001\/95\/CE, garantissant qu&rsquo;ils r\u00e9pondent \u00e0 toutes les exigences en mati\u00e8re de s\u00e9curit\u00e9.<\/p>\n<div class=\"su-list\" style=\"margin-left:15px\">\n<ul>\n<li><i class=\"sui sui-caret-right\" style=\"color:#000000\"><\/i> Technologie Brevet\u00e9e sous le titre \u201cProtecteur des radiations \u00e9lectromagn\u00e9tiques\u201d n\u00ba CC P: ES2401873 A1.<\/li>\n<li><i class=\"sui sui-caret-right\" style=\"color:#000000\"><\/i> Certifi\u00e9 par T\u00dcV Rheinland conform\u00e9ment \u00e0 la Directive 1999\/5\/CE sur les \u00e9quipements radio\u00e9lectriques et les \u00e9quipements terminaux de t\u00e9l\u00e9communication.<\/li>\n<li><i class=\"sui sui-caret-right\" style=\"color:#000000\"><\/i> Certificat de Qualit\u00e9 selon ISO:9001:2015.<\/li>\n<li><i class=\"sui sui-caret-right\" style=\"color:#000000\"><\/i> Certificat de marquage CE (T\u00dcV Rheinland).<\/li>\n<li><i class=\"sui sui-caret-right\" style=\"color:#000000\"><\/i> Label Entreprise Innovante (Minist\u00e8re de l&rsquo;Industrie).<\/li>\n<li><i class=\"sui sui-caret-right\" style=\"color:#000000\"><\/i> Label Moderna (D\u00e9partement de l&rsquo;Industrie, Gouvernement de Navarre).<\/div>\n<\/li>\n<\/ul>\n<\/div><\/div><\/div><div class=\"rowItem col-md-6 col-sm-12 btTextLeft\"  data-width=\"6\"><div class=\"rowItemContent\" ><div class=\"btClear btSeparator topSmallSpaced bottomSmallSpaced noBorder\" ><hr><\/div><header class=\"header btClear small btDash bottomDash  regular\" ><div class=\"dash\"><h4><span class=\"headline\">Technologie valid\u00e9e par des essais cliniques<\/span><\/h4><\/div><\/header><div class=\"btClear btSeparator bottomSmallSpaced noBorder\" ><hr><\/div><div class=\"btText\" ><div class=\"su-list\" style=\"margin-left:15px\">\n<ul>\n<li><i class=\"sui sui-caret-right\" style=\"color:#000000\"><\/i> L&rsquo;efficacit\u00e9 de la technologie Pranan de protection contre les radiations \u00e9lectromagn\u00e9tiques a \u00e9t\u00e9 test\u00e9e dans des centres de recherche et des universit\u00e9s homologu\u00e9s internationalement (Universit\u00e9 Complutense, Universit\u00e9 de Grenade, Universit\u00e9 Polytechnique de Catalogne, GDV-EPC de l&rsquo;Universit\u00e9 de Saint-P\u00e9tersbourg, etc.).<\/li>\n<li><i class=\"sui sui-caret-right\" style=\"color:#000000\"><\/i> La seule technologie dont l&rsquo;efficacit\u00e9 a \u00e9t\u00e9 publi\u00e9e dans des revues scientifiques : \u201cEuropean Journal of Integrative Medicine\u201d, \u201cInternational Journal of Advanced Complementary and Traditional Medicine\u201d, \u201cNutrition and Integrative Medicine\u201d, etc.<\/li>\n<li><i class=\"sui sui-caret-right\" style=\"color:#000000\"><\/i> Les dispositifs Pranan int\u00e8grent une puce crypt\u00e9e qui permet de v\u00e9rifier leur authenticit\u00e9. Syst\u00e8me Nefertitys (Centre Technologique Jer\u00f3nimo de Ayanz (Universit\u00e9 Publique de Navarre).<\/div>\n<\/li>\n<\/ul>\n<\/div><div class=\"btClear btSeparator topSmallSpaced bottomSmallSpaced noBorder\" ><hr><\/div><\/div><\/div><\/div><\/div><a href=\"https:\/\/www.pranan.com\/fr\/bienfaits\/\" class=\"btBtn btBtn btnFilledStyle btnAccentColor btnMedium btnFullWidth btnInlinePosition btnIco\" ><span class=\"btnInnerText\">D\u00c9COUVREZ LES BIENFAITS D'UTILISER LES DISPOSITIFS PRANAN<\/span><span class=\"btIco \"><span  data-ico-fa=\"&#xf05a;\" class=\"btIcoHolder\"><\/span><\/span><\/a><div class=\"btClear btSeparator bottomSmallSpaced noBorder\" ><hr><\/div><a href=\"https:\/\/www.pranan.com\/fr\/technologie-pranan\/quest-ce-qui-rend-la-technologie-pranan-unique\/?preview_id=8774&amp;preview_nonce=e866e13e59&amp;_thumbnail_id=8737&amp;preview=true#\" class=\"btBtn btBtn btnFilledStyle btnAlternateColor btnMedium btnFullWidth btnRightPosition btnIco\"  target=\"_blank\"><span class=\"btnInnerText\">D\u00c9COUVREZ CE QUI REND LA TECHNOLOGIE PRANAN UNIQUE.<\/span><span class=\"btIco \"><span  data-ico-fa=\"&#xf1c1;\" class=\"btIcoHolder\"><\/span><\/span><\/a><div class=\"btClear btSeparator bottomSmallSpaced noBorder\" ><hr><\/div>\n","protected":false},"excerpt":{"rendered":"<h2><span style=\"color: #ff0000;\">Nouveaut\u00e9!<\/span><br \/>\nDISPOSITIF DE DERNI\u00c8RE G\u00c9N\u00c9RATION QUI NOUS PROT\u00c8GE DES RAYONNEMENTS \u00c9LECTROMAGN\u00c9TIQUES DANS NOTRE HABITAT (y compris 5G et 6G)<\/h2>\n<p>Il s&rsquo;agit d&rsquo;un appareil de pointe sp\u00e9cifiquement con\u00e7u pour nous prot\u00e9ger dans notre habitat (\u00e0 la maison, au bureau, etc.) des alt\u00e9rations que les rayonnements \u00e9lectromagn\u00e9tiques produisent dans le corps, \u00e9mis par les syst\u00e8mes de t\u00e9l\u00e9phonie mobile sans fil, <strong>y compris 5G et 6G<\/strong>, les antennes de base r\u00e9p\u00e9teur, les r\u00e9seaux Wi-Fi, les radars, les r\u00e9seaux \u00e9lectriques, les compteurs num\u00e9riques et tout syst\u00e8me capable de g\u00e9n\u00e9rer des rayonnements artificiels nocifs. Il int\u00e8gre des nanodiamants dans sa technologie.<\/p>\n","protected":false},"featured_media":7129,"template":"","meta":[],"product_brand":[],"product_cat":[117],"product_tag":[],"class_list":{"0":"post-6002","1":"product","2":"type-product","3":"status-publish","4":"has-post-thumbnail","6":"product_cat-appareils-pranan","8":"first","9":"instock","10":"purchasable","11":"product-type-simple"},"yoast_head":"<!-- This site is optimized with the Yoast SEO plugin v24.9 - https:\/\/yoast.com\/wordpress\/plugins\/seo\/ -->\n<title>BIOSPACE 8V11 diamond - Pranan<\/title>\n<meta name=\"robots\" content=\"index, follow, max-snippet:-1, max-image-preview:large, max-video-preview:-1\" \/>\n<link rel=\"canonical\" href=\"https:\/\/www.pranan.com\/fr\/produit\/biospace-5g\/\" \/>\n<meta property=\"og:locale\" content=\"fr_FR\" \/>\n<meta property=\"og:type\" content=\"article\" \/>\n<meta property=\"og:title\" content=\"BIOSPACE 8V11 diamond - Pranan\" \/>\n<meta property=\"og:description\" content=\"Nouveaut\u00e9! DISPOSITIF DE DERNI\u00c8RE G\u00c9N\u00c9RATION QUI NOUS PROT\u00c8GE DES RAYONNEMENTS \u00c9LECTROMAGN\u00c9TIQUES DANS NOTRE HABITAT (y compris 5G et 6G) Il s&#039;agit d&#039;un appareil de pointe sp\u00e9cifiquement con\u00e7u pour nous prot\u00e9ger dans notre habitat (\u00e0 la maison, au bureau, etc.) des alt\u00e9rations que les rayonnements \u00e9lectromagn\u00e9tiques produisent dans le corps, \u00e9mis par les syst\u00e8mes de t\u00e9l\u00e9phonie mobile sans fil, y compris 5G et 6G, les antennes de base r\u00e9p\u00e9teur, les r\u00e9seaux Wi-Fi, les radars, les r\u00e9seaux \u00e9lectriques, les compteurs num\u00e9riques et tout syst\u00e8me capable de g\u00e9n\u00e9rer des rayonnements artificiels nocifs. Il int\u00e8gre des nanodiamants dans sa technologie.\" \/>\n<meta property=\"og:url\" content=\"https:\/\/www.pranan.com\/fr\/produit\/biospace-5g\/\" \/>\n<meta property=\"og:site_name\" content=\"Pranan\" \/>\n<meta property=\"article:modified_time\" content=\"2026-01-09T10:38:36+00:00\" \/>\n<meta property=\"og:image\" content=\"https:\/\/www.pranan.com\/wp-content\/uploads\/2022\/08\/biospace_portada-scaled.jpg\" \/>\n\t<meta property=\"og:image:width\" content=\"2560\" \/>\n\t<meta property=\"og:image:height\" content=\"2501\" \/>\n\t<meta property=\"og:image:type\" content=\"image\/jpeg\" \/>\n<meta name=\"twitter:card\" content=\"summary_large_image\" \/>\n<meta name=\"twitter:label1\" content=\"Dur\u00e9e de lecture estim\u00e9e\" \/>\n\t<meta name=\"twitter:data1\" content=\"3 minutes\" \/>\n<script type=\"application\/ld+json\" class=\"yoast-schema-graph\">{\"@context\":\"https:\/\/schema.org\",\"@graph\":[{\"@type\":\"WebPage\",\"@id\":\"https:\/\/www.pranan.com\/fr\/produit\/biospace-5g\/\",\"url\":\"https:\/\/www.pranan.com\/fr\/produit\/biospace-5g\/\",\"name\":\"BIOSPACE 8V11 diamond - Pranan\",\"isPartOf\":{\"@id\":\"https:\/\/www.pranan.com\/#website\"},\"primaryImageOfPage\":{\"@id\":\"https:\/\/www.pranan.com\/fr\/produit\/biospace-5g\/#primaryimage\"},\"image\":{\"@id\":\"https:\/\/www.pranan.com\/fr\/produit\/biospace-5g\/#primaryimage\"},\"thumbnailUrl\":\"https:\/\/www.pranan.com\/wp-content\/uploads\/2022\/08\/biospace_portada-scaled.jpg\",\"datePublished\":\"2022-08-10T16:04:57+00:00\",\"dateModified\":\"2026-01-09T10:38:36+00:00\",\"breadcrumb\":{\"@id\":\"https:\/\/www.pranan.com\/fr\/produit\/biospace-5g\/#breadcrumb\"},\"inLanguage\":\"fr-FR\",\"potentialAction\":[{\"@type\":\"ReadAction\",\"target\":[\"https:\/\/www.pranan.com\/fr\/produit\/biospace-5g\/\"]}]},{\"@type\":\"ImageObject\",\"inLanguage\":\"fr-FR\",\"@id\":\"https:\/\/www.pranan.com\/fr\/produit\/biospace-5g\/#primaryimage\",\"url\":\"https:\/\/www.pranan.com\/wp-content\/uploads\/2022\/08\/biospace_portada-scaled.jpg\",\"contentUrl\":\"https:\/\/www.pranan.com\/wp-content\/uploads\/2022\/08\/biospace_portada-scaled.jpg\",\"width\":2560,\"height\":2501},{\"@type\":\"BreadcrumbList\",\"@id\":\"https:\/\/www.pranan.com\/fr\/produit\/biospace-5g\/#breadcrumb\",\"itemListElement\":[{\"@type\":\"ListItem\",\"position\":1,\"name\":\"Portada\",\"item\":\"https:\/\/www.pranan.com\/fr\/\"},{\"@type\":\"ListItem\",\"position\":2,\"name\":\"Boutique\",\"item\":\"https:\/\/www.pranan.com\/?page_id=2996\"},{\"@type\":\"ListItem\",\"position\":3,\"name\":\"BIOSPACE 8V11 diamond\"}]},{\"@type\":\"WebSite\",\"@id\":\"https:\/\/www.pranan.com\/#website\",\"url\":\"https:\/\/www.pranan.com\/\",\"name\":\"Pranan\",\"description\":\"Researching Center\",\"potentialAction\":[{\"@type\":\"SearchAction\",\"target\":{\"@type\":\"EntryPoint\",\"urlTemplate\":\"https:\/\/www.pranan.com\/?s={search_term_string}\"},\"query-input\":{\"@type\":\"PropertyValueSpecification\",\"valueRequired\":true,\"valueName\":\"search_term_string\"}}],\"inLanguage\":\"fr-FR\"}]}<\/script>\n<!-- \/ Yoast SEO plugin. -->","yoast_head_json":{"title":"BIOSPACE 8V11 diamond - Pranan","robots":{"index":"index","follow":"follow","max-snippet":"max-snippet:-1","max-image-preview":"max-image-preview:large","max-video-preview":"max-video-preview:-1"},"canonical":"https:\/\/www.pranan.com\/fr\/produit\/biospace-5g\/","og_locale":"fr_FR","og_type":"article","og_title":"BIOSPACE 8V11 diamond - Pranan","og_description":"Nouveaut\u00e9! DISPOSITIF DE DERNI\u00c8RE G\u00c9N\u00c9RATION QUI NOUS PROT\u00c8GE DES RAYONNEMENTS \u00c9LECTROMAGN\u00c9TIQUES DANS NOTRE HABITAT (y compris 5G et 6G) Il s'agit d'un appareil de pointe sp\u00e9cifiquement con\u00e7u pour nous prot\u00e9ger dans notre habitat (\u00e0 la maison, au bureau, etc.) des alt\u00e9rations que les rayonnements \u00e9lectromagn\u00e9tiques produisent dans le corps, \u00e9mis par les syst\u00e8mes de t\u00e9l\u00e9phonie mobile sans fil, y compris 5G et 6G, les antennes de base r\u00e9p\u00e9teur, les r\u00e9seaux Wi-Fi, les radars, les r\u00e9seaux \u00e9lectriques, les compteurs num\u00e9riques et tout syst\u00e8me capable de g\u00e9n\u00e9rer des rayonnements artificiels nocifs. Il int\u00e8gre des nanodiamants dans sa technologie.","og_url":"https:\/\/www.pranan.com\/fr\/produit\/biospace-5g\/","og_site_name":"Pranan","article_modified_time":"2026-01-09T10:38:36+00:00","og_image":[{"width":2560,"height":2501,"url":"https:\/\/www.pranan.com\/wp-content\/uploads\/2022\/08\/biospace_portada-scaled.jpg","type":"image\/jpeg"}],"twitter_card":"summary_large_image","twitter_misc":{"Dur\u00e9e de lecture estim\u00e9e":"3 minutes"},"schema":{"@context":"https:\/\/schema.org","@graph":[{"@type":"WebPage","@id":"https:\/\/www.pranan.com\/fr\/produit\/biospace-5g\/","url":"https:\/\/www.pranan.com\/fr\/produit\/biospace-5g\/","name":"BIOSPACE 8V11 diamond - Pranan","isPartOf":{"@id":"https:\/\/www.pranan.com\/#website"},"primaryImageOfPage":{"@id":"https:\/\/www.pranan.com\/fr\/produit\/biospace-5g\/#primaryimage"},"image":{"@id":"https:\/\/www.pranan.com\/fr\/produit\/biospace-5g\/#primaryimage"},"thumbnailUrl":"https:\/\/www.pranan.com\/wp-content\/uploads\/2022\/08\/biospace_portada-scaled.jpg","datePublished":"2022-08-10T16:04:57+00:00","dateModified":"2026-01-09T10:38:36+00:00","breadcrumb":{"@id":"https:\/\/www.pranan.com\/fr\/produit\/biospace-5g\/#breadcrumb"},"inLanguage":"fr-FR","potentialAction":[{"@type":"ReadAction","target":["https:\/\/www.pranan.com\/fr\/produit\/biospace-5g\/"]}]},{"@type":"ImageObject","inLanguage":"fr-FR","@id":"https:\/\/www.pranan.com\/fr\/produit\/biospace-5g\/#primaryimage","url":"https:\/\/www.pranan.com\/wp-content\/uploads\/2022\/08\/biospace_portada-scaled.jpg","contentUrl":"https:\/\/www.pranan.com\/wp-content\/uploads\/2022\/08\/biospace_portada-scaled.jpg","width":2560,"height":2501},{"@type":"BreadcrumbList","@id":"https:\/\/www.pranan.com\/fr\/produit\/biospace-5g\/#breadcrumb","itemListElement":[{"@type":"ListItem","position":1,"name":"Portada","item":"https:\/\/www.pranan.com\/fr\/"},{"@type":"ListItem","position":2,"name":"Boutique","item":"https:\/\/www.pranan.com\/?page_id=2996"},{"@type":"ListItem","position":3,"name":"BIOSPACE 8V11 diamond"}]},{"@type":"WebSite","@id":"https:\/\/www.pranan.com\/#website","url":"https:\/\/www.pranan.com\/","name":"Pranan","description":"Researching Center","potentialAction":[{"@type":"SearchAction","target":{"@type":"EntryPoint","urlTemplate":"https:\/\/www.pranan.com\/?s={search_term_string}"},"query-input":{"@type":"PropertyValueSpecification","valueRequired":true,"valueName":"search_term_string"}}],"inLanguage":"fr-FR"}]}},"_links":{"self":[{"href":"https:\/\/www.pranan.com\/fr\/wp-json\/wp\/v2\/product\/6002","targetHints":{"allow":["GET"]}}],"collection":[{"href":"https:\/\/www.pranan.com\/fr\/wp-json\/wp\/v2\/product"}],"about":[{"href":"https:\/\/www.pranan.com\/fr\/wp-json\/wp\/v2\/types\/product"}],"wp:featuredmedia":[{"embeddable":true,"href":"https:\/\/www.pranan.com\/fr\/wp-json\/wp\/v2\/media\/7129"}],"wp:attachment":[{"href":"https:\/\/www.pranan.com\/fr\/wp-json\/wp\/v2\/media?parent=6002"}],"wp:term":[{"taxonomy":"product_brand","embeddable":true,"href":"https:\/\/www.pranan.com\/fr\/wp-json\/wp\/v2\/product_brand?post=6002"},{"taxonomy":"product_cat","embeddable":true,"href":"https:\/\/www.pranan.com\/fr\/wp-json\/wp\/v2\/product_cat?post=6002"},{"taxonomy":"product_tag","embeddable":true,"href":"https:\/\/www.pranan.com\/fr\/wp-json\/wp\/v2\/product_tag?post=6002"}],"curies":[{"name":"wp","href":"https:\/\/api.w.org\/{rel}","templated":true}]}}