{"id":6000,"date":"2022-08-10T18:27:31","date_gmt":"2022-08-10T16:27:31","guid":{"rendered":"https:\/\/www.pranan.com\/producto\/phiwaves-5g\/"},"modified":"2026-01-09T12:24:14","modified_gmt":"2026-01-09T11:24:14","slug":"phiwaves-5g","status":"publish","type":"product","link":"https:\/\/www.pranan.com\/fr\/produit\/phiwaves-5g\/","title":{"rendered":"PHIWAVES diamond"},"content":{"rendered":"<section id=\"bt_section69f395230f396\"  class=\"boldSection topSmallSpaced bottomSmallSpaced btDarkSkin btAlternateColorBackground gutter boxed btMiddleVertical\" style=\"margin-top: 30px;\"><div class=\"port\"><div class=\"boldCell\"><div class=\"boldCellInner\"><div class=\"boldRow \" ><div class=\"boldRowInner\"><div class=\"rowItem col-md-4 col-ms-12 btTextCenter inherit\"  data-width=\"4\"><div class=\"rowItemContent\" ><span class=\"btIco btIcoDefaultType btIcoMediumSize btIcoDefaultColor btIconCircleShape\"><a href=\"\/envios-y-devoluciones\"  target=\"no_target\" data-ico-es=\"&#xea79;\" class=\"btIcoHolder\"><span>EXP\u00c9DITION SUR LES 5 CONTINENTS<\/span><\/a><\/span><\/div><\/div><div class=\"rowItem col-md-4 col-ms-12 btTextCenter inherit\"  data-width=\"4\"><div class=\"rowItemContent\" ><span class=\"btIco btIcoDefaultType btIcoMediumSize btIcoDefaultColor btIconCircleShape\"><a href=\"\/envios-y-devoluciones\"  target=\"no_target\" data-ico-ts=\"&#xf101;\" class=\"btIcoHolder\"><span>TRANSPORT ET DOUANE GRATUITS<\/span><\/a><\/span><\/div><\/div><div class=\"rowItem col-md-4 col-ms-12 btTextCenter inherit\"  data-width=\"4\"><div class=\"rowItemContent\" ><span class=\"btIco btIcoDefaultType btIcoMediumSize btIcoDefaultColor btIconCircleShape\"><a href=\"\/envios-y-devoluciones\"  target=\"no_target\" data-ico-es=\"&#xe930;\" class=\"btIcoHolder\"><span>ENVOIS IMM\u00c9DIATS<\/span><\/a><\/span><\/div><\/div><\/div><\/div><\/div><\/div><\/div><\/section><section id=\"bt_section69f395231432d\"  class=\"boldSection topSemiSpaced gutter boxed inherit\" ><div class=\"port\"><div class=\"boldCell\"><div class=\"boldCellInner\"><div class=\"boldRow \" ><div class=\"boldRowInner\"><div class=\"rowItem col-md-12 col-ms-12  btTextLeft\"  data-width=\"12\"><div class=\"rowItemContent\" ><div class=\"btText\" ><p>Il nous prot\u00e8ge des radiations \u00e9lectromagn\u00e9tiques que nous recevons des r\u00e9seaux sans fil, 6G, 5G, 4G, ordinateurs, antennes de t\u00e9l\u00e9phonie, radars, etc. Si la nuit nous sommes expos\u00e9s \u00e0 la pollution \u00e9lectromagn\u00e9tique (r\u00e9seaux sans fil, etc.), nous placerons le PHIWAVES sous l&rsquo;oreiller ou aussi pr\u00e8s de nous que possible. Il est compatible avec les autres dispositifs. Port\u00e9e de protection : 3 m. Sans limitation d&rsquo;utilisation. Pour le transporter avec nous dans la poche ou dans le sac.<\/p>\n<p><a href=\"https:\/\/www.pranan.com\/fr\/bienfaits\/\" class=\"btBtn btBtn btnFilledStyle btnAccentColor btnMedium btnFullWidth btnInlinePosition btnIco\" ><span class=\"btnInnerText\">D\u00c9COUVREZ LES BIENFAITS D&rsquo;UTILISER LES DISPOSITIFS PRANAN<\/span><span class=\"btIco \"><span  data-ico-fa=\"&#xf05a;\" class=\"btIcoHolder\"><\/span><\/span><\/a><\/p>\n<\/div><div class=\"btClear btSeparator bottomSmallSpaced noBorder\" ><hr><\/div><\/div><\/div><\/div><\/div><div class=\"boldRow \" ><div class=\"boldRowInner\"><div class=\"rowItem col-md-6 col-sm-12 btTextLeft\"  data-width=\"6\"><div class=\"rowItemContent\" ><header class=\"header btClear small btDash bottomDash  regular\" ><div class=\"dash\"><h4><span class=\"headline\">Caract\u00e9ristiques<\/span><\/h4><\/div><\/header><div class=\"btClear btSeparator bottomSmallSpaced noBorder\" ><hr><\/div><div class=\"btText\" ><div class=\"su-list\" style=\"margin-left:15px\">\n<ul>\n<li><i class=\"sui sui-caret-right\" style=\"color:#000000\"><\/i> Il nous prot\u00e8ge des rayonnements \u00e9lectromagn\u00e9tiques des r\u00e9seaux sans fil (wifi, 6G, 5G, 4G), des ordinateurs, des micro-ondes, des r\u00e9seaux \u00e9lectriques, des antennes t\u00e9l\u00e9phoniques, des radars, des satellites, des scanners, etc.<\/li>\n<li><i class=\"sui sui-caret-right\" style=\"color:#000000\"><\/i> Il nous prot\u00e8ge de la pollution \u00e9lectromagn\u00e9tique lorsque nous voyageons en avion, train, voiture \u00e9lectrique, etc.<\/li>\n<li><i class=\"sui sui-caret-right\" style=\"color:#000000\"><\/i> Il nous prot\u00e8ge \u00e9galement des alt\u00e9rations produites par le champ \u00e9lectromagn\u00e9tique terrestre.<\/li>\n<li><i class=\"sui sui-caret-right\" style=\"color:#000000\"><\/i> Dur\u00e9e de vie illimit\u00e9e.<\/li>\n<li><i class=\"sui sui-caret-right\" style=\"color:#000000\"><\/i> Ce sont des autotransformateurs passifs, ils ne blindent ni ne stockent.<\/li>\n<li><i class=\"sui sui-caret-right\" style=\"color:#000000\"><\/i> Il ne demande aucun type d\u2019entretien.<\/div>\n<\/li>\n<\/ul>\n<\/div><div class=\"btClear btSeparator topSmallSpaced bottomSmallSpaced noBorder\" ><hr><\/div><header class=\"header btClear small btDash bottomDash  regular\" ><div class=\"dash\"><h4><span class=\"headline\">Fiche Technique<\/span><\/h4><\/div><\/header><div class=\"btText\" ><div class=\"su-list\" style=\"margin-left:15px\">\n<ul>\n<li><i class=\"sui sui-caret-right\" style=\"color:#000000\"><\/i> Port\u00e9e de protectionn: Environ 3 m.<\/li>\n<li><i class=\"sui sui-caret-right\" style=\"color:#000000\"><\/i> Dimensions : 83 x 52 x 5,4 mm.<\/li>\n<li><i class=\"sui sui-caret-right\" style=\"color:#000000\"><\/i> Poids: Environ 25 g<\/li>\n<li><i class=\"sui sui-caret-right\" style=\"color:#000000\"><\/i> Vie utile: Le dispositif n&rsquo;a pas de date limite et fonctionne tant qu&rsquo;il est conserv\u00e9 en parfait \u00e9tat.<\/li>\n<\/ul>\n<\/div>\n<\/div><\/div><\/div><div class=\"rowItem col-md-6 col-sm-12 btTextLeft\"  data-width=\"6\"><div class=\"rowItemContent\" ><header class=\"header btClear small btDash bottomDash  regular\" ><div class=\"dash\"><h4><span class=\"headline\">Utilisation<\/span><\/h4><\/div><\/header><div class=\"btText\" ><p>Il consiste uniquement \u00e0 le porter avec nous. Si la chambre o\u00f9 nous dormons contient une pollution \u00e9lectromagn\u00e9tique (Wi-Fi, r\u00e9seaux \u00e9lectriques, etc.). Il est recommand\u00e9 de le placer sous l&rsquo;oreiller pendant la nuit.<\/p>\n<p>Le PHIWAVES diamond fonctionne mieux s\u2019il est pr\u00e8s du corps, dans la poche du pantalon, de la chemise ou de la veste, par exemple. Nous pouvons aussi le mettre dans le portefeuille ou dans un sac.<\/p>\n<p>Si le PHIWAVES diamond est expos\u00e9 \u00e0 l\u2019eau pendant un certain temps (lave-linge, piscine, etc.), il continuera \u00e0 fonctionner correctement.<\/p>\n<\/div><div class=\"btClear btSeparator topSmallSpaced bottomSmallSpaced noBorder\" ><hr><\/div><\/div><\/div><\/div><\/div><\/div><\/div><\/div><\/section><div class=\"btClear btSeparator topSmallSpaced bottomSmallSpaced noBorder\" ><hr><\/div><div class=\"btClear btSeparator topSmallSpaced bottomSmallSpaced noBorder\" ><hr><\/div><div class=\"boldRow \" ><div class=\"boldRowInner\"><div class=\"rowItem col-md-6 col-sm-12 btTextLeft\"  data-width=\"6\"><div class=\"rowItemContent\" ><div class=\"btClear btSeparator topSmallSpaced bottomSmallSpaced noBorder\" ><hr><\/div><header class=\"header btClear small btDash bottomDash  regular\" ><div class=\"dash\"><h4><span class=\"headline\">Technologie Certifi\u00e9e<\/span><\/h4><\/div><\/header><div class=\"btClear btSeparator bottomSmallSpaced noBorder\" ><hr><\/div><div class=\"btText\" ><p>Les dispositifs Pranan sont certifi\u00e9s par T\u00dcV Rheinland conform\u00e9ment \u00e0 la Directive Europ\u00e9enne 2001\/95\/CE, garantissant qu&rsquo;ils r\u00e9pondent \u00e0 toutes les exigences en mati\u00e8re de s\u00e9curit\u00e9.<\/p>\n<div class=\"su-list\" style=\"margin-left:15px\">\n<ul>\n<li><i class=\"sui sui-caret-right\" style=\"color:#000000\"><\/i> Technologie Brevet\u00e9e sous le titre \u201cProtecteur des radiations \u00e9lectromagn\u00e9tiques\u201d n\u00ba CC P: ES2401873 A1.<\/li>\n<li><i class=\"sui sui-caret-right\" style=\"color:#000000\"><\/i> Certifi\u00e9 par T\u00dcV Rheinland conform\u00e9ment \u00e0 la Directive 1999\/5\/CE sur les \u00e9quipements radio\u00e9lectriques et les \u00e9quipements terminaux de t\u00e9l\u00e9communication.<\/li>\n<li><i class=\"sui sui-caret-right\" style=\"color:#000000\"><\/i> Certificat de Qualit\u00e9 selon ISO:9001:2015.<\/li>\n<li><i class=\"sui sui-caret-right\" style=\"color:#000000\"><\/i> Certificat de marquage CE (T\u00dcV Rheinland).<\/li>\n<li><i class=\"sui sui-caret-right\" style=\"color:#000000\"><\/i> Label Entreprise Innovante (Minist\u00e8re de l&rsquo;Industrie).<\/li>\n<li><i class=\"sui sui-caret-right\" style=\"color:#000000\"><\/i> Label Moderna (D\u00e9partement de l&rsquo;Industrie, Gouvernement de Navarre).<\/div>\n<\/li>\n<\/ul>\n<\/div><\/div><\/div><div class=\"rowItem col-md-6 col-sm-12 btTextLeft\"  data-width=\"6\"><div class=\"rowItemContent\" ><div class=\"btClear btSeparator topSmallSpaced bottomSmallSpaced noBorder\" ><hr><\/div><header class=\"header btClear small btDash bottomDash  regular\" ><div class=\"dash\"><h4><span class=\"headline\">Technologie valid\u00e9e par des essais cliniques<\/span><\/h4><\/div><\/header><div class=\"btClear btSeparator bottomSmallSpaced noBorder\" ><hr><\/div><div class=\"btText\" ><div class=\"su-list\" style=\"margin-left:15px\">\n<ul>\n<li><i class=\"sui sui-caret-right\" style=\"color:#000000\"><\/i> L&rsquo;efficacit\u00e9 de la technologie Pranan de protection contre les radiations \u00e9lectromagn\u00e9tiques a \u00e9t\u00e9 test\u00e9e dans des centres de recherche et des universit\u00e9s homologu\u00e9s internationalement (Universit\u00e9 Complutense, Universit\u00e9 de Grenade, Universit\u00e9 Polytechnique de Catalogne, GDV-EPC de l&rsquo;Universit\u00e9 de Saint-P\u00e9tersbourg, etc.).<\/li>\n<li><i class=\"sui sui-caret-right\" style=\"color:#000000\"><\/i> La seule technologie dont l&rsquo;efficacit\u00e9 a \u00e9t\u00e9 publi\u00e9e dans des revues scientifiques : \u201cEuropean Journal of Integrative Medicine\u201d, \u201cInternational Journal of Advanced Complementary and Traditional Medicine\u201d, \u201cNutrition and Integrative Medicine\u201d, etc.<\/li>\n<li><i class=\"sui sui-caret-right\" style=\"color:#000000\"><\/i> Les dispositifs Pranan int\u00e8grent une puce crypt\u00e9e qui permet de v\u00e9rifier leur authenticit\u00e9. Syst\u00e8me Nefertitys (Centre Technologique Jer\u00f3nimo de Ayanz (Universit\u00e9 Publique de Navarre).<\/div>\n<\/li>\n<\/ul>\n<\/div><div class=\"btClear btSeparator topSmallSpaced bottomSmallSpaced noBorder\" ><hr><\/div><\/div><\/div><\/div><\/div><a href=\"https:\/\/www.pranan.com\/fr\/bienfaits\/\" class=\"btBtn btBtn btnFilledStyle btnAccentColor btnMedium btnFullWidth btnInlinePosition btnIco\" ><span class=\"btnInnerText\">D\u00c9COUVREZ LES BIENFAITS D'UTILISER LES DISPOSITIFS PRANAN<\/span><span class=\"btIco \"><span  data-ico-fa=\"&#xf05a;\" class=\"btIcoHolder\"><\/span><\/span><\/a><a href=\"https:\/\/www.pranan.com\/fr\/technologie-pranan\/quest-ce-qui-rend-la-technologie-pranan-unique\/?preview_id=8774&amp;preview_nonce=e866e13e59&amp;_thumbnail_id=8737&amp;preview=true#\" class=\"btBtn btBtn btnFilledStyle btnAlternateColor btnMedium btnFullWidth btnRightPosition btnIco\"  target=\"_blank\"><span class=\"btnInnerText\">D\u00c9COUVREZ CE QUI REND LA TECHNOLOGIE PRANAN UNIQUE.<\/span><span class=\"btIco \"><span  data-ico-fa=\"&#xf1c1;\" class=\"btIcoHolder\"><\/span><\/span><\/a><div class=\"btClear btSeparator bottomSmallSpaced noBorder\" ><hr><\/div>\n","protected":false},"excerpt":{"rendered":"<h2><span style=\"color: #ff0000;\">\u00a1Novedad!<\/span><\/h2>\n<h2>PROTECTEUR PERSONNEL DES RAYONNEMENTS \u00c9LECTROMAGN\u00c9TIQUES.<\/h2>\n<p>Ce dispositif de derni\u00e8re g\u00e9n\u00e9ration prot\u00e8ge des rayonnements \u00e9lectromagn\u00e9tiques (antennes t\u00e9l\u00e9phoniques, wifi, 6G, 5G, 4G, etc.). Il suffit de le porter sur nous.<\/p>\n","protected":false},"featured_media":7523,"template":"","meta":[],"product_brand":[],"product_cat":[117],"product_tag":[],"class_list":{"0":"post-6000","1":"product","2":"type-product","3":"status-publish","4":"has-post-thumbnail","6":"product_cat-appareils-pranan","8":"first","9":"instock","10":"purchasable","11":"product-type-simple"},"yoast_head":"<!-- This site is optimized with the Yoast SEO plugin v24.9 - https:\/\/yoast.com\/wordpress\/plugins\/seo\/ -->\n<title>PHIWAVES diamond - Pranan<\/title>\n<meta name=\"robots\" content=\"index, follow, max-snippet:-1, max-image-preview:large, max-video-preview:-1\" \/>\n<link rel=\"canonical\" href=\"https:\/\/www.pranan.com\/fr\/produit\/phiwaves-5g\/\" \/>\n<meta property=\"og:locale\" content=\"fr_FR\" \/>\n<meta property=\"og:type\" content=\"article\" \/>\n<meta property=\"og:title\" content=\"PHIWAVES diamond - Pranan\" \/>\n<meta property=\"og:description\" content=\"\u00a1Novedad! PROTECTEUR PERSONNEL DES RAYONNEMENTS \u00c9LECTROMAGN\u00c9TIQUES. Ce dispositif de derni\u00e8re g\u00e9n\u00e9ration prot\u00e8ge des rayonnements \u00e9lectromagn\u00e9tiques (antennes t\u00e9l\u00e9phoniques, wifi, 6G, 5G, 4G, etc.). Il suffit de le porter sur nous.\" \/>\n<meta property=\"og:url\" content=\"https:\/\/www.pranan.com\/fr\/produit\/phiwaves-5g\/\" \/>\n<meta property=\"og:site_name\" content=\"Pranan\" \/>\n<meta property=\"article:modified_time\" content=\"2026-01-09T11:24:14+00:00\" \/>\n<meta property=\"og:image\" content=\"https:\/\/www.pranan.com\/wp-content\/uploads\/2022\/08\/11_PW.png\" \/>\n\t<meta property=\"og:image:width\" content=\"713\" \/>\n\t<meta property=\"og:image:height\" content=\"713\" \/>\n\t<meta property=\"og:image:type\" content=\"image\/png\" \/>\n<meta name=\"twitter:card\" content=\"summary_large_image\" \/>\n<meta name=\"twitter:label1\" content=\"Dur\u00e9e de lecture estim\u00e9e\" \/>\n\t<meta name=\"twitter:data1\" content=\"3 minutes\" \/>\n<script type=\"application\/ld+json\" class=\"yoast-schema-graph\">{\"@context\":\"https:\/\/schema.org\",\"@graph\":[{\"@type\":\"WebPage\",\"@id\":\"https:\/\/www.pranan.com\/fr\/produit\/phiwaves-5g\/\",\"url\":\"https:\/\/www.pranan.com\/fr\/produit\/phiwaves-5g\/\",\"name\":\"PHIWAVES diamond - Pranan\",\"isPartOf\":{\"@id\":\"https:\/\/www.pranan.com\/#website\"},\"primaryImageOfPage\":{\"@id\":\"https:\/\/www.pranan.com\/fr\/produit\/phiwaves-5g\/#primaryimage\"},\"image\":{\"@id\":\"https:\/\/www.pranan.com\/fr\/produit\/phiwaves-5g\/#primaryimage\"},\"thumbnailUrl\":\"https:\/\/www.pranan.com\/wp-content\/uploads\/2022\/08\/11_PW.png\",\"datePublished\":\"2022-08-10T16:27:31+00:00\",\"dateModified\":\"2026-01-09T11:24:14+00:00\",\"breadcrumb\":{\"@id\":\"https:\/\/www.pranan.com\/fr\/produit\/phiwaves-5g\/#breadcrumb\"},\"inLanguage\":\"fr-FR\",\"potentialAction\":[{\"@type\":\"ReadAction\",\"target\":[\"https:\/\/www.pranan.com\/fr\/produit\/phiwaves-5g\/\"]}]},{\"@type\":\"ImageObject\",\"inLanguage\":\"fr-FR\",\"@id\":\"https:\/\/www.pranan.com\/fr\/produit\/phiwaves-5g\/#primaryimage\",\"url\":\"https:\/\/www.pranan.com\/wp-content\/uploads\/2022\/08\/11_PW.png\",\"contentUrl\":\"https:\/\/www.pranan.com\/wp-content\/uploads\/2022\/08\/11_PW.png\",\"width\":713,\"height\":713},{\"@type\":\"BreadcrumbList\",\"@id\":\"https:\/\/www.pranan.com\/fr\/produit\/phiwaves-5g\/#breadcrumb\",\"itemListElement\":[{\"@type\":\"ListItem\",\"position\":1,\"name\":\"Portada\",\"item\":\"https:\/\/www.pranan.com\/fr\/\"},{\"@type\":\"ListItem\",\"position\":2,\"name\":\"Boutique\",\"item\":\"https:\/\/www.pranan.com\/?page_id=2996\"},{\"@type\":\"ListItem\",\"position\":3,\"name\":\"PHIWAVES diamond\"}]},{\"@type\":\"WebSite\",\"@id\":\"https:\/\/www.pranan.com\/#website\",\"url\":\"https:\/\/www.pranan.com\/\",\"name\":\"Pranan\",\"description\":\"Researching Center\",\"potentialAction\":[{\"@type\":\"SearchAction\",\"target\":{\"@type\":\"EntryPoint\",\"urlTemplate\":\"https:\/\/www.pranan.com\/?s={search_term_string}\"},\"query-input\":{\"@type\":\"PropertyValueSpecification\",\"valueRequired\":true,\"valueName\":\"search_term_string\"}}],\"inLanguage\":\"fr-FR\"}]}<\/script>\n<!-- \/ Yoast SEO plugin. -->","yoast_head_json":{"title":"PHIWAVES diamond - Pranan","robots":{"index":"index","follow":"follow","max-snippet":"max-snippet:-1","max-image-preview":"max-image-preview:large","max-video-preview":"max-video-preview:-1"},"canonical":"https:\/\/www.pranan.com\/fr\/produit\/phiwaves-5g\/","og_locale":"fr_FR","og_type":"article","og_title":"PHIWAVES diamond - Pranan","og_description":"\u00a1Novedad! PROTECTEUR PERSONNEL DES RAYONNEMENTS \u00c9LECTROMAGN\u00c9TIQUES. Ce dispositif de derni\u00e8re g\u00e9n\u00e9ration prot\u00e8ge des rayonnements \u00e9lectromagn\u00e9tiques (antennes t\u00e9l\u00e9phoniques, wifi, 6G, 5G, 4G, etc.). Il suffit de le porter sur nous.","og_url":"https:\/\/www.pranan.com\/fr\/produit\/phiwaves-5g\/","og_site_name":"Pranan","article_modified_time":"2026-01-09T11:24:14+00:00","og_image":[{"width":713,"height":713,"url":"https:\/\/www.pranan.com\/wp-content\/uploads\/2022\/08\/11_PW.png","type":"image\/png"}],"twitter_card":"summary_large_image","twitter_misc":{"Dur\u00e9e de lecture estim\u00e9e":"3 minutes"},"schema":{"@context":"https:\/\/schema.org","@graph":[{"@type":"WebPage","@id":"https:\/\/www.pranan.com\/fr\/produit\/phiwaves-5g\/","url":"https:\/\/www.pranan.com\/fr\/produit\/phiwaves-5g\/","name":"PHIWAVES diamond - Pranan","isPartOf":{"@id":"https:\/\/www.pranan.com\/#website"},"primaryImageOfPage":{"@id":"https:\/\/www.pranan.com\/fr\/produit\/phiwaves-5g\/#primaryimage"},"image":{"@id":"https:\/\/www.pranan.com\/fr\/produit\/phiwaves-5g\/#primaryimage"},"thumbnailUrl":"https:\/\/www.pranan.com\/wp-content\/uploads\/2022\/08\/11_PW.png","datePublished":"2022-08-10T16:27:31+00:00","dateModified":"2026-01-09T11:24:14+00:00","breadcrumb":{"@id":"https:\/\/www.pranan.com\/fr\/produit\/phiwaves-5g\/#breadcrumb"},"inLanguage":"fr-FR","potentialAction":[{"@type":"ReadAction","target":["https:\/\/www.pranan.com\/fr\/produit\/phiwaves-5g\/"]}]},{"@type":"ImageObject","inLanguage":"fr-FR","@id":"https:\/\/www.pranan.com\/fr\/produit\/phiwaves-5g\/#primaryimage","url":"https:\/\/www.pranan.com\/wp-content\/uploads\/2022\/08\/11_PW.png","contentUrl":"https:\/\/www.pranan.com\/wp-content\/uploads\/2022\/08\/11_PW.png","width":713,"height":713},{"@type":"BreadcrumbList","@id":"https:\/\/www.pranan.com\/fr\/produit\/phiwaves-5g\/#breadcrumb","itemListElement":[{"@type":"ListItem","position":1,"name":"Portada","item":"https:\/\/www.pranan.com\/fr\/"},{"@type":"ListItem","position":2,"name":"Boutique","item":"https:\/\/www.pranan.com\/?page_id=2996"},{"@type":"ListItem","position":3,"name":"PHIWAVES diamond"}]},{"@type":"WebSite","@id":"https:\/\/www.pranan.com\/#website","url":"https:\/\/www.pranan.com\/","name":"Pranan","description":"Researching Center","potentialAction":[{"@type":"SearchAction","target":{"@type":"EntryPoint","urlTemplate":"https:\/\/www.pranan.com\/?s={search_term_string}"},"query-input":{"@type":"PropertyValueSpecification","valueRequired":true,"valueName":"search_term_string"}}],"inLanguage":"fr-FR"}]}},"_links":{"self":[{"href":"https:\/\/www.pranan.com\/fr\/wp-json\/wp\/v2\/product\/6000","targetHints":{"allow":["GET"]}}],"collection":[{"href":"https:\/\/www.pranan.com\/fr\/wp-json\/wp\/v2\/product"}],"about":[{"href":"https:\/\/www.pranan.com\/fr\/wp-json\/wp\/v2\/types\/product"}],"wp:featuredmedia":[{"embeddable":true,"href":"https:\/\/www.pranan.com\/fr\/wp-json\/wp\/v2\/media\/7523"}],"wp:attachment":[{"href":"https:\/\/www.pranan.com\/fr\/wp-json\/wp\/v2\/media?parent=6000"}],"wp:term":[{"taxonomy":"product_brand","embeddable":true,"href":"https:\/\/www.pranan.com\/fr\/wp-json\/wp\/v2\/product_brand?post=6000"},{"taxonomy":"product_cat","embeddable":true,"href":"https:\/\/www.pranan.com\/fr\/wp-json\/wp\/v2\/product_cat?post=6000"},{"taxonomy":"product_tag","embeddable":true,"href":"https:\/\/www.pranan.com\/fr\/wp-json\/wp\/v2\/product_tag?post=6000"}],"curies":[{"name":"wp","href":"https:\/\/api.w.org\/{rel}","templated":true}]}}