{"id":5992,"date":"2022-08-10T17:32:07","date_gmt":"2022-08-10T15:32:07","guid":{"rendered":"https:\/\/www.pranan.com\/producto\/phione-5g\/"},"modified":"2025-01-27T11:45:36","modified_gmt":"2025-01-27T10:45:36","slug":"phione-5g","status":"publish","type":"product","link":"https:\/\/www.pranan.com\/fr\/produit\/phione-5g\/","title":{"rendered":"PHIONE diamond"},"content":{"rendered":"<section id=\"bt_section69f3a5fc74938\"  class=\"boldSection topSmallSpaced bottomSmallSpaced btDarkSkin btAlternateColorBackground gutter boxed btMiddleVertical\" style=\"margin-top: 30px;\"><div class=\"port\"><div class=\"boldCell\"><div class=\"boldCellInner\"><div class=\"boldRow \" ><div class=\"boldRowInner\"><div class=\"rowItem col-md-4 col-ms-12 btTextCenter inherit\"  data-width=\"4\"><div class=\"rowItemContent\" ><span class=\"btIco btIcoDefaultType btIcoMediumSize btIcoDefaultColor btIconCircleShape\"><a href=\"\/envios-y-devoluciones\"  target=\"no_target\" data-ico-es=\"&#xea79;\" class=\"btIcoHolder\"><span>EXP\u00c9DITION SUR LES 5 CONTINENTS<\/span><\/a><\/span><\/div><\/div><div class=\"rowItem col-md-4 col-ms-12 btTextCenter inherit\"  data-width=\"4\"><div class=\"rowItemContent\" ><span class=\"btIco btIcoDefaultType btIcoMediumSize btIcoDefaultColor btIconCircleShape\"><a href=\"\/envios-y-devoluciones\"  target=\"no_target\" data-ico-ts=\"&#xf101;\" class=\"btIcoHolder\"><span>TRANSPORT ET DOUANE GRATUITS<\/span><\/a><\/span><\/div><\/div><div class=\"rowItem col-md-4 col-ms-12 btTextCenter inherit\"  data-width=\"4\"><div class=\"rowItemContent\" ><span class=\"btIco btIcoDefaultType btIcoMediumSize btIcoDefaultColor btIconCircleShape\"><a href=\"\/envios-y-devoluciones\"  target=\"no_target\" data-ico-es=\"&#xe930;\" class=\"btIcoHolder\"><span>ENVOIS IMM\u00c9DIATS<\/span><\/a><\/span><\/div><\/div><\/div><\/div><\/div><\/div><\/div><\/section><section id=\"bt_section69f3a5fc7a393\"  class=\"boldSection topSemiSpaced gutter boxed inherit\" ><div class=\"port\"><div class=\"boldCell\"><div class=\"boldCellInner\"><\/div><\/div><\/div><\/section><div class=\"boldRow \" ><div class=\"boldRowInner\"><div class=\"rowItem col-md-6 col-sm-12 btTextLeft\"  data-width=\"6\"><div class=\"rowItemContent\" ><header class=\"header btClear small btDash bottomDash  regular\" ><div class=\"dash\"><h4><span class=\"headline\">Caract\u00e9ristiques<\/span><\/h4><\/div><\/header><div class=\"btClear btSeparator bottomSmallSpaced noBorder\" ><hr><\/div><div class=\"btText\" ><div class=\"su-list\" style=\"margin-left:15px\">\n<ul>\n<li><i class=\"sui sui-caret-right\" style=\"color:#000000\"><\/i> Il nous prot\u00e8ge des rayonnements nocifs \u00e9mis par les t\u00e9l\u00e9phones mobiles et sans fil, y compris ceux de derni\u00e8re g\u00e9n\u00e9ration.<\/li>\n<li><i class=\"sui sui-caret-right\" style=\"color:#000000\"><\/i> La nanotechnologie qui intervient dans sa fabrication le rend particuli\u00e8rement efficace contre les rayonnements \u00e9lectromagn\u00e9tiques \u00e9mis par les dispositifs de derni\u00e8re g\u00e9n\u00e9ration.<\/li>\n<li><i class=\"sui sui-caret-right\" style=\"color:#000000\"><\/i> Il n\u2019exerce aucune influence sur la qualit\u00e9 de fonctionnement du t\u00e9l\u00e9phone.<\/li>\n<li><i class=\"sui sui-caret-right\" style=\"color:#000000\"><\/i> Sa dur\u00e9e de vie est illimit\u00e9e \u00e0 condition de ne pas endommager la structure interne.<\/li>\n<li><i class=\"sui sui-caret-right\" style=\"color:#000000\"><\/i> Ce sont des autotransformateurs passifs, ils ne blindent ni ne stockent.<\/li>\n<li><i class=\"sui sui-caret-right\" style=\"color:#000000\"><\/i> Il nous prot\u00e8ge lorsque le t\u00e9l\u00e9phone est allum\u00e9 et lorsque nous l\u2019utilisons.<\/li>\n<li><i class=\"sui sui-caret-right\" style=\"color:#000000\"><\/i> Le dispositif se met automatiquement en marche lorsque le t\u00e9l\u00e9phone est allum\u00e9.<\/li>\n<li><i class=\"sui sui-caret-right\" style=\"color:#000000\"><\/i> Il ne demande aucun type d\u2019entretien.<\/li>\n<li><i class=\"sui sui-caret-right\" style=\"color:#000000\"><\/i> Il peut \u00eatre utilis\u00e9 m\u00eame apr\u00e8s avoir chang\u00e9 de t\u00e9l\u00e9phone.<\/div>\n<\/li>\n<\/ul>\n<\/div><\/div><\/div><div class=\"rowItem col-md-6 col-sm-12 btTextLeft\"  data-width=\"6\"><div class=\"rowItemContent\" ><header class=\"header btClear small btDash bottomDash  regular\" ><div class=\"dash\"><h4><span class=\"headline\">Utilisation<\/span><\/h4><\/div><\/header><div class=\"btClear btSeparator bottomSmallSpaced noBorder\" ><hr><\/div><div class=\"btText\" ><p>Il suffit de le coller \u00e0 l&rsquo;arri\u00e8re du t\u00e9l\u00e9phone portable. Il peut \u00e9galement \u00eatre plac\u00e9 sur la coque du t\u00e9l\u00e9phone; l&rsquo;efficacit\u00e9 de la protection reste la m\u00eame. Le dispositif se met automatiquement en fonctionnement lorsqu\u2019il entre en contact avec les rayonnements \u00e9lectromagn\u00e9tiques.<\/p>\n<\/div><div class=\"btClear btSeparator topSmallSpaced bottomSmallSpaced noBorder\" ><hr><\/div><header class=\"header btClear small btDash bottomDash  regular\" ><div class=\"dash\"><h4><span class=\"headline\">Fiche Technique<\/span><\/h4><\/div><\/header><div class=\"btText\" ><div class=\"su-list\" style=\"margin-left:15px\">\n<ul>\n<li><i class=\"sui sui-caret-right\" style=\"color:#000000\"><\/i> Dimensions: 36 x 52 x 2 mm<\/li>\n<li><i class=\"sui sui-caret-right\" style=\"color:#000000\"><\/i> Poids: 15 g<\/li>\n<li><i class=\"sui sui-caret-right\" style=\"color:#000000\"><\/i> Port\u00e9e de protection: 1,4 m<\/li>\n<li><i class=\"sui sui-caret-right\" style=\"color:#000000\"><\/i> Dur\u00e9e de vie du dispositif: il ne p\u00e9rime pas s\u2019il est maintenu en parfaites conditions d\u2019utilisation.<\/li>\n<\/ul>\n<\/div><\/div><\/div><\/div><\/div><\/div><div class=\"boldRow \" ><div class=\"boldRowInner\"><div class=\"rowItem col-md-6 col-sm-12 btTextLeft\"  data-width=\"6\"><div class=\"rowItemContent\" ><div class=\"btClear btSeparator topSmallSpaced bottomSmallSpaced noBorder\" ><hr><\/div><header class=\"header btClear small btDash bottomDash  regular\" ><div class=\"dash\"><h4><span class=\"headline\">Technologie Certifi\u00e9e<\/span><\/h4><\/div><\/header><div class=\"btClear btSeparator bottomSmallSpaced noBorder\" ><hr><\/div><div class=\"btText\" ><p>Les dispositifs Pranan sont certifi\u00e9s par T\u00dcV Rheinland conform\u00e9ment \u00e0 la Directive Europ\u00e9enne 2001\/95\/CE, garantissant qu&rsquo;ils r\u00e9pondent \u00e0 toutes les exigences en mati\u00e8re de s\u00e9curit\u00e9.<\/p>\n<div class=\"su-list\" style=\"margin-left:15px\">\n<ul>\n<li><i class=\"sui sui-caret-right\" style=\"color:#000000\"><\/i> Technologie Brevet\u00e9e sous le titre \u201cProtecteur des radiations \u00e9lectromagn\u00e9tiques\u201d n\u00ba CC P: ES2401873 A1.<\/li>\n<li><i class=\"sui sui-caret-right\" style=\"color:#000000\"><\/i> Certifi\u00e9 par T\u00dcV Rheinland conform\u00e9ment \u00e0 la Directive 1999\/5\/CE sur les \u00e9quipements radio\u00e9lectriques et les \u00e9quipements terminaux de t\u00e9l\u00e9communication.<\/li>\n<li><i class=\"sui sui-caret-right\" style=\"color:#000000\"><\/i> Certificat de Qualit\u00e9 selon ISO:9001:2015.<\/li>\n<li><i class=\"sui sui-caret-right\" style=\"color:#000000\"><\/i> Certificat de marquage CE (T\u00dcV Rheinland).<\/li>\n<li><i class=\"sui sui-caret-right\" style=\"color:#000000\"><\/i> Label Entreprise Innovante (Minist\u00e8re de l&rsquo;Industrie).<\/li>\n<li><i class=\"sui sui-caret-right\" style=\"color:#000000\"><\/i> Label Moderna (D\u00e9partement de l&rsquo;Industrie, Gouvernement de Navarre).<\/div>\n<\/li>\n<\/ul>\n<\/div><\/div><\/div><div class=\"rowItem col-md-6 col-sm-12 btTextLeft\"  data-width=\"6\"><div class=\"rowItemContent\" ><div class=\"btClear btSeparator topSmallSpaced bottomSmallSpaced noBorder\" ><hr><\/div><header class=\"header btClear small btDash bottomDash  regular\" ><div class=\"dash\"><h4><span class=\"headline\">Technologie valid\u00e9e par des essais cliniques<\/span><\/h4><\/div><\/header><div class=\"btClear btSeparator bottomSmallSpaced noBorder\" ><hr><\/div><div class=\"btText\" ><div class=\"su-list\" style=\"margin-left:15px\">\n<ul>\n<li><i class=\"sui sui-caret-right\" style=\"color:#000000\"><\/i> L&rsquo;efficacit\u00e9 de la technologie Pranan de protection contre les radiations \u00e9lectromagn\u00e9tiques a \u00e9t\u00e9 test\u00e9e dans des centres de recherche et des universit\u00e9s homologu\u00e9s internationalement (Universit\u00e9 Complutense, Universit\u00e9 de Grenade, Universit\u00e9 Polytechnique de Catalogne, GDV-EPC de l&rsquo;Universit\u00e9 de Saint-P\u00e9tersbourg, etc.).<\/li>\n<li><i class=\"sui sui-caret-right\" style=\"color:#000000\"><\/i> La seule technologie dont l&rsquo;efficacit\u00e9 a \u00e9t\u00e9 publi\u00e9e dans des revues scientifiques : \u201cEuropean Journal of Integrative Medicine\u201d, \u201cInternational Journal of Advanced Complementary and Traditional Medicine\u201d, \u201cNutrition and Integrative Medicine\u201d, etc.<\/li>\n<li><i class=\"sui sui-caret-right\" style=\"color:#000000\"><\/i> Les dispositifs Pranan int\u00e8grent une puce crypt\u00e9e qui permet de v\u00e9rifier leur authenticit\u00e9. Syst\u00e8me Nefertitys (Centre Technologique Jer\u00f3nimo de Ayanz (Universit\u00e9 Publique de Navarre).<\/div>\n<\/li>\n<\/ul>\n<\/div><div class=\"btClear btSeparator topSmallSpaced bottomSmallSpaced noBorder\" ><hr><\/div><\/div><\/div><\/div><\/div><a href=\"https:\/\/www.pranan.com\/fr\/bienfaits\/\" class=\"btBtn btBtn btnFilledStyle btnAccentColor btnMedium btnFullWidth btnInlinePosition btnIco\" ><span class=\"btnInnerText\">D\u00c9COUVREZ LES BIENFAITS D'UTILISER LES DISPOSITIFS PRANAN<\/span><span class=\"btIco \"><span  data-ico-fa=\"&#xf05a;\" class=\"btIcoHolder\"><\/span><\/span><\/a><a href=\"https:\/\/www.pranan.com\/fr\/technologie-pranan\/quest-ce-qui-rend-la-technologie-pranan-unique\/?preview_id=8774&amp;preview_nonce=e866e13e59&amp;_thumbnail_id=8737&amp;preview=true#\" class=\"btBtn btBtn btnFilledStyle btnAlternateColor btnMedium btnFullWidth btnRightPosition btnIco\"  target=\"_blank\"><span class=\"btnInnerText\">D\u00c9COUVREZ CE QUI REND LA TECHNOLOGIE PRANAN UNIQUE.<\/span><span class=\"btIco \"><span  data-ico-fa=\"&#xf1c1;\" class=\"btIcoHolder\"><\/span><\/span><\/a><div class=\"btClear btSeparator bottomSmallSpaced noBorder\" ><hr><\/div>\n","protected":false},"excerpt":{"rendered":"<h2>NEUTRALISE LES EFFETS DES RAYONNEMENTS \u00c9MIS PAR LE T\u00c9L\u00c9PHONE PORTABLE.<\/h2>\n<p>PHIONE diamond est un dispositif qui nous prot\u00e8ge des rayonnements \u00e9lectromagn\u00e9tiques et des rayonnements \u00e9mis par le t\u00e9l\u00e9phone portable (y compris ceux de derni\u00e8re g\u00e9n\u00e9ration, 5G,6G) lorsque nous l\u2019utilisons ou qu\u2019il est allum\u00e9.<\/p>\n","protected":false},"featured_media":7716,"template":"","meta":[],"product_brand":[],"product_cat":[117],"product_tag":[],"class_list":{"0":"post-5992","1":"product","2":"type-product","3":"status-publish","4":"has-post-thumbnail","6":"product_cat-appareils-pranan","8":"first","9":"instock","10":"purchasable","11":"product-type-simple"},"yoast_head":"<!-- This site is optimized with the Yoast SEO plugin v24.9 - https:\/\/yoast.com\/wordpress\/plugins\/seo\/ -->\n<title>PHIONE diamond - Pranan<\/title>\n<meta name=\"robots\" content=\"index, follow, max-snippet:-1, max-image-preview:large, max-video-preview:-1\" \/>\n<link rel=\"canonical\" href=\"https:\/\/www.pranan.com\/produit\/phione-5g\/\" \/>\n<meta property=\"og:locale\" content=\"fr_FR\" \/>\n<meta property=\"og:type\" content=\"article\" \/>\n<meta property=\"og:title\" content=\"PHIONE diamond - Pranan\" \/>\n<meta property=\"og:description\" content=\"NEUTRALISE LES EFFETS DES RAYONNEMENTS \u00c9MIS PAR LE T\u00c9L\u00c9PHONE PORTABLE. PHIONE diamond est un dispositif qui nous prot\u00e8ge des rayonnements \u00e9lectromagn\u00e9tiques et des rayonnements \u00e9mis par le t\u00e9l\u00e9phone portable (y compris ceux de derni\u00e8re g\u00e9n\u00e9ration, 5G,6G) lorsque nous l\u2019utilisons ou qu\u2019il est allum\u00e9.\" \/>\n<meta property=\"og:url\" content=\"https:\/\/www.pranan.com\/produit\/phione-5g\/\" \/>\n<meta property=\"og:site_name\" content=\"Pranan\" \/>\n<meta property=\"article:modified_time\" content=\"2025-01-27T10:45:36+00:00\" \/>\n<meta property=\"og:image\" content=\"https:\/\/www.pranan.com\/wp-content\/uploads\/2022\/08\/Phione_P1.png\" \/>\n\t<meta property=\"og:image:width\" content=\"613\" \/>\n\t<meta property=\"og:image:height\" content=\"615\" \/>\n\t<meta property=\"og:image:type\" content=\"image\/png\" \/>\n<meta name=\"twitter:card\" content=\"summary_large_image\" \/>\n<meta name=\"twitter:label1\" content=\"Dur\u00e9e de lecture estim\u00e9e\" \/>\n\t<meta name=\"twitter:data1\" content=\"6 minutes\" \/>\n<script type=\"application\/ld+json\" class=\"yoast-schema-graph\">{\"@context\":\"https:\/\/schema.org\",\"@graph\":[{\"@type\":\"WebPage\",\"@id\":\"https:\/\/www.pranan.com\/produit\/phione-5g\/\",\"url\":\"https:\/\/www.pranan.com\/produit\/phione-5g\/\",\"name\":\"PHIONE diamond - Pranan\",\"isPartOf\":{\"@id\":\"https:\/\/www.pranan.com\/#website\"},\"primaryImageOfPage\":{\"@id\":\"https:\/\/www.pranan.com\/produit\/phione-5g\/#primaryimage\"},\"image\":{\"@id\":\"https:\/\/www.pranan.com\/produit\/phione-5g\/#primaryimage\"},\"thumbnailUrl\":\"https:\/\/www.pranan.com\/wp-content\/uploads\/2022\/08\/Phione_P1.png\",\"datePublished\":\"2022-08-10T15:32:07+00:00\",\"dateModified\":\"2025-01-27T10:45:36+00:00\",\"breadcrumb\":{\"@id\":\"https:\/\/www.pranan.com\/produit\/phione-5g\/#breadcrumb\"},\"inLanguage\":\"fr-FR\",\"potentialAction\":[{\"@type\":\"ReadAction\",\"target\":[\"https:\/\/www.pranan.com\/produit\/phione-5g\/\"]}]},{\"@type\":\"ImageObject\",\"inLanguage\":\"fr-FR\",\"@id\":\"https:\/\/www.pranan.com\/produit\/phione-5g\/#primaryimage\",\"url\":\"https:\/\/www.pranan.com\/wp-content\/uploads\/2022\/08\/Phione_P1.png\",\"contentUrl\":\"https:\/\/www.pranan.com\/wp-content\/uploads\/2022\/08\/Phione_P1.png\",\"width\":613,\"height\":615},{\"@type\":\"BreadcrumbList\",\"@id\":\"https:\/\/www.pranan.com\/produit\/phione-5g\/#breadcrumb\",\"itemListElement\":[{\"@type\":\"ListItem\",\"position\":1,\"name\":\"Portada\",\"item\":\"https:\/\/www.pranan.com\/fr\/\"},{\"@type\":\"ListItem\",\"position\":2,\"name\":\"Boutique\",\"item\":\"https:\/\/www.pranan.com\/?page_id=2996\"},{\"@type\":\"ListItem\",\"position\":3,\"name\":\"PHIONE diamond\"}]},{\"@type\":\"WebSite\",\"@id\":\"https:\/\/www.pranan.com\/#website\",\"url\":\"https:\/\/www.pranan.com\/\",\"name\":\"Pranan\",\"description\":\"Researching Center\",\"potentialAction\":[{\"@type\":\"SearchAction\",\"target\":{\"@type\":\"EntryPoint\",\"urlTemplate\":\"https:\/\/www.pranan.com\/?s={search_term_string}\"},\"query-input\":{\"@type\":\"PropertyValueSpecification\",\"valueRequired\":true,\"valueName\":\"search_term_string\"}}],\"inLanguage\":\"fr-FR\"}]}<\/script>\n<!-- \/ Yoast SEO plugin. -->","yoast_head_json":{"title":"PHIONE diamond - Pranan","robots":{"index":"index","follow":"follow","max-snippet":"max-snippet:-1","max-image-preview":"max-image-preview:large","max-video-preview":"max-video-preview:-1"},"canonical":"https:\/\/www.pranan.com\/produit\/phione-5g\/","og_locale":"fr_FR","og_type":"article","og_title":"PHIONE diamond - Pranan","og_description":"NEUTRALISE LES EFFETS DES RAYONNEMENTS \u00c9MIS PAR LE T\u00c9L\u00c9PHONE PORTABLE. PHIONE diamond est un dispositif qui nous prot\u00e8ge des rayonnements \u00e9lectromagn\u00e9tiques et des rayonnements \u00e9mis par le t\u00e9l\u00e9phone portable (y compris ceux de derni\u00e8re g\u00e9n\u00e9ration, 5G,6G) lorsque nous l\u2019utilisons ou qu\u2019il est allum\u00e9.","og_url":"https:\/\/www.pranan.com\/produit\/phione-5g\/","og_site_name":"Pranan","article_modified_time":"2025-01-27T10:45:36+00:00","og_image":[{"width":613,"height":615,"url":"https:\/\/www.pranan.com\/wp-content\/uploads\/2022\/08\/Phione_P1.png","type":"image\/png"}],"twitter_card":"summary_large_image","twitter_misc":{"Dur\u00e9e de lecture estim\u00e9e":"6 minutes"},"schema":{"@context":"https:\/\/schema.org","@graph":[{"@type":"WebPage","@id":"https:\/\/www.pranan.com\/produit\/phione-5g\/","url":"https:\/\/www.pranan.com\/produit\/phione-5g\/","name":"PHIONE diamond - Pranan","isPartOf":{"@id":"https:\/\/www.pranan.com\/#website"},"primaryImageOfPage":{"@id":"https:\/\/www.pranan.com\/produit\/phione-5g\/#primaryimage"},"image":{"@id":"https:\/\/www.pranan.com\/produit\/phione-5g\/#primaryimage"},"thumbnailUrl":"https:\/\/www.pranan.com\/wp-content\/uploads\/2022\/08\/Phione_P1.png","datePublished":"2022-08-10T15:32:07+00:00","dateModified":"2025-01-27T10:45:36+00:00","breadcrumb":{"@id":"https:\/\/www.pranan.com\/produit\/phione-5g\/#breadcrumb"},"inLanguage":"fr-FR","potentialAction":[{"@type":"ReadAction","target":["https:\/\/www.pranan.com\/produit\/phione-5g\/"]}]},{"@type":"ImageObject","inLanguage":"fr-FR","@id":"https:\/\/www.pranan.com\/produit\/phione-5g\/#primaryimage","url":"https:\/\/www.pranan.com\/wp-content\/uploads\/2022\/08\/Phione_P1.png","contentUrl":"https:\/\/www.pranan.com\/wp-content\/uploads\/2022\/08\/Phione_P1.png","width":613,"height":615},{"@type":"BreadcrumbList","@id":"https:\/\/www.pranan.com\/produit\/phione-5g\/#breadcrumb","itemListElement":[{"@type":"ListItem","position":1,"name":"Portada","item":"https:\/\/www.pranan.com\/fr\/"},{"@type":"ListItem","position":2,"name":"Boutique","item":"https:\/\/www.pranan.com\/?page_id=2996"},{"@type":"ListItem","position":3,"name":"PHIONE diamond"}]},{"@type":"WebSite","@id":"https:\/\/www.pranan.com\/#website","url":"https:\/\/www.pranan.com\/","name":"Pranan","description":"Researching Center","potentialAction":[{"@type":"SearchAction","target":{"@type":"EntryPoint","urlTemplate":"https:\/\/www.pranan.com\/?s={search_term_string}"},"query-input":{"@type":"PropertyValueSpecification","valueRequired":true,"valueName":"search_term_string"}}],"inLanguage":"fr-FR"}]}},"_links":{"self":[{"href":"https:\/\/www.pranan.com\/fr\/wp-json\/wp\/v2\/product\/5992","targetHints":{"allow":["GET"]}}],"collection":[{"href":"https:\/\/www.pranan.com\/fr\/wp-json\/wp\/v2\/product"}],"about":[{"href":"https:\/\/www.pranan.com\/fr\/wp-json\/wp\/v2\/types\/product"}],"wp:featuredmedia":[{"embeddable":true,"href":"https:\/\/www.pranan.com\/fr\/wp-json\/wp\/v2\/media\/7716"}],"wp:attachment":[{"href":"https:\/\/www.pranan.com\/fr\/wp-json\/wp\/v2\/media?parent=5992"}],"wp:term":[{"taxonomy":"product_brand","embeddable":true,"href":"https:\/\/www.pranan.com\/fr\/wp-json\/wp\/v2\/product_brand?post=5992"},{"taxonomy":"product_cat","embeddable":true,"href":"https:\/\/www.pranan.com\/fr\/wp-json\/wp\/v2\/product_cat?post=5992"},{"taxonomy":"product_tag","embeddable":true,"href":"https:\/\/www.pranan.com\/fr\/wp-json\/wp\/v2\/product_tag?post=5992"}],"curies":[{"name":"wp","href":"https:\/\/api.w.org\/{rel}","templated":true}]}}