{"id":8264,"date":"2022-06-15T23:10:59","date_gmt":"2022-06-15T21:10:59","guid":{"rendered":"https:\/\/www.pranan.com\/fonctionnement-des-dispositifs\/"},"modified":"2024-06-27T20:04:25","modified_gmt":"2024-06-27T18:04:25","slug":"fonctionnement-des-dispositifs","status":"publish","type":"page","link":"https:\/\/www.pranan.com\/fr\/fonctionnement-des-dispositifs\/","title":{"rendered":"Fonctionnement des dispositifs"},"content":{"rendered":"<section id=\"bt_section69e4b67faf6cb\"  class=\"boldSection topSemiSpaced bottomSemiSpaced gutter boxed inherit\" ><div class=\"port\"><div class=\"boldCell\"><div class=\"boldCellInner\"><div class=\"boldRow \" ><div class=\"boldRowInner\"><div class=\"rowItem col-md-12 col-ms-12  btTextLeft\"  data-width=\"12\"><div class=\"rowItemContent\" ><header class=\"header btClear large btDash bottomDash  regular\" ><div class=\"dash\"><h2><span class=\"headline\">Radiation \u00c9lectromagn\u00e9tique vs Technologie Pranan<\/span><\/h2><\/div><div class=\"btSubTitle\">Une multitude de scientifiques et d&rsquo;organismes internationaux alertent sur les effets biologiques potentiellement nocifs pour l&rsquo;organisme. Dans ce contexte, le Conseil de l&rsquo;Europe a demand\u00e9 aux gouvernements d&rsquo;appliquer le principe de pr\u00e9caution et d&rsquo;informer sur les risques que la pollution \u00e9lectromagn\u00e9tique peut avoir pour la sant\u00e9 humaine. Pourquoi devons-nous nous prot\u00e9ger aujourd&rsquo;hui ? Parce que les effets de la radiation \u00e9lectromagn\u00e9tique sont cumulatifs dans l&rsquo;organisme, et il est important de pr\u00e9venir les effets nocifs possibles \u00e0 moyen et long terme.<\/div><\/header><div class=\"btClear btSeparator bottomSemiSpaced noBorder\" ><hr><\/div><\/div><\/div><\/div><\/div><div class=\"boldRow \" ><div class=\"boldRowInner\"><div class=\"rowItem col-md-6 col-sm-12 btTextLeft\"  data-width=\"6\"><div class=\"rowItemContent\" ><header class=\"header btClear small btDash bottomDash  regular\" ><div class=\"dash\"><h4><span class=\"headline\">Comment nous prot\u00e9ger ?<\/span><\/h4><\/div><\/header><div class=\"btClear btSeparator topSmallSpaced bottomSmallSpaced noBorder\" ><hr><\/div><div class=\"btText\" ><p style=\"text-align: justify;\">En faisant un usage responsable des nouvelles technologies, en appliquant le principe de pr\u00e9caution <em>&#8211; si vous ne l&rsquo;utilisez pas, d\u00e9connectez-le<\/em> &#8211; et en utilisant les dispositifs Pranan.<\/p>\n<p style=\"text-align: justify;\">Bas\u00e9s sur les principes des champs unifi\u00e9s, les dispositifs Pranan \u00e9tablissent une nouvelle vision pour att\u00e9nuer et transformer les alt\u00e9rations provoqu\u00e9es dans l&rsquo;organisme par la surcharge des ondes \u00e9lectromagn\u00e9tiques. Cette technologie, brevet\u00e9e, certifi\u00e9e et audit\u00e9e par des organismes officiels, est homologu\u00e9e conform\u00e9ment aux directives europ\u00e9ennes, garantissant que les dispositifs Pranan sont s\u00fbrs pour leur commercialisation et pour la sant\u00e9.<\/p>\n<\/div><div class=\"btClear btSeparator bottomSmallSpaced noBorder\" ><hr><\/div><\/div><\/div><div class=\"rowItem col-md-6 col-sm-12 btTextLeft\"  data-width=\"6\"><div class=\"rowItemContent\" ><header class=\"header btClear small btDash bottomDash  regular\" ><div class=\"dash\"><h4><span class=\"headline\">Comment fonctionne la technologie Pranan ?<\/span><\/h4><\/div><\/header><div class=\"btClear btSeparator topSmallSpaced bottomSmallSpaced noBorder\" ><hr><\/div><div class=\"btText\" ><p style=\"text-align: justify;\">Nous partons du principe que nous sommes entour\u00e9s de radiations \u00e9lectromagn\u00e9tiques, il n&rsquo;est donc pas possible de les absorber ni de les bloquer. Ces radiations g\u00e9n\u00e8rent des alt\u00e9rations dans l&rsquo;organisme, provoquant des d\u00e9s\u00e9quilibres aux niveaux biochimique, bio\u00e9lectrique et \u00e9nerg\u00e9tique.<\/p>\n<p style=\"text-align: justify;\">Les dispositifs Pranan fonctionnent comme des autotransformateurs passifs, ils n&rsquo;ont pas besoin de piles car ils sont aliment\u00e9s par la radiation environnementale elle-m\u00eame. Ils captent une partie de cette radiation, filtrant les composants transversaux ou vectoriels, et ne permettant le passage que des composants longitudinaux, les transformant en impulsions \u00e9lectromagn\u00e9tiques ultra-faibles avec un effet \u00e9quilibrant sur l&rsquo;organisme. <em>\u2013 C&rsquo;est ce que d\u00e9montre le projet de recherche r\u00e9alis\u00e9 par le d\u00e9partement de Physique Appliqu\u00e9e de l&rsquo;Universit\u00e9 Polytechnique de Catalogne. Espagne &#8211;<\/em><\/p>\n<\/div><div class=\"btClear btSeparator bottomSmallSpaced noBorder\" ><hr><\/div><\/div><\/div><\/div><\/div><div class=\"boldRow \" ><div class=\"boldRowInner\"><div class=\"rowItem col-md-12 col-ms-12  btTextLeft\"  data-width=\"12\"><div class=\"rowItemContent\" ><div class=\"btClear btSeparator topSmallSpaced bottomSmallSpaced border\" ><hr><\/div><div class=\"btClear btSeparator bottomSmallSpaced noBorder\" ><hr><\/div><\/div><\/div><\/div><\/div><div class=\"boldRow \" ><div class=\"boldRowInner\"><div class=\"rowItem col-md-12 col-ms-12  btTextLeft\"  data-width=\"12\"><div class=\"rowItemContent\" ><header class=\"header btClear large btDash bottomDash  regular\" ><div class=\"btSuperTitle\"><span>OBJECTIF<\/span><\/div><div class=\"dash\"><h2><span class=\"headline\">Comment y parvenons-nous ?<\/span><\/h2><\/div><div class=\"btSubTitle\">La technologie Pranan, bas\u00e9e sur la physique de la th\u00e9orie du champ unifi\u00e9, est compos\u00e9e de plaques ou de circuits superpos\u00e9s entre eux. Ils sont fabriqu\u00e9s avec la derni\u00e8re technologie laser et l&rsquo;impression de nanoparticules de min\u00e9raux et de m\u00e9taux, conducteurs et semi-conducteurs de la radiation \u00e9lectromagn\u00e9tique.<\/div><\/header><div class=\"btClear btSeparator bottomSmallSpaced noBorder\" ><hr><\/div><div class=\"btText\" ><p style=\"text-align: justify;\">Ces circuits d\u00e9velopp\u00e9s et brevet\u00e9s <em> \u2013 n\u00ba 201100705 \u2013<\/em> par Pranan Technologies, fonctionnent comme des autotransformateurs. Ce sont eux qui absorbent, filtrent et \u00e9mettent des fr\u00e9quences avec un effet \u00e9quilibrant sur l&rsquo;organisme, tant au niveau biochimique que bio\u00e9lectrique. En d&rsquo;autres termes, l&rsquo;efficacit\u00e9 de la technologie Pranan repose sur l&rsquo;\u00e9quilibrage des alt\u00e9rations que la radiation \u00e9lectromagn\u00e9tique provoque dans l&rsquo;organisme.<\/p>\n<p style=\"text-align: justify;\">D&rsquo;o\u00f9 le succ\u00e8s de l&rsquo;efficacit\u00e9 de notre technologie : lorsque nous sommes expos\u00e9s \u00e0 des fr\u00e9quences \u00e9lectromagn\u00e9tiques artificielles, qu&rsquo;il s&rsquo;agisse d&rsquo;antennes de t\u00e9l\u00e9phonie, de radars, de t\u00e9l\u00e9phones mobiles, de 5G\u2026 ou de 6G, le principe physico-math\u00e9matique de la technologie Pranan parvient \u00e0 neutraliser leur effet sur l&rsquo;organisme.<\/p>\n<p style=\"text-align: justify;\">Alors, <strong><em>que se passe-t-il si nous pla\u00e7ons un mesureur de radiation sur un dispositif Pranan?<\/em><\/strong> Nous n&rsquo;observerons aucun changement, car les dispositifs Pranan, comme nous l&rsquo;avons d\u00e9j\u00e0 mentionn\u00e9, ne neutralisent ni ne blindent la pollution \u00e9lectromagn\u00e9tique. Ils agissent plut\u00f4t sur les effets que cette radiation a sur l&rsquo;organisme, en \u00e9mettant des impulsions \u00e9lectromagn\u00e9tiques ultra. Ces impulsions ne peuvent pas \u00eatre mesur\u00e9es par la technologie de mesure actuelle, mais elles sont per\u00e7ues au niveau biochimique et bio\u00e9lectrique par l&rsquo;organisme.<\/p>\n<\/div><div class=\"btClear btSeparator topSmallSpaced bottomSmallSpaced border\" ><hr><\/div><div class=\"btClear btSeparator bottomSmallSpaced noBorder\" ><hr><\/div><\/div><\/div><\/div><\/div><div class=\"boldRow \" ><div class=\"boldRowInner\"><div class=\"rowItem col-md-12 col-ms-12  btTextLeft\"  data-width=\"12\"><div class=\"rowItemContent\" ><div class=\"btClear btSeparator bottomSmallSpaced noBorder\" ><hr><\/div><div class=\"btClear btSeparator bottomSmallSpaced noBorder\" ><hr><\/div><div class=\"btClear btSeparator bottomSmallSpaced noBorder\" ><hr><\/div><div class=\"btText\" ><p>L&rsquo;efficacit\u00e9 d&rsquo;une technologie de protection contre la radiation \u00e9lectromagn\u00e9tique ne peut \u00eatre mesur\u00e9e que dans l&rsquo;organisme, en mesurant avant sans protection et apr\u00e8s avec protection. Pour cette raison, Pranan Technologies a soumis l&rsquo;efficacit\u00e9 de ses dispositifs \u00e0 des essais cliniques dans des centres de recherche et des universit\u00e9s homologu\u00e9s internationalement<em>. <\/em> De plus, leurs r\u00e9sultats ont \u00e9t\u00e9 publi\u00e9s dans des revues scientifiques et pr\u00e9sent\u00e9s lors de congr\u00e8s scientifiques nationaux et internationaux. C&rsquo;est pourquoi notre technologie est la seule \u00e0 ce jour \u00e0 \u00eatre brevet\u00e9e, audit\u00e9e et certifi\u00e9e conform\u00e9ment aux directives europ\u00e9ennes. De plus, nos dispositifs sont fabriqu\u00e9s selon les normes de qualit\u00e9 UME ISO 9001.<\/p>\n<p><a href=\"https:\/\/www.pranan.com\/wp-content\/uploads\/2024\/06\/NOTES-SUR-LE-FONCTIONNEMENT-DES-DISPOSITIFS-PRANAN-1.pdf\"><em><strong>Vous pouvez trouver plus d&rsquo;informations ici.<\/strong><\/em><\/a><\/p>\n<\/div><div class=\"btClear btSeparator topSmallSpaced bottomSmallSpaced noBorder\" ><hr><\/div><\/div><\/div><\/div><\/div><\/div><\/div><\/div><\/section><section id=\"bt_section69e4b67fb29bc\"  class=\"boldSection btDarkSkin btAccentColorBackground gutter boxed btMiddleVertical\" ><div class=\"port\"><div class=\"boldCell\"><div class=\"boldCellInner\"><div class=\"boldRow \" ><div class=\"boldRowInner\"><div class=\"rowItem col-md-12 col-ms-12  btTextLeft btMiddleVertical\"  data-width=\"12\"><div class=\"rowItemContent\" ><div class=\"btClear btSeparator topSemiSpaced bottomSmallSpaced noBorder\" ><hr><\/div><div class=\"btText\" ><blockquote>\n<p>Les dispositifs Pranan ne n\u00e9cessitent aucun entretien et durent pour toujours. Ils vous aident \u00e0 vous prot\u00e9ger simplement en les portant avec vous.<\/p>\n<\/blockquote>\n<\/div><div class=\"btClear btSeparator topSemiSpaced bottomSmallSpaced noBorder\" ><hr><\/div><\/div><\/div><\/div><\/div><\/div><\/div><\/div><\/section>\n","protected":false},"excerpt":{"rendered":"<p>Aujourd&rsquo;hui, nous vivons dans un environnement de pollution \u00e9lectromagn\u00e9tique g\u00e9n\u00e9r\u00e9e par les antennes de t\u00e9l\u00e9phonie, les Wi-Fi, les t\u00e9l\u00e9phones mobiles, les r\u00e9seaux \u00e0 haute tension, les radars, les appareils \u00e9lectrom\u00e9nagers, et d&rsquo;autres \u00e9metteurs.<\/p>\n","protected":false},"author":1,"featured_media":3507,"parent":0,"menu_order":0,"comment_status":"closed","ping_status":"closed","template":"","meta":{"footnotes":""},"class_list":["post-8264","page","type-page","status-publish","has-post-thumbnail","hentry"],"yoast_head":"<!-- This site is optimized with the Yoast SEO plugin v24.9 - https:\/\/yoast.com\/wordpress\/plugins\/seo\/ -->\n<title>Fonctionnement des dispositifs - Pranan<\/title>\n<meta name=\"robots\" content=\"index, follow, max-snippet:-1, max-image-preview:large, max-video-preview:-1\" \/>\n<link rel=\"canonical\" href=\"https:\/\/www.pranan.com\/funcionamiento-dispositivos\/\" \/>\n<meta property=\"og:locale\" content=\"fr_FR\" \/>\n<meta property=\"og:type\" content=\"article\" \/>\n<meta property=\"og:title\" content=\"Fonctionnement des dispositifs - Pranan\" \/>\n<meta property=\"og:description\" content=\"Aujourd&#039;hui, nous vivons dans un environnement de pollution \u00e9lectromagn\u00e9tique g\u00e9n\u00e9r\u00e9e par les antennes de t\u00e9l\u00e9phonie, les Wi-Fi, les t\u00e9l\u00e9phones mobiles, les r\u00e9seaux \u00e0 haute tension, les radars, les appareils \u00e9lectrom\u00e9nagers, et d&#039;autres \u00e9metteurs.\" \/>\n<meta property=\"og:url\" content=\"https:\/\/www.pranan.com\/funcionamiento-dispositivos\/\" \/>\n<meta property=\"og:site_name\" content=\"Pranan\" \/>\n<meta property=\"article:modified_time\" content=\"2024-06-27T18:04:25+00:00\" \/>\n<meta property=\"og:image\" content=\"https:\/\/www.pranan.com\/wp-content\/uploads\/2016\/09\/hero_inner_page.jpg\" \/>\n\t<meta property=\"og:image:width\" content=\"1280\" \/>\n\t<meta property=\"og:image:height\" content=\"640\" \/>\n\t<meta property=\"og:image:type\" content=\"image\/jpeg\" \/>\n<meta name=\"twitter:card\" content=\"summary_large_image\" \/>\n<meta name=\"twitter:label1\" content=\"Dur\u00e9e de lecture estim\u00e9e\" \/>\n\t<meta name=\"twitter:data1\" content=\"7 minutes\" \/>\n<script type=\"application\/ld+json\" class=\"yoast-schema-graph\">{\"@context\":\"https:\/\/schema.org\",\"@graph\":[{\"@type\":\"WebPage\",\"@id\":\"https:\/\/www.pranan.com\/funcionamiento-dispositivos\/\",\"url\":\"https:\/\/www.pranan.com\/funcionamiento-dispositivos\/\",\"name\":\"Fonctionnement des dispositifs - Pranan\",\"isPartOf\":{\"@id\":\"https:\/\/www.pranan.com\/#website\"},\"primaryImageOfPage\":{\"@id\":\"https:\/\/www.pranan.com\/funcionamiento-dispositivos\/#primaryimage\"},\"image\":{\"@id\":\"https:\/\/www.pranan.com\/funcionamiento-dispositivos\/#primaryimage\"},\"thumbnailUrl\":\"https:\/\/www.pranan.com\/wp-content\/uploads\/2016\/09\/hero_inner_page.jpg\",\"datePublished\":\"2022-06-15T21:10:59+00:00\",\"dateModified\":\"2024-06-27T18:04:25+00:00\",\"breadcrumb\":{\"@id\":\"https:\/\/www.pranan.com\/funcionamiento-dispositivos\/#breadcrumb\"},\"inLanguage\":\"fr-FR\",\"potentialAction\":[{\"@type\":\"ReadAction\",\"target\":[\"https:\/\/www.pranan.com\/funcionamiento-dispositivos\/\"]}]},{\"@type\":\"ImageObject\",\"inLanguage\":\"fr-FR\",\"@id\":\"https:\/\/www.pranan.com\/funcionamiento-dispositivos\/#primaryimage\",\"url\":\"https:\/\/www.pranan.com\/wp-content\/uploads\/2016\/09\/hero_inner_page.jpg\",\"contentUrl\":\"https:\/\/www.pranan.com\/wp-content\/uploads\/2016\/09\/hero_inner_page.jpg\",\"width\":1280,\"height\":640},{\"@type\":\"BreadcrumbList\",\"@id\":\"https:\/\/www.pranan.com\/funcionamiento-dispositivos\/#breadcrumb\",\"itemListElement\":[{\"@type\":\"ListItem\",\"position\":1,\"name\":\"Portada\",\"item\":\"https:\/\/www.pranan.com\/fr\/\"},{\"@type\":\"ListItem\",\"position\":2,\"name\":\"Fonctionnement des dispositifs\"}]},{\"@type\":\"WebSite\",\"@id\":\"https:\/\/www.pranan.com\/#website\",\"url\":\"https:\/\/www.pranan.com\/\",\"name\":\"Pranan\",\"description\":\"Researching Center\",\"potentialAction\":[{\"@type\":\"SearchAction\",\"target\":{\"@type\":\"EntryPoint\",\"urlTemplate\":\"https:\/\/www.pranan.com\/?s={search_term_string}\"},\"query-input\":{\"@type\":\"PropertyValueSpecification\",\"valueRequired\":true,\"valueName\":\"search_term_string\"}}],\"inLanguage\":\"fr-FR\"}]}<\/script>\n<!-- \/ Yoast SEO plugin. -->","yoast_head_json":{"title":"Fonctionnement des dispositifs - Pranan","robots":{"index":"index","follow":"follow","max-snippet":"max-snippet:-1","max-image-preview":"max-image-preview:large","max-video-preview":"max-video-preview:-1"},"canonical":"https:\/\/www.pranan.com\/funcionamiento-dispositivos\/","og_locale":"fr_FR","og_type":"article","og_title":"Fonctionnement des dispositifs - Pranan","og_description":"Aujourd'hui, nous vivons dans un environnement de pollution \u00e9lectromagn\u00e9tique g\u00e9n\u00e9r\u00e9e par les antennes de t\u00e9l\u00e9phonie, les Wi-Fi, les t\u00e9l\u00e9phones mobiles, les r\u00e9seaux \u00e0 haute tension, les radars, les appareils \u00e9lectrom\u00e9nagers, et d'autres \u00e9metteurs.","og_url":"https:\/\/www.pranan.com\/funcionamiento-dispositivos\/","og_site_name":"Pranan","article_modified_time":"2024-06-27T18:04:25+00:00","og_image":[{"width":1280,"height":640,"url":"https:\/\/www.pranan.com\/wp-content\/uploads\/2016\/09\/hero_inner_page.jpg","type":"image\/jpeg"}],"twitter_card":"summary_large_image","twitter_misc":{"Dur\u00e9e de lecture estim\u00e9e":"7 minutes"},"schema":{"@context":"https:\/\/schema.org","@graph":[{"@type":"WebPage","@id":"https:\/\/www.pranan.com\/funcionamiento-dispositivos\/","url":"https:\/\/www.pranan.com\/funcionamiento-dispositivos\/","name":"Fonctionnement des dispositifs - Pranan","isPartOf":{"@id":"https:\/\/www.pranan.com\/#website"},"primaryImageOfPage":{"@id":"https:\/\/www.pranan.com\/funcionamiento-dispositivos\/#primaryimage"},"image":{"@id":"https:\/\/www.pranan.com\/funcionamiento-dispositivos\/#primaryimage"},"thumbnailUrl":"https:\/\/www.pranan.com\/wp-content\/uploads\/2016\/09\/hero_inner_page.jpg","datePublished":"2022-06-15T21:10:59+00:00","dateModified":"2024-06-27T18:04:25+00:00","breadcrumb":{"@id":"https:\/\/www.pranan.com\/funcionamiento-dispositivos\/#breadcrumb"},"inLanguage":"fr-FR","potentialAction":[{"@type":"ReadAction","target":["https:\/\/www.pranan.com\/funcionamiento-dispositivos\/"]}]},{"@type":"ImageObject","inLanguage":"fr-FR","@id":"https:\/\/www.pranan.com\/funcionamiento-dispositivos\/#primaryimage","url":"https:\/\/www.pranan.com\/wp-content\/uploads\/2016\/09\/hero_inner_page.jpg","contentUrl":"https:\/\/www.pranan.com\/wp-content\/uploads\/2016\/09\/hero_inner_page.jpg","width":1280,"height":640},{"@type":"BreadcrumbList","@id":"https:\/\/www.pranan.com\/funcionamiento-dispositivos\/#breadcrumb","itemListElement":[{"@type":"ListItem","position":1,"name":"Portada","item":"https:\/\/www.pranan.com\/fr\/"},{"@type":"ListItem","position":2,"name":"Fonctionnement des dispositifs"}]},{"@type":"WebSite","@id":"https:\/\/www.pranan.com\/#website","url":"https:\/\/www.pranan.com\/","name":"Pranan","description":"Researching Center","potentialAction":[{"@type":"SearchAction","target":{"@type":"EntryPoint","urlTemplate":"https:\/\/www.pranan.com\/?s={search_term_string}"},"query-input":{"@type":"PropertyValueSpecification","valueRequired":true,"valueName":"search_term_string"}}],"inLanguage":"fr-FR"}]}},"_links":{"self":[{"href":"https:\/\/www.pranan.com\/fr\/wp-json\/wp\/v2\/pages\/8264","targetHints":{"allow":["GET"]}}],"collection":[{"href":"https:\/\/www.pranan.com\/fr\/wp-json\/wp\/v2\/pages"}],"about":[{"href":"https:\/\/www.pranan.com\/fr\/wp-json\/wp\/v2\/types\/page"}],"author":[{"embeddable":true,"href":"https:\/\/www.pranan.com\/fr\/wp-json\/wp\/v2\/users\/1"}],"replies":[{"embeddable":true,"href":"https:\/\/www.pranan.com\/fr\/wp-json\/wp\/v2\/comments?post=8264"}],"version-history":[{"count":2,"href":"https:\/\/www.pranan.com\/fr\/wp-json\/wp\/v2\/pages\/8264\/revisions"}],"predecessor-version":[{"id":8267,"href":"https:\/\/www.pranan.com\/fr\/wp-json\/wp\/v2\/pages\/8264\/revisions\/8267"}],"wp:featuredmedia":[{"embeddable":true,"href":"https:\/\/www.pranan.com\/fr\/wp-json\/wp\/v2\/media\/3507"}],"wp:attachment":[{"href":"https:\/\/www.pranan.com\/fr\/wp-json\/wp\/v2\/media?parent=8264"}],"curies":[{"name":"wp","href":"https:\/\/api.w.org\/{rel}","templated":true}]}}