{"id":6823,"date":"2022-09-07T20:25:37","date_gmt":"2022-09-07T18:25:37","guid":{"rendered":"https:\/\/www.pranan.com\/frequency-generator-system\/"},"modified":"2023-05-03T14:01:39","modified_gmt":"2023-05-03T12:01:39","slug":"frequency-generator-system","status":"publish","type":"page","link":"https:\/\/www.pranan.com\/fr\/frequency-generator-system\/","title":{"rendered":"Frequency Generator System"},"content":{"rendered":"<section id=\"bt_section69f392a17f62b\"  class=\"boldSection topSemiSpaced gutter boxed inherit\" ><div class=\"port\"><div class=\"boldCell\"><div class=\"boldCellInner\"><div class=\"boldRow \" ><div class=\"boldRowInner\"><div class=\"rowItem col-md-12 col-ms-12  btTextLeft animate animate-fadein inherit\"  data-width=\"12\"><div class=\"rowItemContent\" ><header class=\"header btClear medium btDash bottomDash  regular\" ><div class=\"dash\"><h3><span class=\"headline\">Fr\u00e9quences binaurales r\u00e9g\u00e9n\u00e9ratrices dans le t\u00e9l\u00e9phone portable<\/span><\/h3><\/div><div class=\"btSubTitle\">Pranan Technologies met \u00e0 votre disposition des fr\u00e9quences r\u00e9g\u00e9n\u00e9ratrices \u00e0 installer dans votre portable. Ces fr\u00e9quences sont destin\u00e9es \u00e0 favoriser notre bien-\u00eatre en supprimant le \u00ab bruit cellulaire \u00bb que provoque dans notre organisme la pollution \u00e9lectromagn\u00e9tique.<\/div><\/header><div class=\"btText\" ><p>Il suffit d\u2019installer l\u2019application Frequency Generator de Pranan puis d\u2019appliquer ces fr\u00e9quences sur l\u2019organisme pendant quelques minutes par le biais de s\u00e9ances auditives (\u00e9couteurs). L\u2019application n\u2019est actuellement disponible que pour les t\u00e9l\u00e9phones portables utilisant le syst\u00e8me d\u2019exploitation Android (bient\u00f4t aussi pour IOs).<\/p>\n<div class=\"mceTemp\"><\/div>\n<\/div><div class=\"btClear btSeparator topSmallSpaced noBorder\" ><hr><\/div><div class=\"btClear btSeparator topSmallSpaced bottomSemiSpaced noBorder\" ><hr><\/div><\/div><\/div><\/div><\/div><\/div><\/div><\/div><\/section><section id=\"bt_section69f392a180361\"  class=\"boldSection topSmallSpaced bottomSmallSpaced btDarkSkin btAccentColorBackground gutter boxed inherit\" ><div class=\"port\"><div class=\"boldCell\"><div class=\"boldCellInner\"><div class=\"boldRow \" ><div class=\"boldRowInner\"><div class=\"rowItem col-md-8 col-ms-12 btTextLeft btMiddleVertical\"  data-width=\"8\"><div class=\"rowItemContent\" ><div class=\"btClear btSeparator topSmallSpaced noBorder\" ><hr><\/div><div class=\"btText\" ><blockquote>\n<h5>Pour trouver l\u2019application dans le Play Store, recherchez le mot \u00abPranan\u00bb.<\/h5>\n<\/blockquote>\n<\/div><div class=\"btClear btSeparator topSmallSpaced noBorder\" ><hr><\/div><\/div><\/div><div class=\"rowItem col-md-4 col-ms-12 btTextCenter btMiddleVertical\"  data-width=\"4\"><div class=\"rowItemContent\" ><div class=\"btClear btSeparator topSmallSpaced noBorder\" ><hr><\/div><div class=\"btText\" ><p><img loading=\"lazy\" decoding=\"async\" class=\"alignnone size-full wp-image-5670\" src=\"https:\/\/www.pranan.com\/wp-content\/uploads\/2022\/09\/logo_app.png\" alt=\"\" width=\"85\" height=\"85\" \/><br \/>\n<em>Voici l\u2019ic\u00f4ne<\/em> <i>d\u2019identification<\/i> <em>de l\u2019application<\/em><\/p>\n<\/div><div class=\"btClear btSeparator topSmallSpaced noBorder\" ><hr><\/div><\/div><\/div><\/div><\/div><\/div><\/div><\/div><\/section><section id=\"bt_section69f392a1812bc\"  class=\"boldSection topSemiSpaced gutter boxed inherit\" ><div class=\"port\"><div class=\"boldCell\"><div class=\"boldCellInner\"><div class=\"boldRow \" ><div class=\"boldRowInner\"><div class=\"rowItem col-md-6 col-sm-12 btTextLeft animate animate-fadein inherit\"  data-width=\"6\"><div class=\"rowItemContent\" ><div class=\"btTabs tabsVertical\"><ul class=\"tabsHeader\"><li><span>Comment fonctionnent les fr\u00e9quences?<\/span><\/li><li><span>Que sont les fr\u00e9quences binaurales?<\/span><\/li><li><span>Quelles sont les fr\u00e9quences disponibles?<\/span><\/li><li><span>Comment reconna\u00eetre l\u2019application de Pranan?<\/span><\/li><li><span>Quelles sont les preuves de l\u2019efficacit\u00e9 de ces fr\u00e9quences?<\/span><\/li><\/ul><div class=\"tabPanes accordionPanes\"><div class=\"tabPane\">\n\t\t\t<div class=\"tabAccordionTitle\"><span>Comment fonctionnent les fr\u00e9quences?<\/span><\/div>\n\t\t\t<div class=\"tabAccordionContent\"><div class=\"btClear btSeparator topSmallSpaced noBorder\" ><hr><\/div><div class=\"btText\" ><p>Elles reproduisent les modulations de synchronisation binaurales et monaurales, g\u00e9n\u00e9rant des stimuli par la voie auditive, convertissant les ondes de pression acoustique en potentiels d\u2019actions neuronaux par transduction m\u00e9cano\u00e9lectrique.<\/p>\n<\/div><div class=\"btClear btSeparator topSmallSpaced noBorder\" ><hr><\/div><\/div>\n\t\t<\/div><div class=\"tabPane\">\n\t\t\t<div class=\"tabAccordionTitle\"><span>Que sont les fr\u00e9quences binaurales?<\/span><\/div>\n\t\t\t<div class=\"tabAccordionContent\"><div class=\"btClear btSeparator topSmallSpaced noBorder\" ><hr><\/div><div class=\"btText\" ><p>Le son binaural est cr\u00e9\u00e9 lorsque deux fr\u00e9quences diff\u00e9rentes sont appliqu\u00e9es \u00e0 chaque oreille. Le cerveau per\u00e7oit un seul son, une fr\u00e9quence qui correspond \u00e0 la diff\u00e9rence entre les deux.<\/p>\n<\/div><div class=\"btClear btSeparator topSmallSpaced noBorder\" ><hr><\/div><\/div>\n\t\t<\/div><div class=\"tabPane\">\n\t\t\t<div class=\"tabAccordionTitle\"><span>Quelles sont les fr\u00e9quences disponibles?<\/span><\/div>\n\t\t\t<div class=\"tabAccordionContent\"><div class=\"btClear btSeparator topSmallSpaced noBorder\" ><hr><\/div><div class=\"btText\" ><p>Actuellement, l\u2019application comprend trois types de fr\u00e9quences : la RELAX 8R5, qui facilite et induit des \u00e9tats de d\u00e9tente et de repos, la VITALIZER, qui dynamise et harmonise l\u2019\u00e9nergie vitale et enfin la REGENERATOR, qui vise \u00e0 \u00e9liminer le bruit cellulaire et sa r\u00e9g\u00e9n\u00e9ration.<\/p>\n<\/div><div class=\"btClear btSeparator topSmallSpaced noBorder\" ><hr><\/div><\/div>\n\t\t<\/div><div class=\"tabPane\">\n\t\t\t<div class=\"tabAccordionTitle\"><span>Comment reconna\u00eetre l\u2019application de Pranan?<\/span><\/div>\n\t\t\t<div class=\"tabAccordionContent\"><div class=\"btClear btSeparator topSmallSpaced noBorder\" ><hr><\/div><div class=\"btText\" ><p>Vous pouvez l\u2019identifier avec l\u2019ic\u00f4ne du \u00abP\u00bb blanc sur fond bleu. Elle est facile \u00e0 trouver avec le mot \u00abpranan\u00bb dans le moteur de recherche de Play Store.<\/p>\n<figure id=\"attachment_5582\" aria-describedby=\"caption-attachment-5582\" style=\"width: 160px\" class=\"wp-caption alignnone\"><img loading=\"lazy\" decoding=\"async\" class=\"wp-image-5582 size-thumbnail\" src=\"https:\/\/www.pranan.com\/wp-content\/uploads\/2022\/09\/logo_app-160x160.jpeg\" alt=\"\" width=\"160\" height=\"160\" srcset=\"https:\/\/www.pranan.com\/wp-content\/uploads\/2022\/09\/logo_app-160x160.jpeg 160w, https:\/\/www.pranan.com\/wp-content\/uploads\/2022\/09\/logo_app-100x100.jpeg 100w\" sizes=\"auto, (max-width: 160px) 100vw, 160px\" \/><figcaption id=\"caption-attachment-5582\" class=\"wp-caption-text\">*Aper\u00e7u de l\u2019ic\u00f4ne de l\u2019application<\/figcaption><\/figure>\n<\/div><div class=\"btClear btSeparator topSmallSpaced noBorder\" ><hr><\/div><\/div>\n\t\t<\/div><div class=\"tabPane\">\n\t\t\t<div class=\"tabAccordionTitle\"><span>Quelles sont les preuves de l\u2019efficacit\u00e9 de ces fr\u00e9quences?<\/span><\/div>\n\t\t\t<div class=\"tabAccordionContent\"><div class=\"btClear btSeparator topSmallSpaced noBorder\" ><hr><\/div><div class=\"btText\" ><p>Un essai clinique men\u00e9 par des m\u00e9decins de la clinique Digestalia de Barcelone, qui constitue une \u00e9tape importante dans la v\u00e9rification que, gr\u00e2ce \u00e0 une audition d\u2019ondes binaurales Pranan, des changements tr\u00e8s significatifs se produisent sur les \u00e9chantillons de sang analys\u00e9s des patients qui se sont soumis \u00e0 cet essai.<\/p>\n<\/div><div class=\"btClear btSeparator topSmallSpaced noBorder\" ><hr><\/div><\/div>\n\t\t<\/div><\/div><\/div><div class=\"btClear btSeparator bottomSemiSpaced border\" ><hr><\/div><\/div><\/div><div class=\"rowItem col-md-6 col-sm-12 btTextLeft animate animate-fadein inherit\"  data-width=\"6\"><div class=\"rowItemContent\" ><div class=\"btTabs tabsVertical\"><ul class=\"tabsHeader\"><li><span>Quelle fr\u00e9quence a \u00e9t\u00e9 utilis\u00e9e dans l\u2019essai clinique?<\/span><\/li><li><span>Quelles sont les informations n\u00e9cessaires pour installer l\u2019application?<\/span><\/li><li><span>Comment fonctionne l\u2019application?<\/span><\/li><li><span>Comment appliquer les fr\u00e9quences?<\/span><\/li><\/ul><div class=\"tabPanes accordionPanes\"><div class=\"tabPane\">\n\t\t\t<div class=\"tabAccordionTitle\"><span>Quelle fr\u00e9quence a \u00e9t\u00e9 utilis\u00e9e dans l\u2019essai clinique?<\/span><\/div>\n\t\t\t<div class=\"tabAccordionContent\"><div class=\"btClear btSeparator topSmallSpaced noBorder\" ><hr><\/div><div class=\"btText\" ><p>Celle appel\u00e9e REGENERATOR, qui vise \u00e0 \u00e9liminer le \u00abbruit cellulaire \u00bb.<\/p>\n<\/div><div class=\"btClear btSeparator topSmallSpaced noBorder\" ><hr><\/div><\/div>\n\t\t<\/div><div class=\"tabPane\">\n\t\t\t<div class=\"tabAccordionTitle\"><span>Quelles sont les informations n\u00e9cessaires pour installer l\u2019application?<\/span><\/div>\n\t\t\t<div class=\"tabAccordionContent\"><div class=\"btClear btSeparator topSmallSpaced noBorder\" ><hr><\/div><div class=\"btText\" ><p>Lorsque vous installez l\u2019application, un formulaire simple s\u2019affiche ; vous devez y saisir un nom d\u2019utilisateur, l\u2019indicatif t\u00e9l\u00e9phonique international (p. ex. +33), votre num\u00e9ro de t\u00e9l\u00e9phone et un email.<\/p>\n<figure id=\"attachment_5585\" aria-describedby=\"caption-attachment-5585\" style=\"width: 284px\" class=\"wp-caption alignnone\"><img loading=\"lazy\" decoding=\"async\" class=\"wp-image-5585\" src=\"https:\/\/www.pranan.com\/wp-content\/uploads\/2022\/09\/01_formulaio-640x1353.jpeg\" alt=\"\" width=\"284\" height=\"600\" srcset=\"https:\/\/www.pranan.com\/wp-content\/uploads\/2022\/09\/01_formulaio-640x1353.jpeg 640w, https:\/\/www.pranan.com\/wp-content\/uploads\/2022\/09\/01_formulaio-600x1268.jpeg 600w, https:\/\/www.pranan.com\/wp-content\/uploads\/2022\/09\/01_formulaio-727x1536.jpeg 727w, https:\/\/www.pranan.com\/wp-content\/uploads\/2022\/09\/01_formulaio-320x676.jpeg 320w, https:\/\/www.pranan.com\/wp-content\/uploads\/2022\/09\/01_formulaio.jpeg 757w\" sizes=\"auto, (max-width: 284px) 100vw, 284px\" \/><figcaption id=\"caption-attachment-5585\" class=\"wp-caption-text\">* Aper\u00e7u du formulaire de l\u2019application<\/figcaption><\/figure>\n<\/div><div class=\"btClear btSeparator topSmallSpaced noBorder\" ><hr><\/div><\/div>\n\t\t<\/div><div class=\"tabPane\">\n\t\t\t<div class=\"tabAccordionTitle\"><span>Comment fonctionne l\u2019application?<\/span><\/div>\n\t\t\t<div class=\"tabAccordionContent\"><div class=\"btClear btSeparator topSmallSpaced noBorder\" ><hr><\/div><div class=\"btText\" ><p>Une fois install\u00e9e, vous pouvez acc\u00e9der \u00e0 toutes les fr\u00e9quences. La fr\u00e9quence active s\u2019affiche sur l\u2019\u00e9cran d\u2019accueil et les fr\u00e9quences premium sont dans la biblioth\u00e8que. Vous devez vous abonner pour y acc\u00e9der et il suffit de cliquer dessus pour la d\u00e9sactiver.<\/p>\n<figure id=\"attachment_5588\" aria-describedby=\"caption-attachment-5588\" style=\"width: 284px\" class=\"wp-caption alignnone\"><img loading=\"lazy\" decoding=\"async\" class=\"wp-image-5588\" src=\"https:\/\/www.pranan.com\/wp-content\/uploads\/2022\/09\/03hmeapp-640x1351.jpeg\" alt=\"\" width=\"284\" height=\"600\" srcset=\"https:\/\/www.pranan.com\/wp-content\/uploads\/2022\/09\/03hmeapp-640x1351.jpeg 640w, https:\/\/www.pranan.com\/wp-content\/uploads\/2022\/09\/03hmeapp-600x1267.jpeg 600w, https:\/\/www.pranan.com\/wp-content\/uploads\/2022\/09\/03hmeapp-728x1536.jpeg 728w, https:\/\/www.pranan.com\/wp-content\/uploads\/2022\/09\/03hmeapp-320x676.jpeg 320w, https:\/\/www.pranan.com\/wp-content\/uploads\/2022\/09\/03hmeapp.jpeg 970w\" sizes=\"auto, (max-width: 284px) 100vw, 284px\" \/><figcaption id=\"caption-attachment-5588\" class=\"wp-caption-text\">* Aper\u00e7u de l\u2019accueil de l\u2019application<\/figcaption><\/figure>\n<\/div><div class=\"btClear btSeparator topSmallSpaced noBorder\" ><hr><\/div><\/div>\n\t\t<\/div><div class=\"tabPane\">\n\t\t\t<div class=\"tabAccordionTitle\"><span>Comment appliquer les fr\u00e9quences?<\/span><\/div>\n\t\t\t<div class=\"tabAccordionContent\"><div class=\"btClear btSeparator topSmallSpaced noBorder\" ><hr><\/div><div class=\"btText\" ><p>Il est recommand\u00e9 d\u2019\u00e9couter les fr\u00e9quences avec des \u00e9couteurs et le volume moyen\/faible pendant environ trois minutes, chaque fois que n\u00e9cessaire. Vous pouvez r\u00e9aliser cette op\u00e9ration avec les yeux ferm\u00e9s, en visualisant bien les images qui apparaissent dans l\u2019application. Pour activer la fr\u00e9quence souhait\u00e9e, il suffit de cliquer sur le bouton correspondant.<\/p>\n<\/div><div class=\"btClear btSeparator topSmallSpaced noBorder\" ><hr><\/div><\/div>\n\t\t<\/div><\/div><\/div><div class=\"btClear btSeparator bottomSemiSpaced border\" ><hr><\/div><\/div><\/div><\/div><\/div><\/div><\/div><\/div><\/section><section id=\"bt_section69f392a185757\"  class=\"boldSection topSemiSpaced gutter boxed inherit\" ><div class=\"port\"><div class=\"boldCell\"><div class=\"boldCellInner\"><div class=\"boldRow \" ><div class=\"boldRowInner\"><div class=\"rowItem col-md-12 col-ms-12  btTextLeft\"  data-width=\"12\"><div class=\"rowItemContent\" ><div class=\"btClear btSeparator bottomSemiSpaced border\" ><hr><\/div><header class=\"header btClear small btDash bottomDash  regular\" ><div class=\"dash\"><h4><span class=\"headline\">Voici quelques images de l\u2019application<\/span><\/h4><\/div><\/header><\/div><\/div><\/div><\/div><div class=\"boldRow \" ><div class=\"boldRowInner\"><div class=\"rowItem col-md-4 col-ms-12 btTextCenter btBottomVertical\"  data-width=\"4\"><div class=\"rowItemContent\" ><div class=\"btClear btSeparator topSmallSpaced bottomSmallSpaced noBorder\" ><hr><\/div><div class=\"btText\" ><figure id=\"attachment_5585\" aria-describedby=\"caption-attachment-5585\" style=\"width: 284px\" class=\"wp-caption alignnone\"><img loading=\"lazy\" decoding=\"async\" class=\"wp-image-5585\" src=\"https:\/\/www.pranan.com\/wp-content\/uploads\/2022\/09\/01_formulaio-640x1353.jpeg\" alt=\"\" width=\"284\" height=\"600\" srcset=\"https:\/\/www.pranan.com\/wp-content\/uploads\/2022\/09\/01_formulaio-640x1353.jpeg 640w, https:\/\/www.pranan.com\/wp-content\/uploads\/2022\/09\/01_formulaio-600x1268.jpeg 600w, https:\/\/www.pranan.com\/wp-content\/uploads\/2022\/09\/01_formulaio-727x1536.jpeg 727w, https:\/\/www.pranan.com\/wp-content\/uploads\/2022\/09\/01_formulaio-320x676.jpeg 320w, https:\/\/www.pranan.com\/wp-content\/uploads\/2022\/09\/01_formulaio.jpeg 757w\" sizes=\"auto, (max-width: 284px) 100vw, 284px\" \/><figcaption id=\"caption-attachment-5585\" class=\"wp-caption-text\">* Formulaire de l\u2019application<\/figcaption><\/figure>\n<\/div><\/div><\/div><div class=\"rowItem col-md-4 col-ms-12 btTextCenter btBottomVertical\"  data-width=\"4\"><div class=\"rowItemContent\" ><div class=\"btClear btSeparator topSmallSpaced bottomSmallSpaced noBorder\" ><hr><\/div><div class=\"btText\" ><figure id=\"attachment_5585\" aria-describedby=\"caption-attachment-5585\" style=\"width: 284px\" class=\"wp-caption alignnone\"><img loading=\"lazy\" decoding=\"async\" class=\"wp-image-5585\" src=\"https:\/\/www.pranan.com\/wp-content\/uploads\/2022\/09\/portada_app.jpg\" alt=\"\" width=\"284\" height=\"600\" \/><figcaption id=\"caption-attachment-5585\" class=\"wp-caption-text\">* Page de pr\u00e9sentation de l\u2019application<\/figcaption><\/figure>\n<\/div><\/div><\/div><div class=\"rowItem col-md-4 col-ms-12 btTextCenter btBottomVertical\"  data-width=\"4\"><div class=\"rowItemContent\" ><div class=\"btClear btSeparator topSmallSpaced bottomSmallSpaced noBorder\" ><hr><\/div><div class=\"btText\" ><figure id=\"attachment_5585\" aria-describedby=\"caption-attachment-5585\" style=\"width: 284px\" class=\"wp-caption alignnone\"><img loading=\"lazy\" decoding=\"async\" class=\"wp-image-5585\" src=\"https:\/\/www.pranan.com\/wp-content\/uploads\/2022\/09\/03hmeapp.jpeg\" alt=\"\" width=\"284\" height=\"600\" \/><figcaption id=\"caption-attachment-5585\" class=\"wp-caption-text\">* Accueil de l\u2019application<\/figcaption><\/figure>\n<\/div><\/div><\/div><\/div><\/div><div class=\"boldRow \" ><div class=\"boldRowInner\"><div class=\"rowItem col-md-12 col-ms-12  btTextLeft\"  data-width=\"12\"><div class=\"rowItemContent\" ><div class=\"btClear btSeparator topSmallSpaced bottomSemiSpaced noBorder\" ><hr><\/div><\/div><\/div><\/div><\/div><div class=\"boldRow \" ><div class=\"boldRowInner\"><div class=\"rowItem col-md-12 col-ms-12  btTextCenter btMiddleVertical\"  data-width=\"12\"><div class=\"rowItemContent\" ><div class=\"btClear btSeparator bottomSmallSpaced noBorder\" ><hr><\/div><div class=\"bpgPhoto btDefaultHoverType frequency-generator-system\" ><div class = \"btImage\"><img decoding=\"async\" src=\"https:\/\/www.pranan.com\/wp-content\/uploads\/2023\/05\/boton-ensayo-frecuencias-recto-fr.jpg\" alt=\"\" title=\"\"><\/div><\/div><div class=\"btClear btSeparator topSemiSpaced bottomSmallSpaced noBorder\" ><hr><\/div><\/div><\/div><\/div><\/div><\/div><\/div><\/div><\/section>\n","protected":false},"excerpt":{"rendered":"<p>Fr\u00e9quences binaurales r\u00e9g\u00e9n\u00e9ratrices<\/p>\n","protected":false},"author":1,"featured_media":4402,"parent":0,"menu_order":0,"comment_status":"closed","ping_status":"closed","template":"","meta":{"footnotes":""},"class_list":["post-6823","page","type-page","status-publish","has-post-thumbnail","hentry"],"yoast_head":"<!-- This site is optimized with the Yoast SEO plugin v24.9 - https:\/\/yoast.com\/wordpress\/plugins\/seo\/ -->\n<title>Frequency Generator System - Pranan<\/title>\n<meta name=\"robots\" content=\"index, follow, max-snippet:-1, max-image-preview:large, max-video-preview:-1\" \/>\n<link rel=\"canonical\" href=\"https:\/\/www.pranan.com\/frequency-generator-system\/\" \/>\n<meta property=\"og:locale\" content=\"fr_FR\" \/>\n<meta property=\"og:type\" content=\"article\" \/>\n<meta property=\"og:title\" content=\"Frequency Generator System - Pranan\" \/>\n<meta property=\"og:description\" content=\"Fr\u00e9quences binaurales r\u00e9g\u00e9n\u00e9ratrices\" \/>\n<meta property=\"og:url\" content=\"https:\/\/www.pranan.com\/frequency-generator-system\/\" \/>\n<meta property=\"og:site_name\" content=\"Pranan\" \/>\n<meta property=\"article:modified_time\" content=\"2023-05-03T12:01:39+00:00\" \/>\n<meta property=\"og:image\" content=\"https:\/\/www.pranan.com\/wp-content\/uploads\/2022\/06\/cabecera-ensayos-4.jpg\" \/>\n\t<meta property=\"og:image:width\" content=\"1920\" \/>\n\t<meta property=\"og:image:height\" content=\"450\" \/>\n\t<meta property=\"og:image:type\" content=\"image\/jpeg\" \/>\n<meta name=\"twitter:card\" content=\"summary_large_image\" \/>\n<meta name=\"twitter:label1\" content=\"Dur\u00e9e de lecture estim\u00e9e\" \/>\n\t<meta name=\"twitter:data1\" content=\"10 minutes\" \/>\n<script type=\"application\/ld+json\" class=\"yoast-schema-graph\">{\"@context\":\"https:\/\/schema.org\",\"@graph\":[{\"@type\":\"WebPage\",\"@id\":\"https:\/\/www.pranan.com\/frequency-generator-system\/\",\"url\":\"https:\/\/www.pranan.com\/frequency-generator-system\/\",\"name\":\"Frequency Generator System - Pranan\",\"isPartOf\":{\"@id\":\"https:\/\/www.pranan.com\/#website\"},\"primaryImageOfPage\":{\"@id\":\"https:\/\/www.pranan.com\/frequency-generator-system\/#primaryimage\"},\"image\":{\"@id\":\"https:\/\/www.pranan.com\/frequency-generator-system\/#primaryimage\"},\"thumbnailUrl\":\"https:\/\/www.pranan.com\/wp-content\/uploads\/2022\/06\/cabecera-ensayos-4.jpg\",\"datePublished\":\"2022-09-07T18:25:37+00:00\",\"dateModified\":\"2023-05-03T12:01:39+00:00\",\"breadcrumb\":{\"@id\":\"https:\/\/www.pranan.com\/frequency-generator-system\/#breadcrumb\"},\"inLanguage\":\"fr-FR\",\"potentialAction\":[{\"@type\":\"ReadAction\",\"target\":[\"https:\/\/www.pranan.com\/frequency-generator-system\/\"]}]},{\"@type\":\"ImageObject\",\"inLanguage\":\"fr-FR\",\"@id\":\"https:\/\/www.pranan.com\/frequency-generator-system\/#primaryimage\",\"url\":\"https:\/\/www.pranan.com\/wp-content\/uploads\/2022\/06\/cabecera-ensayos-4.jpg\",\"contentUrl\":\"https:\/\/www.pranan.com\/wp-content\/uploads\/2022\/06\/cabecera-ensayos-4.jpg\",\"width\":1920,\"height\":450},{\"@type\":\"BreadcrumbList\",\"@id\":\"https:\/\/www.pranan.com\/frequency-generator-system\/#breadcrumb\",\"itemListElement\":[{\"@type\":\"ListItem\",\"position\":1,\"name\":\"Portada\",\"item\":\"https:\/\/www.pranan.com\/fr\/\"},{\"@type\":\"ListItem\",\"position\":2,\"name\":\"Frequency Generator System\"}]},{\"@type\":\"WebSite\",\"@id\":\"https:\/\/www.pranan.com\/#website\",\"url\":\"https:\/\/www.pranan.com\/\",\"name\":\"Pranan\",\"description\":\"Researching Center\",\"potentialAction\":[{\"@type\":\"SearchAction\",\"target\":{\"@type\":\"EntryPoint\",\"urlTemplate\":\"https:\/\/www.pranan.com\/?s={search_term_string}\"},\"query-input\":{\"@type\":\"PropertyValueSpecification\",\"valueRequired\":true,\"valueName\":\"search_term_string\"}}],\"inLanguage\":\"fr-FR\"}]}<\/script>\n<!-- \/ Yoast SEO plugin. -->","yoast_head_json":{"title":"Frequency Generator System - Pranan","robots":{"index":"index","follow":"follow","max-snippet":"max-snippet:-1","max-image-preview":"max-image-preview:large","max-video-preview":"max-video-preview:-1"},"canonical":"https:\/\/www.pranan.com\/frequency-generator-system\/","og_locale":"fr_FR","og_type":"article","og_title":"Frequency Generator System - Pranan","og_description":"Fr\u00e9quences binaurales r\u00e9g\u00e9n\u00e9ratrices","og_url":"https:\/\/www.pranan.com\/frequency-generator-system\/","og_site_name":"Pranan","article_modified_time":"2023-05-03T12:01:39+00:00","og_image":[{"width":1920,"height":450,"url":"https:\/\/www.pranan.com\/wp-content\/uploads\/2022\/06\/cabecera-ensayos-4.jpg","type":"image\/jpeg"}],"twitter_card":"summary_large_image","twitter_misc":{"Dur\u00e9e de lecture estim\u00e9e":"10 minutes"},"schema":{"@context":"https:\/\/schema.org","@graph":[{"@type":"WebPage","@id":"https:\/\/www.pranan.com\/frequency-generator-system\/","url":"https:\/\/www.pranan.com\/frequency-generator-system\/","name":"Frequency Generator System - Pranan","isPartOf":{"@id":"https:\/\/www.pranan.com\/#website"},"primaryImageOfPage":{"@id":"https:\/\/www.pranan.com\/frequency-generator-system\/#primaryimage"},"image":{"@id":"https:\/\/www.pranan.com\/frequency-generator-system\/#primaryimage"},"thumbnailUrl":"https:\/\/www.pranan.com\/wp-content\/uploads\/2022\/06\/cabecera-ensayos-4.jpg","datePublished":"2022-09-07T18:25:37+00:00","dateModified":"2023-05-03T12:01:39+00:00","breadcrumb":{"@id":"https:\/\/www.pranan.com\/frequency-generator-system\/#breadcrumb"},"inLanguage":"fr-FR","potentialAction":[{"@type":"ReadAction","target":["https:\/\/www.pranan.com\/frequency-generator-system\/"]}]},{"@type":"ImageObject","inLanguage":"fr-FR","@id":"https:\/\/www.pranan.com\/frequency-generator-system\/#primaryimage","url":"https:\/\/www.pranan.com\/wp-content\/uploads\/2022\/06\/cabecera-ensayos-4.jpg","contentUrl":"https:\/\/www.pranan.com\/wp-content\/uploads\/2022\/06\/cabecera-ensayos-4.jpg","width":1920,"height":450},{"@type":"BreadcrumbList","@id":"https:\/\/www.pranan.com\/frequency-generator-system\/#breadcrumb","itemListElement":[{"@type":"ListItem","position":1,"name":"Portada","item":"https:\/\/www.pranan.com\/fr\/"},{"@type":"ListItem","position":2,"name":"Frequency Generator System"}]},{"@type":"WebSite","@id":"https:\/\/www.pranan.com\/#website","url":"https:\/\/www.pranan.com\/","name":"Pranan","description":"Researching Center","potentialAction":[{"@type":"SearchAction","target":{"@type":"EntryPoint","urlTemplate":"https:\/\/www.pranan.com\/?s={search_term_string}"},"query-input":{"@type":"PropertyValueSpecification","valueRequired":true,"valueName":"search_term_string"}}],"inLanguage":"fr-FR"}]}},"_links":{"self":[{"href":"https:\/\/www.pranan.com\/fr\/wp-json\/wp\/v2\/pages\/6823","targetHints":{"allow":["GET"]}}],"collection":[{"href":"https:\/\/www.pranan.com\/fr\/wp-json\/wp\/v2\/pages"}],"about":[{"href":"https:\/\/www.pranan.com\/fr\/wp-json\/wp\/v2\/types\/page"}],"author":[{"embeddable":true,"href":"https:\/\/www.pranan.com\/fr\/wp-json\/wp\/v2\/users\/1"}],"replies":[{"embeddable":true,"href":"https:\/\/www.pranan.com\/fr\/wp-json\/wp\/v2\/comments?post=6823"}],"version-history":[{"count":2,"href":"https:\/\/www.pranan.com\/fr\/wp-json\/wp\/v2\/pages\/6823\/revisions"}],"predecessor-version":[{"id":6831,"href":"https:\/\/www.pranan.com\/fr\/wp-json\/wp\/v2\/pages\/6823\/revisions\/6831"}],"wp:featuredmedia":[{"embeddable":true,"href":"https:\/\/www.pranan.com\/fr\/wp-json\/wp\/v2\/media\/4402"}],"wp:attachment":[{"href":"https:\/\/www.pranan.com\/fr\/wp-json\/wp\/v2\/media?parent=6823"}],"curies":[{"name":"wp","href":"https:\/\/api.w.org\/{rel}","templated":true}]}}