{"id":6805,"date":"2022-07-28T23:51:42","date_gmt":"2022-07-28T21:51:42","guid":{"rendered":"https:\/\/www.pranan.com\/principe-de-precaution\/"},"modified":"2023-05-02T20:49:45","modified_gmt":"2023-05-02T18:49:45","slug":"principe-de-precaution","status":"publish","type":"page","link":"https:\/\/www.pranan.com\/fr\/principe-de-precaution\/","title":{"rendered":"Principe de pr\u00e9caution"},"content":{"rendered":"<section id=\"bt_section69e9dc5270d4d\"  class=\"boldSection topSmallSpaced gutter boxed inherit\" ><div class=\"port\"><div class=\"boldCell\"><div class=\"boldCellInner\"><div class=\"boldRow \" ><div class=\"boldRowInner\"><div class=\"rowItem col-md-12 col-ms-12  btTextLeft animate animate-fadein inherit\"  data-width=\"12\"><div class=\"rowItemContent\" ><div class=\"btClear btSeparator topSemiSpaced noBorder\" ><hr><\/div><div class=\"btText\" ><h6>Dans la rubrique suivante, nous donnons une s\u00e9rie de conseils et de recommandations pour un usage responsable des nouvelles technologies. L\u2019objectif est d\u2019adopter des mesures appropri\u00e9es pour r\u00e9duire l\u2019exposition aux champs \u00e9lectromagn\u00e9tiques.<\/h6>\n<\/div><div class=\"btClear btSeparator topSmallSpaced noBorder\" ><hr><\/div><\/div><\/div><\/div><\/div><\/div><\/div><\/div><\/section><section id=\"bt_section69e9dc52717ba\"  class=\"boldSection topSmallSpaced bottomSemiSpaced gutter boxed inherit\" style=\"background-color:rgba(242,241,237,0)  !important;\"><div class=\"port\"><div class=\"boldCell\"><div class=\"boldCellInner\"><div class=\"boldRow \" ><div class=\"boldRowInner\"><div class=\"rowItem col-md-12 col-ms-12  btTextLeft animate animate-fadein inherit\"  data-width=\"12\"><div class=\"rowItemContent\" ><div class=\"boldRow \" ><div class=\"boldRowInner\"><div class=\"rowItem rowInnerItem col-sm-6  btTextLeft inherit btDoublePadding\"  ><div class=\"rowItemContent\"><header class=\"header btClear medium btDash bottomDash  regular\" ><div class=\"dash\"><h3><span class=\"headline\">Pratiques conseill\u00e9es<\/span><\/h3><\/div><div class=\"btSubTitle\">Voici quelques pratiques que nous vous conseillons de suivre au quotidien.<\/div><\/header><div class=\"btClear btSeparator topSmallSpaced noBorder\" ><hr><\/div><div class=\"btText\" ><div class=\"su-list\" style=\"margin-left:15px\">\n<ul>\n<li><i class=\"sui sui-check-square-o\" style=\"color:#44c526\"><\/i> Utiliser le t\u00e9l\u00e9phone portable pour les conversations courtes et privil\u00e9gier le t\u00e9l\u00e9phone fixe.<\/li>\n<li><i class=\"sui sui-check-square-o\" style=\"color:#44c526\"><\/i> Passer les appels ou les recevoir dans des lieux ouverts, jamais \u00e0 l\u2019int\u00e9rieur (sous-sols, tunnels, garages, ascenseurs, etc.).<\/li>\n<li><i class=\"sui sui-check-square-o\" style=\"color:#44c526\"><\/i> Limiter autant que possible l\u2019usage du t\u00e9l\u00e9phone portable dans les v\u00e9hicules, les transports, les trains, etc., car sa structure m\u00e9tallique provoque l\u2019effet cage des micro-ondes \u00e0 l\u2019int\u00e9rieur de l\u2019habitacle (effet Faraday).<\/li>\n<li><i class=\"sui sui-check-square-o\" style=\"color:#44c526\"><\/i> Limiter ou \u00e9viter les jeux qui utilisent les fr\u00e9quences radio, comme les c\u00e9l\u00e8bres consoles vid\u00e9o fonctionnant \u00e0 l\u2019aide de commandes sans fil avec Bluetooth ou wifi.<\/li>\n<li><i class=\"sui sui-check-square-o\" style=\"color:#44c526\"><\/i> \u00c9viter d\u2019utiliser le syst\u00e8me wifi et, dans la mesure du possible, utiliser le c\u00e2ble et la fibre optique, ces syst\u00e8mes \u00e9tant plus s\u00fbrs et efficaces.<\/li>\n<li><i class=\"sui sui-check-square-o\" style=\"color:#44c526\"><\/i> \u00c9tablir une distance de s\u00e9curit\u00e9 d\u2019au moins un m\u00e8tre entre le chevet et toute source \u00e9lectrique (prises de courant ou autre). Toujours v\u00e9rifier ce qui se trouve de l\u2019autre c\u00f4t\u00e9 du mur par rapport au lit.<\/li>\n<li><i class=\"sui sui-check-square-o\" style=\"color:#44c526\"><\/i> Limiter autant que possible ou ne pas utiliser les babyphones ou \u00e9coute-b\u00e9b\u00e9, leur technologie \u00e9tant similaire \u00e0 celle du t\u00e9l\u00e9phone sans fil.<\/li>\n<li><i class=\"sui sui-check-square-o\" style=\"color:#44c526\"><\/i> Demander les services d\u2019acc\u00e8s \u00e0 Internet en filaire dans les h\u00f4tels, les biblioth\u00e8ques, les parcs, etc., mais surtout dans les lieux qui doivent \u00eatre obligatoirement visit\u00e9s, comme les h\u00f4pitaux, les dispensaires, les mairies, les organismes officiels ou autres.<\/li>\n<li><i class=\"sui sui-check-square-o\" style=\"color:#44c526\"><\/i> V\u00e9rifier le bon fonctionnement de la prise de terre de l\u2019installation \u00e9lectrique de l\u2019habitation. Cela r\u00e9duit la g\u00e9n\u00e9ration du champ \u00e9lectrique ambiant.<\/li>\n<li><i class=\"sui sui-check-square-o\" style=\"color:#44c526\"><\/i> R\u00e9duire ou retirer les parties m\u00e9talliques du lit et des tables de travail, car elles agissent comme des conducteurs \u00e9lectriques. Elles peuvent absorber et reconduire la pollution \u00e9lectromagn\u00e9tique ambiante.<\/li>\n<\/ul>\n<\/div><\/div><\/div><\/div><div class=\"rowItem rowInnerItem col-sm-6  btTextLeft\"  ><div class=\"rowItemContent\"><header class=\"header btClear medium btDash bottomDash  regular\" ><div class=\"dash\"><h3><span class=\"headline\">Pratiques d\u00e9conseill\u00e9es<\/span><\/h3><\/div><div class=\"btSubTitle\">Voici quelques pratiques que vous devez \u00e9viter au quotidien.<\/div><\/header><div class=\"btClear btSeparator topSmallSpaced noBorder\" ><hr><\/div><div class=\"btText\" ><div class=\"su-list\" style=\"margin-left:15px\">\n<ul>\n<li><i class=\"sui sui-remove\" style=\"color:#ff300b\"><\/i> L\u2019utilisation du t\u00e9l\u00e9phone portable par des enfants de moins de quinze ans est d\u00e9conseill\u00e9e (phase de d\u00e9veloppement, croissance des tissus et des organes).<\/li>\n<li><i class=\"sui sui-remove\" style=\"color:#ff300b\"><\/i> Le t\u00e9l\u00e9phone portable n\u2019est pas un jouet ; \u00e9viter que les enfants et les b\u00e9b\u00e9s ne jouent avec.<\/li>\n<li><i class=\"sui sui-remove\" style=\"color:#ff300b\"><\/i> Ne pas laisser le t\u00e9l\u00e9phone portable sur la table de chevet, car il peut perturber les fonctions c\u00e9r\u00e9brales nocturnes. Si possible, le laisser \u00e9teint ou le plus loin possible.<\/li>\n<li><i class=\"sui sui-remove\" style=\"color:#ff300b\"><\/i> Ne pas utiliser le t\u00e9l\u00e9phone lorsqu\u2019il est en charge.<\/li>\n<li><i class=\"sui sui-remove\" style=\"color:#ff300b\"><\/i> L\u2019utilisation du t\u00e9l\u00e9phone portable par des personnes affaiblies ou les femmes enceintes est d\u00e9conseill\u00e9e.<\/li>\n<li><i class=\"sui sui-remove\" style=\"color:#ff300b\"><\/i> Ne pas porter le t\u00e9l\u00e9phone portable \u00e0 proximit\u00e9 des organes sensibles (c\u0153ur, organes reproducteurs, etc.). Un t\u00e9l\u00e9phone portable allum\u00e9 ne cesse d\u2019\u00e9mettre des rayonnements \u00e9lectromagn\u00e9tiques.<\/li>\n<li><i class=\"sui sui-remove\" style=\"color:#ff300b\"><\/i> Ne jamais installer les routeurs sans fils dans les chambres (ni les points d\u2019acc\u00e8s wifi).<\/li>\n<li><i class=\"sui sui-remove\" style=\"color:#ff300b\"><\/i> Ne pas installer de c\u00e2bles \u00e9lectriques, de prises ou de multiprises sous les lits, les tables, les chaises ou les canap\u00e9s.<\/li>\n<li><i class=\"sui sui-remove\" style=\"color:#ff300b\"><\/i> Ne pas placer les ordinateurs portables ou les tablettes sur le ventre ou les jambes ; toujours les mettre sur une table et \u00e0 une distance prudente.<\/li>\n<li><i class=\"sui sui-remove\" style=\"color:#ff300b\"><\/i> Ne pas utiliser de technologie sans fil (claviers, \u00e9couteurs, etc.), car la fr\u00e9quence \u00e9mise est la m\u00eame que le routeur wifi.<\/li>\n<\/ul>\n<\/div><\/div><div class=\"bpgPhoto btDefaultHoverType\" ><div class = \"btImage\"><img decoding=\"async\" src=\"https:\/\/www.pranan.com\/wp-content\/uploads\/2022\/08\/principio-de-precaucion.jpg\" alt=\"\" title=\"\"><\/div><\/div><\/div><\/div><\/div><\/div><\/div><\/div><\/div><\/div><\/div><\/div><\/div><\/section><section id=\"bt_section69e9dc5274a58\" data-parallax=\".9\" data-parallax-offset=\"0\" class=\"boldSection topLargeSpaced bottomLargeSpaced gutter boxed btMiddleVertical btParallax wBackground cover wBackground cover btBackgroundOverlay btSolidLightBackground\" style=\"background-image:url('https:\/\/www.pranan.com\/wp-content\/uploads\/2022\/08\/02-backgro.jpg');\"><div class=\"port\"><div class=\"boldCell\"><div class=\"boldCellInner\"><div class=\"boldRow \" ><div class=\"boldRowInner\"><div class=\"rowItem col-md-12 col-ms-12  btTextLeft btMiddleVertical\"  data-width=\"12\"><div class=\"rowItemContent\" ><div class=\"btText\" ><blockquote>\n<p class=\"big-quote\">La pollution \u00e9lectromagn\u00e9tique nous concerne tous. Prot\u00e9gez-vous en faisant un usage responsable des nouvelles technologies, en appliquant le principe de pr\u00e9caution et en faisant appel \u00e0 nos dispositifs Pranan.<\/p>\n<\/blockquote>\n<\/div><div class=\"btClear btSeparator topSmallSpaced bottomSmallSpaced noBorder\" ><hr><\/div><\/div><\/div><\/div><\/div><\/div><\/div><\/div><\/section><section id=\"bt_section69e9dc52751f7\"  class=\"boldSection btDarkSkin btAccentColorBackground gutter boxed btMiddleVertical\" style=\"background-color:rgb(2,179,249)  !important;\"><div class=\"port\"><div class=\"boldCell\"><div class=\"boldCellInner\"><div class=\"boldRow \" ><div class=\"boldRowInner\"><div class=\"rowItem col-md-12 col-ms-12  btTextLeft animate animate-fadein btMiddleVertical\"  data-width=\"12\"><div class=\"rowItemContent\" ><div class=\"btClear btSeparator topExtraSmallSpaced noBorder\" ><hr><\/div><\/div><\/div><\/div><\/div><\/div><\/div><\/div><\/section>\n","protected":false},"excerpt":{"rendered":"<p>Recommandations et conseils sur la mani\u00e8re de nous prot\u00e9ger des rayonnements \u00e9lectromagn\u00e9tiques.<\/p>\n","protected":false},"author":1,"featured_media":4402,"parent":0,"menu_order":0,"comment_status":"closed","ping_status":"closed","template":"","meta":{"footnotes":""},"class_list":["post-6805","page","type-page","status-publish","has-post-thumbnail","hentry"],"yoast_head":"<!-- This site is optimized with the Yoast SEO plugin v24.9 - https:\/\/yoast.com\/wordpress\/plugins\/seo\/ -->\n<title>Principe de pr\u00e9caution - Pranan<\/title>\n<meta name=\"robots\" content=\"index, follow, max-snippet:-1, max-image-preview:large, max-video-preview:-1\" \/>\n<link rel=\"canonical\" href=\"https:\/\/www.pranan.com\/principio-de-precaucion\/\" \/>\n<meta property=\"og:locale\" content=\"fr_FR\" \/>\n<meta property=\"og:type\" content=\"article\" \/>\n<meta property=\"og:title\" content=\"Principe de pr\u00e9caution - Pranan\" \/>\n<meta property=\"og:description\" content=\"Recommandations et conseils sur la mani\u00e8re de nous prot\u00e9ger des rayonnements \u00e9lectromagn\u00e9tiques.\" \/>\n<meta property=\"og:url\" content=\"https:\/\/www.pranan.com\/principio-de-precaucion\/\" \/>\n<meta property=\"og:site_name\" content=\"Pranan\" \/>\n<meta property=\"article:modified_time\" content=\"2023-05-02T18:49:45+00:00\" \/>\n<meta property=\"og:image\" content=\"https:\/\/www.pranan.com\/wp-content\/uploads\/2022\/06\/cabecera-ensayos-4.jpg\" \/>\n\t<meta property=\"og:image:width\" content=\"1920\" \/>\n\t<meta property=\"og:image:height\" content=\"450\" \/>\n\t<meta property=\"og:image:type\" content=\"image\/jpeg\" \/>\n<meta name=\"twitter:card\" content=\"summary_large_image\" \/>\n<meta name=\"twitter:label1\" content=\"Dur\u00e9e de lecture estim\u00e9e\" \/>\n\t<meta name=\"twitter:data1\" content=\"6 minutes\" \/>\n<script type=\"application\/ld+json\" class=\"yoast-schema-graph\">{\"@context\":\"https:\/\/schema.org\",\"@graph\":[{\"@type\":\"WebPage\",\"@id\":\"https:\/\/www.pranan.com\/principio-de-precaucion\/\",\"url\":\"https:\/\/www.pranan.com\/principio-de-precaucion\/\",\"name\":\"Principe de pr\u00e9caution - Pranan\",\"isPartOf\":{\"@id\":\"https:\/\/www.pranan.com\/#website\"},\"primaryImageOfPage\":{\"@id\":\"https:\/\/www.pranan.com\/principio-de-precaucion\/#primaryimage\"},\"image\":{\"@id\":\"https:\/\/www.pranan.com\/principio-de-precaucion\/#primaryimage\"},\"thumbnailUrl\":\"https:\/\/www.pranan.com\/wp-content\/uploads\/2022\/06\/cabecera-ensayos-4.jpg\",\"datePublished\":\"2022-07-28T21:51:42+00:00\",\"dateModified\":\"2023-05-02T18:49:45+00:00\",\"breadcrumb\":{\"@id\":\"https:\/\/www.pranan.com\/principio-de-precaucion\/#breadcrumb\"},\"inLanguage\":\"fr-FR\",\"potentialAction\":[{\"@type\":\"ReadAction\",\"target\":[\"https:\/\/www.pranan.com\/principio-de-precaucion\/\"]}]},{\"@type\":\"ImageObject\",\"inLanguage\":\"fr-FR\",\"@id\":\"https:\/\/www.pranan.com\/principio-de-precaucion\/#primaryimage\",\"url\":\"https:\/\/www.pranan.com\/wp-content\/uploads\/2022\/06\/cabecera-ensayos-4.jpg\",\"contentUrl\":\"https:\/\/www.pranan.com\/wp-content\/uploads\/2022\/06\/cabecera-ensayos-4.jpg\",\"width\":1920,\"height\":450},{\"@type\":\"BreadcrumbList\",\"@id\":\"https:\/\/www.pranan.com\/principio-de-precaucion\/#breadcrumb\",\"itemListElement\":[{\"@type\":\"ListItem\",\"position\":1,\"name\":\"Portada\",\"item\":\"https:\/\/www.pranan.com\/fr\/\"},{\"@type\":\"ListItem\",\"position\":2,\"name\":\"Principe de pr\u00e9caution\"}]},{\"@type\":\"WebSite\",\"@id\":\"https:\/\/www.pranan.com\/#website\",\"url\":\"https:\/\/www.pranan.com\/\",\"name\":\"Pranan\",\"description\":\"Researching Center\",\"potentialAction\":[{\"@type\":\"SearchAction\",\"target\":{\"@type\":\"EntryPoint\",\"urlTemplate\":\"https:\/\/www.pranan.com\/?s={search_term_string}\"},\"query-input\":{\"@type\":\"PropertyValueSpecification\",\"valueRequired\":true,\"valueName\":\"search_term_string\"}}],\"inLanguage\":\"fr-FR\"}]}<\/script>\n<!-- \/ Yoast SEO plugin. -->","yoast_head_json":{"title":"Principe de pr\u00e9caution - Pranan","robots":{"index":"index","follow":"follow","max-snippet":"max-snippet:-1","max-image-preview":"max-image-preview:large","max-video-preview":"max-video-preview:-1"},"canonical":"https:\/\/www.pranan.com\/principio-de-precaucion\/","og_locale":"fr_FR","og_type":"article","og_title":"Principe de pr\u00e9caution - Pranan","og_description":"Recommandations et conseils sur la mani\u00e8re de nous prot\u00e9ger des rayonnements \u00e9lectromagn\u00e9tiques.","og_url":"https:\/\/www.pranan.com\/principio-de-precaucion\/","og_site_name":"Pranan","article_modified_time":"2023-05-02T18:49:45+00:00","og_image":[{"width":1920,"height":450,"url":"https:\/\/www.pranan.com\/wp-content\/uploads\/2022\/06\/cabecera-ensayos-4.jpg","type":"image\/jpeg"}],"twitter_card":"summary_large_image","twitter_misc":{"Dur\u00e9e de lecture estim\u00e9e":"6 minutes"},"schema":{"@context":"https:\/\/schema.org","@graph":[{"@type":"WebPage","@id":"https:\/\/www.pranan.com\/principio-de-precaucion\/","url":"https:\/\/www.pranan.com\/principio-de-precaucion\/","name":"Principe de pr\u00e9caution - Pranan","isPartOf":{"@id":"https:\/\/www.pranan.com\/#website"},"primaryImageOfPage":{"@id":"https:\/\/www.pranan.com\/principio-de-precaucion\/#primaryimage"},"image":{"@id":"https:\/\/www.pranan.com\/principio-de-precaucion\/#primaryimage"},"thumbnailUrl":"https:\/\/www.pranan.com\/wp-content\/uploads\/2022\/06\/cabecera-ensayos-4.jpg","datePublished":"2022-07-28T21:51:42+00:00","dateModified":"2023-05-02T18:49:45+00:00","breadcrumb":{"@id":"https:\/\/www.pranan.com\/principio-de-precaucion\/#breadcrumb"},"inLanguage":"fr-FR","potentialAction":[{"@type":"ReadAction","target":["https:\/\/www.pranan.com\/principio-de-precaucion\/"]}]},{"@type":"ImageObject","inLanguage":"fr-FR","@id":"https:\/\/www.pranan.com\/principio-de-precaucion\/#primaryimage","url":"https:\/\/www.pranan.com\/wp-content\/uploads\/2022\/06\/cabecera-ensayos-4.jpg","contentUrl":"https:\/\/www.pranan.com\/wp-content\/uploads\/2022\/06\/cabecera-ensayos-4.jpg","width":1920,"height":450},{"@type":"BreadcrumbList","@id":"https:\/\/www.pranan.com\/principio-de-precaucion\/#breadcrumb","itemListElement":[{"@type":"ListItem","position":1,"name":"Portada","item":"https:\/\/www.pranan.com\/fr\/"},{"@type":"ListItem","position":2,"name":"Principe de pr\u00e9caution"}]},{"@type":"WebSite","@id":"https:\/\/www.pranan.com\/#website","url":"https:\/\/www.pranan.com\/","name":"Pranan","description":"Researching Center","potentialAction":[{"@type":"SearchAction","target":{"@type":"EntryPoint","urlTemplate":"https:\/\/www.pranan.com\/?s={search_term_string}"},"query-input":{"@type":"PropertyValueSpecification","valueRequired":true,"valueName":"search_term_string"}}],"inLanguage":"fr-FR"}]}},"_links":{"self":[{"href":"https:\/\/www.pranan.com\/fr\/wp-json\/wp\/v2\/pages\/6805","targetHints":{"allow":["GET"]}}],"collection":[{"href":"https:\/\/www.pranan.com\/fr\/wp-json\/wp\/v2\/pages"}],"about":[{"href":"https:\/\/www.pranan.com\/fr\/wp-json\/wp\/v2\/types\/page"}],"author":[{"embeddable":true,"href":"https:\/\/www.pranan.com\/fr\/wp-json\/wp\/v2\/users\/1"}],"replies":[{"embeddable":true,"href":"https:\/\/www.pranan.com\/fr\/wp-json\/wp\/v2\/comments?post=6805"}],"version-history":[{"count":1,"href":"https:\/\/www.pranan.com\/fr\/wp-json\/wp\/v2\/pages\/6805\/revisions"}],"predecessor-version":[{"id":6809,"href":"https:\/\/www.pranan.com\/fr\/wp-json\/wp\/v2\/pages\/6805\/revisions\/6809"}],"wp:featuredmedia":[{"embeddable":true,"href":"https:\/\/www.pranan.com\/fr\/wp-json\/wp\/v2\/media\/4402"}],"wp:attachment":[{"href":"https:\/\/www.pranan.com\/fr\/wp-json\/wp\/v2\/media?parent=6805"}],"curies":[{"name":"wp","href":"https:\/\/api.w.org\/{rel}","templated":true}]}}