{"id":6017,"date":"2022-07-28T00:33:10","date_gmt":"2022-07-27T22:33:10","guid":{"rendered":"https:\/\/www.pranan.com\/organisations-partenaires\/"},"modified":"2022-12-14T20:22:10","modified_gmt":"2022-12-14T19:22:10","slug":"organisations-partenaires","status":"publish","type":"page","link":"https:\/\/www.pranan.com\/fr\/organisations-partenaires\/","title":{"rendered":"Organisations partenaires"},"content":{"rendered":"<section id=\"bt_section69e9dc62ccfc4\"  class=\"boldSection topSemiSpaced btAlternateColorBackground gutter boxed btMiddleVertical\" style=\"background-color:#f2f1ed  !important;\"><div class=\"port\"><div class=\"boldCell\"><div class=\"boldCellInner\"><div class=\"boldRow \" ><div class=\"boldRowInner\"><div class=\"rowItem col-md-12 col-ms-12  btTextLeft inherit\"  data-width=\"12\"><div class=\"rowItemContent\" ><div class=\"btClear btSeparator topSmallSpaced bottomSmallSpaced noBorder\" ><hr><\/div><\/div><\/div><\/div><\/div><div class=\"boldRow \" ><div class=\"boldRowInner\"><div class=\"rowItem col-md-3 col-sm-6 col-ms-12 btTextLeft animate animate-fadein inherit\"  data-width=\"3\"><div class=\"rowItemContent\" ><div class=\"bpgPhoto btDefaultHoverType\" > \r\n\t\t\t\t\t<a href=\"http:\/\/cibm.ugr.es\/\" target=\"_blank\" title=\"\"><\/a>\r\n\t\t\t\t\t<div class=\"boldPhotoBox\"><div class=\"bpbItem\"><div class = \"btImage\"><img decoding=\"async\" src=\"https:\/\/www.pranan.com\/wp-content\/uploads\/2022\/07\/CENTRO-DE-INVESTIGACION-BIMEDICA-300x182-1.jpg\" alt=\"\" title=\"\"><\/div><\/div><\/div>\r\n\t\t\t\t\t<div class=\"captionPane btDarkSkin btTextCenter\">\r\n\t\t\t\t\t\t<div class=\"captionTable\">\r\n\t\t\t\t\t\t\t<div class=\"captionCell\">\r\n\t\t\t\t\t\t\t\t<div class=\"captionTxt\"><\/div>\r\n\t\t\t\t\t\t\t<\/div>\r\n\t\t\t\t\t\t<\/div>\r\n\t\t\t\t\t<\/div><\/div><div class=\"btClear btSeparator topSemiSpaced noBorder\" ><hr><\/div><\/div><\/div><div class=\"rowItem col-md-9 col-ms-12  btTextLeft animate animate-fadein inherit\"  data-width=\"9\"><div class=\"rowItemContent\" ><header class=\"header btClear small  regular\" ><div class=\"btSuperTitle\"><span>GROUPE DE RECHERCHE CTS : 101 &#8211; \u00abCOMMUNICATION INTERCELLULAIRE\u00bb<\/span><\/div><div class=\"dash\"><h4><span class=\"headline\">UNIVERSIT\u00c9 DE GRENADE Centre de recherche biom\u00e9dicale<\/span><\/h4><\/div><div class=\"btSubTitle\">Le centre a r\u00e9alis\u00e9 des \u00e9tudes biochimiques pour neutraliser les effets sur notre organisme d&rsquo;un rayonnement de faible intensit\u00e9 en utilisant la technologie Pranan. Coordonn\u00e9es par le Dr Germaine Escames et le Dr Dar\u00edo Acu\u00f1a Castroviejo (professeur de physiologie).<\/div><\/header><div class=\"btClear btSeparator bottomSmallSpaced noBorder\" ><hr><\/div><div class=\"btClear btSeparator topSemiSpaced noBorder\" ><hr><\/div><\/div><\/div><\/div><\/div><div class=\"boldRow \" ><div class=\"boldRowInner\"><div class=\"rowItem col-md-3 col-sm-6 col-ms-12 btTextLeft animate animate-fadein inherit\"  data-width=\"3\"><div class=\"rowItemContent\" ><div class=\"bpgPhoto btDefaultHoverType\" > \r\n\t\t\t\t\t<a href=\"http:\/\/medicina.ucm.es\/investigacion-1\" target=\"_blank\" title=\"\"><\/a>\r\n\t\t\t\t\t<div class=\"boldPhotoBox\"><div class=\"bpbItem\"><div class = \"btImage\"><img decoding=\"async\" src=\"https:\/\/www.pranan.com\/wp-content\/uploads\/2022\/07\/complutense-300x200-1.jpg\" alt=\"\" title=\"\"><\/div><\/div><\/div>\r\n\t\t\t\t\t<div class=\"captionPane btDarkSkin btTextCenter\">\r\n\t\t\t\t\t\t<div class=\"captionTable\">\r\n\t\t\t\t\t\t\t<div class=\"captionCell\">\r\n\t\t\t\t\t\t\t\t<div class=\"captionTxt\"><\/div>\r\n\t\t\t\t\t\t\t<\/div>\r\n\t\t\t\t\t\t<\/div>\r\n\t\t\t\t\t<\/div><\/div><div class=\"btClear btSeparator topSemiSpaced noBorder\" ><hr><\/div><\/div><\/div><div class=\"rowItem col-md-9 col-ms-12  btTextLeft animate animate-fadein inherit\"  data-width=\"9\"><div class=\"rowItemContent\" ><header class=\"header btClear small  regular\" ><div class=\"btSuperTitle\"><span>FACULT\u00c9 DE M\u00c9DICINE<\/span><\/div><div class=\"dash\"><h4><span class=\"headline\">Universit\u00e9 Complutense de Madrid <\/span><\/h4><\/div><div class=\"btSubTitle\">\u00c9tude bio\u00e9lectrique pour tester l&rsquo;efficacit\u00e9 de la technologie Pranan au niveau de la neutralisation des effets des champs \u00e9lectromagn\u00e9tiques sur l&rsquo;activit\u00e9 bio\u00e9lectrique c\u00e9r\u00e9brale. Coordonn\u00e9e par Tom\u00e1s Ortiz Alonso, professeur au D\u00e9partement de psychiatrie et de psychologie m\u00e9dicale.<\/div><\/header><div class=\"btClear btSeparator bottomSmallSpaced noBorder\" ><hr><\/div><div class=\"btClear btSeparator topSemiSpaced noBorder\" ><hr><\/div><\/div><\/div><\/div><\/div><div class=\"boldRow \" ><div class=\"boldRowInner\"><div class=\"rowItem col-md-3 col-sm-6 col-ms-12 btTextLeft animate animate-fadein inherit\"  data-width=\"3\"><div class=\"rowItemContent\" ><div class=\"bpgPhoto btDefaultHoverType\" > \r\n\t\t\t\t\t<a href=\"http:\/\/www.upc.edu\/?set_language=es\" target=\"_blank\" title=\"\"><\/a>\r\n\t\t\t\t\t<div class=\"boldPhotoBox\"><div class=\"bpbItem\"><div class = \"btImage\"><img decoding=\"async\" src=\"https:\/\/www.pranan.com\/wp-content\/uploads\/2022\/07\/politecnicacatalunya-300x191-1.jpg\" alt=\"\" title=\"\"><\/div><\/div><\/div>\r\n\t\t\t\t\t<div class=\"captionPane btDarkSkin btTextCenter\">\r\n\t\t\t\t\t\t<div class=\"captionTable\">\r\n\t\t\t\t\t\t\t<div class=\"captionCell\">\r\n\t\t\t\t\t\t\t\t<div class=\"captionTxt\"><\/div>\r\n\t\t\t\t\t\t\t<\/div>\r\n\t\t\t\t\t\t<\/div>\r\n\t\t\t\t\t<\/div><\/div><div class=\"btClear btSeparator topSemiSpaced noBorder\" ><hr><\/div><\/div><\/div><div class=\"rowItem col-md-9 col-ms-12  btTextLeft animate animate-fadein inherit\"  data-width=\"9\"><div class=\"rowItemContent\" ><header class=\"header btClear small  regular\" ><div class=\"btSuperTitle\"><span>D\u00c9PARTEMENT DE PHYSIQUE APPLIQU\u00c9E<\/span><\/div><div class=\"dash\"><h4><span class=\"headline\">Universit\u00e9 Polytechnique de Catalogne<\/span><\/h4><\/div><div class=\"btSubTitle\">Projet de recherche sur le fonctionnement physique-math\u00e9matique de la technologie Pranan et \u00e9tude des propri\u00e9t\u00e9s physiques des nouveaux mat\u00e9riaux (nanoparticules) en vue d&rsquo;une application aux dispositifs d\u00e9velopp\u00e9s par Pranan.<\/div><\/header><div class=\"btClear btSeparator bottomSmallSpaced noBorder\" ><hr><\/div><div class=\"btClear btSeparator topSemiSpaced noBorder\" ><hr><\/div><\/div><\/div><\/div><\/div><div class=\"boldRow \" ><div class=\"boldRowInner\"><div class=\"rowItem col-md-3 col-sm-6 col-ms-12 btTextLeft animate animate-fadein inherit\"  data-width=\"3\"><div class=\"rowItemContent\" ><div class=\"bpgPhoto btDefaultHoverType\" > \r\n\t\t\t\t\t<a href=\"http:\/\/www.lurederra.es\/\" target=\"_blank\" title=\"\"><\/a>\r\n\t\t\t\t\t<div class=\"boldPhotoBox\"><div class=\"bpbItem\"><div class = \"btImage\"><img decoding=\"async\" src=\"https:\/\/www.pranan.com\/wp-content\/uploads\/2022\/07\/lurederra.jpg\" alt=\"\" title=\"\"><\/div><\/div><\/div>\r\n\t\t\t\t\t<div class=\"captionPane btDarkSkin btTextCenter\">\r\n\t\t\t\t\t\t<div class=\"captionTable\">\r\n\t\t\t\t\t\t\t<div class=\"captionCell\">\r\n\t\t\t\t\t\t\t\t<div class=\"captionTxt\"><\/div>\r\n\t\t\t\t\t\t\t<\/div>\r\n\t\t\t\t\t\t<\/div>\r\n\t\t\t\t\t<\/div><\/div><div class=\"btClear btSeparator topSemiSpaced noBorder\" ><hr><\/div><\/div><\/div><div class=\"rowItem col-md-9 col-ms-12  btTextLeft animate animate-fadein inherit\"  data-width=\"9\"><div class=\"rowItemContent\" ><header class=\"header btClear small  regular\" ><div class=\"btSuperTitle\"><span>LOS ARCOS, NAVARRE<\/span><\/div><div class=\"dash\"><h4><span class=\"headline\">Centre technologique Lurederra <\/span><\/h4><\/div><div class=\"btSubTitle\">Participation au projet T-Ject visant \u00e0 d\u00e9velopper des dispositifs \u00e9lectroniques fonctionnels fabriqu\u00e9s \u00e0 base de nanoparticules. L&rsquo;Urederra est un centre technologique qui effectue des activit\u00e9s de recherche et de d\u00e9veloppement appliqu\u00e9es aux domaines de la nanotechnologie, des nouveaux mat\u00e9riaux et de l&rsquo;environnement avanc\u00e9.<\/div><\/header><div class=\"btClear btSeparator topSemiSpaced noBorder\" ><hr><\/div><\/div><\/div><\/div><\/div><div class=\"boldRow \" ><div class=\"boldRowInner\"><div class=\"rowItem col-md-3 col-sm-6 col-ms-12 btTextLeft animate animate-fadein inherit\"  data-width=\"3\"><div class=\"rowItemContent\" ><div class=\"bpgPhoto btDefaultHoverType\" > \r\n\t\t\t\t\t<a href=\"http:\/\/www.graphenea.com\/\" target=\"_blank\" title=\"\"><\/a>\r\n\t\t\t\t\t<div class=\"boldPhotoBox\"><div class=\"bpbItem\"><div class = \"btImage\"><img decoding=\"async\" src=\"https:\/\/www.pranan.com\/wp-content\/uploads\/2022\/07\/graphenea1-300x188-1.jpg\" alt=\"\" title=\"\"><\/div><\/div><\/div>\r\n\t\t\t\t\t<div class=\"captionPane btDarkSkin btTextCenter\">\r\n\t\t\t\t\t\t<div class=\"captionTable\">\r\n\t\t\t\t\t\t\t<div class=\"captionCell\">\r\n\t\t\t\t\t\t\t\t<div class=\"captionTxt\"><\/div>\r\n\t\t\t\t\t\t\t<\/div>\r\n\t\t\t\t\t\t<\/div>\r\n\t\t\t\t\t<\/div><\/div><div class=\"btClear btSeparator topSemiSpaced noBorder\" ><hr><\/div><\/div><\/div><div class=\"rowItem col-md-9 col-ms-12  btTextLeft animate animate-fadein inherit\"  data-width=\"9\"><div class=\"rowItemContent\" ><header class=\"header btClear small  regular\" ><div class=\"btSuperTitle\"><span>SAN SEBASTI\u00c1N &#8211; PAYS BASQUE<\/span><\/div><div class=\"dash\"><h4><span class=\"headline\">Graphenea<\/span><\/h4><\/div><div class=\"btSubTitle\">Apport d&rsquo;\u00e9chantillons de graph\u00e8ne (liquide et poudre) pour tester la stabilisation du graph\u00e8ne sur des surfaces polym\u00e9riques. Graphenea est une entreprise technologique et l&rsquo;un des principaux producteurs de graph\u00e8ne en Europe. Son laboratoire se trouve au Centre de technologie Nanogune.<\/div><\/header><div class=\"btClear btSeparator topSemiSpaced noBorder\" ><hr><\/div><\/div><\/div><\/div><\/div><div class=\"boldRow \" ><div class=\"boldRowInner\"><div class=\"rowItem col-md-3 col-sm-6 col-ms-12 btTextLeft animate animate-fadein inherit\"  data-width=\"3\"><div class=\"rowItemContent\" ><div class=\"bpgPhoto btDefaultHoverType\" > \r\n\t\t\t\t\t<a href=\"https:\/\/www.unavarra.es\/centroid-jeronimodeayanz\/\" target=\"_blank\" title=\"\"><\/a>\r\n\t\t\t\t\t<div class=\"boldPhotoBox\"><div class=\"bpbItem\"><div class = \"btImage\"><img decoding=\"async\" src=\"https:\/\/www.pranan.com\/wp-content\/uploads\/2022\/07\/upna1-300x200-1.jpg\" alt=\"\" title=\"\"><\/div><\/div><\/div>\r\n\t\t\t\t\t<div class=\"captionPane btDarkSkin btTextCenter\">\r\n\t\t\t\t\t\t<div class=\"captionTable\">\r\n\t\t\t\t\t\t\t<div class=\"captionCell\">\r\n\t\t\t\t\t\t\t\t<div class=\"captionTxt\"><\/div>\r\n\t\t\t\t\t\t\t<\/div>\r\n\t\t\t\t\t\t<\/div>\r\n\t\t\t\t\t<\/div><\/div><div class=\"btClear btSeparator topSemiSpaced noBorder\" ><hr><\/div><\/div><\/div><div class=\"rowItem col-md-9 col-ms-12  btTextLeft animate animate-fadein inherit\"  data-width=\"9\"><div class=\"rowItemContent\" ><header class=\"header btClear small  regular\" ><div class=\"btSuperTitle\"><span>CENTRE R&amp;D EN \u00c9LECTRONIQUE ET COMMUNICATION JER\u00d3NIMO DE AYANZ<\/span><\/div><div class=\"dash\"><h4><span class=\"headline\">Universit\u00e9 Publique de Navarre <\/span><\/h4><\/div><div class=\"btSubTitle\">Accord de recherche conclu pour le d\u00e9veloppement d&rsquo;une puce qui permet l&rsquo;identification et l&rsquo;authentification des dispositifs Pranan. La recherche a \u00e9t\u00e9 bas\u00e9e sur la technologie NFC (Near Field Communications) ou protocole de communication sans fil en induisant un champ magn\u00e9tique.<\/div><\/header><div class=\"btClear btSeparator topSemiSpaced noBorder\" ><hr><\/div><\/div><\/div><\/div><\/div><div class=\"boldRow \" ><div class=\"boldRowInner\"><div class=\"rowItem col-md-3 col-sm-6 col-ms-12 btTextLeft animate animate-fadein inherit\"  data-width=\"3\"><div class=\"rowItemContent\" ><div class=\"bpgPhoto btDefaultHoverType\" > \r\n\t\t\t\t\t<a href=\"http:\/\/www.tuv.com\/es\/spain\/home.jsp\" target=\"_blank\" title=\"\"><\/a>\r\n\t\t\t\t\t<div class=\"boldPhotoBox\"><div class=\"bpbItem\"><div class = \"btImage\"><img decoding=\"async\" src=\"https:\/\/www.pranan.com\/wp-content\/uploads\/2022\/07\/TUV-Rheinland-300x168-1.jpg\" alt=\"\" title=\"\"><\/div><\/div><\/div>\r\n\t\t\t\t\t<div class=\"captionPane btDarkSkin btTextCenter\">\r\n\t\t\t\t\t\t<div class=\"captionTable\">\r\n\t\t\t\t\t\t\t<div class=\"captionCell\">\r\n\t\t\t\t\t\t\t\t<div class=\"captionTxt\"><\/div>\r\n\t\t\t\t\t\t\t<\/div>\r\n\t\t\t\t\t\t<\/div>\r\n\t\t\t\t\t<\/div><\/div><div class=\"btClear btSeparator topSemiSpaced noBorder\" ><hr><\/div><\/div><\/div><div class=\"rowItem col-md-9 col-ms-12  btTextLeft animate animate-fadein inherit\"  data-width=\"9\"><div class=\"rowItemContent\" ><header class=\"header btClear small  regular\" ><div class=\"btSuperTitle\"><span>DEL\u00c9GATION EN NAVARRE<\/span><\/div><div class=\"dash\"><h4><span class=\"headline\">T\u00fcv Rheinland <\/span><\/h4><\/div><div class=\"btSubTitle\">Certification du Syst\u00e8me Qualit\u00e9 ISO:9001 n\u00b0 0.04.13341. Certification de produit des dispositifs dot\u00e9s de la technologie Pranan, en conformit\u00e9 avec la directive europ\u00e9enne 2001\/95\/CE, qui garantit leur conformit\u00e9 \u00e0 toutes les exigences du point de vue de la s\u00e9curit\u00e9.<\/div><\/header><div class=\"btClear btSeparator topSemiSpaced noBorder\" ><hr><\/div><\/div><\/div><\/div><\/div><div class=\"boldRow \" ><div class=\"boldRowInner\"><div class=\"rowItem col-md-3 col-sm-6 col-ms-12 btTextLeft animate animate-fadein inherit\"  data-width=\"3\"><div class=\"rowItemContent\" ><div class=\"bpgPhoto btDefaultHoverType\" > \r\n\t\t\t\t\t<a href=\"http:\/\/www.modernanavarra.com\/apoyo-a-empresas\/sello-moderna\/\" target=\"_blank\" title=\"\"><\/a>\r\n\t\t\t\t\t<div class=\"boldPhotoBox\"><div class=\"bpbItem\"><div class = \"btImage\"><img decoding=\"async\" src=\"https:\/\/www.pranan.com\/wp-content\/uploads\/2022\/07\/moderna1-300x200-1.jpg\" alt=\"\" title=\"\"><\/div><\/div><\/div>\r\n\t\t\t\t\t<div class=\"captionPane btDarkSkin btTextCenter\">\r\n\t\t\t\t\t\t<div class=\"captionTable\">\r\n\t\t\t\t\t\t\t<div class=\"captionCell\">\r\n\t\t\t\t\t\t\t\t<div class=\"captionTxt\"><\/div>\r\n\t\t\t\t\t\t\t<\/div>\r\n\t\t\t\t\t\t<\/div>\r\n\t\t\t\t\t<\/div><\/div><div class=\"btClear btSeparator topSemiSpaced noBorder\" ><hr><\/div><\/div><\/div><div class=\"rowItem col-md-9 col-ms-12  btTextLeft animate animate-fadein inherit\"  data-width=\"9\"><div class=\"rowItemContent\" ><header class=\"header btClear small  regular\" ><div class=\"btSuperTitle\"><span>WWW.MODERNANAVARRA.COM<\/span><\/div><div class=\"dash\"><h4><span class=\"headline\">Fondation MODERNA<\/span><\/h4><\/div><div class=\"btSubTitle\">Obtention du label Moderna, qui atteste de l&rsquo;alignement des projets d&rsquo;entreprises sur la strat\u00e9gie de d\u00e9veloppement \u00e9conomique de Navarre, dans les trois domaines prioritaires : l&rsquo;\u00e9conomie verte, l&rsquo;\u00e9conomie de la sant\u00e9 et l&rsquo;\u00e9conomie des talents. Le label MODERNA permet d&rsquo;acc\u00e9der \u00e0 la ligne de financement de la Banque europ\u00e9enne d&rsquo;investissement.<\/div><\/header><div class=\"btClear btSeparator topSemiSpaced noBorder\" ><hr><\/div><\/div><\/div><\/div><\/div><div class=\"boldRow \" ><div class=\"boldRowInner\"><div class=\"rowItem col-md-3 col-sm-6 col-ms-12 btTextLeft animate animate-fadein inherit\"  data-width=\"3\"><div class=\"rowItemContent\" ><div class=\"bpgPhoto btDefaultHoverType\" > \r\n\t\t\t\t\t<a href=\"http:\/\/www.nanogune.eu\/es\" target=\"_blank\" title=\"\"><\/a>\r\n\t\t\t\t\t<div class=\"boldPhotoBox\"><div class=\"bpbItem\"><div class = \"btImage\"><img decoding=\"async\" src=\"https:\/\/www.pranan.com\/wp-content\/uploads\/2022\/07\/NanoGUNEbuilding1-300x203-1.jpg\" alt=\"\" title=\"\"><\/div><\/div><\/div>\r\n\t\t\t\t\t<div class=\"captionPane btDarkSkin btTextCenter\">\r\n\t\t\t\t\t\t<div class=\"captionTable\">\r\n\t\t\t\t\t\t\t<div class=\"captionCell\">\r\n\t\t\t\t\t\t\t\t<div class=\"captionTxt\"><\/div>\r\n\t\t\t\t\t\t\t<\/div>\r\n\t\t\t\t\t\t<\/div>\r\n\t\t\t\t\t<\/div><\/div><div class=\"btClear btSeparator topSemiSpaced noBorder\" ><hr><\/div><\/div><\/div><div class=\"rowItem col-md-9 col-ms-12  btTextLeft animate animate-fadein inherit\"  data-width=\"9\"><div class=\"rowItemContent\" ><header class=\"header btClear small  regular\" ><div class=\"btSuperTitle\"><span>NANOSCIENCE COOPERATIVE RESEARCH<\/span><\/div><div class=\"dash\"><h4><span class=\"headline\">CIC Nanogune<\/span><\/h4><\/div><div class=\"btSubTitle\">Le centre de technologie Nanogune, d\u00e9di\u00e9 \u00e0 la recherche en nanosciences, a analys\u00e9, gr\u00e2ce au proc\u00e9d\u00e9 de spectroscopie Raman et aux rayons X, l&rsquo;un des circuits composant la technologie d\u00e9velopp\u00e9e par Pranan Technologie, dans le but d&rsquo;identifier l&rsquo;utilisation d&rsquo;oxyde de graph\u00e8ne. Le rapport de Nanogune confirme l&rsquo;identification et l&rsquo;existence d&rsquo;oxyde de graph\u00e8ne dans la technologie d\u00e9velopp\u00e9e par Pranan Technologies.<\/div><\/header><div class=\"btClear btSeparator topSemiSpaced noBorder\" ><hr><\/div><\/div><\/div><\/div><\/div><\/div><\/div><\/div><\/section>\n","protected":false},"excerpt":{"rendered":"<p>Voici quelques-uns de nos organismes partenaire qui ont contribu\u00e9 \u00e0 ce que Pranan puisse offrir des dispositifs dot\u00e9s de la technologie de protection contre le rayonnement la plus avanc\u00e9e du march\u00e9.<\/p>\n","protected":false},"author":1,"featured_media":3507,"parent":0,"menu_order":0,"comment_status":"closed","ping_status":"closed","template":"","meta":{"footnotes":""},"class_list":["post-6017","page","type-page","status-publish","has-post-thumbnail","hentry"],"yoast_head":"<!-- This site is optimized with the Yoast SEO plugin v24.9 - https:\/\/yoast.com\/wordpress\/plugins\/seo\/ -->\n<title>Organisations partenaires - Pranan<\/title>\n<meta name=\"robots\" content=\"index, follow, max-snippet:-1, max-image-preview:large, max-video-preview:-1\" \/>\n<link rel=\"canonical\" href=\"https:\/\/www.pranan.com\/organismos-colaboradores\/\" \/>\n<meta property=\"og:locale\" content=\"fr_FR\" \/>\n<meta property=\"og:type\" content=\"article\" \/>\n<meta property=\"og:title\" content=\"Organisations partenaires - Pranan\" \/>\n<meta property=\"og:description\" content=\"Voici quelques-uns de nos organismes partenaire qui ont contribu\u00e9 \u00e0 ce que Pranan puisse offrir des dispositifs dot\u00e9s de la technologie de protection contre le rayonnement la plus avanc\u00e9e du march\u00e9.\" \/>\n<meta property=\"og:url\" content=\"https:\/\/www.pranan.com\/organismos-colaboradores\/\" \/>\n<meta property=\"og:site_name\" content=\"Pranan\" \/>\n<meta property=\"article:modified_time\" content=\"2022-12-14T19:22:10+00:00\" \/>\n<meta property=\"og:image\" content=\"https:\/\/www.pranan.com\/wp-content\/uploads\/2016\/09\/hero_inner_page.jpg\" \/>\n\t<meta property=\"og:image:width\" content=\"1280\" \/>\n\t<meta property=\"og:image:height\" content=\"640\" \/>\n\t<meta property=\"og:image:type\" content=\"image\/jpeg\" \/>\n<meta name=\"twitter:card\" content=\"summary_large_image\" \/>\n<meta name=\"twitter:label1\" content=\"Dur\u00e9e de lecture estim\u00e9e\" \/>\n\t<meta name=\"twitter:data1\" content=\"11 minutes\" \/>\n<script type=\"application\/ld+json\" class=\"yoast-schema-graph\">{\"@context\":\"https:\/\/schema.org\",\"@graph\":[{\"@type\":\"WebPage\",\"@id\":\"https:\/\/www.pranan.com\/organismos-colaboradores\/\",\"url\":\"https:\/\/www.pranan.com\/organismos-colaboradores\/\",\"name\":\"Organisations partenaires - Pranan\",\"isPartOf\":{\"@id\":\"https:\/\/www.pranan.com\/#website\"},\"primaryImageOfPage\":{\"@id\":\"https:\/\/www.pranan.com\/organismos-colaboradores\/#primaryimage\"},\"image\":{\"@id\":\"https:\/\/www.pranan.com\/organismos-colaboradores\/#primaryimage\"},\"thumbnailUrl\":\"https:\/\/www.pranan.com\/wp-content\/uploads\/2016\/09\/hero_inner_page.jpg\",\"datePublished\":\"2022-07-27T22:33:10+00:00\",\"dateModified\":\"2022-12-14T19:22:10+00:00\",\"breadcrumb\":{\"@id\":\"https:\/\/www.pranan.com\/organismos-colaboradores\/#breadcrumb\"},\"inLanguage\":\"fr-FR\",\"potentialAction\":[{\"@type\":\"ReadAction\",\"target\":[\"https:\/\/www.pranan.com\/organismos-colaboradores\/\"]}]},{\"@type\":\"ImageObject\",\"inLanguage\":\"fr-FR\",\"@id\":\"https:\/\/www.pranan.com\/organismos-colaboradores\/#primaryimage\",\"url\":\"https:\/\/www.pranan.com\/wp-content\/uploads\/2016\/09\/hero_inner_page.jpg\",\"contentUrl\":\"https:\/\/www.pranan.com\/wp-content\/uploads\/2016\/09\/hero_inner_page.jpg\",\"width\":1280,\"height\":640},{\"@type\":\"BreadcrumbList\",\"@id\":\"https:\/\/www.pranan.com\/organismos-colaboradores\/#breadcrumb\",\"itemListElement\":[{\"@type\":\"ListItem\",\"position\":1,\"name\":\"Portada\",\"item\":\"https:\/\/www.pranan.com\/fr\/\"},{\"@type\":\"ListItem\",\"position\":2,\"name\":\"Organisations partenaires\"}]},{\"@type\":\"WebSite\",\"@id\":\"https:\/\/www.pranan.com\/#website\",\"url\":\"https:\/\/www.pranan.com\/\",\"name\":\"Pranan\",\"description\":\"Researching Center\",\"potentialAction\":[{\"@type\":\"SearchAction\",\"target\":{\"@type\":\"EntryPoint\",\"urlTemplate\":\"https:\/\/www.pranan.com\/?s={search_term_string}\"},\"query-input\":{\"@type\":\"PropertyValueSpecification\",\"valueRequired\":true,\"valueName\":\"search_term_string\"}}],\"inLanguage\":\"fr-FR\"}]}<\/script>\n<!-- \/ Yoast SEO plugin. -->","yoast_head_json":{"title":"Organisations partenaires - Pranan","robots":{"index":"index","follow":"follow","max-snippet":"max-snippet:-1","max-image-preview":"max-image-preview:large","max-video-preview":"max-video-preview:-1"},"canonical":"https:\/\/www.pranan.com\/organismos-colaboradores\/","og_locale":"fr_FR","og_type":"article","og_title":"Organisations partenaires - Pranan","og_description":"Voici quelques-uns de nos organismes partenaire qui ont contribu\u00e9 \u00e0 ce que Pranan puisse offrir des dispositifs dot\u00e9s de la technologie de protection contre le rayonnement la plus avanc\u00e9e du march\u00e9.","og_url":"https:\/\/www.pranan.com\/organismos-colaboradores\/","og_site_name":"Pranan","article_modified_time":"2022-12-14T19:22:10+00:00","og_image":[{"width":1280,"height":640,"url":"https:\/\/www.pranan.com\/wp-content\/uploads\/2016\/09\/hero_inner_page.jpg","type":"image\/jpeg"}],"twitter_card":"summary_large_image","twitter_misc":{"Dur\u00e9e de lecture estim\u00e9e":"11 minutes"},"schema":{"@context":"https:\/\/schema.org","@graph":[{"@type":"WebPage","@id":"https:\/\/www.pranan.com\/organismos-colaboradores\/","url":"https:\/\/www.pranan.com\/organismos-colaboradores\/","name":"Organisations partenaires - Pranan","isPartOf":{"@id":"https:\/\/www.pranan.com\/#website"},"primaryImageOfPage":{"@id":"https:\/\/www.pranan.com\/organismos-colaboradores\/#primaryimage"},"image":{"@id":"https:\/\/www.pranan.com\/organismos-colaboradores\/#primaryimage"},"thumbnailUrl":"https:\/\/www.pranan.com\/wp-content\/uploads\/2016\/09\/hero_inner_page.jpg","datePublished":"2022-07-27T22:33:10+00:00","dateModified":"2022-12-14T19:22:10+00:00","breadcrumb":{"@id":"https:\/\/www.pranan.com\/organismos-colaboradores\/#breadcrumb"},"inLanguage":"fr-FR","potentialAction":[{"@type":"ReadAction","target":["https:\/\/www.pranan.com\/organismos-colaboradores\/"]}]},{"@type":"ImageObject","inLanguage":"fr-FR","@id":"https:\/\/www.pranan.com\/organismos-colaboradores\/#primaryimage","url":"https:\/\/www.pranan.com\/wp-content\/uploads\/2016\/09\/hero_inner_page.jpg","contentUrl":"https:\/\/www.pranan.com\/wp-content\/uploads\/2016\/09\/hero_inner_page.jpg","width":1280,"height":640},{"@type":"BreadcrumbList","@id":"https:\/\/www.pranan.com\/organismos-colaboradores\/#breadcrumb","itemListElement":[{"@type":"ListItem","position":1,"name":"Portada","item":"https:\/\/www.pranan.com\/fr\/"},{"@type":"ListItem","position":2,"name":"Organisations partenaires"}]},{"@type":"WebSite","@id":"https:\/\/www.pranan.com\/#website","url":"https:\/\/www.pranan.com\/","name":"Pranan","description":"Researching Center","potentialAction":[{"@type":"SearchAction","target":{"@type":"EntryPoint","urlTemplate":"https:\/\/www.pranan.com\/?s={search_term_string}"},"query-input":{"@type":"PropertyValueSpecification","valueRequired":true,"valueName":"search_term_string"}}],"inLanguage":"fr-FR"}]}},"_links":{"self":[{"href":"https:\/\/www.pranan.com\/fr\/wp-json\/wp\/v2\/pages\/6017","targetHints":{"allow":["GET"]}}],"collection":[{"href":"https:\/\/www.pranan.com\/fr\/wp-json\/wp\/v2\/pages"}],"about":[{"href":"https:\/\/www.pranan.com\/fr\/wp-json\/wp\/v2\/types\/page"}],"author":[{"embeddable":true,"href":"https:\/\/www.pranan.com\/fr\/wp-json\/wp\/v2\/users\/1"}],"replies":[{"embeddable":true,"href":"https:\/\/www.pranan.com\/fr\/wp-json\/wp\/v2\/comments?post=6017"}],"version-history":[{"count":2,"href":"https:\/\/www.pranan.com\/fr\/wp-json\/wp\/v2\/pages\/6017\/revisions"}],"predecessor-version":[{"id":6019,"href":"https:\/\/www.pranan.com\/fr\/wp-json\/wp\/v2\/pages\/6017\/revisions\/6019"}],"wp:featuredmedia":[{"embeddable":true,"href":"https:\/\/www.pranan.com\/fr\/wp-json\/wp\/v2\/media\/3507"}],"wp:attachment":[{"href":"https:\/\/www.pranan.com\/fr\/wp-json\/wp\/v2\/media?parent=6017"}],"curies":[{"name":"wp","href":"https:\/\/api.w.org\/{rel}","templated":true}]}}