{"id":6013,"date":"2016-10-26T07:05:04","date_gmt":"2016-10-26T05:05:04","guid":{"rendered":"https:\/\/www.pranan.com\/questions-et-reponses\/"},"modified":"2023-12-07T16:39:31","modified_gmt":"2023-12-07T15:39:31","slug":"questions-et-reponses","status":"publish","type":"page","link":"https:\/\/www.pranan.com\/fr\/questions-et-reponses\/","title":{"rendered":"Questions et r\u00e9ponses"},"content":{"rendered":"<section id=\"bt_section69e49ef67fbd7\"  class=\"boldSection topSemiSpaced gutter boxed inherit\" ><div class=\"port\"><div class=\"boldCell\"><div class=\"boldCellInner\"><div class=\"boldRow \" ><div class=\"boldRowInner\"><div class=\"rowItem col-md-12 col-ms-12  btTextLeft animate animate-fadein inherit\"  data-width=\"12\"><div class=\"rowItemContent\" ><header class=\"header btClear medium btDash bottomDash  regular\" ><div class=\"btSuperTitle\"><span>TROUVER LES R\u00c9PONSES<\/span><\/div><div class=\"dash\"><h3><span class=\"headline\">Que puis-je trouver dans cette rubrique ?<\/span><\/h3><\/div><div class=\"btSubTitle\">Au fil du temps, nous avons d\u00e9tect\u00e9 qu&rsquo;il existe des doutes que de nombreux utilisateurs partagent, c&rsquo;est pourquoi nous mettons \u00e0 votre disposition cette section dans laquelle nous r\u00e9pondons aux questions que vous vous posez peut-\u00eatre en ce moment. Dans tous les cas, vous pouvez toujours nous contacter, nous serons heureux de vous aider.<\/div><\/header><div class=\"btClear btSeparator topSmallSpaced noBorder\" ><hr><\/div><div class=\"btClear btSeparator topSmallSpaced bottomSemiSpaced border\" ><hr><\/div><\/div><\/div><\/div><\/div><div class=\"boldRow \" ><div class=\"boldRowInner\"><div class=\"rowItem col-md-6 col-sm-12 btTextLeft animate animate-fadein inherit\"  data-width=\"6\"><div class=\"rowItemContent\" ><div class=\"btTabs tabsVertical\"><ul class=\"tabsHeader\"><li><span>Doit-on l&rsquo;utiliser la nuit?<\/span><\/li><li><span>Comment fonctionne-t-elle?<\/span><\/li><li><span>Ansi, comment peut-on ,esurer l&rsquo;efficacit\u00e9 de la technologie qui nous prot\u00e8ge de la radiation?<\/span><\/li><li><span>Quelle diff\u00e9rence esxiste-t-il entre la technologie utilis\u00e9e par dispositif Pranan et les autres dispositifs existant sur le march\u00e9?<\/span><\/li><li><span>Qu&rsquo;est-ce que Phiwaves?<\/span><\/li><li><span>Comment s&rsquo;active Phiwaves?<\/span><\/li><li><span>Les dispositifs Phiwaves sont-ils surs?<\/span><\/li><li><span>En cas de changement de t\u00e9l\u00e9phone, peut-on coller le dispositif sur le nouveau en \u00e9tant assur\u00e9 d&rsquo;\u00eatre prot\u00e9g\u00e9?<\/span><\/li><li><span>Phione fonctionne-t&rsquo;il \u00e9galement avec les t\u00e9l\u00e9phones mobiles de derni\u00e8re g\u00e9n\u00e9ration?<\/span><\/li><li><span>\u00bfTiene alguna contraidicaci\u00f3n?<\/span><\/li><\/ul><div class=\"tabPanes accordionPanes\"><div class=\"tabPane\">\n\t\t\t<div class=\"tabAccordionTitle\"><span>Doit-on l&rsquo;utiliser la nuit?<\/span><\/div>\n\t\t\t<div class=\"tabAccordionContent\"><div class=\"btClear btSeparator topSmallSpaced noBorder\" ><hr><\/div><div class=\"btText\" ><p>Il est consill\u00e9 de le placer sous l&rsquo;oreiller, \u00e9tant donn\u00e9 que lorsque nous dormons, nous pouvons \u00eatre expos\u00e9s \u00e0 diff\u00e9rentes sources de pollution \u00e9lectromagn\u00e9tique, comme les ondes \u00e9mises par le Wi-Fi.<\/p>\n<\/div><div class=\"btClear btSeparator topSmallSpaced noBorder\" ><hr><\/div><\/div>\n\t\t<\/div><div class=\"tabPane\">\n\t\t\t<div class=\"tabAccordionTitle\"><span>Comment fonctionne-t-elle?<\/span><\/div>\n\t\t\t<div class=\"tabAccordionContent\"><div class=\"btClear btSeparator topSmallSpaced noBorder\" ><hr><\/div><div class=\"btText\" ><p>Les dispositifs PRANAN captent une partie de la radiation evironnementale en filtrant les composants transversaux et en permettant uniquement le passage des composants longitudinaux des champs \u00e9lectromagn\u00e9tiques.<\/p>\n<p>C&rsquo;est la r\u00e9\u00e9mission de ces pulsions \u00e9lectromagn\u00e9tiques ultra-faibles qui produit un effet \u00e9quilibrant au niveau biologique.<\/p>\n<\/div><div class=\"btClear btSeparator topSmallSpaced noBorder\" ><hr><\/div><\/div>\n\t\t<\/div><div class=\"tabPane\">\n\t\t\t<div class=\"tabAccordionTitle\"><span>Ansi, comment peut-on ,esurer l&rsquo;efficacit\u00e9 de la technologie qui nous prot\u00e8ge de la radiation?<\/span><\/div>\n\t\t\t<div class=\"tabAccordionContent\"><div class=\"btClear btSeparator topSmallSpaced noBorder\" ><hr><\/div><div class=\"btText\" ><p>En effectuant des mesures sur l&rsquo;organisme avant (sans protection) et apr\u00e8s (avec une protection). La technologie actuelle nous permet de mesurer les perturbations, que ce soit au niveau bio\u00e9lectrique ou au niveau biochimique, qui se produisent dans l&rsquo;organisme lorsque celui-ci est soumis \u00e0 la radiation \u00e9lectromagn\u00e9tique. Pour que ces mesures soient fiables,\u00a0<strong>il convient de les effectuer dans des centres technologiques et des universit\u00e9s qui utilisent des protocoles de recherche universellement admis par la science.<\/strong><\/p>\n<\/div><div class=\"btClear btSeparator topSmallSpaced noBorder\" ><hr><\/div><\/div>\n\t\t<\/div><div class=\"tabPane\">\n\t\t\t<div class=\"tabAccordionTitle\"><span>Quelle diff\u00e9rence esxiste-t-il entre la technologie utilis\u00e9e par dispositif Pranan et les autres dispositifs existant sur le march\u00e9?<\/span><\/div>\n\t\t\t<div class=\"tabAccordionContent\"><div class=\"btClear btSeparator topSmallSpaced noBorder\" ><hr><\/div><div class=\"btText\" ><p>L&rsquo;efficacit\u00e9 de cette technologie a \u00e9t\u00e9 soumise \u00e0 des \u00e9tudes et des analyses dans des centres de recherche homologu\u00e9s et reconnus. Ce sont \u00e9lement les seuls du march\u00e9 qui utilisent la nanotechnologie dans la fabrication et en particulier l&rsquo;nanodiamants (diamond line).<\/p>\n<\/div><div class=\"btClear btSeparator topSmallSpaced noBorder\" ><hr><\/div><\/div>\n\t\t<\/div><div class=\"tabPane\">\n\t\t\t<div class=\"tabAccordionTitle\"><span>Qu&rsquo;est-ce que Phiwaves?<\/span><\/div>\n\t\t\t<div class=\"tabAccordionContent\"><div class=\"btClear btSeparator topSmallSpaced noBorder\" ><hr><\/div><div class=\"btText\" ><p>C&rsquo;est un dispositif de derni\u00e8re g\u00e9n\u00e9ration sp\u00e9cifiquement con\u00e7u pour nous prot\u00e9ger des perturbations sur l&rsquo;organisme engendr\u00e9es par la radiation \u00e9lectromagn\u00e9tique non-ionisante, \u00e9mise par les syst\u00e8mes sans fil de t\u00e9l\u00e9phonie mobile, les antennes, les relais, les r\u00e9seaux Wi-Fi, les radars, les r\u00e9seaux \u00e9lectriques, et tout autre syst\u00e8me capable de g\u00e9n\u00e9rer une radiation artificielle nocive.<\/p>\n<\/div><div class=\"btClear btSeparator topSmallSpaced noBorder\" ><hr><\/div><\/div>\n\t\t<\/div><div class=\"tabPane\">\n\t\t\t<div class=\"tabAccordionTitle\"><span>Comment s&rsquo;active Phiwaves?<\/span><\/div>\n\t\t\t<div class=\"tabAccordionContent\"><div class=\"btClear btSeparator topSmallSpaced noBorder\" ><hr><\/div><div class=\"btText\" ><p>Le dispositif s&rsquo;active automatiquement lorsqu&rsquo;il d\u00e9tecte une radiation \u00e9lectromagn\u00e9tique. Plus l&rsquo;on s\u00e9pare le dispositif de l&rsquo;organisme, plus le degr\u00e9 de protection s&rsquo;affaiblit.<\/p>\n<\/div><div class=\"btClear btSeparator topSmallSpaced noBorder\" ><hr><\/div><\/div>\n\t\t<\/div><div class=\"tabPane\">\n\t\t\t<div class=\"tabAccordionTitle\"><span>Les dispositifs Phiwaves sont-ils surs?<\/span><\/div>\n\t\t\t<div class=\"tabAccordionContent\"><div class=\"btClear btSeparator topSmallSpaced noBorder\" ><hr><\/div><div class=\"btText\" ><p>La technologie utilis\u00e9e par les Phiwaves est audit\u00e9e par T\u00fcvRheinland (organisme homologu\u00e9 au niveau intenational).\u00a0<strong>Ce sont les seuls dispositifs qui poss\u00e8dent un certificat conforme \u00e0 la Directive Europ\u00e9enne 2001\/95\/CE,<\/strong>\u00a0qui garantit que toutes les exigences de s\u00e9curit\u00e9 soient respect\u00e9es en vue de leur commercialisation.<\/p>\n<\/div><div class=\"btClear btSeparator topSmallSpaced noBorder\" ><hr><\/div><\/div>\n\t\t<\/div><div class=\"tabPane\">\n\t\t\t<div class=\"tabAccordionTitle\"><span>En cas de changement de t\u00e9l\u00e9phone, peut-on coller le dispositif sur le nouveau en \u00e9tant assur\u00e9 d&rsquo;\u00eatre prot\u00e9g\u00e9?<\/span><\/div>\n\t\t\t<div class=\"tabAccordionContent\"><div class=\"btClear btSeparator topSmallSpaced noBorder\" ><hr><\/div><div class=\"btText\" ><p>Oui. Il suffit de le d\u00e9coller de l&rsquo;ancien t\u00e9l\u00e9phone et de le coller sur le nouveau.<\/p>\n<\/div><div class=\"btClear btSeparator topSmallSpaced noBorder\" ><hr><\/div><\/div>\n\t\t<\/div><div class=\"tabPane\">\n\t\t\t<div class=\"tabAccordionTitle\"><span>Phione fonctionne-t&rsquo;il \u00e9galement avec les t\u00e9l\u00e9phones mobiles de derni\u00e8re g\u00e9n\u00e9ration?<\/span><\/div>\n\t\t\t<div class=\"tabAccordionContent\"><div class=\"btClear btSeparator topSmallSpaced noBorder\" ><hr><\/div><div class=\"btText\" ><p>Oui. De plus, l&rsquo;utilisation de nanomat\u00e9riaux dont l&rsquo;oxyde de graph\u00e8ne dans cette technologie le rend particuli\u00e8rement efficace avec ce type de t\u00e9l\u00e9phones.<\/p>\n<\/div><div class=\"btClear btSeparator topSmallSpaced noBorder\" ><hr><\/div><\/div>\n\t\t<\/div><div class=\"tabPane\">\n\t\t\t<div class=\"tabAccordionTitle\"><span>\u00bfTiene alguna contraidicaci\u00f3n?<\/span><\/div>\n\t\t\t<div class=\"tabAccordionContent\"><div class=\"btClear btSeparator topSmallSpaced noBorder\" ><hr><\/div><div class=\"btText\" ><p>Ninguna, tal como se demostr\u00f3 en los estudios bioqu\u00edmicos realizados por la Universidad de Granada.<\/p>\n<p>Los dispositivos Pranan constituyen una excelente medida frente al estado subyacente de estr\u00e9s oxidativo e inflamaci\u00f3n, corrigi\u00e9ndolo hacia un mejor estado de control fisiol\u00f3gico del sujeto, lo que redunda en un buen estado de salud del mismo.<\/p>\n<\/div><div class=\"btClear btSeparator topSmallSpaced noBorder\" ><hr><\/div><\/div>\n\t\t<\/div><\/div><\/div><div class=\"btClear btSeparator bottomSemiSpaced border\" ><hr><\/div><\/div><\/div><div class=\"rowItem col-md-6 col-sm-12 btTextLeft animate animate-fadein inherit\"  data-width=\"6\"><div class=\"rowItemContent\" ><div class=\"btTabs tabsVertical\"><ul class=\"tabsHeader\"><li><span>En quoi consiste la technologie Pranan?<\/span><\/li><li><span>Peut-on mesurer les fr\u00e9quences \u00e9mises par dispositif Pranan?<\/span><\/li><li><span>Par cons\u00e9quent, que se passe-t-il si l&rsquo;on place un instrument de mesure de radiation sur un dispositif Pranan?<\/span><\/li><li><span>Quelles \u00e9tudes ont \u00e9t\u00e9 men\u00e9es pour prouver son efficacit\u00e9?<\/span><\/li><li><span>Comment doit-on utiliser le dispositif?<\/span><\/li><li><span>Quand doit-on l&rsquo;utiliser?<\/span><\/li><li><span>Quelles sont les \u00e9tapes \u00e0 suivre pour le dispositif en marche?<\/span><\/li><li><span>Est-il n\u00e9cessaire de porter Phione en plus du protecteur Phiwaves?<\/span><\/li><li><span>\u00bfProtegen de las radiaciones ionizantes??<\/span><\/li><li><span>Les dispositifs Phione sont-ils surs?<\/span><\/li><\/ul><div class=\"tabPanes accordionPanes\"><div class=\"tabPane\">\n\t\t\t<div class=\"tabAccordionTitle\"><span>En quoi consiste la technologie Pranan?<\/span><\/div>\n\t\t\t<div class=\"tabAccordionContent\"><div class=\"btClear btSeparator topSmallSpaced noBorder\" ><hr><\/div><div class=\"btText\" ><p>Elle vise principalement \u00e0 apporter une protection face ux processus biochimiques et bio\u00e9lectriques des personnes expos\u00e9es aux \u00e9missions artificielles de radiation non-ionisante, en neutralisant les perturbations qui se produisent \u00e0 l&rsquo;int\u00e9rieur de l&rsquo;organisme.<\/p>\n<\/div><div class=\"btClear btSeparator topSmallSpaced noBorder\" ><hr><\/div><\/div>\n\t\t<\/div><div class=\"tabPane\">\n\t\t\t<div class=\"tabAccordionTitle\"><span>Peut-on mesurer les fr\u00e9quences \u00e9mises par dispositif Pranan?<\/span><\/div>\n\t\t\t<div class=\"tabAccordionContent\"><div class=\"btClear btSeparator topSmallSpaced noBorder\" ><hr><\/div><div class=\"btText\" ><p>L&rsquo;intensit\u00e9 de la radiation \u00e9mise est tellement faible qu&rsquo;elle ne peut pas \u00eatre mesur\u00e9e avec des instruments de mesure dont la technologie\u00a0<strong>est bas\u00e9e sur la th\u00e9orie des champs \u00e9lectromagn\u00e9tiques vectoriels,<\/strong>\u00a0c&rsquo;est-\u00e0-dire, tous les instruments de mesure traditionnels.<\/p>\n<\/div><div class=\"btClear btSeparator topSmallSpaced noBorder\" ><hr><\/div><\/div>\n\t\t<\/div><div class=\"tabPane\">\n\t\t\t<div class=\"tabAccordionTitle\"><span>Par cons\u00e9quent, que se passe-t-il si l&rsquo;on place un instrument de mesure de radiation sur un dispositif Pranan?<\/span><\/div>\n\t\t\t<div class=\"tabAccordionContent\"><div class=\"btClear btSeparator topSmallSpaced noBorder\" ><hr><\/div><div class=\"btText\" ><p>Aucun changement ne se produit \u00e9tant donn\u00e9 que les dispositifs PRANAN ne neutralisent pas la pollution \u00e9lectromagn\u00e9tique, mais agissent sur les effets de cette radiation sur l&rsquo;organisme.<\/p>\n<\/div><div class=\"btClear btSeparator topSmallSpaced noBorder\" ><hr><\/div><\/div>\n\t\t<\/div><div class=\"tabPane\">\n\t\t\t<div class=\"tabAccordionTitle\"><span>Quelles \u00e9tudes ont \u00e9t\u00e9 men\u00e9es pour prouver son efficacit\u00e9?<\/span><\/div>\n\t\t\t<div class=\"tabAccordionContent\"><div class=\"btClear btSeparator topSmallSpaced noBorder\" ><hr><\/div><div class=\"btText\" ><p>Une \u00e9tude biochimique men\u00e9e par l&rsquo;\u00e9quipe de recherche CTS-101 \u00ab\u00a0communication intercellulaire\u00a0\u00bb de\u00a0<strong>l&rsquo;Universit\u00e9 de Grenade,<\/strong>\u00a0et une autre \u00e9tude bio\u00e9lectrique men\u00e9e par la\u00a0<strong>facult\u00e9 de m\u00e9dicine de l&rsquo;Universit\u00e9 Complutense de Madrid.<\/strong><\/p>\n<\/div><div class=\"btClear btSeparator topSmallSpaced noBorder\" ><hr><\/div><\/div>\n\t\t<\/div><div class=\"tabPane\">\n\t\t\t<div class=\"tabAccordionTitle\"><span>Comment doit-on utiliser le dispositif?<\/span><\/div>\n\t\t\t<div class=\"tabAccordionContent\"><div class=\"btClear btSeparator topSmallSpaced noBorder\" ><hr><\/div><div class=\"btText\" ><p>Pour que le dispositif nous prot\u00e8ge de la pollution \u00e9lectromagn\u00e9tique, il suffit de le porter sur soi, dans une poche par example, d&rsquo;un pantalon, d&rsquo;une veste, etc. Il est important de le porter le plus pr\u00e8s possible du corps (sans qu&rsquo;il soit n\u00e9cessaitement en contact).<\/p>\n<\/div><div class=\"btClear btSeparator topSmallSpaced noBorder\" ><hr><\/div><\/div>\n\t\t<\/div><div class=\"tabPane\">\n\t\t\t<div class=\"tabAccordionTitle\"><span>Quand doit-on l&rsquo;utiliser?<\/span><\/div>\n\t\t\t<div class=\"tabAccordionContent\"><div class=\"btClear btSeparator topSmallSpaced noBorder\" ><hr><\/div><div class=\"btText\" ><p>Il est conseill\u00e9 de le porter sans limite vu que nous sommes habituellement entour\u00e9s d&rsquo;ondes \u00e9lectromagn\u00e9tiques, au travail, dans les loisirs, \u00e0 l&rsquo;\u00e9cole, au restaurant, en voyage&#8230;<\/p>\n<\/div><div class=\"btClear btSeparator topSmallSpaced noBorder\" ><hr><\/div><\/div>\n\t\t<\/div><div class=\"tabPane\">\n\t\t\t<div class=\"tabAccordionTitle\"><span>Quelles sont les \u00e9tapes \u00e0 suivre pour le dispositif en marche?<\/span><\/div>\n\t\t\t<div class=\"tabAccordionContent\"><div class=\"btClear btSeparator topSmallSpaced noBorder\" ><hr><\/div><div class=\"btText\" ><p>Une fois sorti de son emballage, enlever le dispositif de la carte et retirer le film de protection de la partie adh\u00e9sive au dos. Il suffit en suite de le coller au dos du t\u00e9l\u00e9phone. Le dispositif fonctionne automatiquement lorsqu&rsquo;il est en contact avec la radiation \u00e9lectrinagn\u00e9tique, c&rsquo;est-\u00e0-dire lorsque le t\u00e9l\u00e9phone est allume.<\/p>\n<\/div><div class=\"btClear btSeparator topSmallSpaced noBorder\" ><hr><\/div><\/div>\n\t\t<\/div><div class=\"tabPane\">\n\t\t\t<div class=\"tabAccordionTitle\"><span>Est-il n\u00e9cessaire de porter Phione en plus du protecteur Phiwaves?<\/span><\/div>\n\t\t\t<div class=\"tabAccordionContent\"><div class=\"btClear btSeparator topSmallSpaced noBorder\" ><hr><\/div><div class=\"btText\" ><p>C&rsquo;est pr\u00e9f\u00e9rable, \u00e9tant donn\u00e9 que le protecteur pr\u00e9vu pour les t\u00e9l\u00e9phones mobiles est con\u00e7u pour \u00eatre en contact permanent avec le t\u00e9l\u00e9phone et pr\u00e8s du cerveau, en le prot\u00e9geant ainsi directement de la radiation qui se produit lors d&rsquo;un appel.<\/p>\n<\/div><div class=\"btClear btSeparator topSmallSpaced noBorder\" ><hr><\/div><\/div>\n\t\t<\/div><div class=\"tabPane\">\n\t\t\t<div class=\"tabAccordionTitle\"><span>\u00bfProtegen de las radiaciones ionizantes??<\/span><\/div>\n\t\t\t<div class=\"tabAccordionContent\"><div class=\"btClear btSeparator topSmallSpaced noBorder\" ><hr><\/div><div class=\"btText\" ><p>No est\u00e1 demostrado. Solo est\u00e1 probado para la influencia de las radiaciones no ionizantes.<\/p>\n<\/div><div class=\"btClear btSeparator topSmallSpaced noBorder\" ><hr><\/div><\/div>\n\t\t<\/div><div class=\"tabPane\">\n\t\t\t<div class=\"tabAccordionTitle\"><span>Les dispositifs Phione sont-ils surs?<\/span><\/div>\n\t\t\t<div class=\"tabAccordionContent\"><div class=\"btClear btSeparator topSmallSpaced noBorder\" ><hr><\/div><div class=\"btText\" ><p>La technologie utilis\u00e9e par les PHIONE est audit\u00e9e par T\u00fcvRheinland (organiseme homologu\u00e9 au niveau international).\u00a0<strong>Ce sont les seuls dispositifs qui poss\u00e8dent un certificat conforme \u00e0 la Directive Europ\u00e9enne 2001\/95\/CE,<\/strong>\u00a0qui garantit le respect de toutes les conditions de s\u00e9cuit\u00e9 en vue de leur commercialisation.<\/p>\n<\/div><div class=\"btClear btSeparator topSmallSpaced noBorder\" ><hr><\/div><\/div>\n\t\t<\/div><\/div><\/div><div class=\"btClear btSeparator bottomSemiSpaced border\" ><hr><\/div><\/div><\/div><\/div><\/div><div class=\"boldRow \" ><div class=\"boldRowInner\"><div class=\"rowItem col-md-12 col-ms-12  btTextLeft\"  data-width=\"12\"><div class=\"rowItemContent\" ><div class=\"btClear btSeparator bottomSmallSpaced noBorder\" ><hr><\/div><\/div><\/div><\/div><\/div><\/div><\/div><\/div><\/section>\n","protected":false},"excerpt":{"rendered":"<p>Dans cette section, nous r\u00e9solvons les doutes les plus fr\u00e9quents de mani\u00e8re claire et simple.<\/p>\n","protected":false},"author":1,"featured_media":3507,"parent":0,"menu_order":0,"comment_status":"closed","ping_status":"closed","template":"","meta":{"footnotes":""},"class_list":["post-6013","page","type-page","status-publish","has-post-thumbnail","hentry"],"yoast_head":"<!-- This site is optimized with the Yoast SEO plugin v24.9 - https:\/\/yoast.com\/wordpress\/plugins\/seo\/ -->\n<title>Questions et r\u00e9ponses - Pranan<\/title>\n<meta name=\"robots\" content=\"index, follow, max-snippet:-1, max-image-preview:large, max-video-preview:-1\" \/>\n<link rel=\"canonical\" href=\"https:\/\/www.pranan.com\/preguntas-y-respuestas\/\" \/>\n<meta property=\"og:locale\" content=\"fr_FR\" \/>\n<meta property=\"og:type\" content=\"article\" \/>\n<meta property=\"og:title\" content=\"Questions et r\u00e9ponses - Pranan\" \/>\n<meta property=\"og:description\" content=\"Dans cette section, nous r\u00e9solvons les doutes les plus fr\u00e9quents de mani\u00e8re claire et simple.\" \/>\n<meta property=\"og:url\" content=\"https:\/\/www.pranan.com\/preguntas-y-respuestas\/\" \/>\n<meta property=\"og:site_name\" content=\"Pranan\" \/>\n<meta property=\"article:modified_time\" content=\"2023-12-07T15:39:31+00:00\" \/>\n<meta property=\"og:image\" content=\"https:\/\/www.pranan.com\/wp-content\/uploads\/2016\/09\/hero_inner_page.jpg\" \/>\n\t<meta property=\"og:image:width\" content=\"1280\" \/>\n\t<meta property=\"og:image:height\" content=\"640\" \/>\n\t<meta property=\"og:image:type\" content=\"image\/jpeg\" \/>\n<meta name=\"twitter:card\" content=\"summary_large_image\" \/>\n<meta name=\"twitter:label1\" content=\"Dur\u00e9e de lecture estim\u00e9e\" \/>\n\t<meta name=\"twitter:data1\" content=\"11 minutes\" \/>\n<script type=\"application\/ld+json\" class=\"yoast-schema-graph\">{\"@context\":\"https:\/\/schema.org\",\"@graph\":[{\"@type\":\"WebPage\",\"@id\":\"https:\/\/www.pranan.com\/preguntas-y-respuestas\/\",\"url\":\"https:\/\/www.pranan.com\/preguntas-y-respuestas\/\",\"name\":\"Questions et r\u00e9ponses - Pranan\",\"isPartOf\":{\"@id\":\"https:\/\/www.pranan.com\/#website\"},\"primaryImageOfPage\":{\"@id\":\"https:\/\/www.pranan.com\/preguntas-y-respuestas\/#primaryimage\"},\"image\":{\"@id\":\"https:\/\/www.pranan.com\/preguntas-y-respuestas\/#primaryimage\"},\"thumbnailUrl\":\"https:\/\/www.pranan.com\/wp-content\/uploads\/2016\/09\/hero_inner_page.jpg\",\"datePublished\":\"2016-10-26T05:05:04+00:00\",\"dateModified\":\"2023-12-07T15:39:31+00:00\",\"breadcrumb\":{\"@id\":\"https:\/\/www.pranan.com\/preguntas-y-respuestas\/#breadcrumb\"},\"inLanguage\":\"fr-FR\",\"potentialAction\":[{\"@type\":\"ReadAction\",\"target\":[\"https:\/\/www.pranan.com\/preguntas-y-respuestas\/\"]}]},{\"@type\":\"ImageObject\",\"inLanguage\":\"fr-FR\",\"@id\":\"https:\/\/www.pranan.com\/preguntas-y-respuestas\/#primaryimage\",\"url\":\"https:\/\/www.pranan.com\/wp-content\/uploads\/2016\/09\/hero_inner_page.jpg\",\"contentUrl\":\"https:\/\/www.pranan.com\/wp-content\/uploads\/2016\/09\/hero_inner_page.jpg\",\"width\":1280,\"height\":640},{\"@type\":\"BreadcrumbList\",\"@id\":\"https:\/\/www.pranan.com\/preguntas-y-respuestas\/#breadcrumb\",\"itemListElement\":[{\"@type\":\"ListItem\",\"position\":1,\"name\":\"Portada\",\"item\":\"https:\/\/www.pranan.com\/fr\/\"},{\"@type\":\"ListItem\",\"position\":2,\"name\":\"Questions et r\u00e9ponses\"}]},{\"@type\":\"WebSite\",\"@id\":\"https:\/\/www.pranan.com\/#website\",\"url\":\"https:\/\/www.pranan.com\/\",\"name\":\"Pranan\",\"description\":\"Researching Center\",\"potentialAction\":[{\"@type\":\"SearchAction\",\"target\":{\"@type\":\"EntryPoint\",\"urlTemplate\":\"https:\/\/www.pranan.com\/?s={search_term_string}\"},\"query-input\":{\"@type\":\"PropertyValueSpecification\",\"valueRequired\":true,\"valueName\":\"search_term_string\"}}],\"inLanguage\":\"fr-FR\"}]}<\/script>\n<!-- \/ Yoast SEO plugin. -->","yoast_head_json":{"title":"Questions et r\u00e9ponses - Pranan","robots":{"index":"index","follow":"follow","max-snippet":"max-snippet:-1","max-image-preview":"max-image-preview:large","max-video-preview":"max-video-preview:-1"},"canonical":"https:\/\/www.pranan.com\/preguntas-y-respuestas\/","og_locale":"fr_FR","og_type":"article","og_title":"Questions et r\u00e9ponses - Pranan","og_description":"Dans cette section, nous r\u00e9solvons les doutes les plus fr\u00e9quents de mani\u00e8re claire et simple.","og_url":"https:\/\/www.pranan.com\/preguntas-y-respuestas\/","og_site_name":"Pranan","article_modified_time":"2023-12-07T15:39:31+00:00","og_image":[{"width":1280,"height":640,"url":"https:\/\/www.pranan.com\/wp-content\/uploads\/2016\/09\/hero_inner_page.jpg","type":"image\/jpeg"}],"twitter_card":"summary_large_image","twitter_misc":{"Dur\u00e9e de lecture estim\u00e9e":"11 minutes"},"schema":{"@context":"https:\/\/schema.org","@graph":[{"@type":"WebPage","@id":"https:\/\/www.pranan.com\/preguntas-y-respuestas\/","url":"https:\/\/www.pranan.com\/preguntas-y-respuestas\/","name":"Questions et r\u00e9ponses - Pranan","isPartOf":{"@id":"https:\/\/www.pranan.com\/#website"},"primaryImageOfPage":{"@id":"https:\/\/www.pranan.com\/preguntas-y-respuestas\/#primaryimage"},"image":{"@id":"https:\/\/www.pranan.com\/preguntas-y-respuestas\/#primaryimage"},"thumbnailUrl":"https:\/\/www.pranan.com\/wp-content\/uploads\/2016\/09\/hero_inner_page.jpg","datePublished":"2016-10-26T05:05:04+00:00","dateModified":"2023-12-07T15:39:31+00:00","breadcrumb":{"@id":"https:\/\/www.pranan.com\/preguntas-y-respuestas\/#breadcrumb"},"inLanguage":"fr-FR","potentialAction":[{"@type":"ReadAction","target":["https:\/\/www.pranan.com\/preguntas-y-respuestas\/"]}]},{"@type":"ImageObject","inLanguage":"fr-FR","@id":"https:\/\/www.pranan.com\/preguntas-y-respuestas\/#primaryimage","url":"https:\/\/www.pranan.com\/wp-content\/uploads\/2016\/09\/hero_inner_page.jpg","contentUrl":"https:\/\/www.pranan.com\/wp-content\/uploads\/2016\/09\/hero_inner_page.jpg","width":1280,"height":640},{"@type":"BreadcrumbList","@id":"https:\/\/www.pranan.com\/preguntas-y-respuestas\/#breadcrumb","itemListElement":[{"@type":"ListItem","position":1,"name":"Portada","item":"https:\/\/www.pranan.com\/fr\/"},{"@type":"ListItem","position":2,"name":"Questions et r\u00e9ponses"}]},{"@type":"WebSite","@id":"https:\/\/www.pranan.com\/#website","url":"https:\/\/www.pranan.com\/","name":"Pranan","description":"Researching Center","potentialAction":[{"@type":"SearchAction","target":{"@type":"EntryPoint","urlTemplate":"https:\/\/www.pranan.com\/?s={search_term_string}"},"query-input":{"@type":"PropertyValueSpecification","valueRequired":true,"valueName":"search_term_string"}}],"inLanguage":"fr-FR"}]}},"_links":{"self":[{"href":"https:\/\/www.pranan.com\/fr\/wp-json\/wp\/v2\/pages\/6013","targetHints":{"allow":["GET"]}}],"collection":[{"href":"https:\/\/www.pranan.com\/fr\/wp-json\/wp\/v2\/pages"}],"about":[{"href":"https:\/\/www.pranan.com\/fr\/wp-json\/wp\/v2\/types\/page"}],"author":[{"embeddable":true,"href":"https:\/\/www.pranan.com\/fr\/wp-json\/wp\/v2\/users\/1"}],"replies":[{"embeddable":true,"href":"https:\/\/www.pranan.com\/fr\/wp-json\/wp\/v2\/comments?post=6013"}],"version-history":[{"count":4,"href":"https:\/\/www.pranan.com\/fr\/wp-json\/wp\/v2\/pages\/6013\/revisions"}],"predecessor-version":[{"id":7181,"href":"https:\/\/www.pranan.com\/fr\/wp-json\/wp\/v2\/pages\/6013\/revisions\/7181"}],"wp:featuredmedia":[{"embeddable":true,"href":"https:\/\/www.pranan.com\/fr\/wp-json\/wp\/v2\/media\/3507"}],"wp:attachment":[{"href":"https:\/\/www.pranan.com\/fr\/wp-json\/wp\/v2\/media?parent=6013"}],"curies":[{"name":"wp","href":"https:\/\/api.w.org\/{rel}","templated":true}]}}