{"id":6005,"date":"2016-07-13T12:11:20","date_gmt":"2016-07-13T10:11:20","guid":{"rendered":"https:\/\/www.pranan.com\/boutique-2\/"},"modified":"2023-05-13T11:12:38","modified_gmt":"2023-05-13T09:12:38","slug":"boutique-officielle","status":"publish","type":"page","link":"https:\/\/www.pranan.com\/fr\/boutique-officielle\/","title":{"rendered":"Boutique"},"content":{"rendered":"<section id=\"bt_section6a0213e18e0e4\"  class=\"boldSection topSmallSpaced bottomSmallSpaced btDarkSkin btAccentColorBackground gutter boxed inherit\" ><div class=\"port\"><div class=\"boldCell\"><div class=\"boldCellInner\"><div class=\"boldRow \" ><div class=\"boldRowInner\"><div class=\"rowItem col-md-4 col-ms-12 btTextLeft\"  data-width=\"4\"><div class=\"rowItemContent\" ><span class=\"btIco btIcoDefaultType btIcoMediumSize btIcoDefaultColor btIconCircleShape\"><span  data-ico-es=\"&#xea79;\" class=\"btIcoHolder\"><span>EXP\u00c9DITION SUR LES 5 CONTINENTS<\/span><\/span><\/span><\/div><\/div><div class=\"rowItem col-md-4 col-ms-12 btTextLeft\"  data-width=\"4\"><div class=\"rowItemContent\" ><span class=\"btIco btIcoDefaultType btIcoMediumSize btIcoDefaultColor btIconCircleShape\"><a href=\"\/envios-y-devoluciones\"  target=\"no_target\" data-ico-ts=\"&#xf101;\" class=\"btIcoHolder\"><span>TRANSPORT ET DOUANE GRATUITS<\/span><\/a><\/span><\/div><\/div><div class=\"rowItem col-md-4 col-ms-12 btTextLeft\"  data-width=\"4\"><div class=\"rowItemContent\" ><span class=\"btIco btIcoDefaultType btIcoMediumSize btIcoDefaultColor btIconCircleShape\"><a href=\"\/envios-y-devoluciones\"  target=\"no_target\" data-ico-es=\"&#xe930;\" class=\"btIcoHolder\"><span>EXP\u00c9DITIONS IMM\u00c9DIATES<\/span><\/a><\/span><\/div><\/div><\/div><\/div><\/div><\/div><\/div><\/section><section id=\"bt_section6a0213e193466\"  class=\"boldSection topSemiSpaced bottomSemiSpaced gutter boxed inherit\" ><div class=\"port\"><div class=\"boldCell\"><div class=\"boldCellInner\"><div class=\"boldRow \" ><div class=\"boldRowInner\"><div class=\"rowItem col-md-12 col-ms-12  btTextLeft\"  data-width=\"12\"><div class=\"rowItemContent\" ><div class=\"btText\" ><div class=\"woocommerce columns-3 \"><ul class=\"products columns-3\">\n<li class=\"product type-product post-6002 status-publish first instock product_cat-appareils-pranan has-post-thumbnail purchasable product-type-simple\">\n\t<div class=\"bpgPhoto btTextCenter\" > \r\n\t\t\t\t\t<a href=\"https:\/\/www.pranan.com\/fr\/produit\/biospace-5g\/\" target=\"_self\" title=\"\"><\/a>\r\n\t\t\t\t\t<div class=\"boldPhotoBox\"><div class=\"bpbItem\"><div class = \"btImage\"><img decoding=\"async\" src=\"https:\/\/www.pranan.com\/wp-content\/uploads\/2022\/08\/biospace_portada-scaled.jpg\" alt=\"\" title=\"\"><\/div><\/div><\/div>\r\n\t\t\t\t\t<div class=\"captionPane btDarkSkin btTextCenter\">\r\n\t\t\t\t\t\t<div class=\"captionTable\">\r\n\t\t\t\t\t\t\t<div class=\"captionCell\">\r\n\t\t\t\t\t\t\t\t<div class=\"captionTxt\"><\/div>\r\n\t\t\t\t\t\t\t<\/div>\r\n\t\t\t\t\t\t<\/div>\r\n\t\t\t\t\t<\/div><\/div><header class=\"header btClear extrasmall\" ><div class=\"btSuperTitle\"><span><span class=\"btArticleCategories\"><a href=\"https:\/\/www.pranan.com\/fr\/categorie-produit\/appareils-pranan\/\" class=\"btArticleCategory cat-item-117\">Appareils Pranan<\/a><\/span><\/span><\/div><div class=\"dash\"><h4><span class=\"headline\"><a href = \"https:\/\/www.pranan.com\/fr\/produit\/biospace-5g\/\">BIOSPACE 8V11 diamond<\/a><\/span><\/h4><\/div><div class=\"btSubTitle\"><span class=\"btNoStarRating\"><\/span><\/div><\/header>\n\t<span class=\"price\"><span class=\"woocommerce-Price-amount amount\"><bdi>795,00&nbsp;<span class=\"woocommerce-Price-currencySymbol\">&euro;<\/span><\/bdi><\/span><\/span>\n<a href=\"?add-to-cart=6002\" data-quantity=\"1\" class=\"btBtn btnFilledStyle btnSmall btnNormal btnAlternateColor button product_type_simple add_to_cart_button ajax_add_to_cart\" data-product_id=\"6002\" data-product_sku=\"002BPG\" aria-label=\"Ajouter au panier\u00a0: &ldquo;BIOSPACE 8V11 diamond&rdquo;\" rel=\"nofollow\" data-success_message=\"\u00ab\u00a0BIOSPACE 8V11 diamond\u00a0\u00bb a \u00e9t\u00e9 ajout\u00e9 \u00e0 votre panier\">Ajouter au panier<\/a><\/li>\n<li class=\"product type-product post-7053 status-publish instock product_cat-appareils-pranan has-post-thumbnail featured purchasable product-type-simple\">\n\t<div class=\"bpgPhoto btTextCenter\" > \r\n\t\t\t\t\t<a href=\"https:\/\/www.pranan.com\/fr\/produit\/biospace-travel\/\" target=\"_self\" title=\"\"><\/a>\r\n\t\t\t\t\t<div class=\"boldPhotoBox\"><div class=\"bpbItem\"><div class = \"btImage\"><img decoding=\"async\" src=\"https:\/\/www.pranan.com\/wp-content\/uploads\/2023\/07\/travel_portada_04-scaled-e1689930559380.jpg\" alt=\"\" title=\"\"><\/div><\/div><\/div>\r\n\t\t\t\t\t<div class=\"captionPane btDarkSkin btTextCenter\">\r\n\t\t\t\t\t\t<div class=\"captionTable\">\r\n\t\t\t\t\t\t\t<div class=\"captionCell\">\r\n\t\t\t\t\t\t\t\t<div class=\"captionTxt\"><\/div>\r\n\t\t\t\t\t\t\t<\/div>\r\n\t\t\t\t\t\t<\/div>\r\n\t\t\t\t\t<\/div><\/div><header class=\"header btClear extrasmall\" ><div class=\"btSuperTitle\"><span><span class=\"btArticleCategories\"><a href=\"https:\/\/www.pranan.com\/fr\/categorie-produit\/appareils-pranan\/\" class=\"btArticleCategory cat-item-117\">Appareils Pranan<\/a><\/span><\/span><\/div><div class=\"dash\"><h4><span class=\"headline\"><a href = \"https:\/\/www.pranan.com\/fr\/produit\/biospace-travel\/\">Biospace TRAVEL diamond<\/a><\/span><\/h4><\/div><div class=\"btSubTitle\"><span class=\"btNoStarRating\"><\/span><\/div><\/header>\n\t<span class=\"price\"><span class=\"woocommerce-Price-amount amount\"><bdi>475,00&nbsp;<span class=\"woocommerce-Price-currencySymbol\">&euro;<\/span><\/bdi><\/span><\/span>\n<a href=\"?add-to-cart=7053\" data-quantity=\"1\" class=\"btBtn btnFilledStyle btnSmall btnNormal btnAlternateColor button product_type_simple add_to_cart_button ajax_add_to_cart\" data-product_id=\"7053\" data-product_sku=\"002BPG-1\" aria-label=\"Ajouter au panier\u00a0: &ldquo;Biospace TRAVEL diamond&rdquo;\" rel=\"nofollow\" data-success_message=\"\u00ab\u00a0Biospace TRAVEL diamond\u00a0\u00bb a \u00e9t\u00e9 ajout\u00e9 \u00e0 votre panier\">Ajouter au panier<\/a><\/li>\n<li class=\"product type-product post-5992 status-publish last instock product_cat-appareils-pranan has-post-thumbnail purchasable product-type-simple\">\n\t<div class=\"bpgPhoto btTextCenter\" > \r\n\t\t\t\t\t<a href=\"https:\/\/www.pranan.com\/fr\/produit\/phione-5g\/\" target=\"_self\" title=\"\"><\/a>\r\n\t\t\t\t\t<div class=\"boldPhotoBox\"><div class=\"bpbItem\"><div class = \"btImage\"><img decoding=\"async\" src=\"https:\/\/www.pranan.com\/wp-content\/uploads\/2022\/08\/Phione_P1.png\" alt=\"\" title=\"\"><\/div><\/div><\/div>\r\n\t\t\t\t\t<div class=\"captionPane btDarkSkin btTextCenter\">\r\n\t\t\t\t\t\t<div class=\"captionTable\">\r\n\t\t\t\t\t\t\t<div class=\"captionCell\">\r\n\t\t\t\t\t\t\t\t<div class=\"captionTxt\"><\/div>\r\n\t\t\t\t\t\t\t<\/div>\r\n\t\t\t\t\t\t<\/div>\r\n\t\t\t\t\t<\/div><\/div><header class=\"header btClear extrasmall\" ><div class=\"btSuperTitle\"><span><span class=\"btArticleCategories\"><a href=\"https:\/\/www.pranan.com\/fr\/categorie-produit\/appareils-pranan\/\" class=\"btArticleCategory cat-item-117\">Appareils Pranan<\/a><\/span><\/span><\/div><div class=\"dash\"><h4><span class=\"headline\"><a href = \"https:\/\/www.pranan.com\/fr\/produit\/phione-5g\/\">PHIONE diamond<\/a><\/span><\/h4><\/div><div class=\"btSubTitle\"><span class=\"btNoStarRating\"><\/span><\/div><\/header>\n\t<span class=\"price\"><span class=\"woocommerce-Price-amount amount\"><bdi>150,00&nbsp;<span class=\"woocommerce-Price-currencySymbol\">&euro;<\/span><\/bdi><\/span><\/span>\n<a href=\"?add-to-cart=5992\" data-quantity=\"1\" class=\"btBtn btnFilledStyle btnSmall btnNormal btnAlternateColor button product_type_simple add_to_cart_button ajax_add_to_cart\" data-product_id=\"5992\" data-product_sku=\"003PHG\" aria-label=\"Ajouter au panier\u00a0: &ldquo;PHIONE diamond&rdquo;\" rel=\"nofollow\" data-success_message=\"\u00ab\u00a0PHIONE diamond\u00a0\u00bb a \u00e9t\u00e9 ajout\u00e9 \u00e0 votre panier\">Ajouter au panier<\/a><\/li>\n<li class=\"product type-product post-6000 status-publish first instock product_cat-appareils-pranan has-post-thumbnail purchasable product-type-simple\">\n\t<div class=\"bpgPhoto btTextCenter\" > \r\n\t\t\t\t\t<a href=\"https:\/\/www.pranan.com\/fr\/produit\/phiwaves-5g\/\" target=\"_self\" title=\"\"><\/a>\r\n\t\t\t\t\t<div class=\"boldPhotoBox\"><div class=\"bpbItem\"><div class = \"btImage\"><img decoding=\"async\" src=\"https:\/\/www.pranan.com\/wp-content\/uploads\/2022\/08\/11_PW.png\" alt=\"\" title=\"\"><\/div><\/div><\/div>\r\n\t\t\t\t\t<div class=\"captionPane btDarkSkin btTextCenter\">\r\n\t\t\t\t\t\t<div class=\"captionTable\">\r\n\t\t\t\t\t\t\t<div class=\"captionCell\">\r\n\t\t\t\t\t\t\t\t<div class=\"captionTxt\"><\/div>\r\n\t\t\t\t\t\t\t<\/div>\r\n\t\t\t\t\t\t<\/div>\r\n\t\t\t\t\t<\/div><\/div><header class=\"header btClear extrasmall\" ><div class=\"btSuperTitle\"><span><span class=\"btArticleCategories\"><a href=\"https:\/\/www.pranan.com\/fr\/categorie-produit\/appareils-pranan\/\" class=\"btArticleCategory cat-item-117\">Appareils Pranan<\/a><\/span><\/span><\/div><div class=\"dash\"><h4><span class=\"headline\"><a href = \"https:\/\/www.pranan.com\/fr\/produit\/phiwaves-5g\/\">PHIWAVES diamond<\/a><\/span><\/h4><\/div><div class=\"btSubTitle\"><span class=\"btNoStarRating\"><\/span><\/div><\/header>\n\t<span class=\"price\"><span class=\"woocommerce-Price-amount amount\"><bdi>224,00&nbsp;<span class=\"woocommerce-Price-currencySymbol\">&euro;<\/span><\/bdi><\/span><\/span>\n<a href=\"?add-to-cart=6000\" data-quantity=\"1\" class=\"btBtn btnFilledStyle btnSmall btnNormal btnAlternateColor button product_type_simple add_to_cart_button ajax_add_to_cart\" data-product_id=\"6000\" data-product_sku=\"001PWG\" aria-label=\"Ajouter au panier\u00a0: &ldquo;PHIWAVES diamond&rdquo;\" rel=\"nofollow\" data-success_message=\"\u00ab\u00a0PHIWAVES diamond\u00a0\u00bb a \u00e9t\u00e9 ajout\u00e9 \u00e0 votre panier\">Ajouter au panier<\/a><\/li>\n<li class=\"product type-product post-6004 status-publish instock product_cat-appareils-pranan has-post-thumbnail purchasable product-type-simple\">\n\t<div class=\"bpgPhoto btTextCenter\" > \r\n\t\t\t\t\t<a href=\"https:\/\/www.pranan.com\/fr\/produit\/phiwaves-jewel-diamond\/\" target=\"_self\" title=\"\"><\/a>\r\n\t\t\t\t\t<div class=\"boldPhotoBox\"><div class=\"bpbItem\"><div class = \"btImage\"><img decoding=\"async\" src=\"https:\/\/www.pranan.com\/wp-content\/uploads\/2022\/08\/joya-5.png\" alt=\"\" title=\"\"><\/div><\/div><\/div>\r\n\t\t\t\t\t<div class=\"captionPane btDarkSkin btTextCenter\">\r\n\t\t\t\t\t\t<div class=\"captionTable\">\r\n\t\t\t\t\t\t\t<div class=\"captionCell\">\r\n\t\t\t\t\t\t\t\t<div class=\"captionTxt\"><\/div>\r\n\t\t\t\t\t\t\t<\/div>\r\n\t\t\t\t\t\t<\/div>\r\n\t\t\t\t\t<\/div><\/div><header class=\"header btClear extrasmall\" ><div class=\"btSuperTitle\"><span><span class=\"btArticleCategories\"><a href=\"https:\/\/www.pranan.com\/fr\/categorie-produit\/appareils-pranan\/\" class=\"btArticleCategory cat-item-117\">Appareils Pranan<\/a><\/span><\/span><\/div><div class=\"dash\"><h4><span class=\"headline\"><a href = \"https:\/\/www.pranan.com\/fr\/produit\/phiwaves-jewel-diamond\/\">Phiwaves JEWEL diamond<\/a><\/span><\/h4><\/div><div class=\"btSubTitle\"><span class=\"btNoStarRating\"><\/span><\/div><\/header>\n\t<span class=\"price\"><span class=\"woocommerce-Price-amount amount\"><bdi>345,00&nbsp;<span class=\"woocommerce-Price-currencySymbol\">&euro;<\/span><\/bdi><\/span><\/span>\n<a href=\"?add-to-cart=6004\" data-quantity=\"1\" class=\"btBtn btnFilledStyle btnSmall btnNormal btnAlternateColor button product_type_simple add_to_cart_button ajax_add_to_cart\" data-product_id=\"6004\" data-product_sku=\"005PWG5G\" aria-label=\"Ajouter au panier\u00a0: &ldquo;Phiwaves JEWEL diamond&rdquo;\" rel=\"nofollow\" data-success_message=\"\u00ab\u00a0Phiwaves JEWEL diamond\u00a0\u00bb a \u00e9t\u00e9 ajout\u00e9 \u00e0 votre panier\">Ajouter au panier<\/a><\/li>\n<li class=\"product type-product post-6843 status-publish last instock product_cat-appareils-pranan has-post-thumbnail purchasable product-type-simple\">\n\t<div class=\"bpgPhoto btTextCenter\" > \r\n\t\t\t\t\t<a href=\"https:\/\/www.pranan.com\/fr\/produit\/phiwaves-5g-pendentifs\/\" target=\"_self\" title=\"\"><\/a>\r\n\t\t\t\t\t<div class=\"boldPhotoBox\"><div class=\"bpbItem\"><div class = \"btImage\"><img decoding=\"async\" src=\"https:\/\/www.pranan.com\/wp-content\/uploads\/2016\/05\/pendant_18-5.png\" alt=\"\" title=\"\"><\/div><\/div><\/div>\r\n\t\t\t\t\t<div class=\"captionPane btDarkSkin btTextCenter\">\r\n\t\t\t\t\t\t<div class=\"captionTable\">\r\n\t\t\t\t\t\t\t<div class=\"captionCell\">\r\n\t\t\t\t\t\t\t\t<div class=\"captionTxt\"><\/div>\r\n\t\t\t\t\t\t\t<\/div>\r\n\t\t\t\t\t\t<\/div>\r\n\t\t\t\t\t<\/div><\/div><header class=\"header btClear extrasmall\" ><div class=\"btSuperTitle\"><span><span class=\"btArticleCategories\"><a href=\"https:\/\/www.pranan.com\/fr\/categorie-produit\/appareils-pranan\/\" class=\"btArticleCategory cat-item-117\">Appareils Pranan<\/a><\/span><\/span><\/div><div class=\"dash\"><h4><span class=\"headline\"><a href = \"https:\/\/www.pranan.com\/fr\/produit\/phiwaves-5g-pendentifs\/\">Phiwaves PENDANT diamond<\/a><\/span><\/h4><\/div><div class=\"btSubTitle\"><span class=\"btNoStarRating\"><\/span><\/div><\/header>\n\t<span class=\"price\"><span class=\"woocommerce-Price-amount amount\"><bdi>285,00&nbsp;<span class=\"woocommerce-Price-currencySymbol\">&euro;<\/span><\/bdi><\/span><\/span>\n<a href=\"?add-to-cart=6843\" data-quantity=\"1\" class=\"btBtn btnFilledStyle btnSmall btnNormal btnAlternateColor button product_type_simple add_to_cart_button ajax_add_to_cart\" data-product_id=\"6843\" data-product_sku=\"007PWG5G\" aria-label=\"Ajouter au panier\u00a0: &ldquo;Phiwaves PENDANT diamond&rdquo;\" rel=\"nofollow\" data-success_message=\"\u00ab\u00a0Phiwaves PENDANT diamond\u00a0\u00bb a \u00e9t\u00e9 ajout\u00e9 \u00e0 votre panier\">Ajouter au panier<\/a><\/li>\n<\/ul>\n<\/div><\/div><\/div><\/div><\/div><\/div><\/div><\/div><\/div><\/section>\n","protected":false},"excerpt":{"rendered":"<p>Section de vente des appareils Pranan<\/p>\n","protected":false},"author":1,"featured_media":4402,"parent":0,"menu_order":0,"comment_status":"closed","ping_status":"closed","template":"","meta":{"footnotes":""},"class_list":["post-6005","page","type-page","status-publish","has-post-thumbnail","hentry"],"yoast_head":"<!-- This site is optimized with the Yoast SEO plugin v24.9 - https:\/\/yoast.com\/wordpress\/plugins\/seo\/ -->\n<title>Boutique - Pranan<\/title>\n<meta name=\"robots\" content=\"index, follow, max-snippet:-1, max-image-preview:large, max-video-preview:-1\" \/>\n<link rel=\"canonical\" href=\"https:\/\/www.pranan.com\/tienda-oficial\/\" \/>\n<meta property=\"og:locale\" content=\"fr_FR\" \/>\n<meta property=\"og:type\" content=\"article\" \/>\n<meta property=\"og:title\" content=\"Boutique - Pranan\" \/>\n<meta property=\"og:description\" content=\"Section de vente des appareils Pranan\" \/>\n<meta property=\"og:url\" content=\"https:\/\/www.pranan.com\/tienda-oficial\/\" \/>\n<meta property=\"og:site_name\" content=\"Pranan\" \/>\n<meta property=\"article:modified_time\" content=\"2023-05-13T09:12:38+00:00\" \/>\n<meta property=\"og:image\" content=\"https:\/\/www.pranan.com\/wp-content\/uploads\/2022\/06\/cabecera-ensayos-4.jpg\" \/>\n\t<meta property=\"og:image:width\" content=\"1920\" \/>\n\t<meta property=\"og:image:height\" content=\"450\" \/>\n\t<meta property=\"og:image:type\" content=\"image\/jpeg\" \/>\n<meta name=\"twitter:card\" content=\"summary_large_image\" \/>\n<meta name=\"twitter:label1\" content=\"Dur\u00e9e de lecture estim\u00e9e\" \/>\n\t<meta name=\"twitter:data1\" content=\"1 minute\" \/>\n<script type=\"application\/ld+json\" class=\"yoast-schema-graph\">{\"@context\":\"https:\/\/schema.org\",\"@graph\":[{\"@type\":\"WebPage\",\"@id\":\"https:\/\/www.pranan.com\/tienda-oficial\/\",\"url\":\"https:\/\/www.pranan.com\/tienda-oficial\/\",\"name\":\"Boutique - Pranan\",\"isPartOf\":{\"@id\":\"https:\/\/www.pranan.com\/#website\"},\"primaryImageOfPage\":{\"@id\":\"https:\/\/www.pranan.com\/tienda-oficial\/#primaryimage\"},\"image\":{\"@id\":\"https:\/\/www.pranan.com\/tienda-oficial\/#primaryimage\"},\"thumbnailUrl\":\"https:\/\/www.pranan.com\/wp-content\/uploads\/2022\/06\/cabecera-ensayos-4.jpg\",\"datePublished\":\"2016-07-13T10:11:20+00:00\",\"dateModified\":\"2023-05-13T09:12:38+00:00\",\"breadcrumb\":{\"@id\":\"https:\/\/www.pranan.com\/tienda-oficial\/#breadcrumb\"},\"inLanguage\":\"fr-FR\",\"potentialAction\":[{\"@type\":\"ReadAction\",\"target\":[\"https:\/\/www.pranan.com\/tienda-oficial\/\"]}]},{\"@type\":\"ImageObject\",\"inLanguage\":\"fr-FR\",\"@id\":\"https:\/\/www.pranan.com\/tienda-oficial\/#primaryimage\",\"url\":\"https:\/\/www.pranan.com\/wp-content\/uploads\/2022\/06\/cabecera-ensayos-4.jpg\",\"contentUrl\":\"https:\/\/www.pranan.com\/wp-content\/uploads\/2022\/06\/cabecera-ensayos-4.jpg\",\"width\":1920,\"height\":450},{\"@type\":\"BreadcrumbList\",\"@id\":\"https:\/\/www.pranan.com\/tienda-oficial\/#breadcrumb\",\"itemListElement\":[{\"@type\":\"ListItem\",\"position\":1,\"name\":\"Portada\",\"item\":\"https:\/\/www.pranan.com\/fr\/\"},{\"@type\":\"ListItem\",\"position\":2,\"name\":\"Boutique\"}]},{\"@type\":\"WebSite\",\"@id\":\"https:\/\/www.pranan.com\/#website\",\"url\":\"https:\/\/www.pranan.com\/\",\"name\":\"Pranan\",\"description\":\"Researching Center\",\"potentialAction\":[{\"@type\":\"SearchAction\",\"target\":{\"@type\":\"EntryPoint\",\"urlTemplate\":\"https:\/\/www.pranan.com\/?s={search_term_string}\"},\"query-input\":{\"@type\":\"PropertyValueSpecification\",\"valueRequired\":true,\"valueName\":\"search_term_string\"}}],\"inLanguage\":\"fr-FR\"}]}<\/script>\n<!-- \/ Yoast SEO plugin. -->","yoast_head_json":{"title":"Boutique - Pranan","robots":{"index":"index","follow":"follow","max-snippet":"max-snippet:-1","max-image-preview":"max-image-preview:large","max-video-preview":"max-video-preview:-1"},"canonical":"https:\/\/www.pranan.com\/tienda-oficial\/","og_locale":"fr_FR","og_type":"article","og_title":"Boutique - Pranan","og_description":"Section de vente des appareils Pranan","og_url":"https:\/\/www.pranan.com\/tienda-oficial\/","og_site_name":"Pranan","article_modified_time":"2023-05-13T09:12:38+00:00","og_image":[{"width":1920,"height":450,"url":"https:\/\/www.pranan.com\/wp-content\/uploads\/2022\/06\/cabecera-ensayos-4.jpg","type":"image\/jpeg"}],"twitter_card":"summary_large_image","twitter_misc":{"Dur\u00e9e de lecture estim\u00e9e":"1 minute"},"schema":{"@context":"https:\/\/schema.org","@graph":[{"@type":"WebPage","@id":"https:\/\/www.pranan.com\/tienda-oficial\/","url":"https:\/\/www.pranan.com\/tienda-oficial\/","name":"Boutique - Pranan","isPartOf":{"@id":"https:\/\/www.pranan.com\/#website"},"primaryImageOfPage":{"@id":"https:\/\/www.pranan.com\/tienda-oficial\/#primaryimage"},"image":{"@id":"https:\/\/www.pranan.com\/tienda-oficial\/#primaryimage"},"thumbnailUrl":"https:\/\/www.pranan.com\/wp-content\/uploads\/2022\/06\/cabecera-ensayos-4.jpg","datePublished":"2016-07-13T10:11:20+00:00","dateModified":"2023-05-13T09:12:38+00:00","breadcrumb":{"@id":"https:\/\/www.pranan.com\/tienda-oficial\/#breadcrumb"},"inLanguage":"fr-FR","potentialAction":[{"@type":"ReadAction","target":["https:\/\/www.pranan.com\/tienda-oficial\/"]}]},{"@type":"ImageObject","inLanguage":"fr-FR","@id":"https:\/\/www.pranan.com\/tienda-oficial\/#primaryimage","url":"https:\/\/www.pranan.com\/wp-content\/uploads\/2022\/06\/cabecera-ensayos-4.jpg","contentUrl":"https:\/\/www.pranan.com\/wp-content\/uploads\/2022\/06\/cabecera-ensayos-4.jpg","width":1920,"height":450},{"@type":"BreadcrumbList","@id":"https:\/\/www.pranan.com\/tienda-oficial\/#breadcrumb","itemListElement":[{"@type":"ListItem","position":1,"name":"Portada","item":"https:\/\/www.pranan.com\/fr\/"},{"@type":"ListItem","position":2,"name":"Boutique"}]},{"@type":"WebSite","@id":"https:\/\/www.pranan.com\/#website","url":"https:\/\/www.pranan.com\/","name":"Pranan","description":"Researching Center","potentialAction":[{"@type":"SearchAction","target":{"@type":"EntryPoint","urlTemplate":"https:\/\/www.pranan.com\/?s={search_term_string}"},"query-input":{"@type":"PropertyValueSpecification","valueRequired":true,"valueName":"search_term_string"}}],"inLanguage":"fr-FR"}]}},"_links":{"self":[{"href":"https:\/\/www.pranan.com\/fr\/wp-json\/wp\/v2\/pages\/6005","targetHints":{"allow":["GET"]}}],"collection":[{"href":"https:\/\/www.pranan.com\/fr\/wp-json\/wp\/v2\/pages"}],"about":[{"href":"https:\/\/www.pranan.com\/fr\/wp-json\/wp\/v2\/types\/page"}],"author":[{"embeddable":true,"href":"https:\/\/www.pranan.com\/fr\/wp-json\/wp\/v2\/users\/1"}],"replies":[{"embeddable":true,"href":"https:\/\/www.pranan.com\/fr\/wp-json\/wp\/v2\/comments?post=6005"}],"version-history":[{"count":3,"href":"https:\/\/www.pranan.com\/fr\/wp-json\/wp\/v2\/pages\/6005\/revisions"}],"predecessor-version":[{"id":6937,"href":"https:\/\/www.pranan.com\/fr\/wp-json\/wp\/v2\/pages\/6005\/revisions\/6937"}],"wp:featuredmedia":[{"embeddable":true,"href":"https:\/\/www.pranan.com\/fr\/wp-json\/wp\/v2\/media\/4402"}],"wp:attachment":[{"href":"https:\/\/www.pranan.com\/fr\/wp-json\/wp\/v2\/media?parent=6005"}],"curies":[{"name":"wp","href":"https:\/\/api.w.org\/{rel}","templated":true}]}}