{"id":5987,"date":"2022-07-28T15:47:37","date_gmt":"2022-07-28T13:47:37","guid":{"rendered":"https:\/\/www.pranan.com\/a-propos-de-nous\/efficacite-prouvee\/"},"modified":"2023-05-16T01:06:13","modified_gmt":"2023-05-15T23:06:13","slug":"efficacite-prouvee","status":"publish","type":"page","link":"https:\/\/www.pranan.com\/fr\/a-propos-de-nous\/efficacite-prouvee\/","title":{"rendered":"Efficacit\u00e9 prouv\u00e9e"},"content":{"rendered":"<section id=\"bt_section6a0213e19d1f1\"  class=\"boldSection topSemiSpaced btAlternateColorBackground gutter boxed inherit\" style=\"background-color:#f2f1ed  !important;\"><div class=\"port\"><div class=\"boldCell\"><div class=\"boldCellInner\"><div class=\"boldRow \" ><div class=\"boldRowInner\"><div class=\"rowItem col-md-6 col-sm-12 btTextLeft inherit\"  data-width=\"6\"><div class=\"rowItemContent\" ><header class=\"header btClear medium btDash bottomDash  regular\" ><div class=\"btSuperTitle\"><span>\u00c9TUDE<\/span><\/div><div class=\"dash\"><h3><span class=\"headline\">Biochimique<\/span><\/h3><\/div><\/header><div class=\"btClear btSeparator bottomSmallSpaced noBorder\" ><hr><\/div><div class=\"btText\" ><p style=\"text-align: justify;\">Ensuite, nous avons mis en \u00e9vidence deux des onze indicateurs analys\u00e9s dans l<strong>&lsquo;\u00c9TUDE BIOCHIMIQUE<\/strong> r\u00e9alis\u00e9e au <strong>Centre de recherche de biochimie de l&rsquo;universit\u00e9 de Grenade<\/strong>, qui sont touch\u00e9s par la pollution \u00e9lectromagn\u00e9tique. Le graphique rouge indique les niveaux de stress oxydatif d\u2019un individu soumis \u00e0 la pollution \u00e9lectromagn\u00e9tique, sans protection Pranan, tandis que le graphique bleu indique les niveaux de stress oxydatif du m\u00eame individu apr\u00e8s 30 jours de protection avec les dispositifs Pranan.<\/p>\n<\/div><div class=\"btClear btSeparator bottomSmallSpaced noBorder\" ><hr><\/div><\/div><\/div><div class=\"rowItem col-md-6 col-sm-12 btTextLeft animate animate-fadein btBottomVertical\"  data-width=\"6\"><div class=\"rowItemContent\" ><div class=\"btClear btSeparator bottomSmallSpaced noBorder\" ><hr><\/div><div class=\"bpgPhoto btDefaultHoverType\" ><div class = \"btImage\"><img decoding=\"async\" src=\"https:\/\/www.pranan.com\/wp-content\/uploads\/2022\/07\/estudio-bioquimico.jpg\" alt=\"\" title=\"\"><\/div><\/div><div class=\"btClear btSeparator bottomSmallSpaced noBorder\" ><hr><\/div><\/div><\/div><\/div><\/div><div class=\"boldRow \" ><div class=\"boldRowInner\"><div class=\"rowItem col-md-12 col-ms-12  btTextLeft inherit\"  data-width=\"12\"><div class=\"rowItemContent\" ><a href=\"#\" class=\"btBtn btBtn btnFilledStyle btnAccentColor btnBig btnFullWidth etude-biochimical btnRightPosition btnIco\" ><span class=\"btnInnerText\">PDF \u00c9tude Biochimique<\/span><span class=\"btIco \"><span  data-ico-fa=\"&#xf1c1;\" class=\"btIcoHolder\"><\/span><\/span><\/a><div class=\"btClear btSeparator bottomSmallSpaced noBorder\" ><hr><\/div><\/div><\/div><\/div><\/div><\/div><\/div><\/div><\/section><section id=\"bt_section6a0213e1a4c22\"  class=\"boldSection topSemiSpaced btAlternateColorBackground gutter boxed inherit\" style=\"background-color:#f2f1ed  !important;\"><div class=\"port\"><div class=\"boldCell\"><div class=\"boldCellInner\"><div class=\"boldRow \" ><div class=\"boldRowInner\"><div class=\"rowItem col-md-6 col-sm-12 btTextLeft inherit\"  data-width=\"6\"><div class=\"rowItemContent\" ><header class=\"header btClear medium btDash bottomDash  regular\" ><div class=\"btSuperTitle\"><span>\u00c9TUDE<\/span><\/div><div class=\"dash\"><h3><span class=\"headline\">Bio\u00e9lectrique<\/span><\/h3><\/div><\/header><div class=\"btClear btSeparator bottomSmallSpaced noBorder\" ><hr><\/div><div class=\"btText\" ><p style=\"text-align: justify;\">L&rsquo;image suivante se r\u00e9f\u00e8re \u00e0 <strong>l&rsquo;\u00c9TUDE BIO\u00c9LECTRIQUE<\/strong> r\u00e9alis\u00e9e \u00e0 la <strong>facult\u00e9 de m\u00e9decine de l&rsquo;universit\u00e9 Complutense (Madrid)<\/strong>, qui d\u00e9montre que l&rsquo;effet de cette technologie est d&rsquo;une telle ampleur, au niveau de la coh\u00e9rence neuro-fonctionnelle et des diff\u00e9rences significatives de la grande majorit\u00e9 des r\u00e9gions du cerveau, que nous pouvons attester de son efficacit\u00e9 dans la modification de certaines oscillations c\u00e9r\u00e9brales dues aux champs \u00e9lectromagn\u00e9tiques.<\/p>\n<p style=\"text-align: justify;\">Coupe horizontale coronale et mi-sagittale permettant de distinguer les diff\u00e9rences significatives.<\/p>\n<\/div><div class=\"btClear btSeparator bottomSmallSpaced noBorder\" ><hr><\/div><\/div><\/div><div class=\"rowItem col-md-6 col-sm-12 btTextLeft animate animate-fadein btBottomVertical\"  data-width=\"6\"><div class=\"rowItemContent\" ><div class=\"btClear btSeparator bottomSmallSpaced noBorder\" ><hr><\/div><div class=\"bpgPhoto btDefaultHoverType\" ><div class = \"btImage\"><img decoding=\"async\" src=\"https:\/\/www.pranan.com\/wp-content\/uploads\/2022\/07\/estudio-bioelectrico.jpg\" alt=\"\" title=\"\"><\/div><\/div><div class=\"btClear btSeparator bottomSmallSpaced noBorder\" ><hr><\/div><\/div><\/div><\/div><\/div><div class=\"boldRow \" ><div class=\"boldRowInner\"><div class=\"rowItem col-md-12 col-ms-12  btTextLeft inherit\"  data-width=\"12\"><div class=\"rowItemContent\" ><a href=\"#\" class=\"btBtn btBtn btnFilledStyle btnAccentColor btnBig btnFullWidth etude-bioelectrique btnRightPosition btnIco\" ><span class=\"btnInnerText\">PDF \u00c9tude Bio\u00e9lectrique<\/span><span class=\"btIco \"><span  data-ico-fa=\"&#xf1c1;\" class=\"btIcoHolder\"><\/span><\/span><\/a><div class=\"btClear btSeparator bottomSmallSpaced noBorder\" ><hr><\/div><\/div><\/div><\/div><\/div><\/div><\/div><\/div><\/section><section id=\"bt_section6a0213e1a73e5\"  class=\"boldSection topSemiSpaced btAlternateColorBackground gutter boxed inherit\" style=\"background-color:#f2f1ed  !important;\"><div class=\"port\"><div class=\"boldCell\"><div class=\"boldCellInner\"><div class=\"boldRow \" ><div class=\"boldRowInner\"><div class=\"rowItem col-md-6 col-sm-12 btTextLeft inherit\"  data-width=\"6\"><div class=\"rowItemContent\" ><header class=\"header btClear medium btDash bottomDash  regular\" ><div class=\"btSuperTitle\"><span>\u00c9TUDE<\/span><\/div><div class=\"dash\"><h3><span class=\"headline\">Bio\u00e9lectrographique<\/span><\/h3><\/div><\/header><div class=\"btClear btSeparator bottomSmallSpaced noBorder\" ><hr><\/div><div class=\"btText\" ><p style=\"text-align: justify;\"><strong>L&rsquo;\u00c9TUDE BIO\u00c9LECTROGRAPHIQUE<\/strong> r\u00e9alis\u00e9e au moyen de la bio\u00e9lectrographie GDV-EPC du Docteur K. Korotkov, technologie d\u00e9velopp\u00e9e par l&rsquo;universit\u00e9 d&rsquo;\u00c9tat de Saint-P\u00e9tersbourg (Russie), d\u00e9montre que, lorsqu&rsquo;on utilise des appareils de t\u00e9l\u00e9phonie mobile, les dispositifs \u00e9quip\u00e9s de la technologie Pranan prot\u00e8gent le champ \u00e9nerg\u00e9tique humain et le syst\u00e8me des m\u00e9ridiens, et qu&rsquo;il va m\u00eame au-del\u00e0 de la protection en am\u00e9liorant l&rsquo;\u00e9quilibre \u00e9nerg\u00e9tique de l\u2019individu.<\/p>\n<p style=\"text-align: justify;\">Sur la figure 1, on peut voir que le champ \u00e9nerg\u00e9tique d&rsquo;un individu est affaibli lorsqu&rsquo;il parle au t\u00e9l\u00e9phone portable sans protection Qbit (technologie Pranan). Sur la figure 2, on peut observer comment le champ \u00e9nerg\u00e9tique du m\u00eame individu redevient normal lorsque celui-ci parle au t\u00e9l\u00e9phone portable avec les dispositifs Qbit.<\/p>\n<\/div><div class=\"btClear btSeparator bottomSmallSpaced noBorder\" ><hr><\/div><\/div><\/div><div class=\"rowItem col-md-6 col-sm-12 btTextLeft animate animate-fadein btBottomVertical\"  data-width=\"6\"><div class=\"rowItemContent\" ><div class=\"btClear btSeparator bottomSmallSpaced noBorder\" ><hr><\/div><div class=\"bpgPhoto btDefaultHoverType\" ><div class = \"btImage\"><img decoding=\"async\" src=\"https:\/\/www.pranan.com\/wp-content\/uploads\/2022\/07\/estudio-bioelectrografico.jpg\" alt=\"\" title=\"\"><\/div><\/div><div class=\"btClear btSeparator bottomSmallSpaced noBorder\" ><hr><\/div><\/div><\/div><\/div><\/div><div class=\"boldRow \" ><div class=\"boldRowInner\"><div class=\"rowItem col-md-12 col-ms-12  btTextLeft inherit\"  data-width=\"12\"><div class=\"rowItemContent\" ><a href=\"#\" class=\"btBtn btBtn btnFilledStyle btnAccentColor btnBig btnFullWidth etude-bioelectrographique btnRightPosition btnIco\" ><span class=\"btnInnerText\">PDF \u00c9tude Bio\u00e9lectrique<\/span><span class=\"btIco \"><span  data-ico-fa=\"&#xf1c1;\" class=\"btIcoHolder\"><\/span><\/span><\/a><div class=\"btClear btSeparator bottomSmallSpaced noBorder\" ><hr><\/div><\/div><\/div><\/div><\/div><\/div><\/div><\/div><\/section><section id=\"bt_section6a0213e1a9a91\"  class=\"boldSection topSemiSpaced btAlternateColorBackground gutter boxed inherit\" style=\"background-color:#f2f1ed  !important;\"><div class=\"port\"><div class=\"boldCell\"><div class=\"boldCellInner\"><div class=\"boldRow \" ><div class=\"boldRowInner\"><div class=\"rowItem col-md-12 col-ms-12  btTextLeft inherit\"  data-width=\"12\"><div class=\"rowItemContent\" ><header class=\"header btClear medium btDash bottomDash  regular\" ><div class=\"btSuperTitle\"><span>ESSAI<\/span><\/div><div class=\"dash\"><h3><span class=\"headline\">Microscopie<\/span><\/h3><\/div><\/header><div class=\"btClear btSeparator bottomSmallSpaced noBorder\" ><hr><\/div><div class=\"btText\" ><p style=\"text-align: justify;\">La eficacia de la tecnolog\u00eda PRANAN ha sido testada con tecnolog\u00eda de Microscop\u00eda de Campo Oscuro. Este ensayo, evidencia unas importantes mejoras en todas las personas que est\u00e1n sometidas a la contaminaci\u00f3n electromagn\u00e9tica (5G, 4G, wifi, antenas de telefon\u00eda,\u2026) y utilizan los dispositivos Pranan. Siendo estas muy significativas cuando se analizan muestras de sangre de personas con sensibilidad a la radiaci\u00f3n electromagn\u00e9tica.<\/p>\n<p style=\"text-align: justify;\">La figure 1 est l\u2019\u00e9chantillon de sang pr\u00e9lev\u00e9 sur le sujet A lorsque celui-ci est expos\u00e9 au rayonnement \u00e9lectromagn\u00e9tique 5G et 4G SANS les dispositifs PRANAN. La figure 2 est l\u2019\u00e9chantillon du m\u00eame sujet lorsque celui-ci est expos\u00e9 au rayonnement \u00e9lectromagn\u00e9tique 5G et 4G, mais cette fois AVEC les dispositifs PRANAN.<\/p>\n<\/div><div class=\"btClear btSeparator bottomSmallSpaced noBorder\" ><hr><\/div><\/div><\/div><\/div><\/div><div class=\"boldRow \" ><div class=\"boldRowInner\"><div class=\"rowItem col-md-6 col-sm-12 btTextLeft\"  data-width=\"6\"><div class=\"rowItemContent\" ><div class=\"bpgPhoto btDefaultHoverType btHasTitles\" ><div class = \"btImage\"><img decoding=\"async\" src=\"https:\/\/www.pranan.com\/wp-content\/uploads\/2022\/08\/Muestra1-SIN-dispositivos-pranan.jpg\" alt=\"\" title=\"SIN dispositivos Pranan\"><\/div><\/div><\/div><\/div><div class=\"rowItem col-md-6 col-sm-12 btTextLeft\"  data-width=\"6\"><div class=\"rowItemContent\" ><div class=\"bpgPhoto btDefaultHoverType btHasTitles\" ><div class = \"btImage\"><img decoding=\"async\" src=\"https:\/\/www.pranan.com\/wp-content\/uploads\/2022\/08\/Muestra2-CON-dispositivos-pranan.jpg\" alt=\"\" title=\"CON dispositivos Pranan\"><\/div><\/div><\/div><\/div><\/div><\/div><div class=\"boldRow \" ><div class=\"boldRowInner\"><div class=\"rowItem col-md-12 col-ms-12  btTextLeft inherit\"  data-width=\"12\"><div class=\"rowItemContent\" ><div class=\"btClear btSeparator topSmallSpaced bottomSmallSpaced noBorder\" ><hr><\/div><a href=\"#\" class=\"btBtn btBtn btnFilledStyle btnAccentColor btnBig btnFullWidth microscopy-trial btnRightPosition btnIco\" ><span class=\"btnInnerText\">PDF Test de Microscopie<\/span><span class=\"btIco \"><span  data-ico-fa=\"&#xf1c1;\" class=\"btIcoHolder\"><\/span><\/span><\/a><div class=\"btClear btSeparator bottomSpaced noBorder\" ><hr><\/div><\/div><\/div><\/div><\/div><\/div><\/div><\/div><\/section>\n","protected":false},"excerpt":{"rendered":"<p>L&rsquo;AVANT ET L&rsquo;APR\u00c8S. Les graphiques et les images d\u00e9montrent un AVANT et un APR\u00c8S dispositifs Pranan pour un individu soumis \u00e0 un rayonnement \u00e9lectromagn\u00e9tique (en parlant au t\u00e9l\u00e9phone, Wi-Fi, etc). Nous avons s\u00e9lectionn\u00e9 des graphiques et des images issus d&rsquo;\u00e9tudes r\u00e9alis\u00e9es par des centres de recherche et des universit\u00e9s, qui permettent de se rendre compte visuellement de l&rsquo;effet des dispositifs.<\/p>\n","protected":false},"author":1,"featured_media":3507,"parent":5802,"menu_order":0,"comment_status":"closed","ping_status":"closed","template":"","meta":{"footnotes":""},"class_list":["post-5987","page","type-page","status-publish","has-post-thumbnail","hentry"],"yoast_head":"<!-- This site is optimized with the Yoast SEO plugin v24.9 - https:\/\/yoast.com\/wordpress\/plugins\/seo\/ -->\n<title>Efficacit\u00e9 prouv\u00e9e - Pranan<\/title>\n<meta name=\"robots\" content=\"index, follow, max-snippet:-1, max-image-preview:large, max-video-preview:-1\" \/>\n<link rel=\"canonical\" href=\"https:\/\/www.pranan.com\/sobre-nosotros\/eficacia-contrastada\/\" \/>\n<meta property=\"og:locale\" content=\"fr_FR\" \/>\n<meta property=\"og:type\" content=\"article\" \/>\n<meta property=\"og:title\" content=\"Efficacit\u00e9 prouv\u00e9e - Pranan\" \/>\n<meta property=\"og:description\" content=\"L&#039;AVANT ET L&#039;APR\u00c8S. Les graphiques et les images d\u00e9montrent un AVANT et un APR\u00c8S dispositifs Pranan pour un individu soumis \u00e0 un rayonnement \u00e9lectromagn\u00e9tique (en parlant au t\u00e9l\u00e9phone, Wi-Fi, etc). Nous avons s\u00e9lectionn\u00e9 des graphiques et des images issus d&#039;\u00e9tudes r\u00e9alis\u00e9es par des centres de recherche et des universit\u00e9s, qui permettent de se rendre compte visuellement de l&#039;effet des dispositifs.\" \/>\n<meta property=\"og:url\" content=\"https:\/\/www.pranan.com\/sobre-nosotros\/eficacia-contrastada\/\" \/>\n<meta property=\"og:site_name\" content=\"Pranan\" \/>\n<meta property=\"article:modified_time\" content=\"2023-05-15T23:06:13+00:00\" \/>\n<meta property=\"og:image\" content=\"https:\/\/www.pranan.com\/wp-content\/uploads\/2016\/09\/hero_inner_page.jpg\" \/>\n\t<meta property=\"og:image:width\" content=\"1280\" \/>\n\t<meta property=\"og:image:height\" content=\"640\" \/>\n\t<meta property=\"og:image:type\" content=\"image\/jpeg\" \/>\n<meta name=\"twitter:card\" content=\"summary_large_image\" \/>\n<meta name=\"twitter:label1\" content=\"Dur\u00e9e de lecture estim\u00e9e\" \/>\n\t<meta name=\"twitter:data1\" content=\"9 minutes\" \/>\n<script type=\"application\/ld+json\" class=\"yoast-schema-graph\">{\"@context\":\"https:\/\/schema.org\",\"@graph\":[{\"@type\":\"WebPage\",\"@id\":\"https:\/\/www.pranan.com\/sobre-nosotros\/eficacia-contrastada\/\",\"url\":\"https:\/\/www.pranan.com\/sobre-nosotros\/eficacia-contrastada\/\",\"name\":\"Efficacit\u00e9 prouv\u00e9e - Pranan\",\"isPartOf\":{\"@id\":\"https:\/\/www.pranan.com\/#website\"},\"primaryImageOfPage\":{\"@id\":\"https:\/\/www.pranan.com\/sobre-nosotros\/eficacia-contrastada\/#primaryimage\"},\"image\":{\"@id\":\"https:\/\/www.pranan.com\/sobre-nosotros\/eficacia-contrastada\/#primaryimage\"},\"thumbnailUrl\":\"https:\/\/www.pranan.com\/wp-content\/uploads\/2016\/09\/hero_inner_page.jpg\",\"datePublished\":\"2022-07-28T13:47:37+00:00\",\"dateModified\":\"2023-05-15T23:06:13+00:00\",\"breadcrumb\":{\"@id\":\"https:\/\/www.pranan.com\/sobre-nosotros\/eficacia-contrastada\/#breadcrumb\"},\"inLanguage\":\"fr-FR\",\"potentialAction\":[{\"@type\":\"ReadAction\",\"target\":[\"https:\/\/www.pranan.com\/sobre-nosotros\/eficacia-contrastada\/\"]}]},{\"@type\":\"ImageObject\",\"inLanguage\":\"fr-FR\",\"@id\":\"https:\/\/www.pranan.com\/sobre-nosotros\/eficacia-contrastada\/#primaryimage\",\"url\":\"https:\/\/www.pranan.com\/wp-content\/uploads\/2016\/09\/hero_inner_page.jpg\",\"contentUrl\":\"https:\/\/www.pranan.com\/wp-content\/uploads\/2016\/09\/hero_inner_page.jpg\",\"width\":1280,\"height\":640},{\"@type\":\"BreadcrumbList\",\"@id\":\"https:\/\/www.pranan.com\/sobre-nosotros\/eficacia-contrastada\/#breadcrumb\",\"itemListElement\":[{\"@type\":\"ListItem\",\"position\":1,\"name\":\"Portada\",\"item\":\"https:\/\/www.pranan.com\/fr\/\"},{\"@type\":\"ListItem\",\"position\":2,\"name\":\"\u00c0 propos de nous\",\"item\":\"https:\/\/www.pranan.com\/sobre-nosotros\/\"},{\"@type\":\"ListItem\",\"position\":3,\"name\":\"Efficacit\u00e9 prouv\u00e9e\"}]},{\"@type\":\"WebSite\",\"@id\":\"https:\/\/www.pranan.com\/#website\",\"url\":\"https:\/\/www.pranan.com\/\",\"name\":\"Pranan\",\"description\":\"Researching Center\",\"potentialAction\":[{\"@type\":\"SearchAction\",\"target\":{\"@type\":\"EntryPoint\",\"urlTemplate\":\"https:\/\/www.pranan.com\/?s={search_term_string}\"},\"query-input\":{\"@type\":\"PropertyValueSpecification\",\"valueRequired\":true,\"valueName\":\"search_term_string\"}}],\"inLanguage\":\"fr-FR\"}]}<\/script>\n<!-- \/ Yoast SEO plugin. -->","yoast_head_json":{"title":"Efficacit\u00e9 prouv\u00e9e - Pranan","robots":{"index":"index","follow":"follow","max-snippet":"max-snippet:-1","max-image-preview":"max-image-preview:large","max-video-preview":"max-video-preview:-1"},"canonical":"https:\/\/www.pranan.com\/sobre-nosotros\/eficacia-contrastada\/","og_locale":"fr_FR","og_type":"article","og_title":"Efficacit\u00e9 prouv\u00e9e - Pranan","og_description":"L'AVANT ET L'APR\u00c8S. Les graphiques et les images d\u00e9montrent un AVANT et un APR\u00c8S dispositifs Pranan pour un individu soumis \u00e0 un rayonnement \u00e9lectromagn\u00e9tique (en parlant au t\u00e9l\u00e9phone, Wi-Fi, etc). Nous avons s\u00e9lectionn\u00e9 des graphiques et des images issus d'\u00e9tudes r\u00e9alis\u00e9es par des centres de recherche et des universit\u00e9s, qui permettent de se rendre compte visuellement de l'effet des dispositifs.","og_url":"https:\/\/www.pranan.com\/sobre-nosotros\/eficacia-contrastada\/","og_site_name":"Pranan","article_modified_time":"2023-05-15T23:06:13+00:00","og_image":[{"width":1280,"height":640,"url":"https:\/\/www.pranan.com\/wp-content\/uploads\/2016\/09\/hero_inner_page.jpg","type":"image\/jpeg"}],"twitter_card":"summary_large_image","twitter_misc":{"Dur\u00e9e de lecture estim\u00e9e":"9 minutes"},"schema":{"@context":"https:\/\/schema.org","@graph":[{"@type":"WebPage","@id":"https:\/\/www.pranan.com\/sobre-nosotros\/eficacia-contrastada\/","url":"https:\/\/www.pranan.com\/sobre-nosotros\/eficacia-contrastada\/","name":"Efficacit\u00e9 prouv\u00e9e - Pranan","isPartOf":{"@id":"https:\/\/www.pranan.com\/#website"},"primaryImageOfPage":{"@id":"https:\/\/www.pranan.com\/sobre-nosotros\/eficacia-contrastada\/#primaryimage"},"image":{"@id":"https:\/\/www.pranan.com\/sobre-nosotros\/eficacia-contrastada\/#primaryimage"},"thumbnailUrl":"https:\/\/www.pranan.com\/wp-content\/uploads\/2016\/09\/hero_inner_page.jpg","datePublished":"2022-07-28T13:47:37+00:00","dateModified":"2023-05-15T23:06:13+00:00","breadcrumb":{"@id":"https:\/\/www.pranan.com\/sobre-nosotros\/eficacia-contrastada\/#breadcrumb"},"inLanguage":"fr-FR","potentialAction":[{"@type":"ReadAction","target":["https:\/\/www.pranan.com\/sobre-nosotros\/eficacia-contrastada\/"]}]},{"@type":"ImageObject","inLanguage":"fr-FR","@id":"https:\/\/www.pranan.com\/sobre-nosotros\/eficacia-contrastada\/#primaryimage","url":"https:\/\/www.pranan.com\/wp-content\/uploads\/2016\/09\/hero_inner_page.jpg","contentUrl":"https:\/\/www.pranan.com\/wp-content\/uploads\/2016\/09\/hero_inner_page.jpg","width":1280,"height":640},{"@type":"BreadcrumbList","@id":"https:\/\/www.pranan.com\/sobre-nosotros\/eficacia-contrastada\/#breadcrumb","itemListElement":[{"@type":"ListItem","position":1,"name":"Portada","item":"https:\/\/www.pranan.com\/fr\/"},{"@type":"ListItem","position":2,"name":"\u00c0 propos de nous","item":"https:\/\/www.pranan.com\/sobre-nosotros\/"},{"@type":"ListItem","position":3,"name":"Efficacit\u00e9 prouv\u00e9e"}]},{"@type":"WebSite","@id":"https:\/\/www.pranan.com\/#website","url":"https:\/\/www.pranan.com\/","name":"Pranan","description":"Researching Center","potentialAction":[{"@type":"SearchAction","target":{"@type":"EntryPoint","urlTemplate":"https:\/\/www.pranan.com\/?s={search_term_string}"},"query-input":{"@type":"PropertyValueSpecification","valueRequired":true,"valueName":"search_term_string"}}],"inLanguage":"fr-FR"}]}},"_links":{"self":[{"href":"https:\/\/www.pranan.com\/fr\/wp-json\/wp\/v2\/pages\/5987","targetHints":{"allow":["GET"]}}],"collection":[{"href":"https:\/\/www.pranan.com\/fr\/wp-json\/wp\/v2\/pages"}],"about":[{"href":"https:\/\/www.pranan.com\/fr\/wp-json\/wp\/v2\/types\/page"}],"author":[{"embeddable":true,"href":"https:\/\/www.pranan.com\/fr\/wp-json\/wp\/v2\/users\/1"}],"replies":[{"embeddable":true,"href":"https:\/\/www.pranan.com\/fr\/wp-json\/wp\/v2\/comments?post=5987"}],"version-history":[{"count":2,"href":"https:\/\/www.pranan.com\/fr\/wp-json\/wp\/v2\/pages\/5987\/revisions"}],"predecessor-version":[{"id":6931,"href":"https:\/\/www.pranan.com\/fr\/wp-json\/wp\/v2\/pages\/5987\/revisions\/6931"}],"up":[{"embeddable":true,"href":"https:\/\/www.pranan.com\/fr\/wp-json\/wp\/v2\/pages\/5802"}],"wp:featuredmedia":[{"embeddable":true,"href":"https:\/\/www.pranan.com\/fr\/wp-json\/wp\/v2\/media\/3507"}],"wp:attachment":[{"href":"https:\/\/www.pranan.com\/fr\/wp-json\/wp\/v2\/media?parent=5987"}],"curies":[{"name":"wp","href":"https:\/\/api.w.org\/{rel}","templated":true}]}}