{"id":5871,"date":"2016-07-13T09:49:50","date_gmt":"2016-07-13T07:49:50","guid":{"rendered":"https:\/\/www.pranan.com\/essais-cliniques\/"},"modified":"2016-07-13T09:49:50","modified_gmt":"2016-07-13T07:49:50","slug":"essais-cliniques","status":"publish","type":"page","link":"https:\/\/www.pranan.com\/fr\/essais-cliniques\/","title":{"rendered":"Essais cliniques"},"content":{"rendered":"<section id=\"bt_section69e48723b0178\"  class=\"boldSection topSemiSpaced bottomSmallSpaced gutter boxed inherit\" ><div class=\"port\"><div class=\"boldCell\"><div class=\"boldCellInner\"><div class=\"boldRow \" ><div class=\"boldRowInner\"><div class=\"rowItem col-md-12 col-ms-12  btTextLeft\"  data-width=\"12\"><div class=\"rowItemContent\" ><div class=\"btText\" ><h6>L&rsquo;efficacit\u00e9 de la technologie Pranan a \u00e9t\u00e9 v\u00e9rifi\u00e9e dans les universit\u00e9s et les centres de recherche. Dans cette section, nous vous fournissons les essais cliniques, le brevet et les publications scientifiques qui garantissent que les appareils Pranan sont des protecteurs efficaces contre les rayonnements \u00e9lectromagn\u00e9tiques.<\/h6>\n<\/div><\/div><\/div><\/div><\/div><\/div><\/div><\/div><\/section><section id=\"bt_section69e48723b0a49\"  class=\"boldSection topSmallSpaced bottomSpaced gutter boxed inherit\" ><div class=\"port\"><div class=\"boldCell\"><div class=\"boldCellInner\"><div class=\"boldRow \" ><div class=\"boldRowInner\"><div class=\"rowItem col-md-12 col-ms-12  btTextCenter inherit\"  data-width=\"12\"><div class=\"rowItemContent\" ><div class=\"btClear btSeparator topSmallSpaced noBorder\" ><hr><\/div><div class=\"btGridContainer tiled btGridGap-10 btHasTitles\" ><div class=\"tilesWall btAjaxGrid tiled\" data-num=\"6\" data-tiles-title=\"yes\" data-grid-type=\"tiled\" data-post-type=\"portfolio\" data-col=\"3\" data-cat-slug=\"\" data-scroll-loading=\"yes\" data-format=\"22\" data-related=\"\" data-sticky=\"no\"><div class=\"gridSizer\"><\/div><\/div><div class=\"btLoader btLoaderGrid\"><\/div><div class=\"btNoMore btTextCenter topSmallSpaced bottomSmallSpaced\">No more posts<\/div><\/div><\/div><\/div><\/div><\/div><\/div><\/div><\/div><\/section>\n","protected":false},"excerpt":{"rendered":"<p>Essais et \u00e9tudes qui appuient l&rsquo;efficacit\u00e9 des dispositifs<\/p>\n","protected":false},"author":2,"featured_media":4402,"parent":0,"menu_order":0,"comment_status":"closed","ping_status":"closed","template":"","meta":{"footnotes":""},"class_list":["post-5871","page","type-page","status-publish","has-post-thumbnail","hentry"],"yoast_head":"<!-- This site is optimized with the Yoast SEO plugin v24.9 - https:\/\/yoast.com\/wordpress\/plugins\/seo\/ -->\n<title>Essais cliniques - Pranan<\/title>\n<meta name=\"robots\" content=\"index, follow, max-snippet:-1, max-image-preview:large, max-video-preview:-1\" \/>\n<link rel=\"canonical\" href=\"https:\/\/www.pranan.com\/estudios-cientificos\/\" \/>\n<meta property=\"og:locale\" content=\"fr_FR\" \/>\n<meta property=\"og:type\" content=\"article\" \/>\n<meta property=\"og:title\" content=\"Essais cliniques - Pranan\" \/>\n<meta property=\"og:description\" content=\"Essais et \u00e9tudes qui appuient l&#039;efficacit\u00e9 des dispositifs\" \/>\n<meta property=\"og:url\" content=\"https:\/\/www.pranan.com\/estudios-cientificos\/\" \/>\n<meta property=\"og:site_name\" content=\"Pranan\" \/>\n<meta property=\"og:image\" content=\"https:\/\/www.pranan.com\/wp-content\/uploads\/2022\/06\/cabecera-ensayos-4.jpg\" \/>\n\t<meta property=\"og:image:width\" content=\"1920\" \/>\n\t<meta property=\"og:image:height\" content=\"450\" \/>\n\t<meta property=\"og:image:type\" content=\"image\/jpeg\" \/>\n<meta name=\"twitter:card\" content=\"summary_large_image\" \/>\n<meta name=\"twitter:label1\" content=\"Dur\u00e9e de lecture estim\u00e9e\" \/>\n\t<meta name=\"twitter:data1\" content=\"1 minute\" \/>\n<script type=\"application\/ld+json\" class=\"yoast-schema-graph\">{\"@context\":\"https:\/\/schema.org\",\"@graph\":[{\"@type\":\"WebPage\",\"@id\":\"https:\/\/www.pranan.com\/estudios-cientificos\/\",\"url\":\"https:\/\/www.pranan.com\/estudios-cientificos\/\",\"name\":\"Essais cliniques - Pranan\",\"isPartOf\":{\"@id\":\"https:\/\/www.pranan.com\/#website\"},\"primaryImageOfPage\":{\"@id\":\"https:\/\/www.pranan.com\/estudios-cientificos\/#primaryimage\"},\"image\":{\"@id\":\"https:\/\/www.pranan.com\/estudios-cientificos\/#primaryimage\"},\"thumbnailUrl\":\"https:\/\/www.pranan.com\/wp-content\/uploads\/2022\/06\/cabecera-ensayos-4.jpg\",\"datePublished\":\"2016-07-13T07:49:50+00:00\",\"breadcrumb\":{\"@id\":\"https:\/\/www.pranan.com\/estudios-cientificos\/#breadcrumb\"},\"inLanguage\":\"fr-FR\",\"potentialAction\":[{\"@type\":\"ReadAction\",\"target\":[\"https:\/\/www.pranan.com\/estudios-cientificos\/\"]}]},{\"@type\":\"ImageObject\",\"inLanguage\":\"fr-FR\",\"@id\":\"https:\/\/www.pranan.com\/estudios-cientificos\/#primaryimage\",\"url\":\"https:\/\/www.pranan.com\/wp-content\/uploads\/2022\/06\/cabecera-ensayos-4.jpg\",\"contentUrl\":\"https:\/\/www.pranan.com\/wp-content\/uploads\/2022\/06\/cabecera-ensayos-4.jpg\",\"width\":1920,\"height\":450},{\"@type\":\"BreadcrumbList\",\"@id\":\"https:\/\/www.pranan.com\/estudios-cientificos\/#breadcrumb\",\"itemListElement\":[{\"@type\":\"ListItem\",\"position\":1,\"name\":\"Portada\",\"item\":\"https:\/\/www.pranan.com\/fr\/\"},{\"@type\":\"ListItem\",\"position\":2,\"name\":\"Essais cliniques\"}]},{\"@type\":\"WebSite\",\"@id\":\"https:\/\/www.pranan.com\/#website\",\"url\":\"https:\/\/www.pranan.com\/\",\"name\":\"Pranan\",\"description\":\"Researching Center\",\"potentialAction\":[{\"@type\":\"SearchAction\",\"target\":{\"@type\":\"EntryPoint\",\"urlTemplate\":\"https:\/\/www.pranan.com\/?s={search_term_string}\"},\"query-input\":{\"@type\":\"PropertyValueSpecification\",\"valueRequired\":true,\"valueName\":\"search_term_string\"}}],\"inLanguage\":\"fr-FR\"}]}<\/script>\n<!-- \/ Yoast SEO plugin. -->","yoast_head_json":{"title":"Essais cliniques - Pranan","robots":{"index":"index","follow":"follow","max-snippet":"max-snippet:-1","max-image-preview":"max-image-preview:large","max-video-preview":"max-video-preview:-1"},"canonical":"https:\/\/www.pranan.com\/estudios-cientificos\/","og_locale":"fr_FR","og_type":"article","og_title":"Essais cliniques - Pranan","og_description":"Essais et \u00e9tudes qui appuient l'efficacit\u00e9 des dispositifs","og_url":"https:\/\/www.pranan.com\/estudios-cientificos\/","og_site_name":"Pranan","og_image":[{"width":1920,"height":450,"url":"https:\/\/www.pranan.com\/wp-content\/uploads\/2022\/06\/cabecera-ensayos-4.jpg","type":"image\/jpeg"}],"twitter_card":"summary_large_image","twitter_misc":{"Dur\u00e9e de lecture estim\u00e9e":"1 minute"},"schema":{"@context":"https:\/\/schema.org","@graph":[{"@type":"WebPage","@id":"https:\/\/www.pranan.com\/estudios-cientificos\/","url":"https:\/\/www.pranan.com\/estudios-cientificos\/","name":"Essais cliniques - Pranan","isPartOf":{"@id":"https:\/\/www.pranan.com\/#website"},"primaryImageOfPage":{"@id":"https:\/\/www.pranan.com\/estudios-cientificos\/#primaryimage"},"image":{"@id":"https:\/\/www.pranan.com\/estudios-cientificos\/#primaryimage"},"thumbnailUrl":"https:\/\/www.pranan.com\/wp-content\/uploads\/2022\/06\/cabecera-ensayos-4.jpg","datePublished":"2016-07-13T07:49:50+00:00","breadcrumb":{"@id":"https:\/\/www.pranan.com\/estudios-cientificos\/#breadcrumb"},"inLanguage":"fr-FR","potentialAction":[{"@type":"ReadAction","target":["https:\/\/www.pranan.com\/estudios-cientificos\/"]}]},{"@type":"ImageObject","inLanguage":"fr-FR","@id":"https:\/\/www.pranan.com\/estudios-cientificos\/#primaryimage","url":"https:\/\/www.pranan.com\/wp-content\/uploads\/2022\/06\/cabecera-ensayos-4.jpg","contentUrl":"https:\/\/www.pranan.com\/wp-content\/uploads\/2022\/06\/cabecera-ensayos-4.jpg","width":1920,"height":450},{"@type":"BreadcrumbList","@id":"https:\/\/www.pranan.com\/estudios-cientificos\/#breadcrumb","itemListElement":[{"@type":"ListItem","position":1,"name":"Portada","item":"https:\/\/www.pranan.com\/fr\/"},{"@type":"ListItem","position":2,"name":"Essais cliniques"}]},{"@type":"WebSite","@id":"https:\/\/www.pranan.com\/#website","url":"https:\/\/www.pranan.com\/","name":"Pranan","description":"Researching Center","potentialAction":[{"@type":"SearchAction","target":{"@type":"EntryPoint","urlTemplate":"https:\/\/www.pranan.com\/?s={search_term_string}"},"query-input":{"@type":"PropertyValueSpecification","valueRequired":true,"valueName":"search_term_string"}}],"inLanguage":"fr-FR"}]}},"_links":{"self":[{"href":"https:\/\/www.pranan.com\/fr\/wp-json\/wp\/v2\/pages\/5871","targetHints":{"allow":["GET"]}}],"collection":[{"href":"https:\/\/www.pranan.com\/fr\/wp-json\/wp\/v2\/pages"}],"about":[{"href":"https:\/\/www.pranan.com\/fr\/wp-json\/wp\/v2\/types\/page"}],"author":[{"embeddable":true,"href":"https:\/\/www.pranan.com\/fr\/wp-json\/wp\/v2\/users\/2"}],"replies":[{"embeddable":true,"href":"https:\/\/www.pranan.com\/fr\/wp-json\/wp\/v2\/comments?post=5871"}],"version-history":[{"count":0,"href":"https:\/\/www.pranan.com\/fr\/wp-json\/wp\/v2\/pages\/5871\/revisions"}],"wp:featuredmedia":[{"embeddable":true,"href":"https:\/\/www.pranan.com\/fr\/wp-json\/wp\/v2\/media\/4402"}],"wp:attachment":[{"href":"https:\/\/www.pranan.com\/fr\/wp-json\/wp\/v2\/media?parent=5871"}],"curies":[{"name":"wp","href":"https:\/\/api.w.org\/{rel}","templated":true}]}}