{"id":5865,"date":"2016-08-01T14:32:09","date_gmt":"2016-08-01T12:32:09","guid":{"rendered":"https:\/\/www.pranan.com\/contact\/"},"modified":"2022-11-17T18:59:08","modified_gmt":"2022-11-17T17:59:08","slug":"contact","status":"publish","type":"page","link":"https:\/\/www.pranan.com\/fr\/contact\/","title":{"rendered":"Contact"},"content":{"rendered":"<section id=\"bt_section69e4a26b9534a\"  class=\"boldSection btDivider topSemiSpaced gutter boxed inherit\" ><div class=\"port\"><div class=\"boldCell\"><div class=\"boldCellInner\"><div class=\"boldRow \" ><div class=\"boldRowInner\"><div class=\"rowItem col-md-6 col-sm-12 btTextCenter inherit\"  data-width=\"6\"><div class=\"rowItemContent\" ><div class=\"servicesItem  btIcoAccentColorIcon btIcoBigSizeIcon \"><div class=\"sIcon\"><span class=\"btIco btIcoBigSize btIcoFilledType btIcoAccentColor btIconCircleShape\"><span  data-ico-ss=\"&#xf148;\" class=\"btIcoHolder\"><\/span><\/span><\/div><div class=\"sTxt\"><header class=\"header btClear small btDash bottomDash\" ><div class=\"dash\"><h4><span class=\"headline\">Si\u00e8ge social<\/span><\/h4><\/div><\/header><\/div><\/div><div class=\"btText\" ><div class=\"rowItemContent\">\n<p><span class=\"btIco btIcoDefaultType btIcoExtraSmallSize btIcoDefaultColor btIconCircleShape\"><span class=\"btIcoHolder\" data-ico-s7=\"\ue638\"> Madres de la Plaza de Mayo 44, Planta 2\u00b0 31013 Pamplona (Navarra), Espagne<\/span><\/span><\/p>\n<div class=\"btClear btSeparator noBorder\">\n<hr \/>\n<\/div>\n<p style=\"margin-bottom: 0.1em;\"><span class=\"btIco btIcoDefaultType btIcoSmallSize btIcoDefaultColor btIconCircleShape\"><a class=\"btIcoHolder\" href=\"tel:0034948983211\" target=\"_blank\" rel=\"noopener\" data-ico-s7=\"\ue670\"> +34 948 983211<\/a><\/span><\/p>\n<p style=\"margin-bottom: 0.5em;\"><span class=\"btIco btIcoDefaultType btIcoSmallSize btIcoDefaultColor btIconCircleShape\"><a class=\"btIcoHolder\" href=\"mailto:pranan@pranan.com\" target=\"_blank\" rel=\"noopener\" data-ico-s7=\"\ue639\"> pranan@pranan.com<\/a><\/span><\/p>\n<div class=\"btClear btSeparator bottomSemiSpaced noBorder\">\n<hr \/>\n<\/div>\n<\/div>\n<\/div><\/div><\/div><div class=\"rowItem col-md-6 col-sm-12 btTextCenter inherit\"  data-width=\"6\"><div class=\"rowItemContent\" ><div class=\"servicesItem  btIcoAccentColorIcon btIcoBigSizeIcon \"><div class=\"sIcon\"><span class=\"btIco btIcoBigSize btIcoFilledType btIcoAccentColor btIconCircleShape\"><span  data-ico-cs=\"&#xf1de;\" class=\"btIcoHolder\"><\/span><\/span><\/div><div class=\"sTxt\"><header class=\"header btClear small btDash bottomDash\" ><div class=\"dash\"><h4><span class=\"headline\">Bureau technique<\/span><\/h4><\/div><\/header><\/div><\/div><div class=\"btText\" ><div class=\"rowItemContent\">\n<p><span class=\"btIco btIcoDefaultType btIcoExtraSmallSize btIcoDefaultColor btIconCircleShape\"><span class=\"btIcoHolder\" data-ico-s7=\"\ue638\"> C\/Chapiner\u00edas 9, bajo 31500 Tudela (Navarra), Espagne<\/span><\/span><\/p>\n<div class=\"btClear btSeparator noBorder\">\n<hr \/>\n<\/div>\n<p style=\"margin-bottom: 0.5em;\"><span class=\"btIco btIcoDefaultType btIcoSmallSize btIcoDefaultColor btIconCircleShape\"><a class=\"btIcoHolder\" href=\"mailto:info@pranan.com\" target=\"_blank\" rel=\"noopener\" data-ico-s7=\"\ue639\"> info@pranan.com<\/a><\/span><\/p>\n<div class=\"btClear btSeparator bottomSemiSpaced noBorder\">\n<hr \/>\n<\/div>\n<\/div>\n<\/div><\/div><\/div><\/div><\/div><\/div><\/div><\/div><\/section><section id=\"bt_section69e4a26b969ab\"  class=\"boldSection topSemiSpaced bottomSemiSpaced btTopVertical\" ><div class=\"port\"><div class=\"boldCell\"><div class=\"boldCellInner\"><div class=\"boldRow \" ><div class=\"boldRowInner\"><div class=\"rowItem col-md-6 col-sm-12 btTextLeft animate animate-fadein btTopVertical btLightSkin\"  data-width=\"6\"><div class=\"rowItemContent\" style = \"background-color: rgba(255, 255, 255, 0.6); \"><div class=\"boldRow \" style=\"max-width: 580px; float: right;\"><div class=\"boldRowInner\"><div class=\"rowItem rowInnerItem col-sm-12  btTextLeft\"  ><div class=\"rowItemContent\"><div class=\"btClear btSeparator topSmallSpaced noBorder\" ><hr><\/div><header class=\"header btClear medium btDash bottomDash  regular\" ><div class=\"btSuperTitle\"><span>CONTACT<\/span><\/div><div class=\"dash\"><h3><span class=\"headline\">Consultez vos doutes<\/span><\/h3><\/div><div class=\"btSubTitle\">Nous r\u00e9solvons tous les doutes que vous pourriez avoir sur notre technologie. Aussi si vous \u00eates int\u00e9ress\u00e9 \u00e0 distribuer nos appareils.<\/div><\/header><div class=\"btClear btSeparator topSmallSpaced noBorder\" ><hr><\/div><div class=\"btText\" >[contact-form-7 id=\u00a0\u00bb5863&Prime; title=\u00a0\u00bbPage de contact\u00a0\u00bb]<\/div><div class=\"btClear btSeparator topSemiSpaced noBorder\" ><hr><\/div><\/div><\/div><\/div><\/div><\/div><\/div><div class=\"rowItem col-md-6 col-sm-12 btTextLeft animate animate-fadein inherit\"  data-width=\"6\"><div class=\"rowItemContent\" ><div class=\"btText\" ><p><iframe loading=\"lazy\" style=\"border: 0;\" src=\"https:\/\/www.google.com\/maps\/embed?pb=!1m18!1m12!1m3!1d2925.892506289588!2d-1.666833184310733!3d42.83288441310231!2m3!1f0!2f0!3f0!3m2!1i1024!2i768!4f13.1!3m3!1m2!1s0xd5092bd6f8f7453%3A0xf3e012bab2cd6397!2sCalle%20Madres%20de%20la%20Plaza%20de%20Mayo%2C%2044%2C%2031013%20Artica%2C%20Navarra!5e0!3m2!1ses!2ses!4v1663842503868!5m2!1ses!2ses\" width=\"600\" height=\"450\" allowfullscreen=\"allowfullscreen\"><\/iframe><\/p>\n<\/div><\/div><\/div><\/div><\/div><\/div><\/div><\/div><\/section>\n","protected":false},"excerpt":{"rendered":"<p>Vous pouvez nous contacter pour toute question ou requ\u00eate concernant nos appareils. Si vous souhaitez \u00eatre distributeur Pranan, pr\u00e9sentez-nous votre activit\u00e9 en quelques lignes.<\/p>\n","protected":false},"author":2,"featured_media":3507,"parent":0,"menu_order":0,"comment_status":"closed","ping_status":"closed","template":"","meta":{"footnotes":""},"class_list":["post-5865","page","type-page","status-publish","has-post-thumbnail","hentry"],"yoast_head":"<!-- This site is optimized with the Yoast SEO plugin v24.9 - https:\/\/yoast.com\/wordpress\/plugins\/seo\/ -->\n<title>Contact - Pranan<\/title>\n<meta name=\"robots\" content=\"index, follow, max-snippet:-1, max-image-preview:large, max-video-preview:-1\" \/>\n<link rel=\"canonical\" href=\"https:\/\/www.pranan.com\/contacto\/\" \/>\n<meta property=\"og:locale\" content=\"fr_FR\" \/>\n<meta property=\"og:type\" content=\"article\" \/>\n<meta property=\"og:title\" content=\"Contact - Pranan\" \/>\n<meta property=\"og:description\" content=\"Vous pouvez nous contacter pour toute question ou requ\u00eate concernant nos appareils. Si vous souhaitez \u00eatre distributeur Pranan, pr\u00e9sentez-nous votre activit\u00e9 en quelques lignes.\" \/>\n<meta property=\"og:url\" content=\"https:\/\/www.pranan.com\/contacto\/\" \/>\n<meta property=\"og:site_name\" content=\"Pranan\" \/>\n<meta property=\"article:modified_time\" content=\"2022-11-17T17:59:08+00:00\" \/>\n<meta property=\"og:image\" content=\"https:\/\/www.pranan.com\/wp-content\/uploads\/2016\/09\/hero_inner_page.jpg\" \/>\n\t<meta property=\"og:image:width\" content=\"1280\" \/>\n\t<meta property=\"og:image:height\" content=\"640\" \/>\n\t<meta property=\"og:image:type\" content=\"image\/jpeg\" \/>\n<meta name=\"twitter:card\" content=\"summary_large_image\" \/>\n<meta name=\"twitter:label1\" content=\"Dur\u00e9e de lecture estim\u00e9e\" \/>\n\t<meta name=\"twitter:data1\" content=\"3 minutes\" \/>\n<script type=\"application\/ld+json\" class=\"yoast-schema-graph\">{\"@context\":\"https:\/\/schema.org\",\"@graph\":[{\"@type\":\"WebPage\",\"@id\":\"https:\/\/www.pranan.com\/contacto\/\",\"url\":\"https:\/\/www.pranan.com\/contacto\/\",\"name\":\"Contact - Pranan\",\"isPartOf\":{\"@id\":\"https:\/\/www.pranan.com\/#website\"},\"primaryImageOfPage\":{\"@id\":\"https:\/\/www.pranan.com\/contacto\/#primaryimage\"},\"image\":{\"@id\":\"https:\/\/www.pranan.com\/contacto\/#primaryimage\"},\"thumbnailUrl\":\"https:\/\/www.pranan.com\/wp-content\/uploads\/2016\/09\/hero_inner_page.jpg\",\"datePublished\":\"2016-08-01T12:32:09+00:00\",\"dateModified\":\"2022-11-17T17:59:08+00:00\",\"breadcrumb\":{\"@id\":\"https:\/\/www.pranan.com\/contacto\/#breadcrumb\"},\"inLanguage\":\"fr-FR\",\"potentialAction\":[{\"@type\":\"ReadAction\",\"target\":[\"https:\/\/www.pranan.com\/contacto\/\"]}]},{\"@type\":\"ImageObject\",\"inLanguage\":\"fr-FR\",\"@id\":\"https:\/\/www.pranan.com\/contacto\/#primaryimage\",\"url\":\"https:\/\/www.pranan.com\/wp-content\/uploads\/2016\/09\/hero_inner_page.jpg\",\"contentUrl\":\"https:\/\/www.pranan.com\/wp-content\/uploads\/2016\/09\/hero_inner_page.jpg\",\"width\":1280,\"height\":640},{\"@type\":\"BreadcrumbList\",\"@id\":\"https:\/\/www.pranan.com\/contacto\/#breadcrumb\",\"itemListElement\":[{\"@type\":\"ListItem\",\"position\":1,\"name\":\"Portada\",\"item\":\"https:\/\/www.pranan.com\/fr\/\"},{\"@type\":\"ListItem\",\"position\":2,\"name\":\"Contact\"}]},{\"@type\":\"WebSite\",\"@id\":\"https:\/\/www.pranan.com\/#website\",\"url\":\"https:\/\/www.pranan.com\/\",\"name\":\"Pranan\",\"description\":\"Researching Center\",\"potentialAction\":[{\"@type\":\"SearchAction\",\"target\":{\"@type\":\"EntryPoint\",\"urlTemplate\":\"https:\/\/www.pranan.com\/?s={search_term_string}\"},\"query-input\":{\"@type\":\"PropertyValueSpecification\",\"valueRequired\":true,\"valueName\":\"search_term_string\"}}],\"inLanguage\":\"fr-FR\"}]}<\/script>\n<!-- \/ Yoast SEO plugin. -->","yoast_head_json":{"title":"Contact - Pranan","robots":{"index":"index","follow":"follow","max-snippet":"max-snippet:-1","max-image-preview":"max-image-preview:large","max-video-preview":"max-video-preview:-1"},"canonical":"https:\/\/www.pranan.com\/contacto\/","og_locale":"fr_FR","og_type":"article","og_title":"Contact - Pranan","og_description":"Vous pouvez nous contacter pour toute question ou requ\u00eate concernant nos appareils. Si vous souhaitez \u00eatre distributeur Pranan, pr\u00e9sentez-nous votre activit\u00e9 en quelques lignes.","og_url":"https:\/\/www.pranan.com\/contacto\/","og_site_name":"Pranan","article_modified_time":"2022-11-17T17:59:08+00:00","og_image":[{"width":1280,"height":640,"url":"https:\/\/www.pranan.com\/wp-content\/uploads\/2016\/09\/hero_inner_page.jpg","type":"image\/jpeg"}],"twitter_card":"summary_large_image","twitter_misc":{"Dur\u00e9e de lecture estim\u00e9e":"3 minutes"},"schema":{"@context":"https:\/\/schema.org","@graph":[{"@type":"WebPage","@id":"https:\/\/www.pranan.com\/contacto\/","url":"https:\/\/www.pranan.com\/contacto\/","name":"Contact - Pranan","isPartOf":{"@id":"https:\/\/www.pranan.com\/#website"},"primaryImageOfPage":{"@id":"https:\/\/www.pranan.com\/contacto\/#primaryimage"},"image":{"@id":"https:\/\/www.pranan.com\/contacto\/#primaryimage"},"thumbnailUrl":"https:\/\/www.pranan.com\/wp-content\/uploads\/2016\/09\/hero_inner_page.jpg","datePublished":"2016-08-01T12:32:09+00:00","dateModified":"2022-11-17T17:59:08+00:00","breadcrumb":{"@id":"https:\/\/www.pranan.com\/contacto\/#breadcrumb"},"inLanguage":"fr-FR","potentialAction":[{"@type":"ReadAction","target":["https:\/\/www.pranan.com\/contacto\/"]}]},{"@type":"ImageObject","inLanguage":"fr-FR","@id":"https:\/\/www.pranan.com\/contacto\/#primaryimage","url":"https:\/\/www.pranan.com\/wp-content\/uploads\/2016\/09\/hero_inner_page.jpg","contentUrl":"https:\/\/www.pranan.com\/wp-content\/uploads\/2016\/09\/hero_inner_page.jpg","width":1280,"height":640},{"@type":"BreadcrumbList","@id":"https:\/\/www.pranan.com\/contacto\/#breadcrumb","itemListElement":[{"@type":"ListItem","position":1,"name":"Portada","item":"https:\/\/www.pranan.com\/fr\/"},{"@type":"ListItem","position":2,"name":"Contact"}]},{"@type":"WebSite","@id":"https:\/\/www.pranan.com\/#website","url":"https:\/\/www.pranan.com\/","name":"Pranan","description":"Researching Center","potentialAction":[{"@type":"SearchAction","target":{"@type":"EntryPoint","urlTemplate":"https:\/\/www.pranan.com\/?s={search_term_string}"},"query-input":{"@type":"PropertyValueSpecification","valueRequired":true,"valueName":"search_term_string"}}],"inLanguage":"fr-FR"}]}},"_links":{"self":[{"href":"https:\/\/www.pranan.com\/fr\/wp-json\/wp\/v2\/pages\/5865","targetHints":{"allow":["GET"]}}],"collection":[{"href":"https:\/\/www.pranan.com\/fr\/wp-json\/wp\/v2\/pages"}],"about":[{"href":"https:\/\/www.pranan.com\/fr\/wp-json\/wp\/v2\/types\/page"}],"author":[{"embeddable":true,"href":"https:\/\/www.pranan.com\/fr\/wp-json\/wp\/v2\/users\/2"}],"replies":[{"embeddable":true,"href":"https:\/\/www.pranan.com\/fr\/wp-json\/wp\/v2\/comments?post=5865"}],"version-history":[{"count":1,"href":"https:\/\/www.pranan.com\/fr\/wp-json\/wp\/v2\/pages\/5865\/revisions"}],"predecessor-version":[{"id":5866,"href":"https:\/\/www.pranan.com\/fr\/wp-json\/wp\/v2\/pages\/5865\/revisions\/5866"}],"wp:featuredmedia":[{"embeddable":true,"href":"https:\/\/www.pranan.com\/fr\/wp-json\/wp\/v2\/media\/3507"}],"wp:attachment":[{"href":"https:\/\/www.pranan.com\/fr\/wp-json\/wp\/v2\/media?parent=5865"}],"curies":[{"name":"wp","href":"https:\/\/api.w.org\/{rel}","templated":true}]}}