{"id":5841,"date":"2016-10-26T07:02:20","date_gmt":"2016-10-26T05:02:20","guid":{"rendered":"https:\/\/www.pranan.com\/guide-pranan\/"},"modified":"2026-04-17T09:54:50","modified_gmt":"2026-04-17T07:54:50","slug":"guide-pranan","status":"publish","type":"page","link":"https:\/\/www.pranan.com\/fr\/guide-pranan\/","title":{"rendered":"Guide Pranan"},"content":{"rendered":"<section id=\"bt_section69e9d99821464\"  class=\"boldSection bottomSemiSpaced gutter boxed inherit\" ><div class=\"port\"><div class=\"boldCell\"><div class=\"boldCellInner\"><div class=\"boldRow \" ><div class=\"boldRowInner\"><div class=\"rowItem col-md-6 col-sm-12 btTextLeft\"  data-width=\"6\"><div class=\"rowItemContent\" ><header class=\"header btClear large btDash bottomDash  regular\" ><div class=\"btSuperTitle\"><span>PROTECTION<\/span><\/div><div class=\"dash\"><h2><span class=\"headline\">Technologie de pr\u00e9cision pour le rayonnement \u00e9lectromagn\u00e9tique<\/span><\/h2><\/div><div class=\"btSubTitle\">Cela fait plusieurs ann\u00e9es d\u00e9j\u00e0 que Pranan Technologies. Recherche et d\u00e9veloppe une technologie pour la protection du rayonnement \u00e9lectromagn\u00e9tique. Notre objectif n\u2019est autre qu\u2019am\u00e9liorer la qualit\u00e9 de vie et le bien-\u00eatre d\u2019une soci\u00e9t\u00e9 de plus en plus touch\u00e9e par la pollution \u00e9lectromagn\u00e9tique.<\/div><\/header><div class=\"btClear btSeparator bottomSmallSpaced noBorder\" ><hr><\/div><div class=\"btText\" ><p>\u00c0 cette fin, nous collaborons activement avec des <a href=\"https:\/\/www.pranan.com\/fr\/organisations-partenaires\/\">universit\u00e9s, des centres technologiques et <\/a><a href=\"https:\/\/www.pranan.com\/fr\/temoignages-de-scientifiques\/\">des scientifiques <\/a>de grand prestige international. Notre soif de recherche nous a permis de remporter le label d\u2019entreprise innovante, d\u00e9cern\u00e9 en 2015 par le minist\u00e8re des Sciences et de l\u2019Innovation du Gouvernement espagnol ainsi le Brevet international intitul\u00e9 \u00ab Protecteur des rayonnements \u00e9lectromagn\u00e9tiques \u00bb n\u00ba CC P : ES 2401873 A1.<\/p>\n<p><a href=\"https:\/\/www.pranan.com\/fr\/technologie-pranan\/quest-ce-qui-rend-la-technologie-pranan-unique\/\">Notre technologie<\/a> se caract\u00e9rise par une efficacit\u00e9 v\u00e9rifi\u00e9e et \u00e9valu\u00e9e par des <a href=\"https:\/\/www.pranan.com\/fr\/essais-cliniques\/\">essais cliniques<\/a> r\u00e9alis\u00e9s dans des organismes agr\u00e9\u00e9s \u00e0 l\u2019\u00e9chelle internationale. Et leurs r\u00e9sultats ont \u00e9t\u00e9 publi\u00e9s dans des revues scientifiques (apr\u00e8s \u00e9valuation par des doubles pairs).<\/p>\n<\/div><div class=\"btClear btSeparator bottomSmallSpaced noBorder\" ><hr><\/div><\/div><\/div><div class=\"rowItem col-md-6 col-sm-12 btTextLeft\"  data-width=\"6\"><div class=\"rowItemContent\" ><div class=\"bpgPhoto btDefaultHoverType\" ><div class = \"btImage\"><img decoding=\"async\" src=\"https:\/\/www.pranan.com\/wp-content\/uploads\/2022\/08\/Sobre-nosotros-2-.jpg\" alt=\"\" title=\"\"><\/div><\/div><div class=\"btClear btSeparator topSmallSpaced bottomSmallSpaced noBorder\" ><hr><\/div><div class=\"btText\" ><p>Aujourd\u2019hui, les dispositifs Pranan sont les seuls \u00e0 \u00eatre <a href=\"https:\/\/www.pranan.com\/fr\/certificats-brevet\/\">homologu\u00e9s selon les directives europ\u00e9ennes<\/a> 2001\/95\/CE et 1999\/5\/CE, ce qui garantit qu\u2019ils <strong>r<\/strong>espectent toutes les exigences en mati\u00e8re de s\u00e9curit\u00e9 et de sant\u00e9 pour \u00eatre commercialis\u00e9s.<\/p>\n<p>Pranan Technologies est certifi\u00e9 ISO 9001:2015. Le syst\u00e8me est audit\u00e9 et certifi\u00e9 par T\u00fcv Rheinland.<\/p>\n<p>Pour \u00e9viter les falsifications, <a href=\"https:\/\/www.pranan.com\/fr\/a-propos-de-nous\/\">Pranan Technologies<\/a> a d\u00e9velopp\u00e9 NEFERTITYS (<a href=\"https:\/\/www.pranan.com\/fr\/nefertitys\/\">Near Field Authentication System<\/a>), un innovant syst\u00e8me antipiratage qui garantit l\u2019authenticit\u00e9 de nos dispositifs. Ce syst\u00e8me permet \u00e0 l\u2019utilisateur de v\u00e9rifier, avec son portable, que le dispositif qu\u2019il a acquis est d\u2019origine.<\/p>\n<p>Si vous voulez savoir avec quels mat\u00e9riaux les appareils Pranan ont \u00e9t\u00e9 fabriqu\u00e9s et comment ils fonctionnent, vous pouvez trouver plus d&rsquo;informations dans la section <a href=\"https:\/\/www.pranan.com\/tecnologia-pranan\/\">Technologie Pranan<\/a> ou \u00e9galement \u00e0 travers ce <a href=\"https:\/\/www.pranan.com\/wp-content\/uploads\/2024\/06\/NOTES-SUR-LE-FONCTIONNEMENT-DES-DISPOSITIFS-PRANAN-1.pdf\">document<\/a> qui tente de r\u00e9pondre aux pr\u00e9occupations et aux doutes des personnes qui nous contactent.<\/p>\n<\/div><div class=\"btClear btSeparator bottomSmallSpaced noBorder\" ><hr><\/div><\/div><\/div><\/div><\/div><div class=\"boldRow \" ><div class=\"boldRowInner\"><div class=\"rowItem col-md-12 col-ms-12  btTextLeft\"  data-width=\"12\"><div class=\"rowItemContent\" ><div class=\"btClear btSeparator topSmallSpaced bottomSmallSpaced border\" ><hr><\/div><div class=\"btClear btSeparator bottomSmallSpaced noBorder\" ><hr><\/div><\/div><\/div><\/div><\/div><div class=\"boldRow \" ><div class=\"boldRowInner\"><div class=\"rowItem col-md-6 col-sm-12 btTextLeft animate animate-fadein inherit\"  data-width=\"6\"><div class=\"rowItemContent\" ><div class=\"bpgPhoto btDefaultHoverType\" ><div class = \"btImage\"><img decoding=\"async\" src=\"https:\/\/www.pranan.com\/wp-content\/uploads\/2022\/08\/guia-pranan.jpg\" alt=\"\" title=\"\"><\/div><\/div><div class=\"btClear btSeparator bottomSmallSpaced noBorder\" ><hr><\/div><\/div><\/div><div class=\"rowItem col-md-6 col-sm-12 btTextLeft animate animate-fadein inherit\"  data-width=\"6\"><div class=\"rowItemContent\" ><div class=\"bpgPhoto btDefaultHoverType\" ><div class = \"btImage\"><img decoding=\"async\" src=\"https:\/\/www.pranan.com\/wp-content\/uploads\/2022\/10\/bodegon-1.jpg\" alt=\"\" title=\"\"><\/div><\/div><div class=\"btClear btSeparator bottomSmallSpaced noBorder\" ><hr><\/div><\/div><\/div><\/div><\/div><div class=\"boldRow \" ><div class=\"boldRowInner\"><div class=\"rowItem col-md-12 col-ms-12  btTextLeft\"  data-width=\"12\"><div class=\"rowItemContent\" ><div class=\"btClear btSeparator topSmallSpaced bottomSmallSpaced border\" ><hr><\/div><div class=\"btClear btSeparator bottomSmallSpaced noBorder\" ><hr><\/div><\/div><\/div><\/div><\/div><div class=\"boldRow \" ><div class=\"boldRowInner\"><div class=\"rowItem col-md-6 col-sm-12 btTextLeft\"  data-width=\"6\"><div class=\"rowItemContent\" ><header class=\"header btClear large btDash bottomDash  regular\" ><div class=\"btSuperTitle\"><span>ENVIRONNEMENT<\/span><\/div><div class=\"dash\"><h2><span class=\"headline\">Durabilit\u00e9<\/span><\/h2><\/div><\/header><div class=\"btClear btSeparator bottomSmallSpaced noBorder\" ><hr><\/div><div class=\"btText\" ><p>Nos dispositifs sont fabriqu\u00e9s avec la technologie laser et d\u2019impression sur circuits de nanoparticules min\u00e9rales et m\u00e9talliques. C\u2019est ainsi que nous atteignons une excellente efficience \u00e9nerg\u00e9tique. Ils sont en outre respectueux de l\u2019environnement, car ils ne consomment pas d\u2019\u00e9nergie \u00e9lectrique, ne polluent pas et ont une dur\u00e9e illimit\u00e9e.<\/p>\n<p>Nous esp\u00e9rons contribuer au bien-\u00eatre des personnes et nous nous engageons \u00e0 continuer \u00e0 travailler, \u00e0 rechercher et \u00e0 d\u00e9velopper des technologies qui nous permettent de commercialiser des dispositifs qui am\u00e9liorent la qualit\u00e9 de vie de notre soci\u00e9t\u00e9.<\/p>\n<\/div><div class=\"btClear btSeparator bottomSmallSpaced noBorder\" ><hr><\/div><\/div><\/div><div class=\"rowItem col-md-6 col-sm-12 btTextLeft\"  data-width=\"6\"><div class=\"rowItemContent\" ><header class=\"header btClear large btDash bottomDash  regular\" ><div class=\"btSuperTitle\"><span>\u00c9L\u00c9MENTS INFORMATIFS<\/span><\/div><\/header><div class=\"btClear btSeparator bottomSmallSpaced noBorder\" ><hr><\/div><div class=\"btText\" ><p>Ci-apr\u00e8s, vous pouvez acc\u00e9der \u00e0 notre dossier, aux brochures et aux vid\u00e9os promotionnelles de nos dispositifs.<\/p>\n<\/div><div class=\"btClear btSeparator bottomSmallSpaced noBorder\" ><hr><\/div><a href=\"\/wp-content\/uploads\/2026\/04\/pranan_diamond_FR_01.pdf\" class=\"btBtn btBtn btnFilledStyle btnAccentColor btnSmall btnFullWidth btnRightPosition btnIco\"  target=\"_blank\"><span class=\"btnInnerText\">Brochure dispositifs de protection<\/span><span class=\"btIco \"><span  data-ico-fa=\"&#xf1c1;\" class=\"btIcoHolder\"><\/span><\/span><\/a><div class=\"btClear btSeparator bottomExtraSmallSpaced noBorder\" ><hr><\/div><a href=\"\/wp-content\/uploads\/2024\/06\/jewel_diamond.pdf\" class=\"btBtn btBtn btnFilledStyle btnAccentColor btnSmall btnFullWidth btnRightPosition btnIco\"  target=\"_blank\"><span class=\"btnInnerText\">Brochure Phiwaves JEWEL diamond<\/span><span class=\"btIco \"><span  data-ico-fa=\"&#xf1c1;\" class=\"btIcoHolder\"><\/span><\/span><\/a><div class=\"btClear btSeparator bottomExtraSmallSpaced noBorder\" ><hr><\/div><a href=\"#\" class=\"btBtn btBtn btnFilledStyle btnAccentColor btnSmall btnFullWidth dossier-dispositivos-pranan btnRightPosition btnIco\" ><span class=\"btnInnerText\">Dossiers dispositifs Pranan<\/span><span class=\"btIco \"><span  data-ico-fa=\"&#xf1c1;\" class=\"btIcoHolder\"><\/span><\/span><\/a><div class=\"btClear btSeparator bottomExtraSmallSpaced noBorder\" ><hr><\/div><a href=\"https:\/\/www.youtube.com\/watch?v=RfzVvnzqd4A\" class=\"btBtn btBtn btnOutlineStyle btnNormalColor btnSmall btnFullWidth btnRightPosition btnIco\"  target=\"_blank\"><span class=\"btnInnerText\">Vid\u00e9o Phiwaves 5G<\/span><span class=\"btIco \"><span  data-ico-fa=\"&#xf16a;\" class=\"btIcoHolder\"><\/span><\/span><\/a><div class=\"btClear btSeparator bottomExtraSmallSpaced noBorder\" ><hr><\/div><a href=\"https:\/\/www.youtube.com\/watch?v=5aXjkAKY1lc\" class=\"btBtn btBtn btnOutlineStyle btnNormalColor btnSmall btnFullWidth btnRightPosition btnIco\"  target=\"_blank\"><span class=\"btnInnerText\">Vid\u00e9o Phione 5G<\/span><span class=\"btIco \"><span  data-ico-fa=\"&#xf16a;\" class=\"btIcoHolder\"><\/span><\/span><\/a><div class=\"btClear btSeparator bottomExtraSmallSpaced noBorder\" ><hr><\/div><a href=\"https:\/\/www.youtube.com\/watch?v=Ta3DzkThviI&amp;t=2s\" class=\"btBtn btBtn btnOutlineStyle btnNormalColor btnSmall btnFullWidth btnRightPosition btnIco\"  target=\"_blank\"><span class=\"btnInnerText\">Vid\u00e9o Biospace 5G<\/span><span class=\"btIco \"><span  data-ico-fa=\"&#xf16a;\" class=\"btIcoHolder\"><\/span><\/span><\/a><div class=\"btClear btSeparator bottomExtraSmallSpaced noBorder\" ><hr><\/div><a href=\"https:\/\/www.youtube.com\/watch?v=abvXdWFtO8o\" class=\"btBtn btBtn btnOutlineStyle btnNormalColor btnSmall btnFullWidth btnRightPosition btnIco\"  target=\"_blank\"><span class=\"btnInnerText\">Vid\u00e9o Phiwaves 5G Bojou<\/span><span class=\"btIco \"><span  data-ico-fa=\"&#xf16a;\" class=\"btIcoHolder\"><\/span><\/span><\/a><div class=\"btClear btSeparator bottomSmallSpaced noBorder\" ><hr><\/div><\/div><\/div><\/div><\/div><div class=\"boldRow \" ><div class=\"boldRowInner\"><div class=\"rowItem col-md-6 col-sm-12 btTextLeft\"  data-width=\"6\"><div class=\"rowItemContent\" ><div class=\"btClear btSeparator topSmallSpaced bottomSmallSpaced noBorder\" ><hr><\/div><div class=\"btText\" ><p>Ces vid\u00e9os datent d\u2019il y a quelques ann\u00e9es, mais elles permettent de voir l\u2019\u00e9volution de notre technologie et de nos dispositifs.<\/p>\n<\/div><div class=\"btClear btSeparator bottomSmallSpaced noBorder\" ><hr><\/div><\/div><\/div><div class=\"rowItem col-md-6 col-sm-12 btTextLeft\"  data-width=\"6\"><div class=\"rowItemContent\" ><div class=\"btClear btSeparator topSmallSpaced bottomSmallSpaced noBorder\" ><hr><\/div><a href=\"https:\/\/www.youtube.com\/watch?v=u64XiiuNo2M&amp;t=136s\" class=\"btBtn btBtn btnOutlineStyle btnNormalColor btnSmall btnFullWidth btnRightPosition btnIco\"  target=\"_blank\"><span class=\"btnInnerText\">Vid\u00e9o Pollution invisible<\/span><span class=\"btIco \"><span  data-ico-fa=\"&#xf16a;\" class=\"btIcoHolder\"><\/span><\/span><\/a><div class=\"btClear btSeparator bottomExtraSmallSpaced noBorder\" ><hr><\/div><a href=\"https:\/\/www.youtube.com\/watch?v=_lPPutNTbpc\" class=\"btBtn btBtn btnOutlineStyle btnNormalColor btnSmall btnFullWidth btnRightPosition btnIco\"  target=\"_blank\"><span class=\"btnInnerText\">Vid\u00e9o Biospace<\/span><span class=\"btIco \"><span  data-ico-fa=\"&#xf16a;\" class=\"btIcoHolder\"><\/span><\/span><\/a><div class=\"btClear btSeparator bottomSmallSpaced noBorder\" ><hr><\/div><\/div><\/div><\/div><\/div><\/div><\/div><\/div><\/section>\n","protected":false},"excerpt":{"rendered":"<p>Ici, nous vous offrons un aper\u00e7u g\u00e9n\u00e9ral de la technologie et des dispositifs Pranan. Il vous suffit de cliquer sur les liens pour obtenir plus d\u2019informations.<\/p>\n","protected":false},"author":1,"featured_media":3507,"parent":0,"menu_order":0,"comment_status":"closed","ping_status":"closed","template":"","meta":{"footnotes":""},"class_list":["post-5841","page","type-page","status-publish","has-post-thumbnail","hentry"],"yoast_head":"<!-- This site is optimized with the Yoast SEO plugin v24.9 - https:\/\/yoast.com\/wordpress\/plugins\/seo\/ -->\n<title>Guide Pranan - Pranan<\/title>\n<meta name=\"robots\" content=\"index, follow, max-snippet:-1, max-image-preview:large, max-video-preview:-1\" \/>\n<link rel=\"canonical\" href=\"https:\/\/www.pranan.com\/fr\/guide-pranan\/\" \/>\n<meta property=\"og:locale\" content=\"fr_FR\" \/>\n<meta property=\"og:type\" content=\"article\" \/>\n<meta property=\"og:title\" content=\"Guide Pranan - Pranan\" \/>\n<meta property=\"og:description\" content=\"Ici, nous vous offrons un aper\u00e7u g\u00e9n\u00e9ral de la technologie et des dispositifs Pranan. Il vous suffit de cliquer sur les liens pour obtenir plus d\u2019informations.\" \/>\n<meta property=\"og:url\" content=\"https:\/\/www.pranan.com\/fr\/guide-pranan\/\" \/>\n<meta property=\"og:site_name\" content=\"Pranan\" \/>\n<meta property=\"article:modified_time\" content=\"2026-04-17T07:54:50+00:00\" \/>\n<meta property=\"og:image\" content=\"https:\/\/www.pranan.com\/wp-content\/uploads\/2016\/09\/hero_inner_page.jpg\" \/>\n\t<meta property=\"og:image:width\" content=\"1280\" \/>\n\t<meta property=\"og:image:height\" content=\"640\" \/>\n\t<meta property=\"og:image:type\" content=\"image\/jpeg\" \/>\n<meta name=\"twitter:card\" content=\"summary_large_image\" \/>\n<meta name=\"twitter:label1\" content=\"Dur\u00e9e de lecture estim\u00e9e\" \/>\n\t<meta name=\"twitter:data1\" content=\"4 minutes\" \/>\n<script type=\"application\/ld+json\" class=\"yoast-schema-graph\">{\"@context\":\"https:\/\/schema.org\",\"@graph\":[{\"@type\":\"WebPage\",\"@id\":\"https:\/\/www.pranan.com\/fr\/guide-pranan\/\",\"url\":\"https:\/\/www.pranan.com\/fr\/guide-pranan\/\",\"name\":\"Guide Pranan - Pranan\",\"isPartOf\":{\"@id\":\"https:\/\/www.pranan.com\/#website\"},\"primaryImageOfPage\":{\"@id\":\"https:\/\/www.pranan.com\/fr\/guide-pranan\/#primaryimage\"},\"image\":{\"@id\":\"https:\/\/www.pranan.com\/fr\/guide-pranan\/#primaryimage\"},\"thumbnailUrl\":\"https:\/\/www.pranan.com\/wp-content\/uploads\/2016\/09\/hero_inner_page.jpg\",\"datePublished\":\"2016-10-26T05:02:20+00:00\",\"dateModified\":\"2026-04-17T07:54:50+00:00\",\"breadcrumb\":{\"@id\":\"https:\/\/www.pranan.com\/fr\/guide-pranan\/#breadcrumb\"},\"inLanguage\":\"fr-FR\",\"potentialAction\":[{\"@type\":\"ReadAction\",\"target\":[\"https:\/\/www.pranan.com\/fr\/guide-pranan\/\"]}]},{\"@type\":\"ImageObject\",\"inLanguage\":\"fr-FR\",\"@id\":\"https:\/\/www.pranan.com\/fr\/guide-pranan\/#primaryimage\",\"url\":\"https:\/\/www.pranan.com\/wp-content\/uploads\/2016\/09\/hero_inner_page.jpg\",\"contentUrl\":\"https:\/\/www.pranan.com\/wp-content\/uploads\/2016\/09\/hero_inner_page.jpg\",\"width\":1280,\"height\":640},{\"@type\":\"BreadcrumbList\",\"@id\":\"https:\/\/www.pranan.com\/fr\/guide-pranan\/#breadcrumb\",\"itemListElement\":[{\"@type\":\"ListItem\",\"position\":1,\"name\":\"Portada\",\"item\":\"https:\/\/www.pranan.com\/fr\/\"},{\"@type\":\"ListItem\",\"position\":2,\"name\":\"Guide Pranan\"}]},{\"@type\":\"WebSite\",\"@id\":\"https:\/\/www.pranan.com\/#website\",\"url\":\"https:\/\/www.pranan.com\/\",\"name\":\"Pranan\",\"description\":\"Researching Center\",\"potentialAction\":[{\"@type\":\"SearchAction\",\"target\":{\"@type\":\"EntryPoint\",\"urlTemplate\":\"https:\/\/www.pranan.com\/?s={search_term_string}\"},\"query-input\":{\"@type\":\"PropertyValueSpecification\",\"valueRequired\":true,\"valueName\":\"search_term_string\"}}],\"inLanguage\":\"fr-FR\"}]}<\/script>\n<!-- \/ Yoast SEO plugin. -->","yoast_head_json":{"title":"Guide Pranan - Pranan","robots":{"index":"index","follow":"follow","max-snippet":"max-snippet:-1","max-image-preview":"max-image-preview:large","max-video-preview":"max-video-preview:-1"},"canonical":"https:\/\/www.pranan.com\/fr\/guide-pranan\/","og_locale":"fr_FR","og_type":"article","og_title":"Guide Pranan - Pranan","og_description":"Ici, nous vous offrons un aper\u00e7u g\u00e9n\u00e9ral de la technologie et des dispositifs Pranan. Il vous suffit de cliquer sur les liens pour obtenir plus d\u2019informations.","og_url":"https:\/\/www.pranan.com\/fr\/guide-pranan\/","og_site_name":"Pranan","article_modified_time":"2026-04-17T07:54:50+00:00","og_image":[{"width":1280,"height":640,"url":"https:\/\/www.pranan.com\/wp-content\/uploads\/2016\/09\/hero_inner_page.jpg","type":"image\/jpeg"}],"twitter_card":"summary_large_image","twitter_misc":{"Dur\u00e9e de lecture estim\u00e9e":"4 minutes"},"schema":{"@context":"https:\/\/schema.org","@graph":[{"@type":"WebPage","@id":"https:\/\/www.pranan.com\/fr\/guide-pranan\/","url":"https:\/\/www.pranan.com\/fr\/guide-pranan\/","name":"Guide Pranan - Pranan","isPartOf":{"@id":"https:\/\/www.pranan.com\/#website"},"primaryImageOfPage":{"@id":"https:\/\/www.pranan.com\/fr\/guide-pranan\/#primaryimage"},"image":{"@id":"https:\/\/www.pranan.com\/fr\/guide-pranan\/#primaryimage"},"thumbnailUrl":"https:\/\/www.pranan.com\/wp-content\/uploads\/2016\/09\/hero_inner_page.jpg","datePublished":"2016-10-26T05:02:20+00:00","dateModified":"2026-04-17T07:54:50+00:00","breadcrumb":{"@id":"https:\/\/www.pranan.com\/fr\/guide-pranan\/#breadcrumb"},"inLanguage":"fr-FR","potentialAction":[{"@type":"ReadAction","target":["https:\/\/www.pranan.com\/fr\/guide-pranan\/"]}]},{"@type":"ImageObject","inLanguage":"fr-FR","@id":"https:\/\/www.pranan.com\/fr\/guide-pranan\/#primaryimage","url":"https:\/\/www.pranan.com\/wp-content\/uploads\/2016\/09\/hero_inner_page.jpg","contentUrl":"https:\/\/www.pranan.com\/wp-content\/uploads\/2016\/09\/hero_inner_page.jpg","width":1280,"height":640},{"@type":"BreadcrumbList","@id":"https:\/\/www.pranan.com\/fr\/guide-pranan\/#breadcrumb","itemListElement":[{"@type":"ListItem","position":1,"name":"Portada","item":"https:\/\/www.pranan.com\/fr\/"},{"@type":"ListItem","position":2,"name":"Guide Pranan"}]},{"@type":"WebSite","@id":"https:\/\/www.pranan.com\/#website","url":"https:\/\/www.pranan.com\/","name":"Pranan","description":"Researching Center","potentialAction":[{"@type":"SearchAction","target":{"@type":"EntryPoint","urlTemplate":"https:\/\/www.pranan.com\/?s={search_term_string}"},"query-input":{"@type":"PropertyValueSpecification","valueRequired":true,"valueName":"search_term_string"}}],"inLanguage":"fr-FR"}]}},"_links":{"self":[{"href":"https:\/\/www.pranan.com\/fr\/wp-json\/wp\/v2\/pages\/5841","targetHints":{"allow":["GET"]}}],"collection":[{"href":"https:\/\/www.pranan.com\/fr\/wp-json\/wp\/v2\/pages"}],"about":[{"href":"https:\/\/www.pranan.com\/fr\/wp-json\/wp\/v2\/types\/page"}],"author":[{"embeddable":true,"href":"https:\/\/www.pranan.com\/fr\/wp-json\/wp\/v2\/users\/1"}],"replies":[{"embeddable":true,"href":"https:\/\/www.pranan.com\/fr\/wp-json\/wp\/v2\/comments?post=5841"}],"version-history":[{"count":15,"href":"https:\/\/www.pranan.com\/fr\/wp-json\/wp\/v2\/pages\/5841\/revisions"}],"predecessor-version":[{"id":10245,"href":"https:\/\/www.pranan.com\/fr\/wp-json\/wp\/v2\/pages\/5841\/revisions\/10245"}],"wp:featuredmedia":[{"embeddable":true,"href":"https:\/\/www.pranan.com\/fr\/wp-json\/wp\/v2\/media\/3507"}],"wp:attachment":[{"href":"https:\/\/www.pranan.com\/fr\/wp-json\/wp\/v2\/media?parent=5841"}],"curies":[{"name":"wp","href":"https:\/\/api.w.org\/{rel}","templated":true}]}}