{"id":5986,"date":"2022-07-28T15:47:37","date_gmt":"2022-07-28T13:47:37","guid":{"rendered":"https:\/\/www.pranan.com\/who-we-are\/proven-efficiency\/"},"modified":"2023-05-16T01:06:16","modified_gmt":"2023-05-15T23:06:16","slug":"proven-efficiency","status":"publish","type":"page","link":"https:\/\/www.pranan.com\/en\/who-we-are\/proven-efficiency\/","title":{"rendered":"Proven efficiency"},"content":{"rendered":"<section id=\"bt_section69f47dfc04c37\"  class=\"boldSection topSemiSpaced btAlternateColorBackground gutter boxed inherit\" style=\"background-color:#f2f1ed  !important;\"><div class=\"port\"><div class=\"boldCell\"><div class=\"boldCellInner\"><div class=\"boldRow \" ><div class=\"boldRowInner\"><div class=\"rowItem col-md-6 col-sm-12 btTextLeft inherit\"  data-width=\"6\"><div class=\"rowItemContent\" ><header class=\"header btClear medium btDash bottomDash  regular\" ><div class=\"btSuperTitle\"><span>STUDY<\/span><\/div><div class=\"dash\"><h3><span class=\"headline\">Biochemical<\/span><\/h3><\/div><\/header><div class=\"btClear btSeparator bottomSmallSpaced noBorder\" ><hr><\/div><div class=\"btText\" ><p style=\"text-align: justify;\">Hereunder, we highlight two of the eleven indicators analysed in the <strong>Biochemical Study<\/strong> carried out at the <strong>University of Granada Centre for Biochemical Research<\/strong> and affected by electromagnetic pollution. The red graph marks the levels of oxidative stress in a person subjected to electromagnetic pollution without Pranan protectors, while the blue graph shows the same person after 30 days\u2019 protection with Pranan devices.<\/p>\n<\/div><div class=\"btClear btSeparator bottomSmallSpaced noBorder\" ><hr><\/div><\/div><\/div><div class=\"rowItem col-md-6 col-sm-12 btTextLeft animate animate-fadein btBottomVertical\"  data-width=\"6\"><div class=\"rowItemContent\" ><div class=\"btClear btSeparator bottomSmallSpaced noBorder\" ><hr><\/div><div class=\"bpgPhoto btDefaultHoverType\" ><div class = \"btImage\"><img decoding=\"async\" src=\"https:\/\/www.pranan.com\/wp-content\/uploads\/2022\/07\/estudio-bioquimico.jpg\" alt=\"\" title=\"\"><\/div><\/div><div class=\"btClear btSeparator bottomSmallSpaced noBorder\" ><hr><\/div><\/div><\/div><\/div><\/div><div class=\"boldRow \" ><div class=\"boldRowInner\"><div class=\"rowItem col-md-12 col-ms-12  btTextLeft inherit\"  data-width=\"12\"><div class=\"rowItemContent\" ><a href=\"#\" class=\"btBtn btBtn btnFilledStyle btnAccentColor btnBig btnFullWidth biochemical-essay btnRightPosition btnIco\" ><span class=\"btnInnerText\">PDF Biochemical Study<\/span><span class=\"btIco \"><span  data-ico-fa=\"&#xf1c1;\" class=\"btIcoHolder\"><\/span><\/span><\/a><div class=\"btClear btSeparator bottomSmallSpaced noBorder\" ><hr><\/div><\/div><\/div><\/div><\/div><\/div><\/div><\/div><\/section><section id=\"bt_section69f47dfc06e29\"  class=\"boldSection topSemiSpaced btAlternateColorBackground gutter boxed inherit\" style=\"background-color:#f2f1ed  !important;\"><div class=\"port\"><div class=\"boldCell\"><div class=\"boldCellInner\"><div class=\"boldRow \" ><div class=\"boldRowInner\"><div class=\"rowItem col-md-6 col-sm-12 btTextLeft inherit\"  data-width=\"6\"><div class=\"rowItemContent\" ><header class=\"header btClear medium btDash bottomDash  regular\" ><div class=\"btSuperTitle\"><span>STUDY <\/span><\/div><div class=\"dash\"><h3><span class=\"headline\">Bioelectric<\/span><\/h3><\/div><\/header><div class=\"btClear btSeparator bottomSmallSpaced noBorder\" ><hr><\/div><div class=\"btText\" ><p style=\"text-align: justify;\">The illustration below is taken from the <strong>BIOELECTRIC STUDY<\/strong> performed at the <strong>Complutense University of Madrid School of Medicine<\/strong>, which concludes that the effect of this technology is of such magnitude, neurofunctional coherence and significant difference to the vast majority of areas of the brain that its effectiveness as a means of modifying certain cerebral oscillations due to electromagnetic fields is clearly justified.<\/p>\n<p style=\"text-align: justify;\">Horizontal coronal and mid-sagittal views showing significant differences.<\/p>\n<\/div><div class=\"btClear btSeparator bottomSmallSpaced noBorder\" ><hr><\/div><\/div><\/div><div class=\"rowItem col-md-6 col-sm-12 btTextLeft animate animate-fadein btBottomVertical\"  data-width=\"6\"><div class=\"rowItemContent\" ><div class=\"btClear btSeparator bottomSmallSpaced noBorder\" ><hr><\/div><div class=\"bpgPhoto btDefaultHoverType\" ><div class = \"btImage\"><img decoding=\"async\" src=\"https:\/\/www.pranan.com\/wp-content\/uploads\/2022\/07\/estudio-bioelectrico.jpg\" alt=\"\" title=\"\"><\/div><\/div><div class=\"btClear btSeparator bottomSmallSpaced noBorder\" ><hr><\/div><\/div><\/div><\/div><\/div><div class=\"boldRow \" ><div class=\"boldRowInner\"><div class=\"rowItem col-md-12 col-ms-12  btTextLeft inherit\"  data-width=\"12\"><div class=\"rowItemContent\" ><a href=\"#\" class=\"btBtn btBtn btnFilledStyle btnAccentColor btnBig btnFullWidth bioelectric-study btnRightPosition btnIco\" ><span class=\"btnInnerText\">PDF Bioelectric Study<\/span><span class=\"btIco \"><span  data-ico-fa=\"&#xf1c1;\" class=\"btIcoHolder\"><\/span><\/span><\/a><div class=\"btClear btSeparator bottomSmallSpaced noBorder\" ><hr><\/div><\/div><\/div><\/div><\/div><\/div><\/div><\/div><\/section><section id=\"bt_section69f47dfc08d78\"  class=\"boldSection topSemiSpaced btAlternateColorBackground gutter boxed inherit\" style=\"background-color:#f2f1ed  !important;\"><div class=\"port\"><div class=\"boldCell\"><div class=\"boldCellInner\"><div class=\"boldRow \" ><div class=\"boldRowInner\"><div class=\"rowItem col-md-6 col-sm-12 btTextLeft inherit\"  data-width=\"6\"><div class=\"rowItemContent\" ><header class=\"header btClear medium btDash bottomDash  regular\" ><div class=\"btSuperTitle\"><span>STUDY<\/span><\/div><div class=\"dash\"><h3><span class=\"headline\">Bioelectrographic<\/span><\/h3><\/div><\/header><div class=\"btClear btSeparator bottomSmallSpaced noBorder\" ><hr><\/div><div class=\"btText\" ><p style=\"text-align: justify;\">The <strong>BIOELECTROGRAPHIC STUDY<\/strong> performed with Dr K. Korotkov\u2019s GDV-EPC bioelectrography, a technology developed at the State University of Saint Petersburg (Russia), concludes that when using mobile telephones, terminals with Pranan technology protect the human energy field and meridian system and go beyond protection to actually improving the person\u2019s energy balance.<\/p>\n<p style=\"text-align: justify;\">Figure 1 shows how a person\u2019s energy field is weakened when talking on a mobile phone without Qbit protectors (Pranan technology). Figure 2 illustrates how that same person\u2019s energy field is recovered when using a mobile phone with Qbit devices.<\/p>\n<\/div><div class=\"btClear btSeparator bottomSmallSpaced noBorder\" ><hr><\/div><\/div><\/div><div class=\"rowItem col-md-6 col-sm-12 btTextLeft animate animate-fadein btBottomVertical\"  data-width=\"6\"><div class=\"rowItemContent\" ><div class=\"btClear btSeparator bottomSmallSpaced noBorder\" ><hr><\/div><div class=\"bpgPhoto btDefaultHoverType\" ><div class = \"btImage\"><img decoding=\"async\" src=\"https:\/\/www.pranan.com\/wp-content\/uploads\/2022\/07\/estudio-bioelectrografico.jpg\" alt=\"\" title=\"\"><\/div><\/div><div class=\"btClear btSeparator bottomSmallSpaced noBorder\" ><hr><\/div><\/div><\/div><\/div><\/div><div class=\"boldRow \" ><div class=\"boldRowInner\"><div class=\"rowItem col-md-12 col-ms-12  btTextLeft inherit\"  data-width=\"12\"><div class=\"rowItemContent\" ><a href=\"#\" class=\"btBtn btBtn btnFilledStyle btnAccentColor btnBig btnFullWidth bioelectrographic-study btnRightPosition btnIco\" ><span class=\"btnInnerText\">PDF Bioelectrographic Study<\/span><span class=\"btIco \"><span  data-ico-fa=\"&#xf1c1;\" class=\"btIcoHolder\"><\/span><\/span><\/a><div class=\"btClear btSeparator bottomSmallSpaced noBorder\" ><hr><\/div><\/div><\/div><\/div><\/div><\/div><\/div><\/div><\/section><section id=\"bt_section69f47dfc0aa77\"  class=\"boldSection topSemiSpaced btAlternateColorBackground gutter boxed inherit\" style=\"background-color:#f2f1ed  !important;\"><div class=\"port\"><div class=\"boldCell\"><div class=\"boldCellInner\"><div class=\"boldRow \" ><div class=\"boldRowInner\"><div class=\"rowItem col-md-12 col-ms-12  btTextLeft inherit\"  data-width=\"12\"><div class=\"rowItemContent\" ><header class=\"header btClear medium btDash bottomDash  regular\" ><div class=\"btSuperTitle\"><span>ESSAY<\/span><\/div><div class=\"dash\"><h3><span class=\"headline\">Microscopy<\/span><\/h3><\/div><\/header><div class=\"btClear btSeparator bottomSmallSpaced noBorder\" ><hr><\/div><div class=\"btText\" ><p style=\"text-align: justify;\">La eficacia de la tecnolog\u00eda PRANAN ha sido testada con tecnolog\u00eda de Microscop\u00eda de Campo Oscuro. Este ensayo, evidencia unas importantes mejoras en todas las personas que est\u00e1n sometidas a la contaminaci\u00f3n electromagn\u00e9tica (5G, 4G, wifi, antenas de telefon\u00eda,\u2026) y utilizan los dispositivos Pranan. In all cases, an improvement was observed in the red blood cells, cell membrane, endocrine function and hormonal system. These were particularly significant when analysing the blood of persons who are sensitive to electromagnetic radiation.<\/p>\n<p style=\"text-align: justify;\">La imagen 1, es la muestra de sangre del sujeto A cuando est\u00e1 expuesto a la radiaci\u00f3n 5G y 4G SIN los dispositivos PRANAN. La imagen 2, es la muestra del mismo sujeto expuesto a la radiaci\u00f3n 5G y 4G, pero ahora CON los dispositivos PRANAN.<\/p>\n<\/div><div class=\"btClear btSeparator bottomSmallSpaced noBorder\" ><hr><\/div><\/div><\/div><\/div><\/div><div class=\"boldRow \" ><div class=\"boldRowInner\"><div class=\"rowItem col-md-6 col-sm-12 btTextLeft\"  data-width=\"6\"><div class=\"rowItemContent\" ><div class=\"bpgPhoto btDefaultHoverType btHasTitles\" ><div class = \"btImage\"><img decoding=\"async\" src=\"https:\/\/www.pranan.com\/wp-content\/uploads\/2022\/08\/Muestra1-SIN-dispositivos-pranan.jpg\" alt=\"\" title=\"SIN dispositivos Pranan\"><\/div><\/div><\/div><\/div><div class=\"rowItem col-md-6 col-sm-12 btTextLeft\"  data-width=\"6\"><div class=\"rowItemContent\" ><div class=\"bpgPhoto btDefaultHoverType btHasTitles\" ><div class = \"btImage\"><img decoding=\"async\" src=\"https:\/\/www.pranan.com\/wp-content\/uploads\/2022\/08\/Muestra2-CON-dispositivos-pranan.jpg\" alt=\"\" title=\"CON dispositivos Pranan\"><\/div><\/div><\/div><\/div><\/div><\/div><div class=\"boldRow \" ><div class=\"boldRowInner\"><div class=\"rowItem col-md-12 col-ms-12  btTextLeft inherit\"  data-width=\"12\"><div class=\"rowItemContent\" ><div class=\"btClear btSeparator topSmallSpaced bottomSmallSpaced noBorder\" ><hr><\/div><a href=\"#\" class=\"btBtn btBtn btnFilledStyle btnAccentColor btnBig btnFullWidth microscopy-trial btnRightPosition btnIco\" ><span class=\"btnInnerText\">PDF Microscopy Test<\/span><span class=\"btIco \"><span  data-ico-fa=\"&#xf1c1;\" class=\"btIcoHolder\"><\/span><\/span><\/a><div class=\"btClear btSeparator bottomSpaced noBorder\" ><hr><\/div><\/div><\/div><\/div><\/div><\/div><\/div><\/div><\/section>\n","protected":false},"excerpt":{"rendered":"<p>THE \u201cBEFORE AND AFTER\u201d In the graphs and illustrations, you can see the \u201cbefore\u201d and \u201cafter\u201d of using or not using Pranan technology when a person is subjected to electromagnetic radiation (e.g. talking on a mobile phone, Wi-Fi, &#8230;). To do so, we have chosen a number of graphs and illustrations from the research studies carried out by various Research Centres and Universities. This visual method helps the reader to understand the effect of these devices more clearly.<\/p>\n","protected":false},"author":1,"featured_media":3506,"parent":5796,"menu_order":0,"comment_status":"closed","ping_status":"closed","template":"","meta":{"footnotes":""},"class_list":["post-5986","page","type-page","status-publish","has-post-thumbnail","hentry"],"yoast_head":"<!-- This site is optimized with the Yoast SEO plugin v24.9 - https:\/\/yoast.com\/wordpress\/plugins\/seo\/ -->\n<title>Proven efficiency - Pranan<\/title>\n<meta name=\"robots\" content=\"index, follow, max-snippet:-1, max-image-preview:large, max-video-preview:-1\" \/>\n<link rel=\"canonical\" href=\"https:\/\/www.pranan.com\/sobre-nosotros\/eficacia-contrastada\/\" \/>\n<meta property=\"og:locale\" content=\"en_US\" \/>\n<meta property=\"og:type\" content=\"article\" \/>\n<meta property=\"og:title\" content=\"Proven efficiency - Pranan\" \/>\n<meta property=\"og:description\" content=\"THE \u201cBEFORE AND AFTER\u201d In the graphs and illustrations, you can see the \u201cbefore\u201d and \u201cafter\u201d of using or not using Pranan technology when a person is subjected to electromagnetic radiation (e.g. talking on a mobile phone, Wi-Fi, ...). To do so, we have chosen a number of graphs and illustrations from the research studies carried out by various Research Centres and Universities. This visual method helps the reader to understand the effect of these devices more clearly.\" \/>\n<meta property=\"og:url\" content=\"https:\/\/www.pranan.com\/sobre-nosotros\/eficacia-contrastada\/\" \/>\n<meta property=\"og:site_name\" content=\"Pranan\" \/>\n<meta property=\"article:modified_time\" content=\"2023-05-15T23:06:16+00:00\" \/>\n<meta property=\"og:image\" content=\"https:\/\/www.pranan.com\/wp-content\/uploads\/2016\/09\/hero_inner_page.jpg\" \/>\n\t<meta property=\"og:image:width\" content=\"1280\" \/>\n\t<meta property=\"og:image:height\" content=\"640\" \/>\n\t<meta property=\"og:image:type\" content=\"image\/jpeg\" \/>\n<meta name=\"twitter:card\" content=\"summary_large_image\" \/>\n<meta name=\"twitter:label1\" content=\"Est. reading time\" \/>\n\t<meta name=\"twitter:data1\" content=\"9 minutes\" \/>\n<script type=\"application\/ld+json\" class=\"yoast-schema-graph\">{\"@context\":\"https:\/\/schema.org\",\"@graph\":[{\"@type\":\"WebPage\",\"@id\":\"https:\/\/www.pranan.com\/sobre-nosotros\/eficacia-contrastada\/\",\"url\":\"https:\/\/www.pranan.com\/sobre-nosotros\/eficacia-contrastada\/\",\"name\":\"Proven efficiency - Pranan\",\"isPartOf\":{\"@id\":\"https:\/\/www.pranan.com\/#website\"},\"primaryImageOfPage\":{\"@id\":\"https:\/\/www.pranan.com\/sobre-nosotros\/eficacia-contrastada\/#primaryimage\"},\"image\":{\"@id\":\"https:\/\/www.pranan.com\/sobre-nosotros\/eficacia-contrastada\/#primaryimage\"},\"thumbnailUrl\":\"https:\/\/www.pranan.com\/wp-content\/uploads\/2016\/09\/hero_inner_page.jpg\",\"datePublished\":\"2022-07-28T13:47:37+00:00\",\"dateModified\":\"2023-05-15T23:06:16+00:00\",\"breadcrumb\":{\"@id\":\"https:\/\/www.pranan.com\/sobre-nosotros\/eficacia-contrastada\/#breadcrumb\"},\"inLanguage\":\"en-US\",\"potentialAction\":[{\"@type\":\"ReadAction\",\"target\":[\"https:\/\/www.pranan.com\/sobre-nosotros\/eficacia-contrastada\/\"]}]},{\"@type\":\"ImageObject\",\"inLanguage\":\"en-US\",\"@id\":\"https:\/\/www.pranan.com\/sobre-nosotros\/eficacia-contrastada\/#primaryimage\",\"url\":\"https:\/\/www.pranan.com\/wp-content\/uploads\/2016\/09\/hero_inner_page.jpg\",\"contentUrl\":\"https:\/\/www.pranan.com\/wp-content\/uploads\/2016\/09\/hero_inner_page.jpg\",\"width\":1280,\"height\":640},{\"@type\":\"BreadcrumbList\",\"@id\":\"https:\/\/www.pranan.com\/sobre-nosotros\/eficacia-contrastada\/#breadcrumb\",\"itemListElement\":[{\"@type\":\"ListItem\",\"position\":1,\"name\":\"Portada\",\"item\":\"https:\/\/www.pranan.com\/en\/\"},{\"@type\":\"ListItem\",\"position\":2,\"name\":\"About us\",\"item\":\"https:\/\/www.pranan.com\/sobre-nosotros\/\"},{\"@type\":\"ListItem\",\"position\":3,\"name\":\"Proven efficiency\"}]},{\"@type\":\"WebSite\",\"@id\":\"https:\/\/www.pranan.com\/#website\",\"url\":\"https:\/\/www.pranan.com\/\",\"name\":\"Pranan\",\"description\":\"Researching Center\",\"potentialAction\":[{\"@type\":\"SearchAction\",\"target\":{\"@type\":\"EntryPoint\",\"urlTemplate\":\"https:\/\/www.pranan.com\/?s={search_term_string}\"},\"query-input\":{\"@type\":\"PropertyValueSpecification\",\"valueRequired\":true,\"valueName\":\"search_term_string\"}}],\"inLanguage\":\"en-US\"}]}<\/script>\n<!-- \/ Yoast SEO plugin. -->","yoast_head_json":{"title":"Proven efficiency - Pranan","robots":{"index":"index","follow":"follow","max-snippet":"max-snippet:-1","max-image-preview":"max-image-preview:large","max-video-preview":"max-video-preview:-1"},"canonical":"https:\/\/www.pranan.com\/sobre-nosotros\/eficacia-contrastada\/","og_locale":"en_US","og_type":"article","og_title":"Proven efficiency - Pranan","og_description":"THE \u201cBEFORE AND AFTER\u201d In the graphs and illustrations, you can see the \u201cbefore\u201d and \u201cafter\u201d of using or not using Pranan technology when a person is subjected to electromagnetic radiation (e.g. talking on a mobile phone, Wi-Fi, ...). To do so, we have chosen a number of graphs and illustrations from the research studies carried out by various Research Centres and Universities. This visual method helps the reader to understand the effect of these devices more clearly.","og_url":"https:\/\/www.pranan.com\/sobre-nosotros\/eficacia-contrastada\/","og_site_name":"Pranan","article_modified_time":"2023-05-15T23:06:16+00:00","og_image":[{"width":1280,"height":640,"url":"https:\/\/www.pranan.com\/wp-content\/uploads\/2016\/09\/hero_inner_page.jpg","type":"image\/jpeg"}],"twitter_card":"summary_large_image","twitter_misc":{"Est. reading time":"9 minutes"},"schema":{"@context":"https:\/\/schema.org","@graph":[{"@type":"WebPage","@id":"https:\/\/www.pranan.com\/sobre-nosotros\/eficacia-contrastada\/","url":"https:\/\/www.pranan.com\/sobre-nosotros\/eficacia-contrastada\/","name":"Proven efficiency - Pranan","isPartOf":{"@id":"https:\/\/www.pranan.com\/#website"},"primaryImageOfPage":{"@id":"https:\/\/www.pranan.com\/sobre-nosotros\/eficacia-contrastada\/#primaryimage"},"image":{"@id":"https:\/\/www.pranan.com\/sobre-nosotros\/eficacia-contrastada\/#primaryimage"},"thumbnailUrl":"https:\/\/www.pranan.com\/wp-content\/uploads\/2016\/09\/hero_inner_page.jpg","datePublished":"2022-07-28T13:47:37+00:00","dateModified":"2023-05-15T23:06:16+00:00","breadcrumb":{"@id":"https:\/\/www.pranan.com\/sobre-nosotros\/eficacia-contrastada\/#breadcrumb"},"inLanguage":"en-US","potentialAction":[{"@type":"ReadAction","target":["https:\/\/www.pranan.com\/sobre-nosotros\/eficacia-contrastada\/"]}]},{"@type":"ImageObject","inLanguage":"en-US","@id":"https:\/\/www.pranan.com\/sobre-nosotros\/eficacia-contrastada\/#primaryimage","url":"https:\/\/www.pranan.com\/wp-content\/uploads\/2016\/09\/hero_inner_page.jpg","contentUrl":"https:\/\/www.pranan.com\/wp-content\/uploads\/2016\/09\/hero_inner_page.jpg","width":1280,"height":640},{"@type":"BreadcrumbList","@id":"https:\/\/www.pranan.com\/sobre-nosotros\/eficacia-contrastada\/#breadcrumb","itemListElement":[{"@type":"ListItem","position":1,"name":"Portada","item":"https:\/\/www.pranan.com\/en\/"},{"@type":"ListItem","position":2,"name":"About us","item":"https:\/\/www.pranan.com\/sobre-nosotros\/"},{"@type":"ListItem","position":3,"name":"Proven efficiency"}]},{"@type":"WebSite","@id":"https:\/\/www.pranan.com\/#website","url":"https:\/\/www.pranan.com\/","name":"Pranan","description":"Researching Center","potentialAction":[{"@type":"SearchAction","target":{"@type":"EntryPoint","urlTemplate":"https:\/\/www.pranan.com\/?s={search_term_string}"},"query-input":{"@type":"PropertyValueSpecification","valueRequired":true,"valueName":"search_term_string"}}],"inLanguage":"en-US"}]}},"_links":{"self":[{"href":"https:\/\/www.pranan.com\/en\/wp-json\/wp\/v2\/pages\/5986","targetHints":{"allow":["GET"]}}],"collection":[{"href":"https:\/\/www.pranan.com\/en\/wp-json\/wp\/v2\/pages"}],"about":[{"href":"https:\/\/www.pranan.com\/en\/wp-json\/wp\/v2\/types\/page"}],"author":[{"embeddable":true,"href":"https:\/\/www.pranan.com\/en\/wp-json\/wp\/v2\/users\/1"}],"replies":[{"embeddable":true,"href":"https:\/\/www.pranan.com\/en\/wp-json\/wp\/v2\/comments?post=5986"}],"version-history":[{"count":3,"href":"https:\/\/www.pranan.com\/en\/wp-json\/wp\/v2\/pages\/5986\/revisions"}],"predecessor-version":[{"id":6978,"href":"https:\/\/www.pranan.com\/en\/wp-json\/wp\/v2\/pages\/5986\/revisions\/6978"}],"up":[{"embeddable":true,"href":"https:\/\/www.pranan.com\/en\/wp-json\/wp\/v2\/pages\/5796"}],"wp:featuredmedia":[{"embeddable":true,"href":"https:\/\/www.pranan.com\/en\/wp-json\/wp\/v2\/media\/3506"}],"wp:attachment":[{"href":"https:\/\/www.pranan.com\/en\/wp-json\/wp\/v2\/media?parent=5986"}],"curies":[{"name":"wp","href":"https:\/\/api.w.org\/{rel}","templated":true}]}}